{"id":89300,"date":"2026-03-20T02:49:54","date_gmt":"2026-03-20T02:49:54","guid":{"rendered":"https:\/\/soydeaqui.ddns.net\/pachuca\/index.php\/producto\/cap-xl-ac-punto-de-acceso-cliente-para-interior-doble-banda-802-11b-g-n-ac-alta-ganancia\/"},"modified":"2026-03-20T02:50:04","modified_gmt":"2026-03-20T02:50:04","slug":"cap-xl-ac-punto-de-acceso-cliente-para-interior-doble-banda-802-11b-g-n-ac-alta-ganancia","status":"publish","type":"product","link":"https:\/\/soydeaqui.ddns.net\/pachuca\/index.php\/producto\/cap-xl-ac-punto-de-acceso-cliente-para-interior-doble-banda-802-11b-g-n-ac-alta-ganancia\/","title":{"rendered":"(cAP XL ac) Punto de Acceso \/ Cliente para Interior Doble banda 802.11b\/g\/n\/ac Alta Ganancia"},"content":{"rendered":"<div style='width: 100%; max-width: 1200px; margin: 0 auto; font-family: sans-serif; line-height: 1.6; color: inherit; background-color: transparent;'>\n<p style='font-size: 15px; margin: 0 0 15px; color: inherit; text-align: justify; text-justify: inter-word;'> \u00bfNecesitas un punto de acceso atractivo que no se interponga en tu camino? \u00bfO tal vez est\u00e1s gestionando la red en un lugar lleno de gente y no quieres que todos tengan acceso f\u00edsico al dispositivo? De cualquier manera&comma; \u00a1el techo es la respuesta! El dispositivo en s\u00ed es bastante elegante: el perfil bajo atrae menos atenci\u00f3n que un detector de humo. Tus clientes&comma; invitados o colegas ni siquiera lo notar\u00e1n. Pero definitivamente notar\u00e1n la conexi\u00f3n inal\u00e1mbrica ultrarr\u00e1pida en todas las instalaciones. <\/p>\n<p style='font-size: 15px; margin: 0 0 15px; color: inherit; text-align: justify; text-justify: inter-word;'> <strong style='color: inherit; opacity: 0.9;'>El nuevo dise\u00f1o cuenta con una antena de alta ganancia m\u00e1s grande&comma; mayor sensibilidad y un reflector incorporado. Estas mejoras permiten aumentar el \u00e1rea cubierta hasta en un 100 %&comma; \u00a1en comparaci\u00f3n con los modelos cAP anteriores!<\/strong> <\/p>\n<p style='font-size: 15px; margin: 0 0 15px; color: inherit; text-align: justify; text-justify: inter-word;'> La radio inal\u00e1mbrica de doble banda y doble cadena de 2&comma;4 y 5 GHz proporciona una fuerte cobertura de 360 grados a su alrededor&comma; por lo que no tiene que preocuparse tanto por la colocaci\u00f3n del dispositivo. Ponerlo en el techo elimina muchos problemas de absorci\u00f3n de se\u00f1al&comma; como que la se\u00f1al est\u00e9 bloqueada por grandes televisores&comma; paredes de cub\u00edculos met\u00e1licos en oficinas de espacio abierto&comma; etc. <\/p>\n<p style='font-size: 15px; margin: 0 0 15px; color: inherit; text-align: justify; text-justify: inter-word;'> A pesar de que la radio admite el modo repetidor&comma; los dos puertos Gigabit Ethernet le dan la capacidad de extender su red con cables&comma; incluso si se requiere alimentaci\u00f3n PoE: el cAP XL ac admite la entrada PoE 802.3af\/at en el primer puerto y la salida PoE pasiva (hasta 57V) en el segundo puerto. <\/p>\n<div style='width: 100%; margin: 25px 0;'> <a href='http:\/\/soporte.syscom.mx\/networking#mikrotik'> <img style='width: 100%; max-width: 960px; height: auto; border: 1px solid rgba(150&comma;150&comma;150&comma;0.3); border-radius: 8px; margin: 0 auto; display: block;' src='https:\/\/ftp3.syscom.mx\/usuarios\/raragon\/Imagenes_Generales\/Manuales_de_configuracion.jpg' alt=''> <\/a> <\/div>\n<h2 style='font-size: 24px; margin: 30px 0 15px; border-bottom: 2px solid currentColor; padding-bottom: 5px; color: inherit; opacity: 0.8;'> <a href='http:\/\/soporte.syscom.mx\/networking\/mikrotik\/mikrotik-caracteristicas-principales-de-routeros' style='color: inherit; text-decoration: none; border-bottom: 1px dashed rgba(120&comma;120&comma;120&comma;0.5);'> Caracter\u00edsticas principales de RouterOS <\/a> <\/h2>\n<div style='display: flex; flex-wrap: wrap; gap: 30px; margin: 30px 0;'>\n<div style='flex: 1 1 300px; min-width: 280px;'>\n<h3 style='font-size: 20px; border-bottom: 2px solid currentColor; padding-bottom: 5px; margin-top: 0; color: inherit; opacity: 0.8;'>Especificaciones<\/h3>\n<ul style='padding-left: 20px; font-size: 15px; color: inherit;'>\n<li style='margin-bottom: 5px;'><strong>C\u00f3digo de producto:<\/strong> RBcAPGi-5acD2nD-XL<\/li>\n<li style='margin-bottom: 5px;'><strong>Arquitectura:<\/strong> ARM 32 bits<\/li>\n<li style='margin-bottom: 5px;'><strong>CPU:<\/strong> IPQ-4018<\/li>\n<li style='margin-bottom: 5px;'><strong>N\u00facleos de CPU:<\/strong> 4<\/li>\n<li style='margin-bottom: 5px;'><strong>Frecuencia CPU:<\/strong> 716 MHz<\/li>\n<li style='margin-bottom: 5px;'><strong>Licencia RouterOS:<\/strong> 4<\/li>\n<li style='margin-bottom: 5px;'><strong>Sistema operativo:<\/strong> RouterOS<\/li>\n<li style='margin-bottom: 5px;'><strong>RAM:<\/strong> 128 MB<\/li>\n<li style='margin-bottom: 5px;'><strong>Almacenamiento:<\/strong> 16 MB FLASH<\/li>\n<li style='margin-bottom: 5px;'><strong>MTBF:<\/strong> Aproximadamente 100&comma;000 horas a 25 \u00b0C<\/li>\n<li style='margin-bottom: 5px;'><strong>Temperatura operaci\u00f3n:<\/strong> -40 \u00b0C a 70 \u00b0C<\/li>\n<li style='margin-bottom: 5px;'><strong>Aceleraci\u00f3n IPsec:<\/strong> S\u00ed<\/li>\n<\/ul><\/div>\n<div style='flex: 1 1 300px; min-width: 280px;'>\n<h3 style='font-size: 20px; border-bottom: 2px solid currentColor; padding-bottom: 5px; margin-top: 0; color: inherit; opacity: 0.8;'>Capacidades inal\u00e1mbricas<\/h3>\n<ul style='padding-left: 20px; font-size: 15px; color: inherit;'>\n<li style='margin-bottom: 5px;'><strong>Velocidad 2.4GHz:<\/strong> 300 Mbit\/s<\/li>\n<li style='margin-bottom: 5px;'><strong>Cadenas 2.4GHz:<\/strong> 2<\/li>\n<li style='margin-bottom: 5px;'><strong>Est\u00e1ndar 2.4GHz:<\/strong> 802.11b\/g\/n<\/li>\n<li style='margin-bottom: 5px;'><strong>Ganancia antena 2.4GHz:<\/strong> 6 dBi<\/li>\n<li style='margin-bottom: 5px;'><strong>Chip 2.4GHz:<\/strong> IPQ-4018<\/li>\n<li style='margin-bottom: 5px;'><strong>Wi-Fi 2.4GHz:<\/strong> Wi-Fi 4<\/li>\n<li style='margin-bottom: 5px;'><strong>Velocidad 5GHz:<\/strong> 867 Mbit\/s<\/li>\n<li style='margin-bottom: 5px;'><strong>Cadenas 5GHz:<\/strong> 2<\/li>\n<li style='margin-bottom: 5px;'><strong>Est\u00e1ndar 5GHz:<\/strong> 802.11a\/n\/ac<\/li>\n<li style='margin-bottom: 5px;'><strong>Ganancia antena 5GHz:<\/strong> 5.5 dBi<\/li>\n<li style='margin-bottom: 5px;'><strong>Chip 5GHz:<\/strong> IPQ-4018<\/li>\n<li style='margin-bottom: 5px;'><strong>Wi-Fi 5GHz:<\/strong> Wi-Fi 5<\/li>\n<li style='margin-bottom: 5px;'><strong>Velocidad total:<\/strong> AC1200<\/li>\n<\/ul><\/div>\n<div style='flex: 1 1 300px; min-width: 280px;'>\n<h3 style='font-size: 20px; border-bottom: 2px solid currentColor; padding-bottom: 5px; margin-top: 0; color: inherit; opacity: 0.8;'>Conectividad<\/h3>\n<ul style='padding-left: 20px; font-size: 15px; color: inherit;'>\n<li style='margin-bottom: 5px;'><strong>Puertos Ethernet:<\/strong> 2 x 10\/100\/1000<\/li>\n<li style='margin-bottom: 5px;'><strong>PoE-Out:<\/strong> 1 puerto<\/li>\n<li style='margin-bottom: 5px;'><strong>Consumo m\u00e1ximo:<\/strong> 24 W<\/li>\n<li style='margin-bottom: 5px;'><strong>Consumo sin accesorios:<\/strong> 11 W<\/li>\n<li style='margin-bottom: 5px;'><strong>Tipo:<\/strong> Refrigeraci\u00f3n pasiva<\/li>\n<li style='margin-bottom: 5px;'><strong>PoE entrada:<\/strong> 802.3af\/at<\/li>\n<li style='margin-bottom: 5px;'><strong>Voltaje PoE:<\/strong> 18-57 V<\/li>\n<li style='margin-bottom: 5px;'><strong>PoE salida:<\/strong> Hasta 57V (pasivo)<\/li>\n<\/ul><\/div>\n<div style='flex: 1 1 300px; min-width: 280px;'>\n<h3 style='font-size: 20px; border-bottom: 2px solid currentColor; padding-bottom: 5px; margin-top: 0; color: inherit; opacity: 0.8;'>Certificaciones<\/h3>\n<ul style='padding-left: 20px; font-size: 15px; color: inherit;'>\n<li style='margin-bottom: 5px;'><strong>Certificaciones:<\/strong> CE&comma; FCC&comma; IC&comma; EAC&comma; ROHS<\/li>\n<li style='margin-bottom: 5px;'><strong>Bot\u00f3n de modo:<\/strong> S\u00ed<\/li>\n<\/ul>\n<h3 style='font-size: 20px; border-bottom: 2px solid currentColor; padding-bottom: 5px; margin-top: 25px; color: inherit; opacity: 0.8;'>Piezas incluidas<\/h3>\n<div style='display: grid; grid-template-columns: repeat(auto-fill&comma; minmax(120px&comma; 1fr)); gap: 15px; margin-top: 15px;'>\n<div style='text-align: center;'> <a href='https:\/\/i.mt.lv\/cdn\/rb_images\/part331393422988m.jpg'> <img style='width: 100%; height: auto; border: 1px solid rgba(150&comma;150&comma;150&comma;0.3); border-radius: 8px;' src='https:\/\/i.mt.lv\/cdn\/rb_images\/part331393422988s.jpg' alt='Adaptador de corriente'> <\/a> <\/p>\n<p style='margin-top: 8px; font-size: 14px; color: inherit; text-align: center;'>Adaptador de corriente de 24 V 1&comma;2 A<\/p>\n<\/p><\/div>\n<div style='text-align: center;'> <a href='https:\/\/i.mt.lv\/cdn\/rb_images\/part701512042489m.jpg'> <img style='width: 100%; height: auto; border: 1px solid rgba(150&comma;150&comma;150&comma;0.3); border-radius: 8px;' src='https:\/\/i.mt.lv\/cdn\/rb_images\/part701512042489s.jpg' alt='Montaje en techo'> <\/a> <\/p>\n<p style='margin-top: 8px; font-size: 14px; color: inherit; text-align: center;'>Montaje en techo<\/p>\n<\/p><\/div>\n<div style='text-align: center;'> <a href='https:\/\/i.mt.lv\/cdn\/rb_images\/part1141600237409m.jpg'> <img style='width: 100%; height: auto; border: 1px solid rgba(150&comma;150&comma;150&comma;0.3); border-radius: 8px;' src='https:\/\/i.mt.lv\/cdn\/rb_images\/part1141600237409s.jpg' alt='Inyector PoE'> <\/a> <\/p>\n<p style='margin-top: 8px; font-size: 14px; color: inherit; text-align: center;'>Inyector Gigabit PoE<\/p>\n<\/p><\/div>\n<div style='text-align: center;'> <a href='https:\/\/i.mt.lv\/cdn\/rb_images\/part1331632132391m.jpg'> <img style='width: 100%; height: auto; border: 1px solid rgba(150&comma;150&comma;150&comma;0.3); border-radius: 8px;' src='https:\/\/i.mt.lv\/cdn\/rb_images\/part1331632132391s.jpg' alt='Juego de fijaci\u00f3n'> <\/a> <\/p>\n<p style='margin-top: 8px; font-size: 14px; color: inherit; text-align: center;'>Juego de fijaci\u00f3n K-81<\/p>\n<\/p><\/div>\n<\/p><\/div>\n<\/p><\/div>\n<\/p><\/div>\n<div style='width: 100%; margin: 30px 0;'>\n<h3 style='font-size: 18px; color: inherit; opacity: 0.8; margin: 0 0 15px 0;'>Especificaciones de transmisi\u00f3n<\/h3>\n<div style='display: flex; flex-wrap: wrap; gap: 20px;'>\n<div style='flex: 1 1 200px; min-width: 280px;'>\n<h4 style='font-size: 16px; border-bottom: 1px solid rgba(150&comma;150&comma;150&comma;0.3); margin: 0 0 10px 0; padding-bottom: 5px; color: inherit; opacity: 0.8;'>2.4 GHz<\/h4>\n<table style='width: 100%; border-collapse: collapse; font-size: 14px; color: inherit;'>\n<tr style='border-bottom: 1px solid rgba(150&comma;150&comma;150&comma;0.2);'>\n<td style='padding: 6px 8px;'><strong>1 MBit\/s<\/strong><\/td>\n<td style='padding: 6px 8px;'>26 dBm<\/td>\n<td style='padding: 6px 8px;'>-100<\/td>\n<\/tr>\n<tr style='border-bottom: 1px solid rgba(150&comma;150&comma;150&comma;0.2);'>\n<td style='padding: 6px 8px;'><strong>11 MBit\/s<\/strong><\/td>\n<td style='padding: 6px 8px;'>26 dBm<\/td>\n<td style='padding: 6px 8px;'>-94<\/td>\n<\/tr>\n<tr style='border-bottom: 1px solid rgba(150&comma;150&comma;150&comma;0.2);'>\n<td style='padding: 6px 8px;'><strong>6 MBit\/s<\/strong><\/td>\n<td style='padding: 6px 8px;'>26 dBm<\/td>\n<td style='padding: 6px 8px;'>-96<\/td>\n<\/tr>\n<tr style='border-bottom: 1px solid rgba(150&comma;150&comma;150&comma;0.2);'>\n<td style='padding: 6px 8px;'><strong>54 MBit\/s<\/strong><\/td>\n<td style='padding: 6px 8px;'>23 dBm<\/td>\n<td style='padding: 6px 8px;'>-78<\/td>\n<\/tr>\n<tr style='border-bottom: 1px solid rgba(150&comma;150&comma;150&comma;0.2);'>\n<td style='padding: 6px 8px;'><strong>MCS0<\/strong><\/td>\n<td style='padding: 6px 8px;'>26 dBm<\/td>\n<td style='padding: 6px 8px;'>-96<\/td>\n<\/tr>\n<tr>\n<td style='padding: 6px 8px;'><strong>MCS7<\/strong><\/td>\n<td style='padding: 6px 8px;'>22 dBm<\/td>\n<td style='padding: 6px 8px;'>-73<\/td>\n<\/tr>\n<\/table><\/div>\n<div style='flex: 1 1 200px; min-width: 280px;'>\n<h4 style='font-size: 16px; border-bottom: 1px solid rgba(150&comma;150&comma;150&comma;0.3); margin: 0 0 10px 0; padding-bottom: 5px; color: inherit; opacity: 0.8;'>5 GHz<\/h4>\n<table style='width: 100%; border-collapse: collapse; font-size: 14px; color: inherit;'>\n<tr style='border-bottom: 1px solid rgba(150&comma;150&comma;150&comma;0.2);'>\n<td style='padding: 6px 8px;'><strong>6 MBit\/s<\/strong><\/td>\n<td style='padding: 6px 8px;'>26 dBm<\/td>\n<td style='padding: 6px 8px;'>-96<\/td>\n<\/tr>\n<tr style='border-bottom: 1px solid rgba(150&comma;150&comma;150&comma;0.2);'>\n<td style='padding: 6px 8px;'><strong>54 MBit\/s<\/strong><\/td>\n<td style='padding: 6px 8px;'>21 dBm<\/td>\n<td style='padding: 6px 8px;'>-80<\/td>\n<\/tr>\n<tr style='border-bottom: 1px solid rgba(150&comma;150&comma;150&comma;0.2);'>\n<td style='padding: 6px 8px;'><strong>MCS0<\/strong><\/td>\n<td style='padding: 6px 8px;'>26 dBm<\/td>\n<td style='padding: 6px 8px;'>-96<\/td>\n<\/tr>\n<tr style='border-bottom: 1px solid rgba(150&comma;150&comma;150&comma;0.2);'>\n<td style='padding: 6px 8px;'><strong>MCS7<\/strong><\/td>\n<td style='padding: 6px 8px;'>20 dBm<\/td>\n<td style='padding: 6px 8px;'>-75<\/td>\n<\/tr>\n<tr>\n<td style='padding: 6px 8px;'><strong>MCS9<\/strong><\/td>\n<td style='padding: 6px 8px;'>18 dBm<\/td>\n<td style='padding: 6px 8px;'>-70<\/td>\n<\/tr>\n<\/table><\/div>\n<\/p><\/div>\n<\/p><\/div>\n<div style='width: 100%; margin: 30px 0;'>\n<p style='font-size: 14px; margin: 0; color: inherit; opacity: 0.8; text-align: center;'> <em>El dispositivo tiene un sistema operativo preinstalado y con licencia. No es necesaria ninguna compra por separado y el producto est\u00e1 listo para usar. El dispositivo incluye actualizaciones de software gratuitas durante la vida \u00fatil del producto o un m\u00ednimo de 5 a\u00f1os a partir de la fecha de compra.<\/em> <\/p>\n<\/p><\/div>\n<div style='width: 100%; margin: 30px 0;'> <img style='width: 100%; max-width: 300px; height: auto; border: 1px solid rgba(150&comma;150&comma;150&comma;0.3); border-radius: 8px; display: block; margin: 0 auto;' src='https:\/\/ftp3.syscom.mx\/usuarios\/fotos\/CCR101612G\/81966-garantia1.png' alt=''> <\/div>\n<\/p><\/div>\n","protected":false},"excerpt":{"rendered":"<p>(cAP XL ac) Punto de Acceso \/ Cliente para Interior Doble banda 802.11b\/g\/n\/ac Alta Ganancia<\/p>\n","protected":false},"featured_media":89299,"comment_status":"open","ping_status":"closed","template":"","meta":[],"product_brand":[],"product_cat":[1794],"product_tag":[643,1795,1479],"class_list":{"0":"post-89300","1":"product","2":"type-product","3":"status-publish","4":"has-post-thumbnail","6":"product_cat-puntos-de-acceso","7":"product_tag-mikrotik","8":"product_tag-puntos-de-acceso","9":"product_tag-redes-wifi","11":"first","12":"outofstock","13":"sale","14":"shipping-taxable","15":"purchasable","16":"product-type-simple"},"_links":{"self":[{"href":"https:\/\/soydeaqui.ddns.net\/pachuca\/index.php\/wp-json\/wp\/v2\/product\/89300","targetHints":{"allow":["GET"]}}],"collection":[{"href":"https:\/\/soydeaqui.ddns.net\/pachuca\/index.php\/wp-json\/wp\/v2\/product"}],"about":[{"href":"https:\/\/soydeaqui.ddns.net\/pachuca\/index.php\/wp-json\/wp\/v2\/types\/product"}],"replies":[{"embeddable":true,"href":"https:\/\/soydeaqui.ddns.net\/pachuca\/index.php\/wp-json\/wp\/v2\/comments?post=89300"}],"wp:featuredmedia":[{"embeddable":true,"href":"https:\/\/soydeaqui.ddns.net\/pachuca\/index.php\/wp-json\/wp\/v2\/media\/89299"}],"wp:attachment":[{"href":"https:\/\/soydeaqui.ddns.net\/pachuca\/index.php\/wp-json\/wp\/v2\/media?parent=89300"}],"wp:term":[{"taxonomy":"product_brand","embeddable":true,"href":"https:\/\/soydeaqui.ddns.net\/pachuca\/index.php\/wp-json\/wp\/v2\/product_brand?post=89300"},{"taxonomy":"product_cat","embeddable":true,"href":"https:\/\/soydeaqui.ddns.net\/pachuca\/index.php\/wp-json\/wp\/v2\/product_cat?post=89300"},{"taxonomy":"product_tag","embeddable":true,"href":"https:\/\/soydeaqui.ddns.net\/pachuca\/index.php\/wp-json\/wp\/v2\/product_tag?post=89300"}],"curies":[{"name":"wp","href":"https:\/\/api.w.org\/{rel}","templated":true}]}}