{"id":89289,"date":"2026-03-20T02:49:23","date_gmt":"2026-03-20T02:49:23","guid":{"rendered":"https:\/\/soydeaqui.ddns.net\/pachuca\/index.php\/producto\/switch-administrable-8-puertos-poe-802-3af-at-gigabit-gestion-gratuita-desde-la-nube-120w\/"},"modified":"2026-03-20T02:49:45","modified_gmt":"2026-03-20T02:49:45","slug":"switch-administrable-8-puertos-poe-802-3af-at-gigabit-gestion-gratuita-desde-la-nube-120w","status":"publish","type":"product","link":"https:\/\/soydeaqui.ddns.net\/pachuca\/index.php\/producto\/switch-administrable-8-puertos-poe-802-3af-at-gigabit-gestion-gratuita-desde-la-nube-120w\/","title":{"rendered":"Switch Administrable 8 Puertos PoE+ 802.3af\/at Gigabit, gesti\u00f3n gratuita desde la nube, 120w"},"content":{"rendered":"<div style='width: 100%; max-width: 1200px; margin: 0 auto; font-family: sans-serif; line-height: 1.6; color: inherit; background-color: transparent;'>\n<div style='display: flex; flex-wrap: wrap; gap: 30px; margin-bottom: 30px;'>\n<div style='flex: 1 1 300px; min-width: 280px;'>\n<h3 style='font-size: 22px; border-bottom: 2px solid currentColor; padding-bottom: 5px; margin-top: 0; color: inherit; opacity: 0.8;'>Caracter\u00edsticas<\/h3>\n<ul style='padding-left: 20px; font-size: 15px; color: inherit;'>\n<li style='margin-bottom: 5px;'><strong>Acceso Gigabit<\/strong>: Switch perfecto para satisfacer las necesidades de conectividad en PYMES.<\/li>\n<li style='margin-bottom: 5px;'><strong>Reconocimiento Autom\u00e1tico<\/strong>: Detecci\u00f3n y configuraci\u00f3n sencilla de c\u00e1maras IP y NVR.<\/li>\n<li style='margin-bottom: 5px;'><strong>Luz de Tr\u00e1fico para CCTV<\/strong>: Modo de extensi\u00f3n exclusivo con transmisi\u00f3n extendida de hasta 250 metros.<\/li>\n<li style='margin-bottom: 5px;'><strong>Prevenci\u00f3n de Bucles<\/strong>: Gesti\u00f3n autom\u00e1tica para mantener el servicio continuo sin interrupciones.<\/li>\n<li style='margin-bottom: 5px;'><strong>Gesti\u00f3n en la Nube de Ruijie<\/strong>: Administra tu switch desde cualquier lugar y en cualquier momento&comma; sin coste adicional.<\/li>\n<\/ul><\/div>\n<div style='flex: 1 1 300px; min-width: 280px;'>\n<h3 style='font-size: 22px; border-bottom: 2px solid currentColor; padding-bottom: 5px; margin-top: 0; color: inherit; opacity: 0.8;'>Caracter\u00edsticas de Gesti\u00f3n y Soporte<\/h3>\n<ul style='padding-left: 20px; font-size: 15px; color: inherit;'>\n<li style='margin-bottom: 5px;'><strong>Provisionamiento SIN<\/strong>: Configuraci\u00f3n sin intervenci\u00f3n manual gracias a la nube.<\/li>\n<li style='margin-bottom: 5px;'><strong>VLANs Configurables desde el M\u00f3vil<\/strong>: Aproveche la app Ruijie Cloud para configurar el taggeo f\u00e1cilmente de las VLANs.<\/li>\n<li style='margin-bottom: 5px;'><strong>Supervisi\u00f3n en Tiempo Real<\/strong>: Estad\u00edsticas y monitoreo al alcance de tu mano&comma; en cualquier momento y lugar.<\/li>\n<\/ul><\/div>\n<div style='flex: 1 1 300px; min-width: 280px;'>\n<h3 style='font-size: 22px; border-bottom: 2px solid currentColor; padding-bottom: 5px; margin-top: 0; color: inherit; opacity: 0.8;'>Caracter\u00edsticas de Fiabilidad y Garant\u00eda<\/h3>\n<ul style='padding-left: 20px; font-size: 15px; color: inherit;'>\n<li style='margin-bottom: 5px;'><strong>Dise\u00f1o Compacto<\/strong>: Ideal para cualquier espacio de trabajo con construcci\u00f3n robusta.<\/li>\n<li style='margin-bottom: 5px;'><strong>Alta Fiabilidad<\/strong>: MTBF de m\u00e1s de 20000 horas garantizando durabilidad.<\/li>\n<li style='margin-bottom: 5px;'><strong>Cobertura de Garant\u00eda<\/strong>: para su tranquilidad y protecci\u00f3n.<\/li>\n<\/ul><\/div>\n<\/p><\/div>\n<div style='display: flex; flex-wrap: wrap; gap: 20px; margin-bottom: 30px;'>\n<div style='flex: 1 1 250px; border: 1px solid rgba(150&comma; 150&comma; 150&comma; 0.4); border-radius: 8px; overflow: hidden; display: flex; flex-direction: column;'>\n<div style='padding: 15px; border-bottom: 1px solid rgba(150&comma; 150&comma; 150&comma; 0.2); font-weight: bold; font-size: 18px; color: inherit;'>Especificaciones T\u00e9cnicas<\/div>\n<div style='padding: 15px; color: inherit;'>\n<ul style='padding-left: 20px; margin: 0; font-size: 14px; list-style-type: disc;'>\n<li style='margin-bottom: 5px;'><strong>Compatibilidad PoE<\/strong>: Soporte para dispositivos 802.3at y 802.3af&comma; ideal para variedad de aplicaciones.<\/li>\n<li style='margin-bottom: 5px;'><strong>Administraci\u00f3n en la Nube<\/strong>: Gesti\u00f3n centralizada y eficiente con acceso a funciones avanzadas.<\/li>\n<li style='margin-bottom: 5px;'><strong>Adaptaci\u00f3n Inteligente de PoE<\/strong>: Ajuste autom\u00e1tico de alimentaci\u00f3n para dispositivos PoE para maximizar la eficiencia.<\/li>\n<\/ul><\/div>\n<\/p><\/div>\n<div style='flex: 1 1 250px; border: 1px solid rgba(150&comma; 150&comma; 150&comma; 0.4); border-radius: 8px; overflow: hidden; display: flex; flex-direction: column;'>\n<div style='padding: 15px; border-bottom: 1px solid rgba(150&comma; 150&comma; 150&comma; 0.2); font-weight: bold; font-size: 18px; color: inherit;'>Rendimiento<\/div>\n<div style='padding: 15px; color: inherit;'>\n<ul style='padding-left: 20px; margin: 0; font-size: 14px; list-style-type: disc;'>\n<li style='margin-bottom: 5px;'><strong>Capacidad de Switch<\/strong>: De 18 Gbps para un rendimiento adaptable y escalable.<\/li>\n<li style='margin-bottom: 5px;'><strong>Rendimiento de Reenv\u00edo<\/strong>: Desde 13.39 Mpps para un tr\u00e1fico de red fluido y eficiente.<\/li>\n<li style='margin-bottom: 5px;'><strong>Puertos PoE\/PoE+<\/strong>: Con 8 puertos disponibles y presupuesto PoE de hasta 120W.<\/li>\n<\/ul><\/div>\n<\/p><\/div>\n<div style='flex: 1 1 250px; border: 1px solid rgba(150&comma; 150&comma; 150&comma; 0.4); border-radius: 8px; overflow: hidden; display: flex; flex-direction: column;'>\n<div style='padding: 15px; border-bottom: 1px solid rgba(150&comma; 150&comma; 150&comma; 0.2); font-weight: bold; font-size: 18px; color: inherit;'>Especificaciones<\/div>\n<div style='padding: 15px; color: inherit;'>\n<ul style='padding-left: 20px; margin: 0; font-size: 14px; list-style-type: disc;'>\n<li style='margin-bottom: 5px;'><strong>Puertos<\/strong>: 9 Puertos 10\/100\/1000 Base-T y 8 puertos PoE<\/li>\n<li style='margin-bottom: 5px;'><strong>PoE<\/strong>: 120 W&comma; IEEE 802.3at \/ IEEE 802.3af<\/li>\n<li style='margin-bottom: 5px;'><strong>Capacidad de conmutaci\u00f3n<\/strong>: 18 Gbps<\/li>\n<li style='margin-bottom: 5px;'><strong>Velocidad de reenv\u00edo<\/strong>: 13.39 Mpps<\/li>\n<li style='margin-bottom: 5px;'><strong>Tabla de direcciones MAC<\/strong>: 4000<\/li>\n<li style='margin-bottom: 5px;'><strong>M\u00e1ximo n\u00famero de VLAN<\/strong>: 16<\/li>\n<li style='margin-bottom: 5px;'><strong>Ventilador<\/strong>: Sin ventilador<\/li>\n<li style='margin-bottom: 5px;'><strong>Sobrecarga en el puerto<\/strong>: 4 kV<\/li>\n<li style='margin-bottom: 5px;'><strong>Dimensiones (ANCHO \u00d7 FONDO \u00d7 ALTO)<\/strong>: 202 mm x 108 mm x 28 mm<\/li>\n<li style='margin-bottom: 5px;'><strong>Peso (con empaque)<\/strong>: 1.3 kg<\/li>\n<li style='margin-bottom: 5px;'><strong>MTBF<\/strong>: > 200&comma;000<\/li>\n<li style='margin-bottom: 5px;'><strong>Garant\u00eda<\/strong>: 3 a\u00f1os<\/li>\n<\/ul><\/div>\n<\/p><\/div>\n<\/p><\/div>\n<div style='display: flex; flex-wrap: wrap; gap: 30px; margin-bottom: 30px;'>\n<div style='flex: 1 1 300px; min-width: 280px;'>\n<h3 style='font-size: 22px; border-bottom: 2px solid currentColor; padding-bottom: 5px; margin-top: 0; color: inherit; opacity: 0.8;'>Contenido del Paquete<\/h3>\n<div style='border-left: 5px solid #0091ff; border-radius: 5px; padding: 5px; box-shadow: 2px 2px 10px rgba(216&comma; 216&comma; 216&comma; 0.5);'>\n<ul style='padding-left: 20px; font-size: 15px; color: inherit; margin: 0;'>\n<li style='margin-bottom: 5px;'>1pz Switch RGES209GCP<\/li>\n<li style='margin-bottom: 5px;'>Guia rapida de instalacion<\/li>\n<li style='margin-bottom: 5px;'>Cable de energia AC<\/li>\n<\/ul><\/div>\n<\/p><\/div>\n<div style='flex: 1 1 300px; min-width: 280px;'>\n<h3 style='font-size: 22px; border-bottom: 2px solid currentColor; padding-bottom: 5px; margin-top: 0; color: inherit; opacity: 0.8;'>Descripci\u00f3n<\/h3>\n<p style='font-size: 15px; color: inherit; margin-top: 0;'>Serie RG-ES200 es una soluci\u00f3n inteligente&comma; eficiente y confiable para gestionar redes de vigilancia y asegurar operaciones continuas con facilidad de manejo a trav\u00e9s de la nube y soporte PoE&comma; lo que los hace atractivos para empresas que buscan un rendimiento superior y una f\u00e1cil administraci\u00f3n de sus sistemas CCTV.<\/p>\n<\/p><\/div>\n<\/p><\/div>\n<\/div>\n","protected":false},"excerpt":{"rendered":"<p>Switch Administrable 8 Puertos PoE+ 802.3af\/at Gigabit, gesti\u00f3n gratuita desde la nube, 120w<\/p>\n","protected":false},"featured_media":89288,"comment_status":"open","ping_status":"closed","template":"","meta":[],"product_brand":[],"product_cat":[1986],"product_tag":[664,2123,1987],"class_list":{"0":"post-89289","1":"product","2":"type-product","3":"status-publish","4":"has-post-thumbnail","6":"product_cat-switches-poe","7":"product_tag-networking","8":"product_tag-ruijie","9":"product_tag-switches-poe","11":"first","12":"instock","13":"sale","14":"shipping-taxable","15":"purchasable","16":"product-type-simple"},"_links":{"self":[{"href":"https:\/\/soydeaqui.ddns.net\/pachuca\/index.php\/wp-json\/wp\/v2\/product\/89289","targetHints":{"allow":["GET"]}}],"collection":[{"href":"https:\/\/soydeaqui.ddns.net\/pachuca\/index.php\/wp-json\/wp\/v2\/product"}],"about":[{"href":"https:\/\/soydeaqui.ddns.net\/pachuca\/index.php\/wp-json\/wp\/v2\/types\/product"}],"replies":[{"embeddable":true,"href":"https:\/\/soydeaqui.ddns.net\/pachuca\/index.php\/wp-json\/wp\/v2\/comments?post=89289"}],"wp:featuredmedia":[{"embeddable":true,"href":"https:\/\/soydeaqui.ddns.net\/pachuca\/index.php\/wp-json\/wp\/v2\/media\/89288"}],"wp:attachment":[{"href":"https:\/\/soydeaqui.ddns.net\/pachuca\/index.php\/wp-json\/wp\/v2\/media?parent=89289"}],"wp:term":[{"taxonomy":"product_brand","embeddable":true,"href":"https:\/\/soydeaqui.ddns.net\/pachuca\/index.php\/wp-json\/wp\/v2\/product_brand?post=89289"},{"taxonomy":"product_cat","embeddable":true,"href":"https:\/\/soydeaqui.ddns.net\/pachuca\/index.php\/wp-json\/wp\/v2\/product_cat?post=89289"},{"taxonomy":"product_tag","embeddable":true,"href":"https:\/\/soydeaqui.ddns.net\/pachuca\/index.php\/wp-json\/wp\/v2\/product_tag?post=89289"}],"curies":[{"name":"wp","href":"https:\/\/api.w.org\/{rel}","templated":true}]}}