{"id":89284,"date":"2026-03-20T02:49:09","date_gmt":"2026-03-20T02:49:09","guid":{"rendered":"https:\/\/soydeaqui.ddns.net\/pachuca\/index.php\/producto\/router-core-balanceador-hasta-9-servicios-de-internet-y-hasta-20-mil-usuarios-con-un-desempeno-de-60-gbps\/"},"modified":"2026-03-20T02:49:20","modified_gmt":"2026-03-20T02:49:20","slug":"router-core-balanceador-hasta-9-servicios-de-internet-y-hasta-20-mil-usuarios-con-un-desempeno-de-60-gbps","status":"publish","type":"product","link":"https:\/\/soydeaqui.ddns.net\/pachuca\/index.php\/producto\/router-core-balanceador-hasta-9-servicios-de-internet-y-hasta-20-mil-usuarios-con-un-desempeno-de-60-gbps\/","title":{"rendered":"Router Core Balanceador, Hasta 9 Servicios de Internet y Hasta 20 Mil usuarios con un desempe\u00f1o de 60 Gbps"},"content":{"rendered":"<div style='width: 100%; max-width: 1200px; margin: 0 auto; font-family: sans-serif; line-height: 1.6; color: inherit; background-color: transparent;'> <!-- Imagen principal --> <\/p>\n<div style='margin-bottom: 30px;'> <img style='width: 100%; height: auto; border: 1px solid rgba(150&comma;150&comma;150&comma;0.3); border-radius: 8px;' src='http:\/\/ftp3.syscom.mx\/usuarios\/ftp\/2025\/11\/13\/2251\/1751060770025.png_froala_685f11229321e.jpg_froala_69162ed553c29' alt='Router Ruijie RG-EG3000XE'> <\/div>\n<p> <!-- T\u00edtulo principal --> <\/p>\n<div style='margin-bottom: 30px;'>\n<h2 style='font-size: 24px; color: inherit; margin: 0 0 15px 0; font-weight: 600;'>Router Ruijie modelo: RG-EG3000XE<\/h2>\n<\/p><\/div>\n<p> <!-- Descripci\u00f3n general --> <\/p>\n<div style='margin-bottom: 30px;'>\n<p style='font-size: 15px; color: inherit; margin: 0;'>El Router de N\u00facleo RG-EG3000XE de Ruijie es una soluci\u00f3n de alto rendimiento dise\u00f1ada para centros de datos que exigen m\u00e1ximo control y seguridad. Este dispositivo integra un cortafuegos VPN IPsec para una conectividad segura y ofrece un Control Inteligente de Flujo con integraci\u00f3n AAA para una gesti\u00f3n precisa de usuarios y ancho de banda. Facilita la administraci\u00f3n del comportamiento en l\u00ednea y proporciona un an\u00e1lisis de tr\u00e1fico detallado para una optimizaci\u00f3n continua. Su gesti\u00f3n centralizada desde la nube&comma; junto con una aplicaci\u00f3n m\u00f3vil intuitiva&comma; permite un control remoto y eficiente. Adem\u00e1s&comma; incorpora almacenamiento integrado de registros de auditor\u00eda de Internet&comma; garantizando el cumplimiento y la trazabilidad total de la red.<\/p>\n<\/p><\/div>\n<p> <!-- Secci\u00f3n de caracter\u00edsticas generales --> <\/p>\n<div style='display: flex; flex-wrap: wrap; gap: 30px; margin-bottom: 30px;'>\n<div style='flex: 1 1 300px; min-width: 280px;'> <img style='width: 100%; height: auto; border: 1px solid rgba(150&comma;150&comma;150&comma;0.3); border-radius: 16px;' src='http:\/\/ftp3.syscom.mx\/usuarios\/ftp\/2025\/11\/13\/2251\/RGEG3000XEAD4h.png_froala_69162ffa69e41' alt='Router Ruijie RG-EG3000XE'> <\/div>\n<div style='flex: 1 1 300px; min-width: 280px;'>\n<h3 style='font-size: 20px; border-bottom: 2px solid currentColor; padding-bottom: 5px; margin-top: 0; color: inherit; opacity: 0.8;'>Caracter\u00edsticas Generales<\/h3>\n<ul style='padding-left: 20px; font-size: 15px; color: inherit; list-style-type: disc;'>\n<li style='margin-bottom: 8px;'><strong>Montaje:<\/strong> Rack (2 Unidades)<\/li>\n<li style='margin-bottom: 8px;'><strong>L\u00edneas ISP Soportadas:<\/strong> Hasta 9 servicios de Internet<\/li>\n<li style='margin-bottom: 8px;'><strong>Modos de operaci\u00f3n:<\/strong> Router&comma; Balanceador<\/li>\n<li style='margin-bottom: 8px;'><strong>Sesiones:<\/strong> Hasta 16&comma;000&comma;000<\/li>\n<li style='margin-bottom: 8px;'><strong>Configuraci\u00f3n a trav\u00e9s de:<\/strong> Interfaz web (red local)&comma; aplicaci\u00f3n m\u00f3vil (remoto o en red local)&comma; plataforma cloud (remoto)<\/li>\n<li style='margin-bottom: 8px;'><strong>Puertos:<\/strong> Ocho puertos GE Combo&comma; Ocho puertos SFP+ 10G y Dos puertos QSFP+ 40G (todos LAN\/WAN)<\/li>\n<li style='margin-bottom: 8px;'><strong>Garant\u00eda:<\/strong> 3 a\u00f1os<\/li>\n<\/ul><\/div>\n<\/p><\/div>\n<p> <!-- Secci\u00f3n de especificaciones t\u00e9cnicas --> <\/p>\n<div style='display: flex; flex-wrap: wrap; gap: 20px; margin-bottom: 30px;'>\n<div style='flex: 1 1 250px; border: 1px solid rgba(150&comma; 150&comma; 150&comma; 0.4); border-radius: 8px; overflow: hidden; display: flex; flex-direction: column;'>\n<div style='padding: 15px; border-bottom: 1px solid rgba(150&comma; 150&comma; 150&comma; 0.2); font-weight: bold; font-size: 18px; color: inherit;'>Desempe\u00f1o<\/div>\n<div style='padding: 15px; color: inherit;'>\n<ul style='padding-left: 20px; margin: 0; font-size: 14px; list-style-type: disc;'>\n<li style='margin-bottom: 8px;'><strong>N\u00famero de Clientes:<\/strong> Hasta 20&comma;000 recomendados<\/li>\n<li style='margin-bottom: 8px;'><strong>Throughput:<\/strong> 60&comma;000 Mbps Normal Mode<\/li>\n<li style='margin-bottom: 8px;'><strong>VPNs:<\/strong> IPSec&comma; L2TP&comma; L2TP IPSec \/ *Desempe\u00f1o de 400 Mbps \/ *T\u00faneles 4&comma;000<\/li>\n<li style='margin-bottom: 8px;'><strong>VLANs:<\/strong> Hasta 100 por LAN \/ Hasta 2&comma;047 segmentos de Red total<\/li>\n<\/ul>\n<p style='font-size: 12px; margin-top: 15px; color: inherit;'>*Notas: Rango general&comma; Ver dato espec\u00edfico para cada protocolo.<\/p>\n<\/p><\/div>\n<\/p><\/div>\n<div style='flex: 1 1 250px; border: 1px solid rgba(150&comma; 150&comma; 150&comma; 0.4); border-radius: 8px; overflow: hidden; display: flex; flex-direction: column;'>\n<div style='padding: 15px; border-bottom: 1px solid rgba(150&comma; 150&comma; 150&comma; 0.2); font-weight: bold; font-size: 18px; color: inherit;'>Caracter\u00edsticas F\u00edsicas y El\u00e9ctricas<\/div>\n<div style='padding: 15px; color: inherit;'>\n<ul style='padding-left: 20px; margin: 0; font-size: 14px; list-style-type: disc;'>\n<li style='margin-bottom: 8px;'><strong>Alimentaci\u00f3n:<\/strong> 100 a 240 V (150 W)<\/li>\n<li style='margin-bottom: 8px;'><strong>Dimensiones:<\/strong> 440 mm x 550 mm x 88 mm<\/li>\n<li style='margin-bottom: 8px;'><strong>Peso:<\/strong> 14.3 Kg<\/li>\n<li style='margin-bottom: 8px;'><strong>Temperatura en Operaci\u00f3n:<\/strong> 0\u00b0 a 45\u00b0C<\/li>\n<li style='margin-bottom: 8px;'><strong>Grado de protecci\u00f3n El\u00e9ctrica:<\/strong> \u00b14KV<\/li>\n<li style='margin-bottom: 8px;'><strong>Memoria Flash:<\/strong> 256 MB SPIFLASH<\/li>\n<li style='margin-bottom: 8px;'><strong>SD RAM:<\/strong> 32 GB<\/li>\n<li style='margin-bottom: 8px;'><strong>CPU:<\/strong> 1800 Mhz*4<\/li>\n<li style='margin-bottom: 8px;'><strong>Slot Hard Disk Drive:<\/strong> Hasta 1 Tb \/ 3.5&#8242; (no incluido)<\/li>\n<\/ul><\/div>\n<\/p><\/div>\n<div style='flex: 1 1 250px; border: 1px solid rgba(150&comma; 150&comma; 150&comma; 0.4); border-radius: 8px; overflow: hidden; display: flex; flex-direction: column;'>\n<div style='padding: 15px; border-bottom: 1px solid rgba(150&comma; 150&comma; 150&comma; 0.2); font-weight: bold; font-size: 18px; color: inherit;'>Contenido del Paquete<\/div>\n<div style='padding: 15px; color: inherit;'>\n<ul style='padding-left: 20px; margin: 0; font-size: 14px; list-style-type: disc;'>\n<li style='margin-bottom: 8px;'>1 Pieza Router modelo: RG-EG3000XE<\/li>\n<li style='margin-bottom: 8px;'>Dos Fuentes Redundante AC<\/li>\n<li style='margin-bottom: 8px;'>Montaje para Rack<\/li>\n<li style='margin-bottom: 8px;'>Gu\u00eda r\u00e1pida de instalaci\u00f3n<\/li>\n<\/ul>\n<p> <img style='width: 100%; height: auto; border: 1px solid rgba(150&comma;150&comma;150&comma;0.3); border-radius: 8px; margin-top: 15px;' src='http:\/\/ftp3.syscom.mx\/usuarios\/ftp\/2025\/11\/13\/2251\/1763061931178.png_froala_691630ad7b5f0' alt='Contenido del paquete'> <\/div>\n<\/p><\/div>\n<\/p><\/div>\n<p> <!-- Secci\u00f3n de documentaci\u00f3n y enlaces --> <\/p>\n<div style='display: flex; flex-wrap: wrap; gap: 20px; margin-bottom: 30px;'>\n<div style='flex: 1 1 250px; border: 1px solid rgba(150&comma; 150&comma; 150&comma; 0.4); border-radius: 8px; overflow: hidden; display: flex; flex-direction: column;'>\n<div style='padding: 15px; border-bottom: 1px solid rgba(150&comma; 150&comma; 150&comma; 0.2); font-weight: bold; font-size: 18px; color: inherit;'>Documentaci\u00f3n y Firmware<\/div>\n<div style='padding: 15px; color: inherit;'>\n<ul style='padding-left: 20px; margin: 0; font-size: 14px; list-style-type: disc;'>\n<li style='margin-bottom: 8px;'><a href='https:\/\/ftp3.syscom.mx\/usuarios\/ftp\/2025\/05\/28\/215fd\/Ruijie-RG-EG3000UEXE-Series-Security-Gateways-Datasheet-2020.08.06.pdf' target='_blank' rel='noopener noreferrer' style='color: inherit; text-decoration: underline;'>Hoja de Especificaciones<\/a><\/li>\n<li style='margin-bottom: 8px;'><a href='https:\/\/ftp3.syscom.mx\/usuarios\/ftp\/2025\/05\/28\/db99a\/Ruijie-RG-EasyGate-Series-Gateways-Hardware-Installation-and-Reference-Guide-V1.50.pdf' target='_blank' rel='noopener noreferrer' style='color: inherit; text-decoration: underline;'>Especificaciones de Hardware<\/a><\/li>\n<li style='margin-bottom: 8px;'><a href='https:\/\/reyee.ruijie.com\/en-global\/support\/' target='_blank' rel='noopener noreferrer' style='color: inherit; text-decoration: underline;'>Firmware<\/a><\/li>\n<\/ul><\/div>\n<\/p><\/div>\n<div style='flex: 1 1 250px; border: 1px solid rgba(150&comma; 150&comma; 150&comma; 0.4); border-radius: 8px; overflow: hidden; display: flex; flex-direction: column;'>\n<div style='padding: 15px; border-bottom: 1px solid rgba(150&comma; 150&comma; 150&comma; 0.2); font-weight: bold; font-size: 18px; color: inherit;'>Accesorios Sugeridos<\/div>\n<div style='padding: 15px; color: inherit;'>\n<ul style='padding-left: 20px; margin: 0; font-size: 14px; list-style-type: disc;'>\n<li style='margin-bottom: 8px;'>Cable de Alimentaci\u00f3n AC modelo: <a href='https:\/\/www.syscom.mx\/products\/162897' target='_blank' rel='noopener noreferrer' style='color: inherit; text-decoration: underline;'>AC-CORD-1.8M<\/a><\/li>\n<\/ul><\/div>\n<\/p><\/div>\n<div style='flex: 1 1 250px; border: 1px solid rgba(150&comma; 150&comma; 150&comma; 0.4); border-radius: 8px; overflow: hidden; display: flex; flex-direction: column;'>\n<div style='padding: 15px; border-bottom: 1px solid rgba(150&comma; 150&comma; 150&comma; 0.2); font-weight: bold; font-size: 18px; color: inherit;'>Enlaces \u00datiles<\/div>\n<div style='padding: 15px; color: inherit;'>\n<ul style='padding-left: 20px; margin: 0; font-size: 14px; list-style-type: disc;'>\n<li style='margin-bottom: 8px;'><a href='https:\/\/cloud-la.ruijienetworks.com\/' target='_blank' rel='noopener noreferrer' style='color: inherit; text-decoration: underline;'>Ruijie Cloud<\/a><\/li>\n<li style='margin-bottom: 8px;'><strong>Ruijie APP:<\/strong> <a href='https:\/\/play.google.com\/store\/apps\/details?id=cn.com.ruijie.cloudapp&#038;hl=es_MX&#038;pli=1' target='_blank' rel='noopener noreferrer' style='color: inherit; text-decoration: underline;'>Android<\/a> \/ <a href='https:\/\/apps.apple.com\/us\/app\/ruijie-reyee\/id1423429270' target='_blank' rel='noopener noreferrer' style='color: inherit; text-decoration: underline;'>iOS<\/a><\/li>\n<li style='margin-bottom: 8px;'><a href='https:\/\/soporte.syscom.mx\/es\/collections\/3797236-ruijie-networks' target='_blank' rel='noopener noreferrer' style='color: inherit; text-decoration: underline;'>Manuales y Gu\u00edas R\u00e1pidas<\/a><\/li>\n<\/ul><\/div>\n<\/p><\/div>\n<\/p><\/div>\n<p> <!-- Im\u00e1genes adicionales --> <\/p>\n<div style='display: flex; flex-wrap: wrap; gap: 30px; margin-bottom: 30px;'>\n<div style='flex: 1 1 100%;'> <img style='width: 100%; height: auto; border: 1px solid rgba(150&comma;150&comma;150&comma;0.3); border-radius: 16px;' src='http:\/\/ftp3.syscom.mx\/usuarios\/ftp\/2025\/11\/13\/2251\/20251113_14_00_3220251113_13_58_51.png__Editor_de_imagen_de_Greenshot.png_froala_69163912d62e2' alt='Router Ruijie RG-EG3000XE'> <\/div>\n<div style='flex: 1 1 100%;'> <img style='width: 100%; height: auto; border: 1px solid rgba(150&comma;150&comma;150&comma;0.3); border-radius: 16px;' src='http:\/\/ftp3.syscom.mx\/usuarios\/ftp\/2025\/11\/13\/2251\/20251113_13_58_51.png_froala_6916391befd35' alt='Router Ruijie RG-EG3000XE'> <\/div>\n<\/p><\/div>\n<\/p><\/div>\n","protected":false},"excerpt":{"rendered":"<p>Router Core Balanceador, Hasta 9 Servicios de Internet y Hasta 20 Mil usuarios con un desempe\u00f1o de 60 Gbps<\/p>\n","protected":false},"featured_media":89283,"comment_status":"open","ping_status":"closed","template":"","meta":[],"product_brand":[],"product_cat":[2036,2035,2034],"product_tag":[2039,2038,664,2037,2123],"class_list":{"0":"post-89284","1":"product","2":"type-product","3":"status-publish","4":"has-post-thumbnail","6":"product_cat-balanceadores","7":"product_cat-firewalls","8":"product_cat-routers","9":"product_tag-balanceadores","10":"product_tag-firewalls","11":"product_tag-networking","12":"product_tag-routers","13":"product_tag-ruijie","15":"first","16":"instock","17":"sale","18":"shipping-taxable","19":"purchasable","20":"product-type-simple"},"_links":{"self":[{"href":"https:\/\/soydeaqui.ddns.net\/pachuca\/index.php\/wp-json\/wp\/v2\/product\/89284","targetHints":{"allow":["GET"]}}],"collection":[{"href":"https:\/\/soydeaqui.ddns.net\/pachuca\/index.php\/wp-json\/wp\/v2\/product"}],"about":[{"href":"https:\/\/soydeaqui.ddns.net\/pachuca\/index.php\/wp-json\/wp\/v2\/types\/product"}],"replies":[{"embeddable":true,"href":"https:\/\/soydeaqui.ddns.net\/pachuca\/index.php\/wp-json\/wp\/v2\/comments?post=89284"}],"wp:featuredmedia":[{"embeddable":true,"href":"https:\/\/soydeaqui.ddns.net\/pachuca\/index.php\/wp-json\/wp\/v2\/media\/89283"}],"wp:attachment":[{"href":"https:\/\/soydeaqui.ddns.net\/pachuca\/index.php\/wp-json\/wp\/v2\/media?parent=89284"}],"wp:term":[{"taxonomy":"product_brand","embeddable":true,"href":"https:\/\/soydeaqui.ddns.net\/pachuca\/index.php\/wp-json\/wp\/v2\/product_brand?post=89284"},{"taxonomy":"product_cat","embeddable":true,"href":"https:\/\/soydeaqui.ddns.net\/pachuca\/index.php\/wp-json\/wp\/v2\/product_cat?post=89284"},{"taxonomy":"product_tag","embeddable":true,"href":"https:\/\/soydeaqui.ddns.net\/pachuca\/index.php\/wp-json\/wp\/v2\/product_tag?post=89284"}],"curies":[{"name":"wp","href":"https:\/\/api.w.org\/{rel}","templated":true}]}}