{"id":89264,"date":"2026-03-20T02:48:14","date_gmt":"2026-03-20T02:48:14","guid":{"rendered":"https:\/\/soydeaqui.ddns.net\/pachuca\/index.php\/producto\/rb5009uprsin-8-puertos-poe-in-out-1-sfp-solo-routeros-v7\/"},"modified":"2026-03-20T02:48:35","modified_gmt":"2026-03-20T02:48:35","slug":"rb5009uprsin-8-puertos-poe-in-out-1-sfp-solo-routeros-v7","status":"publish","type":"product","link":"https:\/\/soydeaqui.ddns.net\/pachuca\/index.php\/producto\/rb5009uprsin-8-puertos-poe-in-out-1-sfp-solo-routeros-v7\/","title":{"rendered":"RB5009UPr+S+IN 8 puertos PoE in\/out, 1 SFP+, Solo RouterOS v7"},"content":{"rendered":"<div style='width: 100%; max-width: 1200px; margin: 0 auto; font-family: sans-serif; line-height: 1.6; color: inherit; background-color: transparent;'> <!-- Secci\u00f3n de caracter\u00edsticas --> <\/p>\n<div style='margin-bottom: 30px;'>\n<p style='margin: 0; padding: 0;'> <span style='font-weight: bold; color: inherit;'>Se trata del poder&#8230;<\/span> <\/p>\n<p style='margin: 15px 0; padding: 0; color: inherit; font-size: 14px;'> Esta versi\u00f3n del RB5009 tiene todas las campanas y silbatos del modelo anterior: Gigabit Ethernet&comma; 2.5 Gigabit Ethernet y una jaula SFP+ de 10 Gigabit para la conectividad de fibra. Tiene la velocidad&comma; la potencia y la durabilidad. Pero esta vez&comma; hemos a\u00f1adido <span style='font-weight: bold; color: inherit;'>PoE-in y PoE-out<\/span> en los ocho puertos Ethernet. Combinado con el conector de 2 pines y el conector de CC&comma; obtienes 10 formas separadas de alimentaci\u00f3n. Las fuentes de alimentaci\u00f3n redundantes duales generalmente llevar\u00edan su tiempo de actividad ininterrumpido al siguiente nivel. <span style='font-weight: bold; color: inherit;'>RB5009UPr+S+IN<\/span> da un paso por encima de eso! <\/p>\n<p style='margin: 15px 0; padding: 0; color: inherit; font-size: 14px;'> Todas las opciones de alimentaci\u00f3n admiten <span style='font-weight: bold; color: inherit;'>un amplio rango de voltaje de 24 a 57 V<\/span>. Sin embargo&comma; no se pueden mezclar los voltajes. Si est\u00e1s usando PoE-out para alimentar otros dispositivos&comma; la placa elegir\u00e1 la fuente con el voltaje m\u00e1s alto (toma de CC o conector de 2 pines) para alimentarlos. <\/p>\n<p style='margin: 15px 0; padding: 0; color: inherit; font-size: 14px;'> <span style='font-weight: bold; color: inherit;'>Cada puerto PoE-out puede suministrar hasta 25 W de potencia<\/span>. Todos los puertos combinados est\u00e1n limitados a 130 W&comma; lo que deber\u00eda ser suficiente para la mayor\u00eda de las configuraciones. Puede especificar la m\u00e1xima potencia disponible de sus fuentes de alimentaci\u00f3n manualmente&comma; si es necesario. Cuando se trata de caracter\u00edsticas PoE-out&comma; el nuevo RB5009 puede intercambiar golpes con nuestros legendarios interruptores PoE: CRS354 y CRS328. \u00a1En el factor de forma m\u00e1s peque\u00f1o posible y al mejor precio del mercado! <\/p>\n<p style='margin: 15px 0; padding: 0; color: inherit; font-size: 14px;'> <span style='font-weight: bold; color: inherit;'>\u00a1Protege tu tiempo de actividad&comma; protege tu tranquilidad!<\/span> <\/p>\n<p style='margin: 15px 0; padding: 0; color: inherit; font-size: 14px;'> Entonces&comma; \u00bfqu\u00e9 sucede exactamente si hay un problema con una de tus fuentes de energ\u00eda? Aqu\u00ed hay un ejemplo r\u00e1pido: tienes 24 V en la toma de CC&comma; 48 V en el conector de 2 pines y 57 V en la entrada PoE. La placa en s\u00ed es alimentada por la entrada de mayor voltaje: la entrada PoE. Si hay un problema&comma; el RB5009 volver\u00e1 al segundo voltaje m\u00e1s alto: el conector de 2 pines. Y si eso falla&comma; est\u00e1 la opci\u00f3n de 24 V en la toma de CC. <\/p>\n<p style='margin: 15px 0; padding: 0; color: inherit; font-size: 14px;'> \u00bfQu\u00e9 pasa con los dispositivos PoE-out? Una vez m\u00e1s&comma; gana el voltaje m\u00e1s alto. Los dispositivos PoE-out extraer\u00e1n energ\u00eda de la fuente de 48 V en el conector de 2 pines. Si eso falla&comma; entran en juego los 24 V de la toma de CC. La placa siempre reservar\u00e1 20 vatios para alimentarse a s\u00ed misma. Si no hay suficiente energ\u00eda para todos los puertos PoE-out&comma; comenzar\u00e1 a desactivar los que tengan la prioridad m\u00e1s baja. Puedes establecer la prioridad del puerto manualmente. <\/p>\n<p style='margin: 15px 0; padding: 0; color: inherit; font-size: 14px;'> Este peque\u00f1o factor de forma brilla en cualquier lugar: desde instalaciones y oficinas de investigaci\u00f3n confinadas hasta enormes salas de servidores corporativos. Y no olvides que puedes montar CUATRO de estos routers en un solo espacio de montaje en rack de 1U <\/p>\n<p style='margin: 15px 0; padding: 0; color: inherit; font-size: 14px;'> Con el nuevo RB5009&comma; queremos empoderar a todos los peque\u00f1os y medianos ISP que siempre est\u00e1n en busca de las soluciones m\u00e1s rentables y robustas. Es una adici\u00f3n perfecta a nuestros dispositivos GPEN anteriores&comma; una l\u00ednea de productos dise\u00f1ados para reemplazar las costosas soluciones GPON. <\/p>\n<p style='margin: 15px 0; padding: 0; color: inherit; font-size: 14px;'> <span style='font-weight: bold; color: inherit;'>Con tantas opciones de alimentaci\u00f3n y una carcasa met\u00e1lica duradera&comma; el nuevo RB5009 redefine la fiabilidad asequible.<\/span> <\/p>\n<\/p><\/div>\n<p> <!-- Secci\u00f3n de especificaciones en formato cards --> <\/p>\n<div style='display: flex; flex-wrap: wrap; gap: 20px; margin-bottom: 30px;'> <!-- Especificaciones generales --> <\/p>\n<div style='flex: 1 1 250px; border: 1px solid rgba(150&comma; 150&comma; 150&comma; 0.4); border-radius: 8px; overflow: hidden; display: flex; flex-direction: column;'>\n<div style='padding: 15px; border-bottom: 1px solid rgba(150&comma; 150&comma; 150&comma; 0.2); font-weight: bold; font-size: 18px; color: inherit;'>Especificaciones<\/div>\n<div style='padding: 15px; color: inherit;'>\n<ul style='padding-left: 20px; margin: 0; font-size: 14px; list-style-type: disc;'>\n<li style='margin-bottom: 5px;'><strong>C\u00f3digo de producto:<\/strong> RB5009UPr+S+IN<\/li>\n<li style='margin-bottom: 5px;'><strong>Arquitectura:<\/strong> ARM 64 bits<\/li>\n<li style='margin-bottom: 5px;'><strong>CPU:<\/strong> 88F7040<\/li>\n<li style='margin-bottom: 5px;'><strong>Recuento de n\u00facleos de CPU:<\/strong> 4<\/li>\n<li style='margin-bottom: 5px;'><strong>Frecuencia nominal de la CPU:<\/strong> 350-1400 MHz (autom\u00e1tico)<\/li>\n<li style='margin-bottom: 5px;'><strong>Licencia RouterOS:<\/strong> 5<\/li>\n<li style='margin-bottom: 5px;'><strong>Sistema operativo:<\/strong> <a style='color: inherit; text-decoration: underline;' href='https:\/\/wiki.mikrotik.com\/wiki\/Manual:TOC' target='_blank' rel='noopener'>RouterOS<\/a><\/li>\n<li style='margin-bottom: 5px;'><strong>Tama\u00f1o de la RAM:<\/strong> 1 GB<\/li>\n<li style='margin-bottom: 5px;'><strong>Tama\u00f1o del almacenamiento:<\/strong> 1 GB<\/li>\n<li style='margin-bottom: 5px;'><strong>Tipo de almacenamiento:<\/strong> NAND<\/li>\n<li style='margin-bottom: 5px;'><strong>MTBF:<\/strong> Aproximadamente 200 000 horas a 25 \u00b0C<\/li>\n<li style='margin-bottom: 5px;'><strong>Temperatura ambiente probada:<\/strong> -40 \u00b0C a 60 \u00b0C<\/li>\n<\/ul><\/div>\n<\/p><\/div>\n<p> <!-- Alimentaci\u00f3n --> <\/p>\n<div style='flex: 1 1 250px; border: 1px solid rgba(150&comma; 150&comma; 150&comma; 0.4); border-radius: 8px; overflow: hidden; display: flex; flex-direction: column;'>\n<div style='padding: 15px; border-bottom: 1px solid rgba(150&comma; 150&comma; 150&comma; 0.2); font-weight: bold; font-size: 18px; color: inherit;'>Alimentaci\u00f3n<\/div>\n<div style='padding: 15px; color: inherit;'>\n<ul style='padding-left: 20px; margin: 0; font-size: 14px; list-style-type: disc;'>\n<li style='margin-bottom: 5px;'><strong>N\u00famero de entradas de CC:<\/strong> 3 Terminal de 2 pines&comma; conector de CC&comma; PoE-IN)<\/li>\n<li style='margin-bottom: 5px;'><strong>Voltaje de entrada de la toma de CC:<\/strong> 24-57 V<\/li>\n<li style='margin-bottom: 5px;'><strong>Voltaje de entrada del terminal de 2 pines:<\/strong> 24-57 V<\/li>\n<li style='margin-bottom: 5px;'><strong>Consumo m\u00e1ximo de energ\u00eda:<\/strong> 150 W<\/li>\n<li style='margin-bottom: 5px;'><strong>Consumo m\u00e1ximo de energ\u00eda sin accesorios:<\/strong> 15 W<\/li>\n<li style='margin-bottom: 5px;'><strong>Tipo de refrigeraci\u00f3n:<\/strong> Pasivo<\/li>\n<li style='margin-bottom: 5px;'><strong>PoE in:<\/strong> 802.3af\/at<\/li>\n<li style='margin-bottom: 5px;'><strong>PoE in&comma; voltaje de entrada:<\/strong> 24-57 V<\/li>\n<\/ul><\/div>\n<\/p><\/div>\n<p> <!-- PoE-out --> <\/p>\n<div style='flex: 1 1 250px; border: 1px solid rgba(150&comma; 150&comma; 150&comma; 0.4); border-radius: 8px; overflow: hidden; display: flex; flex-direction: column;'>\n<div style='padding: 15px; border-bottom: 1px solid rgba(150&comma; 150&comma; 150&comma; 0.2); font-weight: bold; font-size: 18px; color: inherit;'>PoE-out<\/div>\n<div style='padding: 15px; color: inherit;'>\n<ul style='padding-left: 20px; margin: 0; font-size: 14px; list-style-type: disc;'>\n<li style='margin-bottom: 5px;'><strong>Puertos PoE-out:<\/strong> Ether1-Ether8<\/li>\n<li style='margin-bottom: 5px;'><strong>Salida m\u00e1xima por salida de puerto (entrada 18-30 V):<\/strong> 640 mA<\/li>\n<li style='margin-bottom: 5px;'><strong>Salida m\u00e1xima por puerto (entrada 30-57 V):<\/strong> 420 mA<\/li>\n<li style='margin-bottom: 5px;'><strong>Total m\u00e1ximo (A):<\/strong> 2.59 A<\/li>\n<li style='margin-bottom: 5px;'><strong>Corriente de salida total:<\/strong> 2.28<\/li>\n<li style='margin-bottom: 5px;'><strong>Potencia de salida total:<\/strong> 130<\/li>\n<\/ul><\/div>\n<\/p><\/div>\n<p> <!-- Ethernet --> <\/p>\n<div style='flex: 1 1 250px; border: 1px solid rgba(150&comma; 150&comma; 150&comma; 0.4); border-radius: 8px; overflow: hidden; display: flex; flex-direction: column;'>\n<div style='padding: 15px; border-bottom: 1px solid rgba(150&comma; 150&comma; 150&comma; 0.2); font-weight: bold; font-size: 18px; color: inherit;'>Ethernet<\/div>\n<div style='padding: 15px; color: inherit;'>\n<ul style='padding-left: 20px; margin: 0; font-size: 14px; list-style-type: disc;'>\n<li style='margin-bottom: 5px;'><strong>Puertos Ethernet 10\/100\/1000:<\/strong> 7<\/li>\n<li style='margin-bottom: 5px;'><strong>N\u00famero de puertos Ethernet 1G con PoE inverso (PoE-in):<\/strong> 7<\/li>\n<li style='margin-bottom: 5px;'><strong>N\u00famero de puertos Ethernet 2.5G:<\/strong> 1<\/li>\n<li style='margin-bottom: 5px;'><strong>N\u00famero de puertos Ethernet 2.5G con salida PoE:<\/strong> 1<\/li>\n<\/ul><\/div>\n<\/p><\/div>\n<p> <!-- Fibra --> <\/p>\n<div style='flex: 1 1 250px; border: 1px solid rgba(150&comma; 150&comma; 150&comma; 0.4); border-radius: 8px; overflow: hidden; display: flex; flex-direction: column;'>\n<div style='padding: 15px; border-bottom: 1px solid rgba(150&comma; 150&comma; 150&comma; 0.2); font-weight: bold; font-size: 18px; color: inherit;'>Fibra<\/div>\n<div style='padding: 15px; color: inherit;'>\n<ul style='padding-left: 20px; margin: 0; font-size: 14px; list-style-type: disc;'>\n<li style='margin-bottom: 5px;'><strong>Puertos SFP+:<\/strong> 1<\/li>\n<\/ul><\/div>\n<\/p><\/div>\n<p> <!-- Perif\u00e9ricos --> <\/p>\n<div style='flex: 1 1 250px; border: 1px solid rgba(150&comma; 150&comma; 150&comma; 0.4); border-radius: 8px; overflow: hidden; display: flex; flex-direction: column;'>\n<div style='padding: 15px; border-bottom: 1px solid rgba(150&comma; 150&comma; 150&comma; 0.2); font-weight: bold; font-size: 18px; color: inherit;'>Perif\u00e9ricos<\/div>\n<div style='padding: 15px; color: inherit;'>\n<ul style='padding-left: 20px; margin: 0; font-size: 14px; list-style-type: disc;'>\n<li style='margin-bottom: 5px;'><strong>N\u00famero de puertos USB:<\/strong> 1<\/li>\n<li style='margin-bottom: 5px;'><strong>Restablecimiento de la alimentaci\u00f3n USB:<\/strong> S\u00ed<\/li>\n<li style='margin-bottom: 5px;'><strong>Tipo de ranura USB:<\/strong> USB 3.0 tipo A<\/li>\n<li style='margin-bottom: 5px;'><strong>Corriente m\u00e1xima USB (A):<\/strong> 1<\/li>\n<\/ul><\/div>\n<\/p><\/div>\n<p> <!-- Otros --> <\/p>\n<div style='flex: 1 1 250px; border: 1px solid rgba(150&comma; 150&comma; 150&comma; 0.4); border-radius: 8px; overflow: hidden; display: flex; flex-direction: column;'>\n<div style='padding: 15px; border-bottom: 1px solid rgba(150&comma; 150&comma; 150&comma; 0.2); font-weight: bold; font-size: 18px; color: inherit;'>Otros<\/div>\n<div style='padding: 15px; color: inherit;'>\n<ul style='padding-left: 20px; margin: 0; font-size: 14px; list-style-type: disc;'>\n<li style='margin-bottom: 5px;'><strong>Monitor de temperatura de la CPU:<\/strong> S\u00ed<\/li>\n<li style='margin-bottom: 5px;'><strong>Monitor actual:<\/strong> S\u00ed<\/li>\n<li style='margin-bottom: 5px;'><strong>Monitor de temperatura de PCB:<\/strong> S\u00ed<\/li>\n<li style='margin-bottom: 5px;'><strong>Monitor de voltaje:<\/strong> S\u00ed<\/li>\n<\/ul><\/div>\n<\/p><\/div>\n<p> <!-- Certificaci\u00f3n y aprobaciones --> <\/p>\n<div style='flex: 1 1 250px; border: 1px solid rgba(150&comma; 150&comma; 150&comma; 0.4); border-radius: 8px; overflow: hidden; display: flex; flex-direction: column;'>\n<div style='padding: 15px; border-bottom: 1px solid rgba(150&comma; 150&comma; 150&comma; 0.2); font-weight: bold; font-size: 18px; color: inherit;'>Certificaci\u00f3n y aprobaciones<\/div>\n<div style='padding: 15px; color: inherit;'>\n<ul style='padding-left: 20px; margin: 0; font-size: 14px; list-style-type: disc;'>\n<li style='margin-bottom: 5px;'><strong>Certificaci\u00f3n:<\/strong> CE&comma; EAC&comma; ROHS<\/li>\n<li style='margin-bottom: 5px;'><strong>IP:<\/strong> 20<\/li>\n<\/ul><\/div>\n<\/p><\/div>\n<\/p><\/div>\n<p> <!-- Separador --> <\/p>\n<hr style='border: 0; border-top: 1px solid rgba(150&comma; 150&comma; 150&comma; 0.3); margin: 30px 0;'> <!-- Piezas incluidas --> <\/p>\n<div style='margin-bottom: 30px;'>\n<h3 style='font-size: 22px; border-bottom: 2px solid currentColor; padding-bottom: 5px; margin-top: 0; color: inherit; opacity: 0.8;'>Piezas incluidas<\/h3>\n<div style='display: flex; flex-wrap: wrap; gap: 15px; margin-top: 15px;'>\n<div style='flex: 1 1 120px; min-width: 100px; text-align: center;'> <a style='color: inherit; text-decoration: underline;' href='https:\/\/i.mt.lv\/cdn\/rb_images\/part771632132141m.jpg' target='_blank' rel='noopener'> <img style='width: 100%; height: auto; border: 1px solid rgba(150&comma;150&comma;150&comma;0.3); border-radius: 8px;' src='https:\/\/i.mt.lv\/cdn\/rb_images\/part771632132141s.jpg' alt='Kit de tornillos K-55'> <br \/>Kit de tornillos K-55 <\/a> <\/div>\n<div style='flex: 1 1 120px; min-width: 100px; text-align: center;'> <a style='color: inherit; text-decoration: underline;' href='https:\/\/i.mt.lv\/cdn\/rb_images\/part41391160693m.jpg' target='_blank' rel='noopener'> <img style='width: 100%; height: auto; border: 1px solid rgba(150&comma;150&comma;150&comma;0.3); border-radius: 8px;' src='https:\/\/i.mt.lv\/cdn\/rb_images\/part41391160693s.jpg' alt='Cable IEC'> <br \/>Cable IEC <\/a> <\/div>\n<div style='flex: 1 1 120px; min-width: 100px; text-align: center;'> <a style='color: inherit; text-decoration: underline;' href='https:\/\/i.mt.lv\/cdn\/rb_images\/part1501657537814m.jpg' target='_blank' rel='noopener'> <img style='width: 100%; height: auto; border: 1px solid rgba(150&comma;150&comma;150&comma;0.3); border-radius: 8px;' src='https:\/\/i.mt.lv\/cdn\/rb_images\/part1501657537814s.jpg' alt='48V2A96W'> <br \/>48V2A96W <\/a> <\/div>\n<div style='flex: 1 1 120px; min-width: 100px; text-align: center;'> <a style='color: inherit; text-decoration: underline;' href='https:\/\/i.mt.lv\/cdn\/rb_images\/part1531660034427m.jpg' target='_blank' rel='noopener'> <img style='width: 100%; height: auto; border: 1px solid rgba(150&comma;150&comma;150&comma;0.3); border-radius: 8px;' src='https:\/\/i.mt.lv\/cdn\/rb_images\/part1531660034427s.jpg' alt='Enchufe del conector'> <br \/>Enchufe del conector <\/a> <\/div>\n<\/p><\/div>\n<\/p><\/div>\n<p> <!-- Nota final --> <\/p>\n<div style='margin-top: 30px; padding: 15px; border-left: 3px solid rgba(150&comma; 150&comma; 150&comma; 0.4); font-style: italic; color: inherit; font-size: 14px;'> El dispositivo tiene un sistema operativo preinstalado y con licencia. No es necesaria ninguna compra por separado y el producto est\u00e1 listo para usar. El dispositivo incluye actualizaciones de software gratuitas durante la vida \u00fatil del producto o un m\u00ednimo de 5 a\u00f1os a partir de la fecha de compra. <\/div>\n<\/p><\/div>\n","protected":false},"excerpt":{"rendered":"<p>RB5009UPr+S+IN 8 puertos PoE in\/out, 1 SFP+, Solo RouterOS v7<\/p>\n","protected":false},"featured_media":89263,"comment_status":"open","ping_status":"closed","template":"","meta":[],"product_brand":[],"product_cat":[2036,2035,2034],"product_tag":[2039,2038,643,664,2037],"class_list":{"0":"post-89264","1":"product","2":"type-product","3":"status-publish","4":"has-post-thumbnail","6":"product_cat-balanceadores","7":"product_cat-firewalls","8":"product_cat-routers","9":"product_tag-balanceadores","10":"product_tag-firewalls","11":"product_tag-mikrotik","12":"product_tag-networking","13":"product_tag-routers","15":"first","16":"instock","17":"sale","18":"shipping-taxable","19":"purchasable","20":"product-type-simple"},"_links":{"self":[{"href":"https:\/\/soydeaqui.ddns.net\/pachuca\/index.php\/wp-json\/wp\/v2\/product\/89264","targetHints":{"allow":["GET"]}}],"collection":[{"href":"https:\/\/soydeaqui.ddns.net\/pachuca\/index.php\/wp-json\/wp\/v2\/product"}],"about":[{"href":"https:\/\/soydeaqui.ddns.net\/pachuca\/index.php\/wp-json\/wp\/v2\/types\/product"}],"replies":[{"embeddable":true,"href":"https:\/\/soydeaqui.ddns.net\/pachuca\/index.php\/wp-json\/wp\/v2\/comments?post=89264"}],"wp:featuredmedia":[{"embeddable":true,"href":"https:\/\/soydeaqui.ddns.net\/pachuca\/index.php\/wp-json\/wp\/v2\/media\/89263"}],"wp:attachment":[{"href":"https:\/\/soydeaqui.ddns.net\/pachuca\/index.php\/wp-json\/wp\/v2\/media?parent=89264"}],"wp:term":[{"taxonomy":"product_brand","embeddable":true,"href":"https:\/\/soydeaqui.ddns.net\/pachuca\/index.php\/wp-json\/wp\/v2\/product_brand?post=89264"},{"taxonomy":"product_cat","embeddable":true,"href":"https:\/\/soydeaqui.ddns.net\/pachuca\/index.php\/wp-json\/wp\/v2\/product_cat?post=89264"},{"taxonomy":"product_tag","embeddable":true,"href":"https:\/\/soydeaqui.ddns.net\/pachuca\/index.php\/wp-json\/wp\/v2\/product_tag?post=89264"}],"curies":[{"name":"wp","href":"https:\/\/api.w.org\/{rel}","templated":true}]}}