{"id":89261,"date":"2026-03-20T02:48:07","date_gmt":"2026-03-20T02:48:07","guid":{"rendered":"https:\/\/soydeaqui.ddns.net\/pachuca\/index.php\/producto\/hap-ax2-router-inalambrico-wi-fi-6-160mw-de-potencia-5-puertos-gigabit-port-1-poe-in-out\/"},"modified":"2026-03-20T02:48:11","modified_gmt":"2026-03-20T02:48:11","slug":"hap-ax2-router-inalambrico-wi-fi-6-160mw-de-potencia-5-puertos-gigabit-port-1-poe-in-out","status":"publish","type":"product","link":"https:\/\/soydeaqui.ddns.net\/pachuca\/index.php\/producto\/hap-ax2-router-inalambrico-wi-fi-6-160mw-de-potencia-5-puertos-gigabit-port-1-poe-in-out\/","title":{"rendered":"(hAP ax2) Router inal\u00e1mbrico Wi-Fi 6 160mW de Potencia, 5 puertos gigabit, Port 1 PoE in\/out"},"content":{"rendered":"<div style='width: 100%; max-width: 1200px; margin: 0 auto; font-family: sans-serif; line-height: 1.6; color: inherit; background-color: transparent;'>\n<div style='display: flex; flex-direction: column; gap: 30px;'>\n<div style='font-size: 15px; color: inherit;'>\n<p style='margin: 0 0 16px 0;'>Es hora de potenciar su red dom\u00e9stica con la red inal\u00e1mbrica Generaci\u00f3n 6 y nuestra \u00faltima incorporaci\u00f3n a la querida serie hAP. hAP ax2 tiene todo lo que pueda necesitar en un punto de acceso dom\u00e9stico principal&comma; \u00a1y m\u00e1s! Olv\u00eddate de interminables rese\u00f1as y comparaciones: este es el dispositivo perfecto para el 99 % de los hogares.<\/p>\n<p style='margin: 0 0 16px 0;'><strong>La se\u00f1al inal\u00e1mbrica es ahora m\u00e1s fuerte que nunca.<\/strong> Estos son los dos ingredientes principales del \u00e9xito de hAP ax: una radio dual de banda dual de \u00faltima generaci\u00f3n de 4 a 4&comma;5 dBi de doble cadena y el est\u00e1ndar 802.11ax con soporte Wave2. Comparemos con la generaci\u00f3n anterior: dependiendo de su configuraci\u00f3n general&comma; \u00a1eso significa <strong>hasta un 40 % m\u00e1s de velocidad en los 5 GHz y hasta un 90 % m\u00e1s de velocidad en el espectro de 2&comma;4 GHz!<\/strong><\/p>\n<p style='margin: 0 0 16px 0;'>Algunos podr\u00edan preguntarse: \u00bfpor qu\u00e9 necesitamos velocidades inal\u00e1mbricas m\u00e1s altas? Bueno&comma; innumerables casos de uso han sido imposibles o dif\u00edciles de llevar a cabo anteriormente. Por ejemplo&comma; trabajar con archivos multimedia de gran tama\u00f1o a trav\u00e9s de la red inal\u00e1mbrica&comma; sin necesidad de descargar y cargar todo. \u00bfDe verdad tienes tiempo para esperar? \u00a1Coge un hAP ax2 y ahorra m\u00e1s tiempo para las cosas esenciales de la vida!<\/p>\n<p style='margin: 0 0 16px 0;'><strong>La moderna CPU de cuatro n\u00facleos que funciona a 864 MHz<\/strong> combinada con un s\u00f3lido GB de RAM tiene un gran impacto cuando se trata de operaciones pesadas como reglas complejas de firewall&comma; cifrado de hardware IPsec&comma; uso de m\u00e1s hilos o experimentar con las caracter\u00edsticas m\u00e1s avanzadas de RouterOS. Y con la adici\u00f3n de la compatibilidad con cifrado avanzado WPA3&comma; est\u00e1s m\u00e1s seguro que nunca.<\/p>\n<p style='margin: 0 0 16px 0;'>Al igual que los modelos anteriores&comma; hAP ax2 se puede montar vertical&comma; horizontalmente o incluso en la pared&comma; sin sacrificar la se\u00f1al fuerte.<\/p>\n<p style='margin: 0 0 16px 0;'>Con tantos productos y caracter\u00edsticas en el mercado&comma; incluso un usuario experimentado puede confundirse. As\u00ed que es hora de una <strong>verdad simple para una elecci\u00f3n simple<\/strong>: no puedes equivocarte con un ax2 hAP en la mayor\u00eda de los hogares.<\/p>\n<\/p><\/div>\n<div style='display: flex; flex-wrap: wrap; gap: 20px;'>\n<div style='flex: 1 1 300px; min-width: 280px;'>\n<h3 style='font-size: 22px; border-bottom: 2px solid currentColor; padding-bottom: 5px; margin-top: 0; color: inherit; opacity: 0.8;'>Especificaciones<\/h3>\n<ul style='padding-left: 20px; font-size: 15px; color: inherit; list-style: none; margin: 0;'>\n<li style='margin-bottom: 5px;'><strong>C\u00f3digo de producto:<\/strong> C52iG-5HaxD2HaxD-TC<\/li>\n<li style='margin-bottom: 5px;'><strong>Arquitectura:<\/strong> ARM 64 bits<\/li>\n<li style='margin-bottom: 5px;'><strong>CPU:<\/strong> IPQ-6010<\/li>\n<li style='margin-bottom: 5px;'><strong>Recuento de n\u00facleos de CPU:<\/strong> 4<\/li>\n<li style='margin-bottom: 5px;'><strong>Frecuencia nominal de la CPU:<\/strong> 864 MHz<\/li>\n<li style='margin-bottom: 5px;'><strong>Licencia RouterOS:<\/strong> 4<\/li>\n<li style='margin-bottom: 5px;'><strong>Sistema operativo:<\/strong> <a style='color: inherit; text-decoration: none;' href='https:\/\/wiki.mikrotik.com\/wiki\/Manual:TOC' target='_blank' rel='noopener'>RouterOS<\/a><\/li>\n<li style='margin-bottom: 5px;'><strong>Tama\u00f1o de la RAM:<\/strong> 1 GB<\/li>\n<li style='margin-bottom: 5px;'><strong>Tama\u00f1o del almacenamiento:<\/strong> 128 MB<\/li>\n<li style='margin-bottom: 5px;'><strong>Tipo de almacenamiento:<\/strong> NAND<\/li>\n<li style='margin-bottom: 5px;'><strong>MTBF:<\/strong> Aproximadamente 100 000 horas a 25 \u00b0C<\/li>\n<li style='margin-bottom: 5px;'><strong>Temperatura ambiente probada:<\/strong> -40 \u00b0C a 50 \u00b0C<\/li>\n<\/ul><\/div>\n<div style='flex: 1 1 300px; min-width: 280px;'>\n<h3 style='font-size: 22px; border-bottom: 2px solid currentColor; padding-bottom: 5px; margin-top: 0; color: inherit; opacity: 0.8;'>Capacidades inal\u00e1mbricas<\/h3>\n<ul style='padding-left: 20px; font-size: 15px; color: inherit; list-style: none; margin: 0;'>\n<li style='margin-bottom: 5px;'><strong>Velocidad de datos inal\u00e1mbrica de 2&comma;4 GHz Max:<\/strong> 300 Mbit\/s<\/li>\n<li style='margin-bottom: 5px;'><strong>N\u00famero de cadenas inal\u00e1mbricas de 2&comma;4 GHz:<\/strong> 2<\/li>\n<li style='margin-bottom: 5px;'><strong>Est\u00e1ndares inal\u00e1mbricos de 2&comma;4 GHz:<\/strong> 802.11b\/g\/n\/ax<\/li>\n<li style='margin-bottom: 5px;'><strong>Ganancia de antena dBi para 2&comma;4 GHz:<\/strong> 4&comma;5<\/li>\n<li style='margin-bottom: 5px;'><strong>Modelo de chip inal\u00e1mbrico de 2&comma;4 GHz:<\/strong> QCN-5022<\/li>\n<li style='margin-bottom: 5px;'><strong>Generaci\u00f3n inal\u00e1mbrica de 2&comma;4 GHz:<\/strong> Wi-Fi 4<\/li>\n<li style='margin-bottom: 5px;'><strong>Velocidad de datos inal\u00e1mbrica de 5 GHz Max:<\/strong> 867 Mbit\/s<\/li>\n<li style='margin-bottom: 5px;'><strong>N\u00famero inal\u00e1mbrico de cadenas de 5 GHz:<\/strong> 2<\/li>\n<li style='margin-bottom: 5px;'><strong>Est\u00e1ndares inal\u00e1mbricos de 5 GHz:<\/strong> 802.11a\/n\/ac\/ax<\/li>\n<li style='margin-bottom: 5px;'><strong>Ganancia de antena dBi para 5 GHz:<\/strong> 4<\/li>\n<li style='margin-bottom: 5px;'><strong>Modelo de chip inal\u00e1mbrico de 5 GHz:<\/strong> QCN-5052<\/li>\n<li style='margin-bottom: 5px;'><strong>Generaci\u00f3n inal\u00e1mbrica de 5 GHz:<\/strong> Wi-Fi 6<\/li>\n<li style='margin-bottom: 5px;'><strong>Velocidad de CA:<\/strong> AC1200<\/li>\n<\/ul><\/div>\n<div style='flex: 1 1 300px; min-width: 280px;'>\n<h3 style='font-size: 22px; border-bottom: 2px solid currentColor; padding-bottom: 5px; margin-top: 0; color: inherit; opacity: 0.8;'>Ethernet<\/h3>\n<ul style='padding-left: 20px; font-size: 15px; color: inherit; list-style: none; margin: 0;'>\n<li style='margin-bottom: 5px;'><strong>Puertos Ethernet 10\/100\/1000:<\/strong> 5<\/li>\n<li style='margin-bottom: 5px;'><strong>N\u00famero de puertos Ethernet 1G con salida PoE:<\/strong> 1<\/li>\n<\/ul><\/div>\n<div style='flex: 1 1 300px; min-width: 280px;'>\n<h3 style='font-size: 22px; border-bottom: 2px solid currentColor; padding-bottom: 5px; margin-top: 0; color: inherit; opacity: 0.8;'>Alimentaci\u00f3n<\/h3>\n<ul style='padding-left: 20px; font-size: 15px; color: inherit; list-style: none; margin: 0;'>\n<li style='margin-bottom: 5px;'><strong>N\u00famero de entradas de CC:<\/strong> 2 (conector de CC&comma; PoE-IN)<\/li>\n<li style='margin-bottom: 5px;'><strong>Voltaje de entrada de la toma de CC:<\/strong> 12-28 V<\/li>\n<li style='margin-bottom: 5px;'><strong>Consumo m\u00e1ximo de energ\u00eda:<\/strong> 27 W<\/li>\n<li style='margin-bottom: 5px;'><strong>Consumo m\u00e1ximo de energ\u00eda sin accesorios:<\/strong> 12 W<\/li>\n<li style='margin-bottom: 5px;'><strong>Tipo de refrigeraci\u00f3n:<\/strong> Pasivo<\/li>\n<li style='margin-bottom: 5px;'><strong>PoE en:<\/strong> PoE pasivo<\/li>\n<li style='margin-bottom: 5px;'><strong>PoE en el voltaje de entrada:<\/strong> 18-28 V<\/li>\n<\/ul><\/div>\n<div style='flex: 1 1 300px; min-width: 280px;'>\n<h3 style='font-size: 22px; border-bottom: 2px solid currentColor; padding-bottom: 5px; margin-top: 0; color: inherit; opacity: 0.8;'>PoE-out<\/h3>\n<ul style='padding-left: 20px; font-size: 15px; color: inherit; list-style: none; margin: 0;'>\n<li style='margin-bottom: 5px;'><strong>Puertos PoE-out:<\/strong> \u00c9ter 1<\/li>\n<li style='margin-bottom: 5px;'><strong>PoE out:<\/strong> PoE pasivo<\/li>\n<li style='margin-bottom: 5px;'><strong>Salida m\u00e1xima por salida de puerto (entrada 18-30 V):<\/strong> 600 mA<\/li>\n<li style='margin-bottom: 5px;'><strong>Total m\u00e1ximo (A):<\/strong> 0&comma;6 A<\/li>\n<li style='margin-bottom: 5px;'><strong>Corriente de salida total:<\/strong> 0&comma;6<\/li>\n<li style='margin-bottom: 5px;'><strong>Potencia de salida total:<\/strong> 16&comma;8 W<\/li>\n<\/ul><\/div>\n<div style='flex: 1 1 300px; min-width: 280px;'>\n<h3 style='font-size: 22px; border-bottom: 2px solid currentColor; padding-bottom: 5px; margin-top: 0; color: inherit; opacity: 0.8;'>Certificaci\u00f3n y aprobaciones<\/h3>\n<ul style='padding-left: 20px; font-size: 15px; color: inherit; list-style: none; margin: 0;'>\n<li style='margin-bottom: 5px;'><strong>Certificaci\u00f3n:<\/strong> CE&comma; FCC&comma; IC&comma; EAC&comma; ROHS<\/li>\n<\/ul><\/div>\n<div style='flex: 1 1 300px; min-width: 280px;'>\n<h3 style='font-size: 22px; border-bottom: 2px solid currentColor; padding-bottom: 5px; margin-top: 0; color: inherit; opacity: 0.8;'>Otros<\/h3>\n<ul style='padding-left: 20px; font-size: 15px; color: inherit; list-style: none; margin: 0;'>\n<li style='margin-bottom: 5px;'><strong>Bot\u00f3n de modo:<\/strong> S\u00ed<\/li>\n<\/ul><\/div>\n<\/p><\/div>\n<div style='display: flex; flex-wrap: wrap; gap: 20px;'>\n<div style='flex: 1 1 300px; min-width: 280px;'>\n<h3 style='font-size: 22px; border-bottom: 2px solid currentColor; padding-bottom: 5px; margin-top: 0; color: inherit; opacity: 0.8;'>Piezas incluidas<\/h3>\n<div style='display: flex; flex-wrap: wrap; gap: 15px;'>\n<div style='flex: 1 1 80px; min-width: 80px;'> <a style='color: inherit; text-decoration: none;' href='https:\/\/i.mt.lv\/cdn\/rb_images\/part331393422988m.jpg' data-imagelightbox='f'> <img style='width: 100%; height: auto; border: 1px solid rgba(150&comma;150&comma;150&comma;0.3); border-radius: 8px;' src='https:\/\/i.mt.lv\/cdn\/rb_images\/part331393422988s.jpg' alt='Adaptador de corriente de 24 V 1&comma;2 A'> <\/p>\n<div style='text-align: center; margin-top: 8px; font-size: 14px;'>Adaptador de corriente de 24 V 1&comma;2 A<\/div>\n<p> <\/a> <\/div>\n<div style='flex: 1 1 80px; min-width: 80px;'> <a style='color: inherit; text-decoration: none;' href='https:\/\/i.mt.lv\/cdn\/rb_images\/part1371632836986m.jpg' data-imagelightbox='f'> <img style='width: 100%; height: auto; border: 1px solid rgba(150&comma;150&comma;150&comma;0.3); border-radius: 8px;' src='https:\/\/i.mt.lv\/cdn\/rb_images\/part1371632836986s.jpg' alt='Kit K-59'> <\/p>\n<div style='text-align: center; margin-top: 8px; font-size: 14px;'>Kit K-59<\/div>\n<p> <\/a> <\/div>\n<div style='flex: 1 1 80px; min-width: 80px;'> <a style='color: inherit; text-decoration: none;' href='https:\/\/i.mt.lv\/cdn\/rb_images\/part1521660028250m.jpg' data-imagelightbox='f'> <img style='width: 100%; height: auto; border: 1px solid rgba(150&comma;150&comma;150&comma;0.3); border-radius: 8px;' src='https:\/\/i.mt.lv\/cdn\/rb_images\/part1521660028250s.jpg' alt='base de casos hAP'> <\/p>\n<div style='text-align: center; margin-top: 8px; font-size: 14px;'>base de casos hAP<\/div>\n<p> <\/a> <\/div>\n<\/p><\/div>\n<\/p><\/div>\n<\/p><\/div>\n<div style='font-size: 15px; color: inherit; opacity: 0.8;'>\n<p style='margin: 0;'>El dispositivo tiene un sistema operativo preinstalado y con licencia. No es necesaria ninguna compra por separado y el producto est\u00e1 listo para usar. El dispositivo incluye actualizaciones de software gratuitas durante la vida \u00fatil del producto o un m\u00ednimo de 5 a\u00f1os a partir de la fecha de compra.<\/p>\n<\/p><\/div>\n<\/p><\/div>\n<\/p><\/div>\n","protected":false},"excerpt":{"rendered":"<p>(hAP ax2) Router inal\u00e1mbrico Wi-Fi 6 160mW de Potencia, 5 puertos gigabit, Port 1 PoE in\/out<\/p>\n","protected":false},"featured_media":89260,"comment_status":"open","ping_status":"closed","template":"","meta":[],"product_brand":[],"product_cat":[2024],"product_tag":[643,1479,2025],"class_list":{"0":"post-89261","1":"product","2":"type-product","3":"status-publish","4":"has-post-thumbnail","6":"product_cat-routers-inalambricos","7":"product_tag-mikrotik","8":"product_tag-redes-wifi","9":"product_tag-routers-inalambricos","11":"first","12":"instock","13":"sale","14":"shipping-taxable","15":"purchasable","16":"product-type-simple"},"_links":{"self":[{"href":"https:\/\/soydeaqui.ddns.net\/pachuca\/index.php\/wp-json\/wp\/v2\/product\/89261","targetHints":{"allow":["GET"]}}],"collection":[{"href":"https:\/\/soydeaqui.ddns.net\/pachuca\/index.php\/wp-json\/wp\/v2\/product"}],"about":[{"href":"https:\/\/soydeaqui.ddns.net\/pachuca\/index.php\/wp-json\/wp\/v2\/types\/product"}],"replies":[{"embeddable":true,"href":"https:\/\/soydeaqui.ddns.net\/pachuca\/index.php\/wp-json\/wp\/v2\/comments?post=89261"}],"wp:featuredmedia":[{"embeddable":true,"href":"https:\/\/soydeaqui.ddns.net\/pachuca\/index.php\/wp-json\/wp\/v2\/media\/89260"}],"wp:attachment":[{"href":"https:\/\/soydeaqui.ddns.net\/pachuca\/index.php\/wp-json\/wp\/v2\/media?parent=89261"}],"wp:term":[{"taxonomy":"product_brand","embeddable":true,"href":"https:\/\/soydeaqui.ddns.net\/pachuca\/index.php\/wp-json\/wp\/v2\/product_brand?post=89261"},{"taxonomy":"product_cat","embeddable":true,"href":"https:\/\/soydeaqui.ddns.net\/pachuca\/index.php\/wp-json\/wp\/v2\/product_cat?post=89261"},{"taxonomy":"product_tag","embeddable":true,"href":"https:\/\/soydeaqui.ddns.net\/pachuca\/index.php\/wp-json\/wp\/v2\/product_tag?post=89261"}],"curies":[{"name":"wp","href":"https:\/\/api.w.org\/{rel}","templated":true}]}}