{"id":89255,"date":"2026-03-20T02:47:49","date_gmt":"2026-03-20T02:47:49","guid":{"rendered":"https:\/\/soydeaqui.ddns.net\/pachuca\/index.php\/producto\/switch-administrable-capa-3-poe-con-48-puertos-gigabit-802-3af-at-4-sfp-para-fibra-10gb-hasta-1480-watts-gestion-gratuita-desde-la-nube\/"},"modified":"2026-03-20T02:48:03","modified_gmt":"2026-03-20T02:48:03","slug":"switch-administrable-capa-3-poe-con-48-puertos-gigabit-802-3af-at-4-sfp-para-fibra-10gb-hasta-1480-watts-gestion-gratuita-desde-la-nube","status":"publish","type":"product","link":"https:\/\/soydeaqui.ddns.net\/pachuca\/index.php\/producto\/switch-administrable-capa-3-poe-con-48-puertos-gigabit-802-3af-at-4-sfp-para-fibra-10gb-hasta-1480-watts-gestion-gratuita-desde-la-nube\/","title":{"rendered":"Switch Administrable Capa 3 PoE con 48 puertos Gigabit 802.3af\/at + 4 SFP+ para fibra 10Gb, hasta 1,480 watts, gesti\u00f3n gratuita desde la nube."},"content":{"rendered":"<div style='width: 100%; max-width: 1200px; margin: 0 auto; font-family: sans-serif; line-height: 1.6; color: inherit; background-color: transparent;'>\n<div style='display: flex; flex-wrap: wrap; gap: 30px; margin-bottom: 30px;'>\n<div style='flex: 1 1 300px; min-width: 280px;'>\n<h3 style='font-size: 22px; border-bottom: 2px solid currentColor; padding-bottom: 5px; margin-top: 0; color: inherit; opacity: 0.8;'>Layer 3 Access Switch for 10G Uplink RG-S5310-48GT4XS-P-E<\/h3>\n<ul style='padding-left: 20px; font-size: 15px; color: inherit;'>\n<li style='margin-bottom: 5px;'>Full-gigabit access switch for large-sized enterprise and campus LANs&comma; with four 10G uplink optical ports for high-speed data transmission 48 x 1000 Mbps Ethernet ports with auto-negotiation&comma; PoE+ supported&comma; providing high-speed network experience for short-distance services<\/li>\n<\/ul><\/div>\n<\/p><\/div>\n<div style='display: flex; flex-wrap: wrap; gap: 30px; margin-bottom: 30px;'>\n<div style='flex: 1 1 300px; min-width: 280px;'>\n<h3 style='font-size: 22px; border-bottom: 2px solid currentColor; padding-bottom: 5px; margin-top: 0; color: inherit; opacity: 0.8;'>PoE+ Supported&comma; Powering Different Terminal Devices<\/h3>\n<ul style='padding-left: 20px; font-size: 15px; color: inherit;'>\n<li style='margin-bottom: 5px;'>The switch automatically detects and supplies the required power for powered devices&comma; providing up to 15.4 W for IEEE 802.3af-compliant devices&comma; or up to 30 W for IEEE 802.3at-compliant devices&comma; meeting the requirements of common PoE applications such as security surveillance&comma; teleconferencing&comma; and wireless coverage.<\/li>\n<\/ul><\/div>\n<\/p><\/div>\n<div style='display: flex; flex-wrap: wrap; gap: 20px; margin-bottom: 30px;'>\n<div style='flex: 1 1 250px; border: 1px solid rgba(150&comma; 150&comma; 150&comma; 0.4); border-radius: 8px; overflow: hidden; display: flex; flex-direction: column;'>\n<div style='padding: 15px; border-bottom: 1px solid rgba(150&comma; 150&comma; 150&comma; 0.2); font-weight: bold; font-size: 18px; color: inherit;'>Virtualizaci\u00f3n VSU&comma; Redes Flexibles Y Alto Rendimiento<\/div>\n<div style='padding: 15px; color: inherit;'>\n<ul style='padding-left: 20px; margin: 0; font-size: 14px; list-style-type: disc;'>\n<li style='margin-bottom: 5px;'><strong>Conmutaci\u00f3n en Milisegundos:<\/strong> El VSU se conecta a perif\u00e9ricos a trav\u00e9s de un enlace agregado&comma; realizando la conmutaci\u00f3n de servicios en milisegundos en caso de fallo.<\/li>\n<li style='margin-bottom: 5px;'><strong>Alta Esbilidad:<\/strong> La tecnolog\u00eda de virtualizaci\u00f3n VSU es compatible para aumentar el ancho de banda mediante la agregaci\u00f3n de enlaces&comma; lo que mejora considerablemente las capacidades de reenv\u00edo del switch.<\/li>\n<li style='margin-bottom: 5px;'><strong>Redes Simplificadas:<\/strong> M\u00faltiples switches f\u00edsicos pueden ser virtualizados en una sola unidad l\u00f3gica para simplificar la configuraci\u00f3n y arquitectura de la red&comma; eliminando bucles y mejorando la confiabilidad.<\/li>\n<\/ul><\/div>\n<\/p><\/div>\n<\/p><\/div>\n<div style='display: flex; flex-wrap: wrap; gap: 30px; margin-bottom: 30px;'>\n<div style='flex: 1 1 300px; min-width: 280px;'>\n<h3 style='font-size: 22px; border-bottom: 2px solid currentColor; padding-bottom: 5px; margin-top: 0; color: inherit; opacity: 0.8;'>Pol\u00edticas de Seguridad de Red y Monitoreo en Tiempo Real&comma; Ofreciendo una Mayor Robustez de la Red<\/h3>\n<ul style='padding-left: 20px; font-size: 15px; color: inherit;'>\n<li style='margin-bottom: 5px;'>Se admite la Pol\u00edtica de Protecci\u00f3n de la CPU (CPP) para controlar el tipo de paquete y el volumen de tr\u00e1fico enviado a la CPU y evitar un alto uso de la CPU. Se admite la Pol\u00edtica de Protecci\u00f3n de la Base de la Red (NFPP) para aislar a los usuarios con comportamientos de atacantes y garantizar la seguridad y estabilidad de la red.<\/li>\n<\/ul><\/div>\n<\/p><\/div>\n<div style='display: flex; flex-wrap: wrap; gap: 30px; margin-bottom: 30px;'>\n<div style='flex: 1 1 300px; min-width: 280px;'>\n<h3 style='font-size: 22px; border-bottom: 2px solid currentColor; padding-bottom: 5px; margin-top: 0; color: inherit; opacity: 0.8;'>Gestionado por el Controlador INC para lograr una Gesti\u00f3n F\u00e1cil y Eficiente de O&#038;M<\/h3>\n<ul style='padding-left: 20px; font-size: 15px; color: inherit;'>\n<li style='margin-bottom: 5px;'>El switch completa autom\u00e1ticamente el registro y la configuraci\u00f3n despu\u00e9s de acceder a la red completamente \u00f3ptica&comma; logrando la funcionalidad de conectar y usar&comma; sin necesidad de comisionamiento y con incorporaci\u00f3n r\u00e1pida.<\/li>\n<li style='margin-bottom: 5px;'>Un switch puede ser reemplazado de manera flexible seg\u00fan las necesidades del servicio sin necesidad de reconfiguraci\u00f3n. Los puertos de servicio admiten el auto-sensado&comma; logrando un mantenimiento y gesti\u00f3n autom\u00e1ticos.<\/li>\n<\/ul><\/div>\n<\/p><\/div>\n<div style='display: flex; flex-wrap: wrap; gap: 20px; margin-bottom: 30px;'>\n<div style='flex: 1 1 250px; border: 1px solid rgba(150&comma; 150&comma; 150&comma; 0.4); border-radius: 8px; overflow: hidden; display: flex; flex-direction: column;'>\n<div style='padding: 15px; border-bottom: 1px solid rgba(150&comma; 150&comma; 150&comma; 0.2); font-weight: bold; font-size: 18px; color: inherit;'>Caracter\u00edsticas principales<\/div>\n<div style='padding: 15px; color: inherit;'>\n<ul style='padding-left: 20px; margin: 0; font-size: 14px; list-style-type: disc;'>\n<li style='margin-bottom: 5px;'>Administraci\u00f3n en la nube (Sin Costo)<\/li>\n<li style='margin-bottom: 5px;'>Garant\u00eda de 3 a\u00f1os<\/li>\n<li style='margin-bottom: 5px;'>Monitoreo y configuraci\u00f3n remota<\/li>\n<\/ul><\/div>\n<\/p><\/div>\n<div style='flex: 1 1 250px; border: 1px solid rgba(150&comma; 150&comma; 150&comma; 0.4); border-radius: 8px; overflow: hidden; display: flex; flex-direction: column;'>\n<div style='padding: 15px; border-bottom: 1px solid rgba(150&comma; 150&comma; 150&comma; 0.2); font-weight: bold; font-size: 18px; color: inherit;'>Contenido del Paquete<\/div>\n<div style='padding: 15px; color: inherit;'>\n<ul style='padding-left: 20px; margin: 0; font-size: 14px; list-style-type: disc;'>\n<li style='margin-bottom: 5px;'>1pz Switch RG-S5310-48GT4XS-P-E<\/li>\n<li style='margin-bottom: 5px;'>Guia rapida de instalacion<\/li>\n<li style='margin-bottom: 5px;'>Tornilleria y montaje para rack<\/li>\n<\/ul>\n<p style='margin-top: 15px; margin-bottom: 5px; font-weight: bold; color: inherit;'>Accesorios Sugeridos <span style='color: #c0392b;'>(No incluidos)<\/span>:<\/p>\n<ul style='padding-left: 20px; margin: 0; font-size: 14px; list-style-type: disc;'>\n<li style='margin-bottom: 5px;'>Fuente de poder para PoE modelo RG-PA1000I-P-F (se recomienda 2 piezas)<\/li>\n<\/ul><\/div>\n<\/p><\/div>\n<\/p><\/div>\n<div style='display: flex; flex-wrap: wrap; gap: 20px; margin-bottom: 30px;'>\n<div style='flex: 1 1 250px; border: 1px solid rgba(150&comma; 150&comma; 150&comma; 0.4); border-radius: 8px; overflow: hidden; display: flex; flex-direction: column;'>\n<div style='padding: 15px; border-bottom: 1px solid rgba(150&comma; 150&comma; 150&comma; 0.2); font-weight: bold; font-size: 18px; color: inherit;'>Fuentes de Alimentaci\u00f3n<\/div>\n<div style='padding: 15px; color: inherit;'>\n<ul style='padding-left: 20px; margin: 0; font-size: 14px; list-style-type: disc;'>\n<li style='margin-bottom: 5px;'>RG-PA600I-P-F para 370W (doble fuente para 740W)<\/li>\n<li style='margin-bottom: 5px;'>RG-PA1000I-P-F para 740W (doble fuente para 1&comma;480W)<\/li>\n<\/ul>\n<p style='margin-top: 15px; margin-bottom: 5px; font-weight: bold; color: #c0392b; font-size: 16px; text-align: center;'>NOTA: Fuentes no incluidas<\/p>\n<\/p><\/div>\n<\/p><\/div>\n<\/p><\/div>\n<div style='display: flex; flex-wrap: wrap; gap: 30px; margin-bottom: 30px;'>\n<div style='flex: 1 1 300px; min-width: 280px;'> <img style='width: 100%; height: auto; border: 1px solid rgba(150&comma;150&comma;150&comma;0.3); border-radius: 8px;' src='https:\/\/ftp3.syscom.mx\/usuarios\/fotos\/RGS531048GT4XSPE\/210792-rg-s5310-48gt4xs-p-e(1).png' alt=''> <\/div>\n<\/p><\/div>\n<div style='display: flex; flex-wrap: wrap; gap: 30px; margin-bottom: 30px;'>\n<div style='flex: 1 1 300px; min-width: 280px;'> <img style='width: 100%; height: auto; border: 1px solid rgba(150&comma;150&comma;150&comma;0.3); border-radius: 8px;' src='https:\/\/ftp3.syscom.mx\/usuarios\/fotos\/RGS531048GT4XSPE\/210792-rg-s5310-48gt4xs-p-e(2).png' alt=''> <\/div>\n<\/p><\/div>\n<div style='display: flex; flex-wrap: wrap; gap: 30px; margin-bottom: 30px;'>\n<div style='flex: 1 1 300px; min-width: 280px;'> <img style='width: 100%; height: auto; border: 1px solid rgba(150&comma;150&comma;150&comma;0.3); border-radius: 8px;' src='https:\/\/ftp3.syscom.mx\/usuarios\/fotos\/RGS531048GT4XSPE\/210792-rg-s5310-48gt4xs-p-e(3).png' alt=''> <\/div>\n<\/p><\/div>\n<div style='display: flex; flex-wrap: wrap; gap: 30px; margin-bottom: 30px;'>\n<div style='flex: 1 1 300px; min-width: 280px;'> <img style='width: 100%; height: auto; border: 1px solid rgba(150&comma;150&comma;150&comma;0.3); border-radius: 8px;' src='https:\/\/ftp3.syscom.mx\/usuarios\/fotos\/RGS531048GT4XSPE\/210792-rg-s5310-48gt4xs-p-e(4).png' alt=''> <\/div>\n<\/p><\/div>\n<div style='display: flex; flex-wrap: wrap; gap: 30px; margin-bottom: 30px;'>\n<div style='flex: 1 1 300px; min-width: 280px;'> <img style='width: 100%; height: auto; border: 1px solid rgba(150&comma;150&comma;150&comma;0.3); border-radius: 8px;' src='https:\/\/ftp3.syscom.mx\/usuarios\/fotos\/RGS531048GT4XSPE\/210792-rg-s5310-48gt4xs-p-e(5).png' alt=''> <\/div>\n<\/p><\/div>\n<div style='display: flex; flex-wrap: wrap; gap: 30px; margin-bottom: 30px;'>\n<div style='flex: 1 1 300px; min-width: 280px;'> <img style='width: 100%; height: auto; border: 1px solid rgba(150&comma;150&comma;150&comma;0.3); border-radius: 8px;' src='https:\/\/ftp3.syscom.mx\/usuarios\/fotos\/RGS531048GT4XSPE\/210792-rg-s5310-48gt4xs-p-e(6).png' alt=''> <\/div>\n<\/p><\/div>\n<div style='display: flex; flex-wrap: wrap; gap: 30px; margin-bottom: 30px;'>\n<div style='flex: 1 1 300px; min-width: 280px;'> <img style='width: 100%; height: auto; border: 1px solid rgba(150&comma;150&comma;150&comma;0.3); border-radius: 8px;' src='https:\/\/ftp3.syscom.mx\/usuarios\/fotos\/RGS531048GT4XSPE\/210792-rg-s5310-48gt4xs-p-e(7).png' alt=''> <\/div>\n<\/p><\/div>\n<\/p><\/div>\n","protected":false},"excerpt":{"rendered":"<p>Switch Administrable Capa 3 PoE con 48 puertos Gigabit 802.3af\/at + 4 SFP+ para fibra 10Gb, hasta 1,480 watts, gesti\u00f3n gratuita desde la nube.<\/p>\n","protected":false},"featured_media":89254,"comment_status":"open","ping_status":"closed","template":"","meta":[],"product_brand":[],"product_cat":[1986],"product_tag":[664,2123,1987],"class_list":{"0":"post-89255","1":"product","2":"type-product","3":"status-publish","4":"has-post-thumbnail","6":"product_cat-switches-poe","7":"product_tag-networking","8":"product_tag-ruijie","9":"product_tag-switches-poe","11":"first","12":"outofstock","13":"sale","14":"shipping-taxable","15":"purchasable","16":"product-type-simple"},"_links":{"self":[{"href":"https:\/\/soydeaqui.ddns.net\/pachuca\/index.php\/wp-json\/wp\/v2\/product\/89255","targetHints":{"allow":["GET"]}}],"collection":[{"href":"https:\/\/soydeaqui.ddns.net\/pachuca\/index.php\/wp-json\/wp\/v2\/product"}],"about":[{"href":"https:\/\/soydeaqui.ddns.net\/pachuca\/index.php\/wp-json\/wp\/v2\/types\/product"}],"replies":[{"embeddable":true,"href":"https:\/\/soydeaqui.ddns.net\/pachuca\/index.php\/wp-json\/wp\/v2\/comments?post=89255"}],"wp:featuredmedia":[{"embeddable":true,"href":"https:\/\/soydeaqui.ddns.net\/pachuca\/index.php\/wp-json\/wp\/v2\/media\/89254"}],"wp:attachment":[{"href":"https:\/\/soydeaqui.ddns.net\/pachuca\/index.php\/wp-json\/wp\/v2\/media?parent=89255"}],"wp:term":[{"taxonomy":"product_brand","embeddable":true,"href":"https:\/\/soydeaqui.ddns.net\/pachuca\/index.php\/wp-json\/wp\/v2\/product_brand?post=89255"},{"taxonomy":"product_cat","embeddable":true,"href":"https:\/\/soydeaqui.ddns.net\/pachuca\/index.php\/wp-json\/wp\/v2\/product_cat?post=89255"},{"taxonomy":"product_tag","embeddable":true,"href":"https:\/\/soydeaqui.ddns.net\/pachuca\/index.php\/wp-json\/wp\/v2\/product_tag?post=89255"}],"curies":[{"name":"wp","href":"https:\/\/api.w.org\/{rel}","templated":true}]}}