{"id":89250,"date":"2026-03-20T02:47:37","date_gmt":"2026-03-20T02:47:37","guid":{"rendered":"https:\/\/soydeaqui.ddns.net\/pachuca\/index.php\/producto\/kit-completo-punto-a-punto-pre-configurado-hasta-5-km-listos-para-enlazar-administrable-en-la-nube-banda-5ghz-ac-wave2-mu-mimo-2x2-hasta-867mbps-agregados\/"},"modified":"2026-03-20T02:47:46","modified_gmt":"2026-03-20T02:47:46","slug":"kit-completo-punto-a-punto-pre-configurado-hasta-5-km-listos-para-enlazar-administrable-en-la-nube-banda-5ghz-ac-wave2-mu-mimo-2x2-hasta-867mbps-agregados","status":"publish","type":"product","link":"https:\/\/soydeaqui.ddns.net\/pachuca\/index.php\/producto\/kit-completo-punto-a-punto-pre-configurado-hasta-5-km-listos-para-enlazar-administrable-en-la-nube-banda-5ghz-ac-wave2-mu-mimo-2x2-hasta-867mbps-agregados\/","title":{"rendered":"Kit completo Punto a Punto Pre-Configurado hasta 5 Km listos para enlazar, administrable en la Nube, Banda 5Ghz AC WAVE2 MU-MIMO 2X2 Hasta 867Mbps Agregados."},"content":{"rendered":"<div style='width: 100%; max-width: 1200px; margin: 0 auto; font-family: sans-serif; line-height: 1.6; color: inherit; background-color: transparent;'> <!-- Imagen principal --> <img style='width: 100%; height: auto; border: 1px solid rgba(150&comma;150&comma;150&comma;0.3); border-radius: 8px;' src='https:\/\/ftp3.syscom.mx\/usuarios\/fotos\/RGEST350V2\/210737-rg-est350_v2_publicidad_001.png' alt=''> <!-- Secci\u00f3n de caracter\u00edsticas en 3 columnas --> <\/p>\n<div style='display: flex; flex-wrap: wrap; gap: 30px; margin: 30px 0;'>\n<div style='flex: 1 1 300px; min-width: 280px;'>\n<div style='border-left: 5px solid #0091ff; border-radius: 5px; padding: 5px; box-shadow: 2px 2px 10px rgba(216&comma;216&comma;216&comma;0.3);'> <strong style='font-size: 16px; color: inherit;'>Caracter\u00edsticas principales:<\/strong> <\/p>\n<ul style='padding-left: 20px; font-size: 15px; color: inherit; list-style-type: disc;'>\n<li style='margin-bottom: 5px;'>Administraci\u00f3n en la nube (Sin Costo)<\/li>\n<li style='margin-bottom: 5px;'>Garant\u00eda de 3 a\u00f1os<\/li>\n<li style='margin-bottom: 5px;'>Monitoreo y configuraci\u00f3n remota<\/li>\n<li style='margin-bottom: 5px;'>Tipo: Exterior IP54<\/li>\n<li style='margin-bottom: 5px;'>Banda de Operaci\u00f3n: 5GHz (2&#215;2)<\/li>\n<li style='margin-bottom: 5px;'>Est\u00e1ndar 802.11: AC WAVE2<\/li>\n<li style='margin-bottom: 5px;'>Modo de operaci\u00f3n: Punto a punto o Multipunto<\/li>\n<\/ul><\/div>\n<\/p><\/div>\n<div style='flex: 1 1 300px; min-width: 280px;'>\n<div style='border-left: 5px solid #0091ff; border-radius: 5px; padding: 5px; box-shadow: 2px 2px 10px rgba(216&comma;216&comma;216&comma;0.3);'> <strong style='font-size: 16px; color: inherit;'>Contenido del Paquete:<\/strong> <\/p>\n<ul style='padding-left: 20px; font-size: 15px; color: inherit; list-style-type: disc;'>\n<li style='margin-bottom: 5px;'>2pz Bridge RG-EST350V2<\/li>\n<li style='margin-bottom: 5px;'>2pz Inyector pasivo 24v &#8211; 0.5a<\/li>\n<li style='margin-bottom: 5px;'>Montajes para pared o Mastil<\/li>\n<li style='margin-bottom: 5px;'>Gu\u00eda R\u00e1pida de Instalaci\u00f3n<\/li>\n<\/ul><\/div>\n<\/p><\/div>\n<div style='flex: 1 1 300px; min-width: 280px;'>\n<div style='border-left: 5px solid #0091ff; border-radius: 5px; padding: 5px; box-shadow: 2px 2px 10px rgba(216&comma;216&comma;216&comma;0.3);'> <strong style='font-size: 16px; color: inherit;'>Caracter\u00edsticas Generales:<\/strong> <\/p>\n<ul style='padding-left: 20px; font-size: 15px; color: inherit; list-style-type: disc;'>\n<li style='margin-bottom: 5px;'>Alimentaci\u00f3n por POE: 24V &#8211; 0.5A<\/li>\n<li style='margin-bottom: 5px;'>Consumo energ\u00eda: 10w<\/li>\n<li style='margin-bottom: 5px;'>Temperatura de operaci\u00f3n -30\u00b0 C a 65\u00b0 C<\/li>\n<li style='margin-bottom: 5px;'>Peso 0.5kg<\/li>\n<li style='margin-bottom: 5px;'>Dimensiones (W x D x H): 230mm x 132mm x 48mm<\/li>\n<\/ul><\/div>\n<\/p><\/div>\n<\/p><\/div>\n<p> <!-- Secci\u00f3n de videos --> <\/p>\n<div style='margin: 40px 0;'>\n<h3 style='font-size: 22px; border-bottom: 2px solid currentColor; padding-bottom: 5px; margin-top: 0; color: inherit; opacity: 0.8;'>Enlace Autom\u00e1tico PTP<\/h3>\n<p> <img style='width: 100%; height: auto; border: 1px solid rgba(150&comma;150&comma;150&comma;0.3); border-radius: 8px;' src='https:\/\/ftp3.syscom.mx\/usuarios\/fotos\/RGEST350V2\/210737-tpt_bridge.png' alt=''> <\/p>\n<div style='position: relative; padding-bottom: 56.25%; height: 0; overflow: hidden; margin: 30px 0;'> <video style='position: absolute; top: 0; left: 0; width: 100%; height: 100%; border: none;' controls poster='' loop muted><source src='https:\/\/www.ruijienetworks.com\/res\/UIB\/v4.0\/product-detail\/EST350\/page6-video.m4v'><\/video> <\/div>\n<h3 style='font-size: 22px; border-bottom: 2px solid currentColor; padding-bottom: 5px; margin-top: 40px; margin-bottom: 20px; color: inherit; opacity: 0.8;'>Modo Multipunto hasta 3 suscriptores<\/h3>\n<div style='position: relative; padding-bottom: 56.25%; height: 0; overflow: hidden; margin-bottom: 30px;'> <video style='position: absolute; top: 0; left: 0; width: 100%; height: 100%; border: none;' controls poster='' loop muted><source src='https:\/\/www.ruijienetworks.com\/res\/UIB\/v4.0\/product-detail\/EST350\/page2-video.m4v'><\/video> <\/div>\n<\/p><\/div>\n<\/p><\/div>\n","protected":false},"excerpt":{"rendered":"<p>Kit completo Punto a Punto Pre-Configurado hasta 5 Km listos para enlazar, administrable en la Nube, Banda 5Ghz AC WAVE2 MU-MIMO 2X2 Hasta 867Mbps Agregados.<\/p>\n","protected":false},"featured_media":89249,"comment_status":"open","ping_status":"closed","template":"","meta":[],"product_brand":[],"product_cat":[1998],"product_tag":[1999,1980,2123],"class_list":{"0":"post-89250","1":"product","2":"type-product","3":"status-publish","4":"has-post-thumbnail","6":"product_cat-5-y-6-ghz","7":"product_tag-5-y-6-ghz","8":"product_tag-enlaces-ptp-y-ptmp","9":"product_tag-ruijie","11":"first","12":"outofstock","13":"sale","14":"shipping-taxable","15":"purchasable","16":"product-type-simple"},"_links":{"self":[{"href":"https:\/\/soydeaqui.ddns.net\/pachuca\/index.php\/wp-json\/wp\/v2\/product\/89250","targetHints":{"allow":["GET"]}}],"collection":[{"href":"https:\/\/soydeaqui.ddns.net\/pachuca\/index.php\/wp-json\/wp\/v2\/product"}],"about":[{"href":"https:\/\/soydeaqui.ddns.net\/pachuca\/index.php\/wp-json\/wp\/v2\/types\/product"}],"replies":[{"embeddable":true,"href":"https:\/\/soydeaqui.ddns.net\/pachuca\/index.php\/wp-json\/wp\/v2\/comments?post=89250"}],"wp:featuredmedia":[{"embeddable":true,"href":"https:\/\/soydeaqui.ddns.net\/pachuca\/index.php\/wp-json\/wp\/v2\/media\/89249"}],"wp:attachment":[{"href":"https:\/\/soydeaqui.ddns.net\/pachuca\/index.php\/wp-json\/wp\/v2\/media?parent=89250"}],"wp:term":[{"taxonomy":"product_brand","embeddable":true,"href":"https:\/\/soydeaqui.ddns.net\/pachuca\/index.php\/wp-json\/wp\/v2\/product_brand?post=89250"},{"taxonomy":"product_cat","embeddable":true,"href":"https:\/\/soydeaqui.ddns.net\/pachuca\/index.php\/wp-json\/wp\/v2\/product_cat?post=89250"},{"taxonomy":"product_tag","embeddable":true,"href":"https:\/\/soydeaqui.ddns.net\/pachuca\/index.php\/wp-json\/wp\/v2\/product_tag?post=89250"}],"curies":[{"name":"wp","href":"https:\/\/api.w.org\/{rel}","templated":true}]}}