{"id":89238,"date":"2026-03-20T02:47:01","date_gmt":"2026-03-20T02:47:01","guid":{"rendered":"https:\/\/soydeaqui.ddns.net\/pachuca\/index.php\/producto\/transceptor-de-fibra-optica-multimodo-sfp28-hasta-25-gbps-con-2-conectores-lc-hasta-100-mts\/"},"modified":"2026-03-20T02:47:03","modified_gmt":"2026-03-20T02:47:03","slug":"transceptor-de-fibra-optica-multimodo-sfp28-hasta-25-gbps-con-2-conectores-lc-hasta-100-mts","status":"publish","type":"product","link":"https:\/\/soydeaqui.ddns.net\/pachuca\/index.php\/producto\/transceptor-de-fibra-optica-multimodo-sfp28-hasta-25-gbps-con-2-conectores-lc-hasta-100-mts\/","title":{"rendered":"Transceptor de fibra \u00f3ptica multimodo SFP28 hasta 25 Gbps con 2 conectores LC, hasta 100 mts"},"content":{"rendered":"<div style='width: 100%; max-width: 1200px; margin: 0 auto; font-family: sans-serif; line-height: 1.6; color: inherit; background-color: transparent;'>\n<div style='display: flex; flex-wrap: wrap; gap: 30px; margin-bottom: 30px;'>\n<div style='flex: 1 1 300px; min-width: 280px;'>\n<h3 style='font-size: 22px; border-bottom: 2px solid currentColor; padding-bottom: 5px; margin-top: 0; color: inherit; opacity: 0.8;'>Descripci\u00f3n<\/h3>\n<p style='font-size: 15px; color: inherit; margin-bottom: 15px;'>M\u00f3dulo transceptor \u00f3ptico compatible con SFP28 de corto alcance.<\/p>\n<p style='font-size: 15px; color: inherit; margin-bottom: 15px;'>El m\u00f3dulo \u00f3ptico multimodo de 25 Gbps es un transceptor \u00f3ptico capaz de mantener un rendimiento de 25 Gbps a trav\u00e9s de una conexi\u00f3n de fibra. Despu\u00e9s de conectar el m\u00f3dulo a una l\u00ednea de fibra compatible&comma; simplemente ins\u00e9rtelo en cualquier puerto SFP28 para experimentar una velocidad real de 25 Gbps.<\/p>\n<\/p><\/div>\n<\/p><\/div>\n<div style='display: flex; flex-wrap: wrap; gap: 20px; margin-bottom: 30px;'>\n<div style='flex: 1 1 250px; border: 1px solid rgba(150&comma; 150&comma; 150&comma; 0.4); border-radius: 8px; overflow: hidden; display: flex; flex-direction: column;'>\n<div style='padding: 15px; border-bottom: 1px solid rgba(150&comma; 150&comma; 150&comma; 0.2); font-weight: bold; font-size: 18px; color: inherit;'>Caracter\u00edsticas<\/div>\n<div style='padding: 15px; color: inherit;'>\n<ul style='padding-left: 20px; margin: 0; font-size: 14px; list-style-type: disc;'>\n<li style='margin-bottom: 5px;'>Rendimiento de 25 Gbps<\/li>\n<li style='margin-bottom: 5px;'>Compatible con SFP28<\/li>\n<li style='margin-bottom: 5px;'>Dise\u00f1ado para despliegues de cable de hasta 100 m (el cable de fibra no est\u00e1 incluido)<\/li>\n<\/ul><\/div>\n<\/p><\/div>\n<div style='flex: 1 1 250px; border: 1px solid rgba(150&comma; 150&comma; 150&comma; 0.4); border-radius: 8px; overflow: hidden; display: flex; flex-direction: column;'>\n<div style='padding: 15px; border-bottom: 1px solid rgba(150&comma; 150&comma; 150&comma; 0.2); font-weight: bold; font-size: 18px; color: inherit;'>Especificaciones t\u00e9cnicas<\/div>\n<div style='padding: 15px; color: inherit;'>\n<ul style='padding-left: 20px; margin: 0; font-size: 14px; list-style-type: disc;'>\n<li style='margin-bottom: 5px;'><strong>Modelo:<\/strong> UACC-OM-SFP28-SR<\/li>\n<li style='margin-bottom: 5px;'><strong>Medios compatibles:<\/strong> Fibra multimodo<\/li>\n<li style='margin-bottom: 5px;'><strong>Tipo de conector:<\/strong> 2 x LC<\/li>\n<li style='margin-bottom: 5px;'><strong>Longitud de onda TX:<\/strong> 850 nm<\/li>\n<li style='margin-bottom: 5px;'><strong>Longitud de onda RX:<\/strong> 850 nm<\/li>\n<li style='margin-bottom: 5px;'><strong>Velocidad de datos:<\/strong> 25 Gbps<\/li>\n<li style='margin-bottom: 5px;'><strong>Consumo de energ\u00eda:<\/strong> 0.8W<\/li>\n<li style='margin-bottom: 5px;'><strong>Distancia m\u00e1xima:<\/strong> 100 m<\/li>\n<li style='margin-bottom: 5px;'><strong>Temperatura de operaci\u00f3n:<\/strong> 0 a 70\u00b0 C (32 a 158\u00b0 F)<\/li>\n<\/ul><\/div>\n<\/p><\/div>\n<\/p><\/div>\n<div style='display: flex; flex-wrap: wrap; gap: 30px; margin-bottom: 30px;'>\n<div style='flex: 1 1 300px; min-width: 280px;'>\n<h3 style='font-size: 22px; border-bottom: 2px solid currentColor; padding-bottom: 5px; margin-top: 0; color: inherit; opacity: 0.8;'>Advertencia<\/h3>\n<p style='font-size: 15px; color: inherit; margin-bottom: 15px;'>ADVERTENCIA PRODUCTO L\u00c1SER DE CLASE 1&comma; IEC\/EN 60825-1:2014: no mire hacia los extremos del cable de fibra \u00f3ptica o del m\u00f3dulo SFP mientras los convertidores est\u00e1n encendidos.<\/p>\n<\/p><\/div>\n<\/p><\/div>\n<hr style='border: 0; border-top: 1px solid rgba(150&comma; 150&comma; 150&comma; 0.3); margin: 30px 0;'> <\/div>\n","protected":false},"excerpt":{"rendered":"<p>Transceptor de fibra \u00f3ptica multimodo SFP28 hasta 25 Gbps con 2 conectores LC, hasta 100 mts<\/p>\n","protected":false},"featured_media":89237,"comment_status":"open","ping_status":"closed","template":"","meta":[],"product_brand":[],"product_cat":[663],"product_tag":[664,665,166],"class_list":{"0":"post-89238","1":"product","2":"type-product","3":"status-publish","4":"has-post-thumbnail","6":"product_cat-transceptores-de-fibra","7":"product_tag-networking","8":"product_tag-transceptores-de-fibra","9":"product_tag-ubiquiti","11":"first","12":"instock","13":"sale","14":"shipping-taxable","15":"purchasable","16":"product-type-simple"},"_links":{"self":[{"href":"https:\/\/soydeaqui.ddns.net\/pachuca\/index.php\/wp-json\/wp\/v2\/product\/89238","targetHints":{"allow":["GET"]}}],"collection":[{"href":"https:\/\/soydeaqui.ddns.net\/pachuca\/index.php\/wp-json\/wp\/v2\/product"}],"about":[{"href":"https:\/\/soydeaqui.ddns.net\/pachuca\/index.php\/wp-json\/wp\/v2\/types\/product"}],"replies":[{"embeddable":true,"href":"https:\/\/soydeaqui.ddns.net\/pachuca\/index.php\/wp-json\/wp\/v2\/comments?post=89238"}],"wp:featuredmedia":[{"embeddable":true,"href":"https:\/\/soydeaqui.ddns.net\/pachuca\/index.php\/wp-json\/wp\/v2\/media\/89237"}],"wp:attachment":[{"href":"https:\/\/soydeaqui.ddns.net\/pachuca\/index.php\/wp-json\/wp\/v2\/media?parent=89238"}],"wp:term":[{"taxonomy":"product_brand","embeddable":true,"href":"https:\/\/soydeaqui.ddns.net\/pachuca\/index.php\/wp-json\/wp\/v2\/product_brand?post=89238"},{"taxonomy":"product_cat","embeddable":true,"href":"https:\/\/soydeaqui.ddns.net\/pachuca\/index.php\/wp-json\/wp\/v2\/product_cat?post=89238"},{"taxonomy":"product_tag","embeddable":true,"href":"https:\/\/soydeaqui.ddns.net\/pachuca\/index.php\/wp-json\/wp\/v2\/product_tag?post=89238"}],"curies":[{"name":"wp","href":"https:\/\/api.w.org\/{rel}","templated":true}]}}