{"id":89234,"date":"2026-03-20T02:46:53","date_gmt":"2026-03-20T02:46:53","guid":{"rendered":"https:\/\/soydeaqui.ddns.net\/pachuca\/index.php\/producto\/extension-anual-de-usuario-para-conmutador-en-nube-yeastar-enterprise-edition\/"},"modified":"2026-03-20T02:46:54","modified_gmt":"2026-03-20T02:46:54","slug":"extension-anual-de-usuario-para-conmutador-en-nube-yeastar-enterprise-edition","status":"publish","type":"product","link":"https:\/\/soydeaqui.ddns.net\/pachuca\/index.php\/producto\/extension-anual-de-usuario-para-conmutador-en-nube-yeastar-enterprise-edition\/","title":{"rendered":"Extensi\u00f3n anual de usuario para conmutador en nube Yeastar Enterprise Edition"},"content":{"rendered":"<div style='width: 100%; max-width: 1200px; margin: 0 auto; font-family: sans-serif; line-height: 1.6; color: inherit; background-color: transparent;'>\n<div style='background-color: rgba(150&comma;200&comma;250&comma;0.15); border-left: 5px solid #0197d6; padding: 15px; margin-bottom: 30px;'>\n<h2 style='margin-top: 0; font-size: 22px; border-bottom: 2px solid currentColor; padding-bottom: 5px; color: inherit; opacity: 0.8;'>NOTA:<\/h2>\n<ul style='padding-left: 20px; font-size: 15px; color: inherit;'>\n<li style='margin-bottom: 5px;'>El precio mostrado es por extensi\u00f3n. Para obtener el hosting anual gratis&comma; se deben adquirir al menos 5 extensiones.<\/li>\n<li style='margin-bottom: 5px;'>Una extensi\u00f3n puede aprovisionarse en hasta 5 dispositivos.<\/li>\n<li style='margin-bottom: 5px;'>Compatible con Gateways FXO y FXS.<\/li>\n<li style='margin-bottom: 5px;'>No incluye troncal SIP.<\/li>\n<li style='margin-bottom: 5px;'>Troncal SIP recomendada: <a href='https:\/\/soporte.syscom.mx\/es\/articles\/5431221-troncales-sip-ngx-networks' target='_blank' rel='noopener' style='color: #0197d6; text-decoration: underline;'>NGX NETWORKS<\/a><\/li>\n<li style='margin-bottom: 5px;'>La videoconferencia no est\u00e1 incluida en esta edici\u00f3n. Requiere Plan Ultimate.<\/li>\n<\/ul><\/div>\n<div style='display: flex; flex-wrap: wrap; gap: 30px; margin-bottom: 30px;'>\n<div style='flex: 1 1 300px; min-width: 280px;'>\n<h3 style='font-size: 22px; border-bottom: 2px solid currentColor; padding-bottom: 5px; margin-top: 0; color: inherit; opacity: 0.8;'>Enterprise Edition<\/h3>\n<ul style='padding-left: 20px; font-size: 15px; color: inherit;'>\n<li style='margin-bottom: 5px;'>Call Center Avanzado<\/li>\n<li style='margin-bottom: 5px;'>Mensajer\u00eda<\/li>\n<li style='margin-bottom: 5px;'>Cliente Web<\/li>\n<li style='margin-bottom: 5px;'>App M\u00f3vil<\/li>\n<li style='margin-bottom: 5px;'>Integraci\u00f3n con CRM<\/li>\n<li style='margin-bottom: 5px;'>SBC Integrado en la nube<\/li>\n<li style='margin-bottom: 5px;'>500 minutos de grabaci\u00f3n<\/li>\n<li style='margin-bottom: 5px;'>Troncal SIP no incluida<\/li>\n<li style='margin-bottom: 5px;'>Panel de Conmutaci\u00f3n y m\u00e1s&#8230;<\/li>\n<\/ul>\n<p style='margin-top: 20px; font-size: 15px; color: inherit;'>Aprovisione su extensi\u00f3n con App m\u00f3vil&comma; cliente web o tel\u00e9fono IP Fanvil o Grandstream.<\/p>\n<\/p><\/div>\n<\/p><\/div>\n<div style='display: flex; flex-wrap: wrap; gap: 30px; margin-bottom: 30px;'>\n<div style='flex: 1 1 300px; min-width: 280px;'>\n<h3 style='font-size: 22px; border-bottom: 2px solid currentColor; padding-bottom: 5px; margin-top: 0; color: inherit; opacity: 0.8;'>Sistema PBX Serie-P Cloud Edition<\/h3>\n<p style='font-size: 15px; color: inherit;'>Satisfaga sus necesidades de comunicaci\u00f3n diarias&comma; desde realizar y recibir llamadas en cualquier lugar&comma; hasta maximizar la productividad de los agentes&comma; potenciar las videoconferencias interactivas y mucho m\u00e1s. PBX Serie-P proporciona una edici\u00f3n en la nube para ayudar a las organizaciones a mantenerse conectadas y comprometidas.<\/p>\n<div style='text-align: center; margin: 20px 0;'> <img style='width: 100%; height: auto; border: 1px solid rgba(150&comma;150&comma;150&comma;0.3); border-radius: 8px;' src='https:\/\/ftp3.syscom.mx\/usuarios\/fotos\/YCMCLOUDEPEXT\/211095-captura_de_pantalla_2022-08-26_a_la(s)_12.03.45.png' alt='PBX Serie-P'> <\/div>\n<\/p><\/div>\n<\/p><\/div>\n<div style='display: flex; flex-wrap: wrap; gap: 30px; margin-bottom: 30px;'>\n<div style='flex: 1 1 300px; min-width: 280px;'>\n<h3 style='font-size: 22px; border-bottom: 2px solid currentColor; padding-bottom: 5px; margin-top: 0; color: inherit; opacity: 0.8;'>Libere el potencial de las comunicaciones en la nube<\/h3>\n<p style='font-size: 15px; color: inherit;'>La tendencia a la nube es casi universal. Su entorno flexible ofrece una forma m\u00e1s r\u00e1pida que nunca para que las empresas de todos los tama\u00f1os aprovechen una variedad de capacidades de comunicaciones de nivel empresarial con simplicidad y facilidad.<\/p>\n<div style='text-align: center; margin: 20px 0;'> <img style='width: 100%; height: auto; border: 1px solid rgba(150&comma;150&comma;150&comma;0.3); border-radius: 8px;' src='https:\/\/ftp3.syscom.mx\/usuarios\/fotos\/YCMCLOUDEPEXT\/211095-captura_de_pantalla_2022-08-26_a_la(s)_14.32.43.png' alt='Comunicaci\u00f3n Nube'> <\/div>\n<\/p><\/div>\n<\/p><\/div>\n<div style='display: flex; flex-wrap: wrap; gap: 30px; margin-bottom: 30px;'>\n<div style='flex: 1 1 300px; min-width: 280px;'>\n<h3 style='font-size: 22px; border-bottom: 2px solid currentColor; padding-bottom: 5px; margin-top: 0; color: inherit; opacity: 0.8;'>Conexi\u00f3n en cualquier lugar y en todo momento<\/h3>\n<p style='font-size: 15px; color: inherit;'>Para crear una plantilla flexible&comma; solo necesita <strong>Linkus UC Clients<\/strong>&comma; accesible v\u00eda navegador web&comma; m\u00f3vil y escritorio. Las conversaciones se sincronizan en todos los dispositivos para evitar p\u00e9rdidas de informaci\u00f3n. Ofrece presencia&comma; chat&comma; agendas&comma; integraci\u00f3n CRM y m\u00e1s.<\/p>\n<div style='text-align: center; margin: 20px 0;'> <img style='width: 100%; height: auto; border: 1px solid rgba(150&comma;150&comma;150&comma;0.3); border-radius: 8px; margin-bottom: 15px;' src='https:\/\/ftp3.syscom.mx\/usuarios\/fotos\/YCMCLOUDEPEXT\/211095-captura_de_pantalla_2022-08-26_a_la(s)_16.01.51.png' alt='Linkus Web'> <img style='width: 100%; height: auto; border: 1px solid rgba(150&comma;150&comma;150&comma;0.3); border-radius: 8px;' src='https:\/\/ftp3.syscom.mx\/usuarios\/fotos\/YCMCLOUDEPEXT\/211095-captura_de_pantalla_2022-08-26_a_la(s)_10.10.03.png' alt='Linkus M\u00f3vil'> <\/div>\n<\/p><\/div>\n<\/p><\/div>\n<div style='display: flex; flex-wrap: wrap; gap: 30px; margin-bottom: 30px;'>\n<div style='flex: 1 1 300px; min-width: 280px;'>\n<div style='position: relative; padding-bottom: 56.25%; height: 0; overflow: hidden; margin-bottom: 30px;'>   <\/div>\n<\/p><\/div>\n<\/p><\/div>\n<div style='display: flex; flex-wrap: wrap; gap: 30px; margin-bottom: 30px;'>\n<div style='flex: 1 1 300px; min-width: 280px;'>\n<div style='position: relative; padding-bottom: 56.25%; height: 0; overflow: hidden; margin-bottom: 30px;'>   <\/div>\n<\/p><\/div>\n<\/p><\/div>\n<hr style='border: 0; border-top: 1px solid rgba(150&comma; 150&comma; 150&comma; 0.3); margin: 30px 0;'> <\/div>\n","protected":false},"excerpt":{"rendered":"<p>Extensi\u00f3n anual de usuario para conmutador en nube Yeastar Enterprise Edition<\/p>\n","protected":false},"featured_media":89233,"comment_status":"open","ping_status":"closed","template":"","meta":[],"product_brand":[],"product_cat":[2028],"product_tag":[2029,2004,2145],"class_list":{"0":"post-89234","1":"product","2":"type-product","3":"status-publish","4":"has-post-thumbnail","6":"product_cat-conmutadores-ip","7":"product_tag-conmutadores-ip","8":"product_tag-voip-telefonia-ip-videoconferencia","9":"product_tag-yeastar","11":"first","12":"instock","13":"sale","14":"shipping-taxable","15":"purchasable","16":"product-type-simple"},"_links":{"self":[{"href":"https:\/\/soydeaqui.ddns.net\/pachuca\/index.php\/wp-json\/wp\/v2\/product\/89234","targetHints":{"allow":["GET"]}}],"collection":[{"href":"https:\/\/soydeaqui.ddns.net\/pachuca\/index.php\/wp-json\/wp\/v2\/product"}],"about":[{"href":"https:\/\/soydeaqui.ddns.net\/pachuca\/index.php\/wp-json\/wp\/v2\/types\/product"}],"replies":[{"embeddable":true,"href":"https:\/\/soydeaqui.ddns.net\/pachuca\/index.php\/wp-json\/wp\/v2\/comments?post=89234"}],"wp:featuredmedia":[{"embeddable":true,"href":"https:\/\/soydeaqui.ddns.net\/pachuca\/index.php\/wp-json\/wp\/v2\/media\/89233"}],"wp:attachment":[{"href":"https:\/\/soydeaqui.ddns.net\/pachuca\/index.php\/wp-json\/wp\/v2\/media?parent=89234"}],"wp:term":[{"taxonomy":"product_brand","embeddable":true,"href":"https:\/\/soydeaqui.ddns.net\/pachuca\/index.php\/wp-json\/wp\/v2\/product_brand?post=89234"},{"taxonomy":"product_cat","embeddable":true,"href":"https:\/\/soydeaqui.ddns.net\/pachuca\/index.php\/wp-json\/wp\/v2\/product_cat?post=89234"},{"taxonomy":"product_tag","embeddable":true,"href":"https:\/\/soydeaqui.ddns.net\/pachuca\/index.php\/wp-json\/wp\/v2\/product_tag?post=89234"}],"curies":[{"name":"wp","href":"https:\/\/api.w.org\/{rel}","templated":true}]}}