{"id":89228,"date":"2026-03-20T02:46:37","date_gmt":"2026-03-20T02:46:37","guid":{"rendered":"https:\/\/soydeaqui.ddns.net\/pachuca\/index.php\/producto\/licencia-anual-para-agregar-500-min-de-grabacion-a-conmutador-yeastar-cloud-edition\/"},"modified":"2026-03-20T02:46:39","modified_gmt":"2026-03-20T02:46:39","slug":"licencia-anual-para-agregar-500-min-de-grabacion-a-conmutador-yeastar-cloud-edition","status":"publish","type":"product","link":"https:\/\/soydeaqui.ddns.net\/pachuca\/index.php\/producto\/licencia-anual-para-agregar-500-min-de-grabacion-a-conmutador-yeastar-cloud-edition\/","title":{"rendered":"Licencia anual para agregar 500 min. de grabaci\u00f3n a conmutador YEASTAR Cloud Edition"},"content":{"rendered":"<div style='width: 100%; max-width: 1200px; margin: 0 auto; font-family: sans-serif; line-height: 1.6; color: inherit; background-color: transparent;'>\n<div style='display: flex; flex-wrap: wrap; gap: 30px; margin-bottom: 30px;'>\n<div style='flex: 1 1 300px; min-width: 280px;'>\n<h3 style='font-size: 22px; border-bottom: 2px solid currentColor; padding-bottom: 5px; margin-top: 0; color: inherit; opacity: 0.8;'>Grabacion de llamadas<\/h3>\n<p style='font-size: 15px; color: inherit; margin-bottom: 15px;'>Yeastar IP-PBX Cloud Edition admite la funci\u00f3n de grabaci\u00f3n de llamadas para grabar todas las conversaciones telef\u00f3nicas y almacenar archivos de grabaci\u00f3n de llamadas en almacenamiento en la nube.<\/p>\n<p style='font-size: 15px; color: inherit; margin-bottom: 15px;'>Con el modelo YCM-REC500 agregue 500 minutos adicionales a su intancia en la nube<\/p>\n<p style='font-size: 18px; color: inherit; margin-bottom: 15px; font-weight: bold;'>Administrar y monitorear las grabaciones de llamadas le ofrece a su empresa varios beneficios&comma; entre ellos:<\/p>\n<ul style='padding-left: 20px; font-size: 15px; color: inherit;'>\n<li style='margin-bottom: 5px;'>Oportunidades de entrenamiento<\/li>\n<li style='margin-bottom: 5px;'>Resoluci\u00f3n de conflictos<\/li>\n<li style='margin-bottom: 5px;'>Revisar las notas de la reuni\u00f3n&comma; confirmar los detalles del pedido<\/li>\n<li style='margin-bottom: 5px;'>Cumplimiento de las normas<\/li>\n<li style='margin-bottom: 5px;'>La satisfacci\u00f3n del cliente<\/li>\n<\/ul><\/div>\n<\/p><\/div>\n<div style='display: flex; flex-wrap: wrap; justify-content: center; margin: 30px 0;'> <img style='width: 100%; max-width: 576px; height: auto; border: 1px solid rgba(150&comma;150&comma;150&comma;0.3); border-radius: 8px;' src='https:\/\/ftp3.syscom.mx\/usuarios\/fotos\/YCMREC500\/211120-blog-article-bannner-img.png' alt=''> <\/div>\n<hr style='border: 0; border-top: 1px solid rgba(150&comma; 150&comma; 150&comma; 0.3); margin: 30px 0;'> <\/div>\n","protected":false},"excerpt":{"rendered":"<p>Licencia anual para agregar 500 min. de grabaci\u00f3n a conmutador YEASTAR Cloud Edition<\/p>\n","protected":false},"featured_media":89227,"comment_status":"open","ping_status":"closed","template":"","meta":[],"product_brand":[],"product_cat":[2028],"product_tag":[2029,2004,2145],"class_list":{"0":"post-89228","1":"product","2":"type-product","3":"status-publish","4":"has-post-thumbnail","6":"product_cat-conmutadores-ip","7":"product_tag-conmutadores-ip","8":"product_tag-voip-telefonia-ip-videoconferencia","9":"product_tag-yeastar","11":"first","12":"instock","13":"sale","14":"shipping-taxable","15":"purchasable","16":"product-type-simple"},"_links":{"self":[{"href":"https:\/\/soydeaqui.ddns.net\/pachuca\/index.php\/wp-json\/wp\/v2\/product\/89228","targetHints":{"allow":["GET"]}}],"collection":[{"href":"https:\/\/soydeaqui.ddns.net\/pachuca\/index.php\/wp-json\/wp\/v2\/product"}],"about":[{"href":"https:\/\/soydeaqui.ddns.net\/pachuca\/index.php\/wp-json\/wp\/v2\/types\/product"}],"replies":[{"embeddable":true,"href":"https:\/\/soydeaqui.ddns.net\/pachuca\/index.php\/wp-json\/wp\/v2\/comments?post=89228"}],"wp:featuredmedia":[{"embeddable":true,"href":"https:\/\/soydeaqui.ddns.net\/pachuca\/index.php\/wp-json\/wp\/v2\/media\/89227"}],"wp:attachment":[{"href":"https:\/\/soydeaqui.ddns.net\/pachuca\/index.php\/wp-json\/wp\/v2\/media?parent=89228"}],"wp:term":[{"taxonomy":"product_brand","embeddable":true,"href":"https:\/\/soydeaqui.ddns.net\/pachuca\/index.php\/wp-json\/wp\/v2\/product_brand?post=89228"},{"taxonomy":"product_cat","embeddable":true,"href":"https:\/\/soydeaqui.ddns.net\/pachuca\/index.php\/wp-json\/wp\/v2\/product_cat?post=89228"},{"taxonomy":"product_tag","embeddable":true,"href":"https:\/\/soydeaqui.ddns.net\/pachuca\/index.php\/wp-json\/wp\/v2\/product_tag?post=89228"}],"curies":[{"name":"wp","href":"https:\/\/api.w.org\/{rel}","templated":true}]}}