{"id":8922,"date":"2026-03-18T07:15:42","date_gmt":"2026-03-18T07:15:42","guid":{"rendered":"https:\/\/soydeaqui.ddns.net\/pachuca\/index.php\/producto\/multiplexor-de-8-canales-a-1-canal-cwdm-pasivo\/"},"modified":"2026-03-18T07:15:43","modified_gmt":"2026-03-18T07:15:43","slug":"multiplexor-de-8-canales-a-1-canal-cwdm-pasivo","status":"publish","type":"product","link":"https:\/\/soydeaqui.ddns.net\/pachuca\/index.php\/producto\/multiplexor-de-8-canales-a-1-canal-cwdm-pasivo\/","title":{"rendered":"Multiplexor de 8 Canales A 1 Canal, CWDM Pasivo"},"content":{"rendered":"<div style='width: 100%; max-width: 1200px; margin: 0 auto; font-family: sans-serif; line-height: 1.6; color: inherit;'>\n<div style='width: 100%; margin-bottom: 30px;'> <img style='width: 100%; height: auto; border: 1px solid rgba(150&comma;150&comma;150&comma;0.3); border-radius: 8px;' src='https:\/\/ftp3.syscom.mx\/usuarios\/fotos\/CWDMMUX8A\/162480-banner_cwdm-mux8a.png' alt='' \/> <\/div>\n<div style='width: 100%; margin-bottom: 30px;'>\n<p style='font-size: 15px; margin: 0 0 15px; color: inherit;'>El CWDM es una unidad pasiva MUX\/DEMUX&comma; que permite combinar hasta ocho enlaces de fibra en uno&comma; para simplificar y reducir el costo de las instalaciones de fibra a larga distancia. En la otra ubicaci\u00f3n&comma; la l\u00ednea combinada se divide una copia de seguridad nuevamente&comma; de modo que en lugar de ocho l\u00edneas de fibra largas&comma; solo necesitar\u00eda una.<\/p>\n<p style='font-size: 15px; margin: 0 0 15px; color: inherit;'>La tecnolog\u00eda de multiplexaci\u00f3n por divisi\u00f3n de longitud de onda gruesa (CWDM) ofrece una soluci\u00f3n que aumentar\u00e1 la capacidad de la infraestructura de fibra existente al permitir m\u00faltiples canales \/ longitudes de onda sobre el mismo cableado de fibra y reducir\u00e1 los costos para una nueva implementaci\u00f3n de fibra \u00f3ptica.<\/p>\n<p style='font-size: 15px; margin: 0 0 15px; color: inherit;'>Puede usar un solo cable de fibra \u00f3ptica para crear hasta ocho enlaces independientes SFP de 1.25 Gbps (hasta 40 km) o SFP+ de 10 Gbps (hasta 10 km)&comma; que ofrecen una alternativa m\u00e1s econ\u00f3mica que instalar m\u00e1s fibra o alquilar fibras adicionales. Incluso puede usar m\u00f3dulos de 1.25Gbps y m\u00f3dulos de 10Gbps al mismo tiempo.<\/p>\n<p style='font-size: 15px; margin: 0 0 15px; color: inherit;'>Los tranceptores se conectan al Router o al Switch se requiere conectar uno por cada puerto del CWDM.<\/p>\n<\/p><\/div>\n<div style='width: 100%; margin-bottom: 30px;'> <img style='width: 100%; height: auto; border: 1px solid rgba(150&comma;150&comma;150&comma;0.3); border-radius: 8px;' src='https:\/\/ftp3.syscom.mx\/usuarios\/fotos\/CWDMMUX8A\/162480-cwdm-mux8a_diagrama.png' alt='' \/> <\/div>\n<div style='width: 100%; margin-bottom: 30px;'>\n<h3 style='font-size: 22px; border-bottom: 2px solid currentColor; padding-bottom: 5px; margin-top: 0; color: inherit; opacity: 0.8;'>Transceptores compatibles<\/h3>\n<div style='overflow-x: auto;'>\n<table style='width: 100%; border-collapse: collapse; margin-top: 15px;'>\n<thead style='background-color: rgba(150&comma;150&comma;150&comma;0.1);'>\n<tr>\n<th style='padding: 12px; text-align: left; border: 1px solid rgba(150&comma;150&comma;150&comma;0.3); color: inherit;'>Modelo<\/th>\n<th style='padding: 12px; text-align: left; border: 1px solid rgba(150&comma;150&comma;150&comma;0.3); color: inherit;'>Descripci\u00f3n<\/th>\n<\/tr>\n<\/thead>\n<tbody>\n<tr>\n<td style='padding: 10px; border: 1px solid rgba(150&comma;150&comma;150&comma;0.3); color: inherit;'><a href='https:\/\/www.syscom.mx\/producto\/S-C47DLC40D-MIKROTIK-162512.html' style='color: inherit; text-decoration: underline;'>S-C47DLC40D<\/a><\/td>\n<td style='padding: 10px; border: 1px solid rgba(150&comma;150&comma;150&comma;0.3); color: inherit;'>SFP CWDM module 1.25G SM 40km 1470nm Dual LC-connector DDM<\/td>\n<\/tr>\n<tr>\n<td style='padding: 10px; border: 1px solid rgba(150&comma;150&comma;150&comma;0.3); color: inherit;'><a href='https:\/\/www.syscom.mx\/producto\/S-C49DLC40D-MIKROTIK-162513.html' style='color: inherit; text-decoration: underline;'>S-C49DLC40D<\/a><\/td>\n<td style='padding: 10px; border: 1px solid rgba(150&comma;150&comma;150&comma;0.3); color: inherit;'>SFP CWDM module 1.25G SM 40km 1490nm Dual LC-connector DDM<\/td>\n<\/tr>\n<tr>\n<td style='padding: 10px; border: 1px solid rgba(150&comma;150&comma;150&comma;0.3); color: inherit;'><a href='https:\/\/www.syscom.mx\/producto\/S-C51DLC40D-MIKROTIK-162514.html' style='color: inherit; text-decoration: underline;'>S-C51DLC40D<\/a><\/td>\n<td style='padding: 10px; border: 1px solid rgba(150&comma;150&comma;150&comma;0.3); color: inherit;'>SFP CWDM module 1.25G SM 40km 1510nm Dual LC-connector DDM<\/td>\n<\/tr>\n<tr>\n<td style='padding: 10px; border: 1px solid rgba(150&comma;150&comma;150&comma;0.3); color: inherit;'><a href='https:\/\/www.syscom.mx\/producto\/S-C53DLC40D-MIKROTIK-162515.html' style='color: inherit; text-decoration: underline;'>S-C53DLC40D<\/a><\/td>\n<td style='padding: 10px; border: 1px solid rgba(150&comma;150&comma;150&comma;0.3); color: inherit;'>SFP CWDM module 1.25G SM 40km 1530nm Dual LC-connector DDM<\/td>\n<\/tr>\n<tr>\n<td style='padding: 10px; border: 1px solid rgba(150&comma;150&comma;150&comma;0.3); color: inherit;'><a href='https:\/\/www.syscom.mx\/producto\/S-C55DLC40D-MIKROTIK-162516.html' style='color: inherit; text-decoration: underline;'>S-C55DLC40D<\/a><\/td>\n<td style='padding: 10px; border: 1px solid rgba(150&comma;150&comma;150&comma;0.3); color: inherit;'>SFP CWDM module 1.25G SM 40km 1550nm Dual LC-connector DDM<\/td>\n<\/tr>\n<tr>\n<td style='padding: 10px; border: 1px solid rgba(150&comma;150&comma;150&comma;0.3); color: inherit;'><a href='https:\/\/www.syscom.mx\/producto\/S-C57DLC40D-MIKROTIK-162517.html' style='color: inherit; text-decoration: underline;'>S-C57DLC40D<\/a><\/td>\n<td style='padding: 10px; border: 1px solid rgba(150&comma;150&comma;150&comma;0.3); color: inherit;'>SFP CWDM module 1.25G SM 40km 1570nm Dual LC-connector DDM<\/td>\n<\/tr>\n<tr>\n<td style='padding: 10px; border: 1px solid rgba(150&comma;150&comma;150&comma;0.3); color: inherit;'><a href='https:\/\/www.syscom.mx\/producto\/S-C59DLC40D-MIKROTIK-162518.html' style='color: inherit; text-decoration: underline;'>S-C59DLC40D<\/a><\/td>\n<td style='padding: 10px; border: 1px solid rgba(150&comma;150&comma;150&comma;0.3); color: inherit;'>SFP CWDM module 1.25G SM 40km 1590nm Dual LC-connector DDM<\/td>\n<\/tr>\n<tr>\n<td style='padding: 10px; border: 1px solid rgba(150&comma;150&comma;150&comma;0.3); color: inherit;'><a href='https:\/\/www.syscom.mx\/producto\/S-C61DLC40D-MIKROTIK-162519.html' style='color: inherit; text-decoration: underline;'>S-C61DLC40D<\/a><\/td>\n<td style='padding: 10px; border: 1px solid rgba(150&comma;150&comma;150&comma;0.3); color: inherit;'>SFP CWDM module 1.25G SM 40km 1610nm Dual LC-connector DDM<\/td>\n<\/tr>\n<tr>\n<td style='padding: 10px; border: 1px solid rgba(150&comma;150&comma;150&comma;0.3); color: inherit;'>S+C47DLC10D<\/td>\n<td style='padding: 10px; border: 1px solid rgba(150&comma;150&comma;150&comma;0.3); color: inherit;'>SFP+ CWDM module 10G SM 10km 1470nm Dual LC-connector DDM<\/td>\n<\/tr>\n<tr>\n<td style='padding: 10px; border: 1px solid rgba(150&comma;150&comma;150&comma;0.3); color: inherit;'>S+C49DLC10D<\/td>\n<td style='padding: 10px; border: 1px solid rgba(150&comma;150&comma;150&comma;0.3); color: inherit;'>SFP+ CWDM module 10G SM 10km 1490nm Dual LC-connector DDM<\/td>\n<\/tr>\n<tr>\n<td style='padding: 10px; border: 1px solid rgba(150&comma;150&comma;150&comma;0.3); color: inherit;'><a href='https:\/\/www.syscom.mx\/producto\/S+C51DLC10D-MIKROTIK-201686.html' style='color: inherit; text-decoration: underline;'>S+C51DLC10D<\/a><\/td>\n<td style='padding: 10px; border: 1px solid rgba(150&comma;150&comma;150&comma;0.3); color: inherit;'>SFP+ CWDM module 10G SM 10km 1510nm Dual LC-connector DDM<\/td>\n<\/tr>\n<tr>\n<td style='padding: 10px; border: 1px solid rgba(150&comma;150&comma;150&comma;0.3); color: inherit;'><a href='https:\/\/www.syscom.mx\/producto\/S+C53DLC10D-MIKROTIK-201687.html' style='color: inherit; text-decoration: underline;'>S+C53DLC10D<\/a><\/td>\n<td style='padding: 10px; border: 1px solid rgba(150&comma;150&comma;150&comma;0.3); color: inherit;'>SFP+ CWDM module 10G SM 10km 1530nm Dual LC-connector DDM<\/td>\n<\/tr>\n<tr>\n<td style='padding: 10px; border: 1px solid rgba(150&comma;150&comma;150&comma;0.3); color: inherit;'>S+C55DLC10D<\/td>\n<td style='padding: 10px; border: 1px solid rgba(150&comma;150&comma;150&comma;0.3); color: inherit;'>SFP+ CWDM module 10G SM 10km 1550nm Dual LC-connector DDM<\/td>\n<\/tr>\n<tr>\n<td style='padding: 10px; border: 1px solid rgba(150&comma;150&comma;150&comma;0.3); color: inherit;'><a href='https:\/\/www.syscom.mx\/producto\/S+C59DLC10D-MIKROTIK-201688.html' style='color: inherit; text-decoration: underline;'>S+C59DLC10D<\/a><\/td>\n<td style='padding: 10px; border: 1px solid rgba(150&comma;150&comma;150&comma;0.3); color: inherit;'>SFP+ CWDM module 10G SM 10km 1590nm Dual LC-connector DDM<\/td>\n<\/tr>\n<tr>\n<td style='padding: 10px; border: 1px solid rgba(150&comma;150&comma;150&comma;0.3); color: inherit;'>S+C61DLC10D<\/td>\n<td style='padding: 10px; border: 1px solid rgba(150&comma;150&comma;150&comma;0.3); color: inherit;'>SFP+ CWDM module 10G SM 10km 1610nm Dual LC-connector DDM<\/td>\n<\/tr>\n<\/tbody>\n<\/table><\/div>\n<\/p><\/div>\n<\/p><\/div>\n","protected":false},"excerpt":{"rendered":"<p>Multiplexor de 8 Canales A 1 Canal, CWDM Pasivo<\/p>\n","protected":false},"featured_media":8921,"comment_status":"open","ping_status":"closed","template":"","meta":[],"product_brand":[],"product_cat":[621],"product_tag":[622,611,643],"class_list":{"0":"post-8922","1":"product","2":"type-product","3":"status-publish","4":"has-post-thumbnail","6":"product_cat-distribuidores-de-fibra-optica","7":"product_tag-distribuidores-de-fibra-optica","8":"product_tag-fibra-optica","9":"product_tag-mikrotik","11":"first","12":"outofstock","13":"sale","14":"shipping-taxable","15":"purchasable","16":"product-type-simple"},"_links":{"self":[{"href":"https:\/\/soydeaqui.ddns.net\/pachuca\/index.php\/wp-json\/wp\/v2\/product\/8922","targetHints":{"allow":["GET"]}}],"collection":[{"href":"https:\/\/soydeaqui.ddns.net\/pachuca\/index.php\/wp-json\/wp\/v2\/product"}],"about":[{"href":"https:\/\/soydeaqui.ddns.net\/pachuca\/index.php\/wp-json\/wp\/v2\/types\/product"}],"replies":[{"embeddable":true,"href":"https:\/\/soydeaqui.ddns.net\/pachuca\/index.php\/wp-json\/wp\/v2\/comments?post=8922"}],"wp:featuredmedia":[{"embeddable":true,"href":"https:\/\/soydeaqui.ddns.net\/pachuca\/index.php\/wp-json\/wp\/v2\/media\/8921"}],"wp:attachment":[{"href":"https:\/\/soydeaqui.ddns.net\/pachuca\/index.php\/wp-json\/wp\/v2\/media?parent=8922"}],"wp:term":[{"taxonomy":"product_brand","embeddable":true,"href":"https:\/\/soydeaqui.ddns.net\/pachuca\/index.php\/wp-json\/wp\/v2\/product_brand?post=8922"},{"taxonomy":"product_cat","embeddable":true,"href":"https:\/\/soydeaqui.ddns.net\/pachuca\/index.php\/wp-json\/wp\/v2\/product_cat?post=8922"},{"taxonomy":"product_tag","embeddable":true,"href":"https:\/\/soydeaqui.ddns.net\/pachuca\/index.php\/wp-json\/wp\/v2\/product_tag?post=8922"}],"curies":[{"name":"wp","href":"https:\/\/api.w.org\/{rel}","templated":true}]}}