{"id":89212,"date":"2026-03-20T02:45:54","date_gmt":"2026-03-20T02:45:54","guid":{"rendered":"https:\/\/soydeaqui.ddns.net\/pachuca\/index.php\/producto\/switch-core-administrable-capa-3-con-8-puertos-gigabit-24-sfp-y-8-sfp-combo-para-fibra-10gb-gestion-gratuita-desde-la-nube-2\/"},"modified":"2026-03-20T02:46:06","modified_gmt":"2026-03-20T02:46:06","slug":"switch-core-administrable-capa-3-con-8-puertos-gigabit-24-sfp-y-8-sfp-combo-para-fibra-10gb-gestion-gratuita-desde-la-nube-2","status":"publish","type":"product","link":"https:\/\/soydeaqui.ddns.net\/pachuca\/index.php\/producto\/switch-core-administrable-capa-3-con-8-puertos-gigabit-24-sfp-y-8-sfp-combo-para-fibra-10gb-gestion-gratuita-desde-la-nube-2\/","title":{"rendered":"Switch Core Administrable Capa 3 con 8 puertos Gigabit, 24 SFP y 8 SFP+ Combo para fibra 10Gb, gesti\u00f3n gratuita desde la nube."},"content":{"rendered":"<div style='width: 100%; max-width: 1200px; margin: 0 auto; font-family: sans-serif; line-height: 1.6; color: inherit; background-color: transparent;'> <!-- Imagen principal --> <\/p>\n<div style='width: 100%; margin-bottom: 30px;'> <img style='width: 100%; height: auto; border: 1px solid rgba(150&comma;150&comma;150&comma;0.3); border-radius: 8px;' src='https:\/\/ftp3.syscom.mx\/usuarios\/fotos\/RGS5760C24SFP\/8GT8XSX\/211092-rg-s5760c-24sfp_8gt8xs-x_publicidad_002.png' alt=''> <\/div>\n<p> <!-- Secci\u00f3n de caracter\u00edsticas --> <\/p>\n<div style='display: flex; flex-wrap: wrap; gap: 30px; margin-bottom: 30px;'>\n<div style='flex: 1 1 300px; min-width: 280px;'>\n<h3 style='font-size: 22px; border-bottom: 2px solid currentColor; padding-bottom: 5px; margin-top: 0; color: inherit; opacity: 0.8;'>Caracter\u00edsticas principales<\/h3>\n<ul style='padding-left: 20px; font-size: 15px; color: inherit;'>\n<li style='margin-bottom: 5px;'>Administraci\u00f3n en la nube (Sin Costo)<\/li>\n<li style='margin-bottom: 5px;'>Garant\u00eda de 3 a\u00f1os<\/li>\n<li style='margin-bottom: 5px;'>Monitoreo y configuraci\u00f3n remota<\/li>\n<li style='margin-bottom: 5px;'>No incluye fuentes de alimentaci\u00f3n<\/li>\n<\/ul><\/div>\n<div style='flex: 1 1 300px; min-width: 280px;'>\n<h3 style='font-size: 22px; border-bottom: 2px solid currentColor; padding-bottom: 5px; margin-top: 0; color: inherit; opacity: 0.8;'>Contenido del Paquete<\/h3>\n<ul style='padding-left: 20px; font-size: 15px; color: inherit;'>\n<li style='margin-bottom: 5px;'>1pz Switch RG-S5760C-24SFP\/8GT8XS-X<\/li>\n<li style='margin-bottom: 5px;'>Gu\u00eda r\u00e1pida de instalaci\u00f3n<\/li>\n<li style='margin-bottom: 5px;'>Tornilleria y montaje para rack<\/li>\n<\/ul><\/div>\n<\/p><\/div>\n<p> <!-- Notas importantes --> <\/p>\n<div style='margin-bottom: 30px;'>\n<div style='background-color: #f1c40f; padding: 15px; border-radius: 8px;'>\n<p style='margin: 0; font-size: 24px; font-weight: bold; color: inherit;'>NOTA: Fuentes no incluidas<\/p>\n<\/p><\/div>\n<p style='margin: 15px 0; font-size: 16px; color: inherit;'>Switch con capacidad de 2 fuentes:<\/p>\n<ul style='padding-left: 20px; margin: 0 0 30px 20px; font-size: 16px; color: inherit;'>\n<li style='margin-bottom: 5px;'> <a href='https:\/\/www.syscom.mx\/producto\/RG-PA150IB-F-RUIJIE-211093.html' target='_blank' rel='noopener' style='color: #0091ff; text-decoration: none; font-weight: bold;'>RG-PA150IB-F<\/a> <\/li>\n<\/ul><\/div>\n<p> <!-- Separador --> <\/p>\n<hr style='border: 0; border-top: 1px solid rgba(150&comma; 150&comma; 150&comma; 0.3); margin: 30px 0;'> <\/div>\n","protected":false},"excerpt":{"rendered":"<p>Switch Core Administrable Capa 3 con 8 puertos Gigabit, 24 SFP y 8 SFP+ Combo para fibra 10Gb, gesti\u00f3n gratuita desde la nube.<\/p>\n","protected":false},"featured_media":89211,"comment_status":"open","ping_status":"closed","template":"","meta":[],"product_brand":[],"product_cat":[1970],"product_tag":[664,2123,1971],"class_list":{"0":"post-89212","1":"product","2":"type-product","3":"status-publish","4":"has-post-thumbnail","6":"product_cat-switches","7":"product_tag-networking","8":"product_tag-ruijie","9":"product_tag-switches","11":"first","12":"outofstock","13":"sale","14":"shipping-taxable","15":"purchasable","16":"product-type-simple"},"_links":{"self":[{"href":"https:\/\/soydeaqui.ddns.net\/pachuca\/index.php\/wp-json\/wp\/v2\/product\/89212","targetHints":{"allow":["GET"]}}],"collection":[{"href":"https:\/\/soydeaqui.ddns.net\/pachuca\/index.php\/wp-json\/wp\/v2\/product"}],"about":[{"href":"https:\/\/soydeaqui.ddns.net\/pachuca\/index.php\/wp-json\/wp\/v2\/types\/product"}],"replies":[{"embeddable":true,"href":"https:\/\/soydeaqui.ddns.net\/pachuca\/index.php\/wp-json\/wp\/v2\/comments?post=89212"}],"wp:featuredmedia":[{"embeddable":true,"href":"https:\/\/soydeaqui.ddns.net\/pachuca\/index.php\/wp-json\/wp\/v2\/media\/89211"}],"wp:attachment":[{"href":"https:\/\/soydeaqui.ddns.net\/pachuca\/index.php\/wp-json\/wp\/v2\/media?parent=89212"}],"wp:term":[{"taxonomy":"product_brand","embeddable":true,"href":"https:\/\/soydeaqui.ddns.net\/pachuca\/index.php\/wp-json\/wp\/v2\/product_brand?post=89212"},{"taxonomy":"product_cat","embeddable":true,"href":"https:\/\/soydeaqui.ddns.net\/pachuca\/index.php\/wp-json\/wp\/v2\/product_cat?post=89212"},{"taxonomy":"product_tag","embeddable":true,"href":"https:\/\/soydeaqui.ddns.net\/pachuca\/index.php\/wp-json\/wp\/v2\/product_tag?post=89212"}],"curies":[{"name":"wp","href":"https:\/\/api.w.org\/{rel}","templated":true}]}}