{"id":89203,"date":"2026-03-20T02:45:29","date_gmt":"2026-03-20T02:45:29","guid":{"rendered":"https:\/\/soydeaqui.ddns.net\/pachuca\/index.php\/producto\/home-router-inalambrico-wi-fi-5-doble-banda-1-puerto-wan-10-100-y-3-puertos-lan-10-100-hasta-1200-mbps\/"},"modified":"2026-03-20T02:45:50","modified_gmt":"2026-03-20T02:45:50","slug":"home-router-inalambrico-wi-fi-5-doble-banda-1-puerto-wan-10-100-y-3-puertos-lan-10-100-hasta-1200-mbps","status":"publish","type":"product","link":"https:\/\/soydeaqui.ddns.net\/pachuca\/index.php\/producto\/home-router-inalambrico-wi-fi-5-doble-banda-1-puerto-wan-10-100-y-3-puertos-lan-10-100-hasta-1200-mbps\/","title":{"rendered":"Home Router Inal\u00e1mbrico Wi-Fi 5 Doble Banda, 1 Puerto Wan 10\/100 y 3 Puertos Lan 10\/100 Hasta 1,200 Mbps"},"content":{"rendered":"<div style='width: 100%; max-width: 1200px; margin: 0 auto; font-family: sans-serif; line-height: 1.6; color: inherit; background-color: transparent;'> <!-- Secci\u00f3n de im\u00e1genes y descripci\u00f3n --> <\/p>\n<div style='display: flex; flex-direction: column; gap: 20px; margin-bottom: 30px;'> <img style='width: 100%; height: auto; border: 1px solid rgba(150&comma;150&comma;150&comma;0.3); border-radius: 8px;' src='https:\/\/ftp3.syscom.mx\/usuarios\/fotos\/RGRAP2260(G)\/203964-output.png' alt='Router Home Mesh RG-EW1200'> <\/p>\n<p style='font-size: 18px; text-align: justify;'>El control de su Red dom\u00e9stica al alcance de su mano. Sorpr\u00e9ndase con Reyee Mesh para su red la cual nos ayuda para gestionar las conexiones familiares con un Control Parental.<\/p>\n<p style='font-size: 18px; text-align: justify;'>Ademas El modo saludable limita la exposici\u00f3n a la radiaci\u00f3n y oscurece las luces de los indicadores para que pueda gozar de un buen sue\u00f1o al ir a dormir.<\/p>\n<\/p><\/div>\n<p> <!-- Caracter\u00edsticas Generales --> <\/p>\n<div style='display: flex; flex-wrap: wrap; gap: 30px; margin-bottom: 30px;'>\n<div style='flex: 1 1 300px; min-width: 280px;'>\n<h3 style='font-size: 22px; border-bottom: 2px solid currentColor; padding-bottom: 5px; margin-top: 0; color: inherit; opacity: 0.8;'>Caracter\u00edsticas Generales<\/h3>\n<ul style='padding-left: 20px; font-size: 15px; color: inherit;'>\n<li style='margin-bottom: 5px;'><strong>Est\u00e1ndar:<\/strong> 802.11ac (Wi-Fi 5). Soporta conexi\u00f3n de dispositivos de est\u00e1ndares anteriores<\/li>\n<li style='margin-bottom: 5px;'><strong>Bandas de operaci\u00f3n:<\/strong> 2.4 GHz (2&#215;2) \/ 5 GHz (2&#215;2)<\/li>\n<li style='margin-bottom: 5px;'><strong>Modos de operaci\u00f3n:<\/strong> Router&comma; Access Point&comma; WISP&comma; Mesh o repetidor universal<\/li>\n<li style='margin-bottom: 5px;'><strong>Configuraci\u00f3n a trav\u00e9s de:<\/strong> Interfaz web (red local)&comma; aplicaci\u00f3n m\u00f3vil (remoto o en red local)&comma; plataforma cloud (remoto)<\/li>\n<li style='margin-bottom: 5px;'><strong>Puertos:<\/strong> 1 puerto 10\/100 WAN&comma; 3 puertos 10\/100 LAN para conectar otros dispositivos a la red de forma cableada<\/li>\n<li style='margin-bottom: 5px;'><strong>Garant\u00eda:<\/strong> 3 a\u00f1os<\/li>\n<\/ul><\/div>\n<div style='flex: 1 1 300px; min-width: 280px;'> <img style='width: 100%; height: auto; border: 1px solid rgba(150&comma;150&comma;150&comma;0.3); border-radius: 8px;' src='https:\/\/ftp3.syscom.mx\/usuarios\/fotos\/RGEW1200\/211192-rg-ew-1200.jpeg' alt='Router Home Mesh RG-EW1200 vista frontal'> <\/div>\n<\/p><\/div>\n<p> <!-- Tarjetas de especificaciones --> <\/p>\n<div style='display: flex; flex-wrap: wrap; gap: 20px; margin-bottom: 30px;'>\n<div style='flex: 1 1 250px; border: 1px solid rgba(150&comma; 150&comma; 150&comma; 0.4); border-radius: 8px; overflow: hidden; display: flex; flex-direction: column;'>\n<div style='padding: 15px; border-bottom: 1px solid rgba(150&comma; 150&comma; 150&comma; 0.2); font-weight: bold; font-size: 18px; color: inherit;'>Desempe\u00f1o Inal\u00e1mbrico<\/div>\n<div style='padding: 15px; color: inherit;'>\n<ul style='padding-left: 20px; margin: 0; font-size: 14px; list-style-type: disc;'>\n<li style='margin-bottom: 5px;'>Omnidireccional<\/li>\n<li style='margin-bottom: 5px;'>Hasta 96 usuarios concurrentes<\/li>\n<li style='margin-bottom: 5px;'>Soporta 6 SSIDs<\/li>\n<li style='margin-bottom: 5px;'><strong>Ancho de banda:<\/strong> 2.4 GHz 300 Mbps; 5 GHz 867 Mbps<\/li>\n<li style='margin-bottom: 5px;'><strong>Ganancia de las Antenas:<\/strong> 4 Antenas doble Banda 2.4 GHz 5 dBi; 5 GHz 5 dBi<\/li>\n<li style='margin-bottom: 5px;'><strong>Potencia de transmisi\u00f3n:<\/strong> 2.4 GHz 20 dBm (100 mW); 5 GHz 27 dBm (501 mW)<\/li>\n<\/ul>\n<div style='margin-top: 20px;'>\n<h5 style='font-size: 16px; color: inherit; opacity: 0.8; margin-bottom: 10px;'>Documentos y Software<\/h5>\n<ul style='padding-left: 20px; margin: 0; font-size: 14px; list-style-type: disc;'>\n<li style='margin-bottom: 5px;'><a href='https:\/\/reyee.ruijie.com\/es-latam\/resources\/preview\/ew1200' target='_blank' rel='noopener' style='color: inherit; text-decoration: underline;'>Hoja de especificaciones<\/a><\/li>\n<li style='margin-bottom: 5px;'><a href='https:\/\/reyee.ruijie.com\/es-latam\/resources\/preview\/rg-ew1200-quick-installation-guide-la' target='_blank' rel='noopener' style='color: inherit; text-decoration: underline;'>Manual de Instalaci\u00f3n<\/a><\/li>\n<li style='margin-bottom: 5px;'><a href='https:\/\/reyee.ruijie.com\/es-latam\/resources\/products?activeName=software' target='_blank' rel='noopener' style='color: inherit; text-decoration: underline;'>Descargar Firmware<\/a><\/li>\n<\/ul><\/div>\n<\/p><\/div>\n<\/p><\/div>\n<div style='flex: 1 1 250px; border: 1px solid rgba(150&comma; 150&comma; 150&comma; 0.4); border-radius: 8px; overflow: hidden; display: flex; flex-direction: column;'>\n<div style='padding: 15px; border-bottom: 1px solid rgba(150&comma; 150&comma; 150&comma; 0.2); font-weight: bold; font-size: 18px; color: inherit;'>Caracter\u00edsticas F\u00edsicas y El\u00e9ctricas<\/div>\n<div style='padding: 15px; color: inherit;'>\n<ul style='padding-left: 20px; margin: 0; font-size: 14px; list-style-type: disc;'>\n<li style='margin-bottom: 5px;'><strong>Alimentaci\u00f3n:<\/strong> DC 12 Vcc (1.0 A)&comma; consumo Max 8.2 Watts<\/li>\n<li style='margin-bottom: 5px;'><strong>Dimensiones:<\/strong> 182 mm x 120 mm x 32 mm<\/li>\n<li style='margin-bottom: 5px;'><strong>Peso:<\/strong> 0.22 kg<\/li>\n<li style='margin-bottom: 5px;'><strong>Temperatura en Operaci\u00f3n:<\/strong> 0\u00b0C a +45\u00b0C<\/li>\n<li style='margin-bottom: 5px;'><strong>Grado de protecci\u00f3n:<\/strong> IP41<\/li>\n<\/ul><\/div>\n<\/p><\/div>\n<div style='flex: 1 1 250px; border: 1px solid rgba(150&comma; 150&comma; 150&comma; 0.4); border-radius: 8px; overflow: hidden; display: flex; flex-direction: column;'>\n<div style='padding: 15px; border-bottom: 1px solid rgba(150&comma; 150&comma; 150&comma; 0.2); font-weight: bold; font-size: 18px; color: inherit;'>Contenido del Paquete<\/div>\n<div style='padding: 15px; color: inherit;'>\n<ul style='padding-left: 20px; margin: 0; font-size: 14px; list-style-type: disc;'>\n<li style='margin-bottom: 5px;'>1 x Router Inal\u00e1mbrico RG-E1200<\/li>\n<li style='margin-bottom: 5px;'>Eliminador DC 12 Vcc (1.0 A)<\/li>\n<li style='margin-bottom: 5px;'>Cable de Red<\/li>\n<li style='margin-bottom: 5px;'>Gu\u00eda r\u00e1pida de instalaci\u00f3n<\/li>\n<\/ul>\n<div style='margin-top: 20px;'>\n<h5 style='font-size: 16px; color: inherit; opacity: 0.8; margin-bottom: 10px;'>Accesorios Sugeridos (Venta por separado)<\/h5>\n<ul style='padding-left: 20px; margin: 0; font-size: 14px; list-style-type: disc;'>\n<li style='margin-bottom: 5px;'><a href='https:\/\/www.syscom.mx\/producto\/PL-DC-1000T-EPCOM-POWERLINE-189595.html' target='_blank' rel='noopener' style='color: inherit; text-decoration: underline;'>PL-DC-1000T<\/a><\/li>\n<\/ul><\/div>\n<\/p><\/div>\n<\/p><\/div>\n<\/p><\/div>\n<p> <!-- Separador --> <\/p>\n<hr style='border: 0; border-top: 1px solid rgba(150&comma; 150&comma; 150&comma; 0.3); margin: 30px 0;'> <!-- Tabla comparativa --> <\/p>\n<div style='margin-bottom: 30px;'> <img style='width: 100%; height: auto; border: 1px solid rgba(150&comma;150&comma;150&comma;0.3); border-radius: 8px;' src='https:\/\/ftp3.syscom.mx\/usuarios\/fotos\/RGEW300PRO\/211697-tabla_comparativa_ew_series.jpg' alt='Tabla comparativa EW Series'> <\/div>\n<p> <!-- Tarjetas adicionales --> <\/p>\n<div style='display: flex; flex-wrap: wrap; gap: 20px; margin-bottom: 30px;'>\n<div style='flex: 1 1 250px; border: 1px solid rgba(150&comma; 150&comma; 150&comma; 0.4); border-radius: 8px; overflow: hidden; display: flex; flex-direction: column;'>\n<div style='padding: 15px; border-bottom: 1px solid rgba(150&comma; 150&comma; 150&comma; 0.2); font-weight: bold; font-size: 18px; color: inherit;'>Caracter\u00edsticas Destacadas<\/div>\n<div style='padding: 15px; color: inherit;'>\n<ul style='padding-left: 20px; margin: 0; font-size: 14px; list-style-type: disc;'>\n<li style='margin-bottom: 5px;'>Se\u00f1al m\u00e1s fuerte con 4 antenas doble banda de 5 dBi<\/li>\n<li style='margin-bottom: 5px;'>Gesti\u00f3n gratuita en la nube de por vida<\/li>\n<li style='margin-bottom: 5px;'>Chip FEM Amplificador de se\u00f1al Wi-Fi<\/li>\n<li style='margin-bottom: 5px;'>Modo de Operaci\u00f3n Mesh<\/li>\n<\/ul><\/div>\n<\/p><\/div>\n<div style='flex: 1 1 250px; border: 1px solid rgba(150&comma; 150&comma; 150&comma; 0.4); border-radius: 8px; overflow: hidden; display: flex; flex-direction: column;'>\n<div style='padding: 15px; border-bottom: 1px solid rgba(150&comma; 150&comma; 150&comma; 0.2); font-weight: bold; font-size: 18px; color: inherit;'>Especificaciones T\u00e9cnicas<\/div>\n<div style='padding: 15px; color: inherit;'>\n<ul style='padding-left: 20px; margin: 0; font-size: 14px; list-style-type: disc;'>\n<li style='margin-bottom: 5px;'>Control parental<\/li>\n<li style='margin-bottom: 5px;'>IPTV VLAN<\/li>\n<li style='margin-bottom: 5px;'>Firewall (Funciones B\u00e1sicas)<\/li>\n<\/ul><\/div>\n<\/p><\/div>\n<div style='flex: 1 1 250px; border: 1px solid rgba(150&comma; 150&comma; 150&comma; 0.4); border-radius: 8px; overflow: hidden; display: flex; flex-direction: column;'>\n<div style='padding: 15px; border-bottom: 1px solid rgba(150&comma; 150&comma; 150&comma; 0.2); font-weight: bold; font-size: 18px; color: inherit;'>Rendimiento Excepcional<\/div>\n<div style='padding: 15px; color: inherit;'>\n<ul style='padding-left: 20px; margin: 0; font-size: 14px; list-style-type: disc;'>\n<li style='margin-bottom: 5px;'>Hasta 30 metros de Cobertura<\/li>\n<li style='margin-bottom: 5px;'>Hasta 96 Usuarios<\/li>\n<li style='margin-bottom: 5px;'>Hasta 6 SSIDs<\/li>\n<\/ul><\/div>\n<\/p><\/div>\n<\/p><\/div>\n<p> <!-- Separador --> <\/p>\n<hr style='border: 0; border-top: 1px solid rgba(150&comma; 150&comma; 150&comma; 0.3); margin: 30px 0;'> <!-- Tarjetas adicionales 2 --> <\/p>\n<div style='display: flex; flex-wrap: wrap; gap: 20px; margin-bottom: 30px;'>\n<div style='flex: 1 1 250px; border: 1px solid rgba(150&comma; 150&comma; 150&comma; 0.4); border-radius: 8px; overflow: hidden; display: flex; flex-direction: column;'>\n<div style='padding: 15px; border-bottom: 1px solid rgba(150&comma; 150&comma; 150&comma; 0.2); font-weight: bold; font-size: 18px; color: inherit;'>Gesti\u00f3n y Soporte Avanzados<\/div>\n<div style='padding: 15px; color: inherit;'>\n<ul style='padding-left: 20px; margin: 0; font-size: 14px; list-style-type: disc;'>\n<li style='margin-bottom: 5px;'>Interfaz Local<\/li>\n<li style='margin-bottom: 5px;'>Gesti\u00f3n Remota Ruijie Cloud<\/li>\n<li style='margin-bottom: 5px;'>Gesti\u00f3n Remota Ruijie APP<\/li>\n<\/ul><\/div>\n<\/p><\/div>\n<div style='flex: 1 1 250px; border: 1px solid rgba(150&comma; 150&comma; 150&comma; 0.4); border-radius: 8px; overflow: hidden; display: flex; flex-direction: column;'>\n<div style='padding: 15px; border-bottom: 1px solid rgba(150&comma; 150&comma; 150&comma; 0.2); font-weight: bold; font-size: 18px; color: inherit;'>Fiabilidad y Garant\u00eda<\/div>\n<div style='padding: 15px; color: inherit;'>\n<ul style='padding-left: 20px; margin: 0; font-size: 14px; list-style-type: disc;'>\n<li style='margin-bottom: 5px;'>Incluye 3 a\u00f1os de Garant\u00eda<\/li>\n<\/ul><\/div>\n<\/p><\/div>\n<\/p><\/div>\n<p> <!-- Im\u00e1genes adicionales --> <\/p>\n<div style='display: flex; flex-wrap: wrap; gap: 20px; margin-bottom: 30px;'>\n<div style='flex: 1 1 100%;'> <img style='width: 100%; height: auto; border: 1px solid rgba(150&comma;150&comma;150&comma;0.3); border-radius: 8px;' src='https:\/\/ftp3.syscom.mx\/usuarios\/fotos\/RGEW1200\/211192-2024-04-08_17_38_17-rg-ew1200_1200m_dual-band_wireless_router_-_ruijie_reyee.png' alt='Router Home Mesh RG-EW1200 vista 1'> <\/div>\n<div style='flex: 1 1 100%;'> <img style='width: 100%; height: auto; border: 1px solid rgba(150&comma;150&comma;150&comma;0.3); border-radius: 8px;' src='https:\/\/ftp3.syscom.mx\/usuarios\/fotos\/RGEW1200\/211192-2024-04-08_17_38_32-rg-ew1200_1200m_dual-band_wireless_router_-_ruijie_reyee.png' alt='Router Home Mesh RG-EW1200 vista 2'> <\/div>\n<div style='flex: 1 1 100%;'> <img style='width: 100%; height: auto; border: 1px solid rgba(150&comma;150&comma;150&comma;0.3); border-radius: 8px;' src='https:\/\/ftp3.syscom.mx\/usuarios\/fotos\/RGEW1200\/211192-2024-04-08_17_39_16-rg-ew1200_1200m_dual-band_wireless_router_-_ruijie_reyee.png' alt='Router Home Mesh RG-EW1200 vista 3'> <\/div>\n<div style='flex: 1 1 100%;'> <img style='width: 100%; height: auto; border: 1px solid rgba(150&comma;150&comma;150&comma;0.3); border-radius: 8px;' src='https:\/\/ftp3.syscom.mx\/usuarios\/fotos\/RGEW1200\/211192-2024-04-08_17_39_42-rg-ew1200_1200m_dual-band_wireless_router_-_ruijie_reyee.png' alt='Router Home Mesh RG-EW1200 vista 4'> <\/div>\n<div style='flex: 1 1 100%;'> <img style='width: 100%; height: auto; border: 1px solid rgba(150&comma;150&comma;150&comma;0.3); border-radius: 8px;' src='https:\/\/ftp3.syscom.mx\/usuarios\/fotos\/RGEW1200\/211192-2024-04-08_17_38_53-rg-ew1200_1200m_dual-band_wireless_router_-_ruijie_reyee.png' alt='Router Home Mesh RG-EW1200 vista 5'> <\/div>\n<\/p><\/div>\n<\/p><\/div>\n","protected":false},"excerpt":{"rendered":"<p>Home Router Inal\u00e1mbrico Wi-Fi 5 Doble Banda, 1 Puerto Wan 10\/100 y 3 Puertos Lan 10\/100 Hasta 1,200 Mbps<\/p>\n","protected":false},"featured_media":89202,"comment_status":"open","ping_status":"closed","template":"","meta":[],"product_brand":[],"product_cat":[2024],"product_tag":[1479,2025,2123],"class_list":{"0":"post-89203","1":"product","2":"type-product","3":"status-publish","4":"has-post-thumbnail","6":"product_cat-routers-inalambricos","7":"product_tag-redes-wifi","8":"product_tag-routers-inalambricos","9":"product_tag-ruijie","11":"first","12":"instock","13":"sale","14":"shipping-taxable","15":"purchasable","16":"product-type-simple"},"_links":{"self":[{"href":"https:\/\/soydeaqui.ddns.net\/pachuca\/index.php\/wp-json\/wp\/v2\/product\/89203","targetHints":{"allow":["GET"]}}],"collection":[{"href":"https:\/\/soydeaqui.ddns.net\/pachuca\/index.php\/wp-json\/wp\/v2\/product"}],"about":[{"href":"https:\/\/soydeaqui.ddns.net\/pachuca\/index.php\/wp-json\/wp\/v2\/types\/product"}],"replies":[{"embeddable":true,"href":"https:\/\/soydeaqui.ddns.net\/pachuca\/index.php\/wp-json\/wp\/v2\/comments?post=89203"}],"wp:featuredmedia":[{"embeddable":true,"href":"https:\/\/soydeaqui.ddns.net\/pachuca\/index.php\/wp-json\/wp\/v2\/media\/89202"}],"wp:attachment":[{"href":"https:\/\/soydeaqui.ddns.net\/pachuca\/index.php\/wp-json\/wp\/v2\/media?parent=89203"}],"wp:term":[{"taxonomy":"product_brand","embeddable":true,"href":"https:\/\/soydeaqui.ddns.net\/pachuca\/index.php\/wp-json\/wp\/v2\/product_brand?post=89203"},{"taxonomy":"product_cat","embeddable":true,"href":"https:\/\/soydeaqui.ddns.net\/pachuca\/index.php\/wp-json\/wp\/v2\/product_cat?post=89203"},{"taxonomy":"product_tag","embeddable":true,"href":"https:\/\/soydeaqui.ddns.net\/pachuca\/index.php\/wp-json\/wp\/v2\/product_tag?post=89203"}],"curies":[{"name":"wp","href":"https:\/\/api.w.org\/{rel}","templated":true}]}}