{"id":89165,"date":"2026-03-20T02:43:42","date_gmt":"2026-03-20T02:43:42","guid":{"rendered":"https:\/\/soydeaqui.ddns.net\/pachuca\/index.php\/producto\/ups-smartzone-de-1500-va-1350-w-topologia-linea-interactiva-entrada-120-vca-nema-5-15p-onda-senoidal-pura-con-baterias-de-lithium-ion-lifepo4-de-alto-rendimiento2-ur-con-6-tomas-nema-5-15r-2\/"},"modified":"2026-03-20T02:43:52","modified_gmt":"2026-03-20T02:43:52","slug":"ups-smartzone-de-1500-va-1350-w-topologia-linea-interactiva-entrada-120-vca-nema-5-15p-onda-senoidal-pura-con-baterias-de-lithium-ion-lifepo4-de-alto-rendimiento2-ur-con-6-tomas-nema-5-15r-2","status":"publish","type":"product","link":"https:\/\/soydeaqui.ddns.net\/pachuca\/index.php\/producto\/ups-smartzone-de-1500-va-1350-w-topologia-linea-interactiva-entrada-120-vca-nema-5-15p-onda-senoidal-pura-con-baterias-de-lithium-ion-lifepo4-de-alto-rendimiento2-ur-con-6-tomas-nema-5-15r-2\/","title":{"rendered":"UPS SmartZone de 1500 VA\/1350 W, Topolog\u00eda L\u00ednea Interactiva, Entrada 120 Vca NEMA 5-15P, Onda Senoidal Pura, Con Bater\u00edas de Lithium-Ion (LiFePO4) de Alto Rendimiento,2 UR, Con 6 Tomas NEMA 5-15R"},"content":{"rendered":"<div style='width: 100%; max-width: 1200px; margin: 0 auto; font-family: sans-serif; line-height: 1.6; color: inherit; background-color: transparent;'> <!-- Imagen principal --> <\/p>\n<div style='margin-bottom: 30px;'> <img style='width: 100%; height: auto; border: 1px solid rgba(150&comma;150&comma;150&comma;0.3); border-radius: 8px;' src='https:\/\/ftp3.syscom.mx\/usuarios\/fotos\/U01S11V\/211237-descarga.png' alt=''> <\/div>\n<p> <!-- Descripci\u00f3n general --> <\/p>\n<div style='margin-bottom: 30px; font-size: 15px;'>\n<p>Los UPS para rack Panduit\u00ae SmartZone\u2122 con bater\u00eda de Lithium Ion&comma; de alta capacidad y larga duraci\u00f3n&comma; son de linea interactiva monof\u00e1sica de 1-3 kVA de 120 V y de 230 V. Brindan protecci\u00f3n de energ\u00eda altamente eficiente y confiable y energ\u00eda de respaldo para sus equipos inform\u00e1ticos. Cuenta con un rendimiento el\u00e9ctrico excelente&comma; funciones de red y supervisi\u00f3n inteligentes mejoradas que cumple con los est\u00e1ndares de seguridad y EMC para satisfacer las demandas de energ\u00eda en continuo crecimiento de los equipos de TI del centro de datos.<\/p>\n<\/p><\/div>\n<p> <!-- Especificaciones t\u00e9cnicas --> <\/p>\n<div style='display: flex; flex-wrap: wrap; gap: 30px; margin-bottom: 30px;'>\n<div style='flex: 1 1 300px; min-width: 280px;'>\n<h3 style='font-size: 22px; border-bottom: 2px solid currentColor; padding-bottom: 5px; margin-top: 0; color: inherit; opacity: 0.8;'>Especificaciones t\u00e9cnicas<\/h3>\n<ul style='padding-left: 20px; font-size: 15px; color: inherit;'>\n<li style='margin-bottom: 5px;'><strong>Topolog\u00eda:<\/strong> Topolog\u00eda L\u00ednea Interactiva<\/li>\n<li style='margin-bottom: 5px;'><strong>Tiempo de transferencia:<\/strong> 4-6 ms<\/li>\n<li style='margin-bottom: 5px;'><strong>Voltaje de entrada:<\/strong> 100 &#8211; 125 VCA<\/li>\n<li style='margin-bottom: 5px;'><strong>Voltaje de salida:<\/strong> 120 VCA (100\/110\/115\/125 VCA seleccionable)<\/li>\n<li style='margin-bottom: 5px;'><strong>Frecuencia de entrada:<\/strong> 50\/70 Hz<\/li>\n<li style='margin-bottom: 5px;'><strong>Frecuencia de salida:<\/strong> 50\/60 \u00b1 1 Hz<\/li>\n<li style='margin-bottom: 5px;'><strong>Tipo de enchufe de entrada:<\/strong> NEMA 5-15P<\/li>\n<li style='margin-bottom: 5px;'><strong>Longitud del cable:<\/strong> 3 m.<\/li>\n<li style='margin-bottom: 5px;'><strong>Salida VA:<\/strong> 1500<\/li>\n<li style='margin-bottom: 5px;'><strong>Salida Watts:<\/strong> 1350<\/li>\n<li style='margin-bottom: 5px;'><strong>Factor de potencia:<\/strong> 0.9<\/li>\n<li style='margin-bottom: 5px;'><strong>Total de tomas de salida:<\/strong> 6<\/li>\n<li style='margin-bottom: 5px;'><strong>Tipo de Tomas de Salida:<\/strong> NEMA 5-15R (6)<\/li>\n<li style='margin-bottom: 5px;'><strong>Tiempo de respaldo con carga completa (1350 W):<\/strong> 8 Minutos<\/li>\n<li style='margin-bottom: 5px;'><strong>Tiempo de respaldo con media carga (675 W):<\/strong> 19.5 Minutos<\/li>\n<li style='margin-bottom: 5px;'><strong>Protecci\u00f3n de picos:<\/strong> Protecci\u00f3n de picos grado de red<\/li>\n<li style='margin-bottom: 5px;'><strong>Administraci\u00f3n Remota SNMP \/ HTTP:<\/strong> UNCP01<\/li>\n<li style='margin-bottom: 5px;'><strong>Indicadores:<\/strong> Pantalla LCD de lectura<\/li>\n<li style='margin-bottom: 5px;'><strong>Tama\u00f1o en Rack:<\/strong> 2 UR<\/li>\n<li style='margin-bottom: 5px;'><strong>Dimensiones:<\/strong> 440 x 86.5 x 460 mm (Ancho x Alto x Profundidad)<\/li>\n<li style='margin-bottom: 5px;'><strong>Peso:<\/strong> 15.4 Kg<\/li>\n<\/ul><\/div>\n<p> <!-- Columna adicional para im\u00e1genes de conectores --> <\/p>\n<div style='flex: 1 1 300px; min-width: 280px; display: flex; flex-direction: column; gap: 15px;'>\n<div style='border: 1px solid rgba(150&comma;150&comma;150&comma;0.3); border-radius: 8px; padding: 15px; flex-grow: 1; display: flex; align-items: center; justify-content: center;'> <img style='width: 40px; height: 40px;' src='https:\/\/www.cyberpower.com\/mx\/es\/File\/GetImageByDocId\/GeneralAttribute-235' alt='Enchufe NEMA 5-15P'> <\/div>\n<div style='border: 1px solid rgba(150&comma;150&comma;150&comma;0.3); border-radius: 8px; padding: 15px; flex-grow: 1; display: flex; align-items: center; justify-content: center;'> <img style='width: 40px; height: 40px;' src='https:\/\/www.cyberpower.com\/mx\/es\/File\/GetImageByDocId\/GeneralAttribute-238' alt='Tomas NEMA 5-15R'> <\/div>\n<\/p><\/div>\n<\/p><\/div>\n<p> <!-- Garant\u00eda --> <\/p>\n<div style='margin-bottom: 30px;'>\n<div style='padding: 15px; border: 1px solid rgba(150&comma;150&comma;150&comma;0.3); border-radius: 8px; text-align: center; font-weight: bold; color: inherit;'> 5 a\u00f1os de garant\u00eda (incluyendo bater\u00edas) <\/div>\n<\/p><\/div>\n<p> <!-- Separador final --> <\/p>\n<hr style='border: 0; border-top: 1px solid rgba(150&comma;150&comma;150&comma;0.3); margin: 30px 0;'> <\/div>\n","protected":false},"excerpt":{"rendered":"<p>UPS SmartZone de 1500 VA\/1350 W, Topolog\u00eda L\u00ednea Interactiva, Entrada 120 Vca NEMA 5-15P, Onda Senoidal Pura, Con Bater\u00edas de Lithium-Ion (LiFePO4) de Alto Rendimiento,2 UR, Con 6 Tomas NEMA 5-15R<\/p>\n","protected":false},"featured_media":89164,"comment_status":"open","ping_status":"closed","template":"","meta":[],"product_brand":[],"product_cat":[1061],"product_tag":[445,1063,1062],"class_list":{"0":"post-89165","1":"product","2":"type-product","3":"status-publish","4":"has-post-thumbnail","6":"product_cat-ups-no-breaks","7":"product_tag-panduit","8":"product_tag-ups-no-breaks","9":"product_tag-ups-respaldo","11":"first","12":"outofstock","13":"sale","14":"shipping-taxable","15":"purchasable","16":"product-type-simple"},"_links":{"self":[{"href":"https:\/\/soydeaqui.ddns.net\/pachuca\/index.php\/wp-json\/wp\/v2\/product\/89165","targetHints":{"allow":["GET"]}}],"collection":[{"href":"https:\/\/soydeaqui.ddns.net\/pachuca\/index.php\/wp-json\/wp\/v2\/product"}],"about":[{"href":"https:\/\/soydeaqui.ddns.net\/pachuca\/index.php\/wp-json\/wp\/v2\/types\/product"}],"replies":[{"embeddable":true,"href":"https:\/\/soydeaqui.ddns.net\/pachuca\/index.php\/wp-json\/wp\/v2\/comments?post=89165"}],"wp:featuredmedia":[{"embeddable":true,"href":"https:\/\/soydeaqui.ddns.net\/pachuca\/index.php\/wp-json\/wp\/v2\/media\/89164"}],"wp:attachment":[{"href":"https:\/\/soydeaqui.ddns.net\/pachuca\/index.php\/wp-json\/wp\/v2\/media?parent=89165"}],"wp:term":[{"taxonomy":"product_brand","embeddable":true,"href":"https:\/\/soydeaqui.ddns.net\/pachuca\/index.php\/wp-json\/wp\/v2\/product_brand?post=89165"},{"taxonomy":"product_cat","embeddable":true,"href":"https:\/\/soydeaqui.ddns.net\/pachuca\/index.php\/wp-json\/wp\/v2\/product_cat?post=89165"},{"taxonomy":"product_tag","embeddable":true,"href":"https:\/\/soydeaqui.ddns.net\/pachuca\/index.php\/wp-json\/wp\/v2\/product_tag?post=89165"}],"curies":[{"name":"wp","href":"https:\/\/api.w.org\/{rel}","templated":true}]}}