{"id":89160,"date":"2026-03-20T02:43:29","date_gmt":"2026-03-20T02:43:29","guid":{"rendered":"https:\/\/soydeaqui.ddns.net\/pachuca\/index.php\/producto\/ups-smartzone-de-2000-va-2000-w-online-doble-conversion-entrada-120-vca-nema-5-20p-onda-senoidal-pura-2-ur-con-6-tomas-nema-5-20r-incluye-tarjeta-de-red-y-kit-de-rieles\/"},"modified":"2026-03-20T02:43:39","modified_gmt":"2026-03-20T02:43:39","slug":"ups-smartzone-de-2000-va-2000-w-online-doble-conversion-entrada-120-vca-nema-5-20p-onda-senoidal-pura-2-ur-con-6-tomas-nema-5-20r-incluye-tarjeta-de-red-y-kit-de-rieles","status":"publish","type":"product","link":"https:\/\/soydeaqui.ddns.net\/pachuca\/index.php\/producto\/ups-smartzone-de-2000-va-2000-w-online-doble-conversion-entrada-120-vca-nema-5-20p-onda-senoidal-pura-2-ur-con-6-tomas-nema-5-20r-incluye-tarjeta-de-red-y-kit-de-rieles\/","title":{"rendered":"UPS SmartZone de 2000 VA\/2000 W, Online Doble Conversi\u00f3n, Entrada 120 Vca NEMA 5-20P, Onda Senoidal Pura, 2 UR, Con 6 Tomas NEMA 5-20R, Incluye Tarjeta de Red y Kit de Rieles"},"content":{"rendered":"<div style='width: 100%; max-width: 1200px; margin: 0 auto; font-family: sans-serif; line-height: 1.6; color: inherit; background-color: transparent;'>\n<div style='display: flex; flex-wrap: wrap; gap: 30px; margin-bottom: 30px;'>\n<div style='flex: 1 1 300px; min-width: 280px;'> <img style='width: 100%; height: auto; border: 1px solid rgba(150&comma;150&comma;150&comma;0.3); border-radius: 8px;' src='https:\/\/ftp3.syscom.mx\/usuarios\/fotos\/U01S11V\/211237-descarga.png' alt=''> <\/div>\n<\/p><\/div>\n<div style='display: flex; flex-wrap: wrap; gap: 30px; margin-bottom: 30px;'>\n<div style='flex: 1 1 300px; min-width: 280px;'>\n<p style='font-size: 15px; color: inherit; margin-bottom: 15px;'>Los UPS Panduit\u00ae SmartZone\u2122 con bater\u00eda VRLA libre de mantenimiento son unidades monof\u00e1sicas de 1 a 3 kVA y 120 V o 230 V. Son equipos de doble conversi\u00f3n en l\u00ednea que brinda protecci\u00f3n de energ\u00eda altamente eficiente y confiable adem\u00e1s de respaldo de energ\u00eda para su equipo inform\u00e1tico o de c\u00f3mputo. Con un rendimiento el\u00e9ctrico excelente&comma; funciones de red y supervisi\u00f3n inteligente mejoradas&comma; que cumplen con ENERGY STAR\u00ae 2.0&comma; EMC y est\u00e1ndares de seguridad para satisfacer las demandas de energ\u00eda en constante crecimiento de los equipos de TI de centros de datos&comma; empresas y Edge.<\/p>\n<\/p><\/div>\n<\/p><\/div>\n<div style='display: flex; flex-wrap: wrap; gap: 30px; margin-bottom: 30px;'>\n<div style='flex: 1 1 300px; min-width: 280px;'>\n<h3 style='font-size: 22px; border-bottom: 2px solid currentColor; padding-bottom: 5px; margin-top: 0; color: inherit; opacity: 0.8;'>Especificaciones t\u00e9cnicas<\/h3>\n<ul style='padding-left: 20px; font-size: 15px; color: inherit; margin-top: 15px;'>\n<li style='margin-bottom: 5px;'><strong>Topolog\u00eda:<\/strong> Online Doble Conversi\u00f3n<\/li>\n<li style='margin-bottom: 5px;'><strong>Tiempo de transferencia:<\/strong> 0 ms<\/li>\n<li style='margin-bottom: 5px;'><strong>Voltaje de entrada:<\/strong> 100 &#8211; 125 VCA<\/li>\n<li style='margin-bottom: 5px;'><strong>Voltaje de salida:<\/strong> 120 VCA (100\/110\/115\/125 VCA seleccionable)<\/li>\n<li style='margin-bottom: 5px;'><strong>Frecuencia de entrada:<\/strong> 40 &#8211; 70 Hz<\/li>\n<li style='margin-bottom: 5px;'><strong>Frecuencia de salida:<\/strong> 50\/60 \u00b1 4 Hz<\/li>\n<li style='margin-bottom: 5px;'><strong>Tipo de enchufe de entrada:<\/strong> NEMA 5-20P<img style='vertical-align: middle; max-width: 100%; height: 40px; border: none; width: 40px;' src='https:\/\/www.cyberpower.com\/mx\/es\/File\/GetImageByDocId\/GeneralAttribute-239' alt=''><\/li>\n<li style='margin-bottom: 5px;'><strong>Longitud del cable:<\/strong> 3 m.<\/li>\n<li style='margin-bottom: 5px;'><strong>Salida VA:<\/strong> 2000<\/li>\n<li style='margin-bottom: 5px;'><strong>Salida Watts:<\/strong> 2000<\/li>\n<li style='margin-bottom: 5px;'><strong>Factor de potencia:<\/strong> 1.0<\/li>\n<li style='margin-bottom: 5px;'><strong>Total de tomas de salida:<\/strong> 6<\/li>\n<li style='margin-bottom: 5px;'><strong>Tipo de Tomas de Salida:<\/strong> NEMA 5-20R (6)<img style='vertical-align: middle; max-width: 100%; height: 40px; border: none; width: 40px;' src='https:\/\/www.cyberpower.com\/mx\/es\/File\/GetImageByDocId\/GeneralAttribute-239' alt=''><\/li>\n<li style='margin-bottom: 5px;'><strong>Tiempo de respaldo con carga completa (2000 W):<\/strong> 4.28 Minutos<\/li>\n<li style='margin-bottom: 5px;'><strong>Tiempo de respaldo con media carga (1000 W):<\/strong> 13.5 Minutos<\/li>\n<li style='margin-bottom: 5px;'><strong>Protecci\u00f3n de picos:<\/strong> Protecci\u00f3n de picos grado de red<\/li>\n<li style='margin-bottom: 5px;'><strong>Administraci\u00f3n Remota SNMP \/ HTTP:<\/strong> UNCP01 (incluida)<\/li>\n<li style='margin-bottom: 5px;'><strong>Tipo de bater\u00edas:<\/strong> VRLA<\/li>\n<li style='margin-bottom: 5px;'><strong>M\u00f3dulo de Bater\u00edas Extendidas:<\/strong> UVP048<\/li>\n<li style='margin-bottom: 5px;'><strong>Indicadores:<\/strong> Pantalla LCD de lectura<\/li>\n<li style='margin-bottom: 5px;'><strong>Tama\u00f1o en Rack:<\/strong> 2 UR<\/li>\n<li style='margin-bottom: 5px;'><strong>Dimensiones:<\/strong> 440 x 86.5 x 460 mm (Ancho x Alto x Profundidad)<\/li>\n<li style='margin-bottom: 5px;'><strong>Peso:<\/strong> 20 Kg<\/li>\n<li style='margin-bottom: 5px;'><strong>Garant\u00eda:<\/strong> 2 a\u00f1os en bater\u00edas<\/li>\n<\/ul><\/div>\n<\/p><\/div>\n<\/p><\/div>\n","protected":false},"excerpt":{"rendered":"<p>UPS SmartZone de 2000 VA\/2000 W, Online Doble Conversi\u00f3n, Entrada 120 Vca NEMA 5-20P, Onda Senoidal Pura, 2 UR, Con 6 Tomas NEMA 5-20R, Incluye Tarjeta de Red y Kit de Rieles<\/p>\n","protected":false},"featured_media":89159,"comment_status":"open","ping_status":"closed","template":"","meta":[],"product_brand":[],"product_cat":[1061],"product_tag":[445,1063,1062],"class_list":{"0":"post-89160","1":"product","2":"type-product","3":"status-publish","4":"has-post-thumbnail","6":"product_cat-ups-no-breaks","7":"product_tag-panduit","8":"product_tag-ups-no-breaks","9":"product_tag-ups-respaldo","11":"first","12":"instock","13":"sale","14":"shipping-taxable","15":"purchasable","16":"product-type-simple"},"_links":{"self":[{"href":"https:\/\/soydeaqui.ddns.net\/pachuca\/index.php\/wp-json\/wp\/v2\/product\/89160","targetHints":{"allow":["GET"]}}],"collection":[{"href":"https:\/\/soydeaqui.ddns.net\/pachuca\/index.php\/wp-json\/wp\/v2\/product"}],"about":[{"href":"https:\/\/soydeaqui.ddns.net\/pachuca\/index.php\/wp-json\/wp\/v2\/types\/product"}],"replies":[{"embeddable":true,"href":"https:\/\/soydeaqui.ddns.net\/pachuca\/index.php\/wp-json\/wp\/v2\/comments?post=89160"}],"wp:featuredmedia":[{"embeddable":true,"href":"https:\/\/soydeaqui.ddns.net\/pachuca\/index.php\/wp-json\/wp\/v2\/media\/89159"}],"wp:attachment":[{"href":"https:\/\/soydeaqui.ddns.net\/pachuca\/index.php\/wp-json\/wp\/v2\/media?parent=89160"}],"wp:term":[{"taxonomy":"product_brand","embeddable":true,"href":"https:\/\/soydeaqui.ddns.net\/pachuca\/index.php\/wp-json\/wp\/v2\/product_brand?post=89160"},{"taxonomy":"product_cat","embeddable":true,"href":"https:\/\/soydeaqui.ddns.net\/pachuca\/index.php\/wp-json\/wp\/v2\/product_cat?post=89160"},{"taxonomy":"product_tag","embeddable":true,"href":"https:\/\/soydeaqui.ddns.net\/pachuca\/index.php\/wp-json\/wp\/v2\/product_tag?post=89160"}],"curies":[{"name":"wp","href":"https:\/\/api.w.org\/{rel}","templated":true}]}}