{"id":89092,"date":"2026-03-20T02:40:13","date_gmt":"2026-03-20T02:40:13","guid":{"rendered":"https:\/\/soydeaqui.ddns.net\/pachuca\/index.php\/producto\/jabra-evolve2-75-auricular-stereo-version-ms-con-cancelacion-de-ruido-activa-dongle-usb-a-indicador-de-ocupado-busylight27599-999-999\/"},"modified":"2026-03-20T02:40:18","modified_gmt":"2026-03-20T02:40:18","slug":"jabra-evolve2-75-auricular-stereo-version-ms-con-cancelacion-de-ruido-activa-dongle-usb-a-indicador-de-ocupado-busylight27599-999-999","status":"publish","type":"product","link":"https:\/\/soydeaqui.ddns.net\/pachuca\/index.php\/producto\/jabra-evolve2-75-auricular-stereo-version-ms-con-cancelacion-de-ruido-activa-dongle-usb-a-indicador-de-ocupado-busylight27599-999-999\/","title":{"rendered":"Jabra Evolve2 75, Auricular stereo versi\u00f3n MS con cancelaci\u00f3n de ruido activa, dongle USB-A indicador de ocupado (Busylight)(27599-999-999)"},"content":{"rendered":"<div style='width: 100%; max-width: 1200px; margin: 0 auto; font-family: sans-serif; line-height: 1.6; color: inherit; background-color: transparent;'> <!-- ENCABEZADO --> <\/p>\n<div style='background-color: #f5b700; color: #000; text-align: center; padding: 35px 20px;'>\n<h1 style='margin: 0; font-size: 36px; color: inherit;'>Jabra Evolve2 75 MS<\/h1>\n<p style='margin-top: 10px; font-size: 18px; color: inherit;'>El nuevo est\u00e1ndar para el trabajo flexible<\/p>\n<\/p><\/div>\n<p> <!-- INTRO --> <\/p>\n<h2 style='text-align: center; font-size: 32px; margin-top: 30px; margin-bottom: 10px; color: inherit;'>Presentamos los EVOLVE2 75<\/h2>\n<hr style='width: 40px; border: 2px solid #f5b700; margin: 20px auto;'> <!-- VIDEO Y TEXTO --> <\/p>\n<div style='display: flex; flex-wrap: wrap; gap: 30px; margin-bottom: 30px; align-items: center;'>\n<div style='flex: 1 1 300px; min-width: 280px;'>\n<h3 style='color: #f5b700; border-left: 6px solid #f5b700; padding-left: 10px; margin-top: 0; font-size: 22px; color: inherit; opacity: 0.8;'>\u00bfHemos captado tu atenci\u00f3n?<\/h3>\n<p style='text-align: justify; font-size: 14px; margin-bottom: 15px; color: inherit;'>Desde la primera llamada del d\u00eda hasta el trayecto de vuelta a casa&comma; estos auriculares inteligentes se han dise\u00f1ado espec\u00edficamente para que se mantenga conectado y sea productivo&comma; sin importar lo que le depare el d\u00eda.<\/p>\n<p style='text-align: justify; font-size: 14px; margin-bottom: 15px; color: inherit;'>Tanto si llama desde una casa ruidosa&comma; un espacio de trabajo compartido o una oficina abierta y concurrida&comma; los Evolve2 75 est\u00e1n perfectamente dise\u00f1ados para cada escenario.<\/p>\n<\/p><\/div>\n<div style='flex: 1 1 300px; min-width: 280px; text-align: center;'>\n<div style='position: relative; padding-bottom: 56.25%; height: 0; overflow: hidden; margin-bottom: 30px;'>   <\/div>\n<\/p><\/div>\n<\/p><\/div>\n<p> <!-- GALER\u00cdA --> <\/p>\n<h3 style='font-size: 22px; border-bottom: 2px solid currentColor; padding-bottom: 5px; margin-top: 0; color: inherit; opacity: 0.8; border-left: 6px solid #f5b700; padding-left: 10px;'>Innovaci\u00f3n en comodidad<\/h3>\n<div style='display: flex; flex-wrap: wrap; gap: 20px; margin-top: 20px;'> <img style='flex: 1; max-width: 100%; height: auto; border: 1px solid rgba(150&comma;150&comma;150&comma;0.3); border-radius: 8px;' src='https:\/\/ftp3.syscom.mx\/usuarios\/fotos\/EVOLVE275MSBKA\/210712-jabra_evolve2_75_lifestyle_male_street_walking_phone_small.jpg' alt=''> <img style='flex: 1; max-width: 100%; height: auto; border: 1px solid rgba(150&comma;150&comma;150&comma;0.3); border-radius: 8px;' src='https:\/\/ftp3.syscom.mx\/usuarios\/fotos\/EVOLVE275MSBKA\/210712-jabra_evolve2_75_lifestyle_male_street_small.jpg' alt=''> <img style='flex: 1; max-width: 100%; height: auto; border: 1px solid rgba(150&comma;150&comma;150&comma;0.3); border-radius: 8px;' src='https:\/\/ftp3.syscom.mx\/usuarios\/fotos\/EVOLVE275MSBKA\/210712-jabra_evolve2_75_lifestyle_female_home_office_zoom_medium.jpg' alt=''> <\/div>\n<p style='text-align: justify; font-size: 14px; margin-top: 20px; color: inherit;'>Gracias a su tecnolog\u00eda de espuma dual y dise\u00f1o ergon\u00f3mico&comma; las almohadillas redise\u00f1adas ofrecen una ventilaci\u00f3n mejorada y comodidad superior durante todo el d\u00eda&comma; optimizando el rendimiento del audio y la Cancelaci\u00f3n Activa de Ruido (ANC).<\/p>\n<p> <!-- ESPECIFICACIONES --> <\/p>\n<h3 style='font-size: 22px; border-bottom: 2px solid currentColor; padding-bottom: 5px; margin-top: 40px; margin-bottom: 15px; color: inherit; opacity: 0.8; border-left: 6px solid #f5b700; padding-left: 10px;'>Especificaciones t\u00e9cnicas<\/h3>\n<div style='display: flex; flex-wrap: wrap; gap: 20px; margin-bottom: 30px;'>\n<div style='flex: 1 1 250px; border: 1px solid rgba(150&comma; 150&comma; 150&comma; 0.4); border-radius: 8px; overflow: hidden; display: flex; flex-direction: column;'>\n<div style='padding: 15px; border-bottom: 1px solid rgba(150&comma; 150&comma; 150&comma; 0.2); font-weight: bold; font-size: 18px; color: inherit;'>Audio<\/div>\n<div style='padding: 15px; color: inherit;'>\n<ul style='padding-left: 20px; margin: 0; font-size: 14px; list-style-type: disc;'>\n<li style='margin-bottom: 5px;'>Jabra Advanced ANC\u2122<\/li>\n<li style='margin-bottom: 5px;'>HearThrough: S\u00ed<\/li>\n<li style='margin-bottom: 5px;'>Altavoces de 40 mm<\/li>\n<li style='margin-bottom: 5px;'>C\u00f3decs AAC y SBC<\/li>\n<li style='margin-bottom: 5px;'>8 micr\u00f3fonos MEMS<\/li>\n<\/ul><\/div>\n<\/p><\/div>\n<div style='flex: 1 1 250px; border: 1px solid rgba(150&comma; 150&comma; 150&comma; 0.4); border-radius: 8px; overflow: hidden; display: flex; flex-direction: column;'>\n<div style='padding: 15px; border-bottom: 1px solid rgba(150&comma; 150&comma; 150&comma; 0.2); font-weight: bold; font-size: 18px; color: inherit;'>Ajuste y comodidad<\/div>\n<div style='padding: 15px; color: inherit;'>\n<ul style='padding-left: 20px; margin: 0; font-size: 14px; list-style-type: disc;'>\n<li style='margin-bottom: 5px;'>Diadema sobre la oreja<\/li>\n<li style='margin-bottom: 5px;'>Almohadillas de doble espuma<\/li>\n<li style='margin-bottom: 5px;'>Dise\u00f1o ergon\u00f3mico premium<\/li>\n<\/ul><\/div>\n<\/p><\/div>\n<div style='flex: 1 1 250px; border: 1px solid rgba(150&comma; 150&comma; 150&comma; 0.4); border-radius: 8px; overflow: hidden; display: flex; flex-direction: column;'>\n<div style='padding: 15px; border-bottom: 1px solid rgba(150&comma; 150&comma; 150&comma; 0.2); font-weight: bold; font-size: 18px; color: inherit;'>Conectividad<\/div>\n<div style='padding: 15px; color: inherit;'>\n<ul style='padding-left: 20px; margin: 0; font-size: 14px; list-style-type: disc;'>\n<li style='margin-bottom: 5px;'>Bluetooth 5.2<\/li>\n<li style='margin-bottom: 5px;'>USB-A \/ USB-C<\/li>\n<li style='margin-bottom: 5px;'>Hasta 30 m de alcance<\/li>\n<li style='margin-bottom: 5px;'>Hasta 8 dispositivos emparejados<\/li>\n<\/ul><\/div>\n<\/p><\/div>\n<div style='flex: 1 1 250px; border: 1px solid rgba(150&comma; 150&comma; 150&comma; 0.4); border-radius: 8px; overflow: hidden; display: flex; flex-direction: column;'>\n<div style='padding: 15px; border-bottom: 1px solid rgba(150&comma; 150&comma; 150&comma; 0.2); font-weight: bold; font-size: 18px; color: inherit;'>Bater\u00eda<\/div>\n<div style='padding: 15px; color: inherit;'>\n<ul style='padding-left: 20px; margin: 0; font-size: 14px; list-style-type: disc;'>\n<li style='margin-bottom: 5px;'>Hasta 36 h sin ANC<\/li>\n<li style='margin-bottom: 5px;'>Hasta 33 h con ANC<\/li>\n<li style='margin-bottom: 5px;'>Carga USB-C<\/li>\n<li style='margin-bottom: 5px;'>Tiempo de carga: 160 min<\/li>\n<\/ul><\/div>\n<\/p><\/div>\n<\/p><\/div>\n<p> <!-- JABRA DIRECT --> <\/p>\n<h3 style='font-size: 22px; border-bottom: 2px solid currentColor; padding-bottom: 5px; margin-top: 30px; margin-bottom: 15px; color: inherit; opacity: 0.8;'>Jabra Direct<\/h3>\n<div style='text-align: center; margin-top: 20px;'> <img style='max-width: 100%; height: auto; border: 1px solid rgba(150&comma;150&comma;150&comma;0.3); border-radius: 8px;' src='https:\/\/ftp3.syscom.mx\/usuarios\/fotos\/EVOLVE275MSBKA\/210712-captura_de_pantalla_2022-08-08_a_la(s)_11.09.21.png' alt=''> <\/div>\n<p> <!-- CIERRE --> <\/p>\n<div style='background-color: #f5b700; color: #000; text-align: center; padding: 20px; margin-top: 40px;'>\n<p style='margin: 0; color: inherit;'>Auriculares premium dise\u00f1ados para el trabajo h\u00edbrido moderno<\/p>\n<\/p><\/div>\n<p> <!-- Separador final --> <\/p>\n<hr style='border: 0; border-top: 1px solid rgba(150&comma; 150&comma; 150&comma; 0.3); margin: 30px 0;'> <\/div>\n","protected":false},"excerpt":{"rendered":"<p>Jabra Evolve2 75, Auricular stereo versi\u00f3n MS con cancelaci\u00f3n de ruido activa, dongle USB-A indicador de ocupado (Busylight)(27599-999-999)<\/p>\n","protected":false},"featured_media":89091,"comment_status":"open","ping_status":"closed","template":"","meta":[],"product_brand":[],"product_cat":[2050],"product_tag":[2051,2052,2004],"class_list":{"0":"post-89092","1":"product","2":"type-product","3":"status-publish","4":"has-post-thumbnail","6":"product_cat-auriculares","7":"product_tag-auriculares","8":"product_tag-jabra","9":"product_tag-voip-telefonia-ip-videoconferencia","11":"first","12":"outofstock","13":"sale","14":"shipping-taxable","15":"purchasable","16":"product-type-simple"},"_links":{"self":[{"href":"https:\/\/soydeaqui.ddns.net\/pachuca\/index.php\/wp-json\/wp\/v2\/product\/89092","targetHints":{"allow":["GET"]}}],"collection":[{"href":"https:\/\/soydeaqui.ddns.net\/pachuca\/index.php\/wp-json\/wp\/v2\/product"}],"about":[{"href":"https:\/\/soydeaqui.ddns.net\/pachuca\/index.php\/wp-json\/wp\/v2\/types\/product"}],"replies":[{"embeddable":true,"href":"https:\/\/soydeaqui.ddns.net\/pachuca\/index.php\/wp-json\/wp\/v2\/comments?post=89092"}],"wp:featuredmedia":[{"embeddable":true,"href":"https:\/\/soydeaqui.ddns.net\/pachuca\/index.php\/wp-json\/wp\/v2\/media\/89091"}],"wp:attachment":[{"href":"https:\/\/soydeaqui.ddns.net\/pachuca\/index.php\/wp-json\/wp\/v2\/media?parent=89092"}],"wp:term":[{"taxonomy":"product_brand","embeddable":true,"href":"https:\/\/soydeaqui.ddns.net\/pachuca\/index.php\/wp-json\/wp\/v2\/product_brand?post=89092"},{"taxonomy":"product_cat","embeddable":true,"href":"https:\/\/soydeaqui.ddns.net\/pachuca\/index.php\/wp-json\/wp\/v2\/product_cat?post=89092"},{"taxonomy":"product_tag","embeddable":true,"href":"https:\/\/soydeaqui.ddns.net\/pachuca\/index.php\/wp-json\/wp\/v2\/product_tag?post=89092"}],"curies":[{"name":"wp","href":"https:\/\/api.w.org\/{rel}","templated":true}]}}