{"id":88994,"date":"2026-03-20T02:35:46","date_gmt":"2026-03-20T02:35:46","guid":{"rendered":"https:\/\/soydeaqui.ddns.net\/pachuca\/index.php\/producto\/convertidor-de-medios-de-rs-232-rs-422-rs-485-a-fast-ethernet-administracion-web-snmp-y-telnet\/"},"modified":"2026-03-20T02:35:53","modified_gmt":"2026-03-20T02:35:53","slug":"convertidor-de-medios-de-rs-232-rs-422-rs-485-a-fast-ethernet-administracion-web-snmp-y-telnet","status":"publish","type":"product","link":"https:\/\/soydeaqui.ddns.net\/pachuca\/index.php\/producto\/convertidor-de-medios-de-rs-232-rs-422-rs-485-a-fast-ethernet-administracion-web-snmp-y-telnet\/","title":{"rendered":"Convertidor de Medios de RS-232\/ RS-422\/ RS-485 a Fast Ethernet, Administraci\u00f3n Web, SNMP y Telnet"},"content":{"rendered":"<div style='width: 100%; max-width: 1200px; margin: 0 auto; font-family: sans-serif; line-height: 1.6; color: inherit; background-color: transparent;'> <!-- Iconos de interfaces --> <\/p>\n<div style='display: flex; flex-wrap: wrap; justify-content: center; gap: 15px; margin: 30px 0;'> <img style='width: auto; height: 40px; border: 1px solid rgba(150&comma;150&comma;150&comma;0.3); border-radius: 8px;' src='https:\/\/www.planet.com.tw\/storage\/icons\/2icon_RS-232.png' alt='RS-232'> <img style='width: auto; height: 40px; border: 1px solid rgba(150&comma;150&comma;150&comma;0.3); border-radius: 8px;' src='https:\/\/www.planet.com.tw\/storage\/icons\/6icon_RS485_RS422.png' alt='RS-485\/RS-422'> <img style='width: auto; height: 40px; border: 1px solid rgba(150&comma;150&comma;150&comma;0.3); border-radius: 8px;' src='https:\/\/www.planet.com.tw\/storage\/icons\/-10degree_60degree.png' alt='Rango de temperatura'> <img style='width: auto; height: 40px; border: 1px solid rgba(150&comma;150&comma;150&comma;0.3); border-radius: 8px;' src='https:\/\/www.planet.com.tw\/storage\/icons\/0icon_snmp.png' alt='SNMP'> <img style='width: auto; height: 40px; border: 1px solid rgba(150&comma;150&comma;150&comma;0.3); border-radius: 8px;' src='https:\/\/www.planet.com.tw\/storage\/icons\/0WEB_Management.png' alt='Administraci\u00f3n Web'> <img style='width: auto; height: 40px; border: 1px solid rgba(150&comma;150&comma;150&comma;0.3); border-radius: 8px;' src='https:\/\/www.planet.com.tw\/storage\/icons\/3icon_10m100m.png' alt='Fast Ethernet'> <\/div>\n<p> <!-- Imagen principal --> <\/p>\n<div style='margin: 30px 0; text-align: center;'> <img style='width: 100%; max-width: 850px; height: auto; border: 1px solid rgba(150&comma;150&comma;150&comma;0.3); border-radius: 8px;' src='https:\/\/www.planet.com.tw\/storage\/products\/49313\/edm_ICS-110_ICS-115A.jpg' alt='Convertidor de Medios ICS110'> <\/div>\n<p> <!-- T\u00edtulo de aplicaciones --> <\/p>\n<h2 style='font-size: 24px; text-align: center; margin: 40px 0 20px; color: inherit; opacity: 0.8; border-bottom: 2px solid currentColor; padding-bottom: 10px; display: inline-block;'>Instalaciones comunes<\/h2>\n<p> <!-- Aplicaciones en layout de grid --> <\/p>\n<div style='display: grid; grid-template-columns: 1fr; gap: 30px; margin: 30px 0;'> <!-- Video vigilancia --> <\/p>\n<div style='display: flex; flex-direction: column; align-items: center; text-align: center;'> <img style='width: 100%; max-width: 550px; height: auto; border: 1px solid rgba(150&comma;150&comma;150&comma;0.3); border-radius: 8px; margin-bottom: 15px;' src='https:\/\/www.planet.com.tw\/storage\/products\/49313\/ICS-110_ICS-115A-4.png' alt='Video Vigilancia'> <\/p>\n<h3 style='font-size: 20px; color: inherit; opacity: 0.8; margin: 0;'>Video Vigilancia<\/h3>\n<\/p><\/div>\n<p> <!-- Control de procesos --> <\/p>\n<div style='display: flex; flex-direction: column; align-items: center; text-align: center;'> <img style='width: 100%; max-width: 550px; height: auto; border: 1px solid rgba(150&comma;150&comma;150&comma;0.3); border-radius: 8px; margin-bottom: 15px;' src='https:\/\/www.planet.com.tw\/storage\/products\/49313\/ICS-110_ICS-115A-2.png' alt='Control de Procesos'> <\/p>\n<h3 style='font-size: 20px; color: inherit; opacity: 0.8; margin: 0;'>Control de Procesos<\/h3>\n<\/p><\/div>\n<p> <!-- Control de acceso --> <\/p>\n<div style='display: flex; flex-direction: column; align-items: center; text-align: center;'> <img style='width: 100%; max-width: 550px; height: auto; border: 1px solid rgba(150&comma;150&comma;150&comma;0.3); border-radius: 8px; margin-bottom: 15px;' src='https:\/\/www.planet.com.tw\/storage\/products\/49313\/ICS-110_ICS-115A-1.png' alt='Control de Acceso'> <\/p>\n<h3 style='font-size: 20px; color: inherit; opacity: 0.8; margin: 0;'>Control de Acceso<\/h3>\n<\/p><\/div>\n<\/p><\/div>\n<p> <!-- Secci\u00f3n de especificaciones --> <\/p>\n<h2 style='font-size: 24px; text-align: center; margin: 40px 0 20px; color: inherit; opacity: 0.8; border-bottom: 2px solid currentColor; padding-bottom: 10px; display: inline-block;'>Especificaciones<\/h2>\n<div style='display: flex; flex-wrap: wrap; gap: 20px; margin: 30px 0;'> <!-- Caracter\u00edsticas Principales --> <\/p>\n<div style='flex: 1 1 300px; border: 1px solid rgba(150&comma; 150&comma; 150&comma; 0.4); border-radius: 8px; overflow: hidden;'>\n<div style='padding: 15px; border-bottom: 1px solid rgba(150&comma; 150&comma; 150&comma; 0.2); font-weight: bold; font-size: 18px; color: inherit; background-color: rgba(13&comma; 110&comma; 253&comma; 0.1);'>Caracter\u00edsticas Principales:<\/div>\n<ul style='padding: 15px; margin: 0; font-size: 14px; list-style-type: disc; color: inherit;'>\n<li style='margin-bottom: 8px;'>Una interfaz DB9 admite funcionamiento RS232&comma; RS485 de 2 hilos&comma; RS485 de 4 hilos y RS422.<\/li>\n<li style='margin-bottom: 8px;'>Velocidades de datos seriales as\u00edncronos de hasta 921600 bps.<\/li>\n<li style='margin-bottom: 8px;'>El modo de datos incluye modos VCOM&comma; RFC2217&comma; servidor TCP&comma; cliente TCP&comma; UDP&comma; par remoto&comma; servidor\/cliente del convertidor Modbus y Telnet serie.<\/li>\n<\/ul><\/div>\n<p> <!-- Caracter\u00edsticas F\u00edsicas y El\u00e9ctricas --> <\/p>\n<div style='flex: 1 1 300px; border: 1px solid rgba(150&comma; 150&comma; 150&comma; 0.4); border-radius: 8px; overflow: hidden;'>\n<div style='padding: 15px; border-bottom: 1px solid rgba(150&comma; 150&comma; 150&comma; 0.2); font-weight: bold; font-size: 18px; color: inherit; background-color: rgba(13&comma; 110&comma; 253&comma; 0.1);'>Caracter\u00edsticas F\u00edsicas y El\u00e9ctricas:<\/div>\n<ul style='padding: 15px; margin: 0; font-size: 14px; list-style-type: disc; color: inherit;'>\n<li style='margin-bottom: 8px;'>1 Puerto RJ45 10\/100BASE-TX.<\/li>\n<li style='margin-bottom: 8px;'>1 interfaz DB9 macho.<\/li>\n<li style='margin-bottom: 8px;'>Dimensiones: 97 x 70 x 26 mm<\/li>\n<li style='margin-bottom: 8px;'>Peso: 184 g<\/li>\n<li style='margin-bottom: 8px;'>Adaptador de voltaje de 5 Vcc \/ 2 A<\/li>\n<li style='margin-bottom: 8px;'>Consumo de energ\u00eda de 5.5 Watts.<\/li>\n<li style='margin-bottom: 8px;'>Montaje en pared o riel DIN.<\/li>\n<\/ul><\/div>\n<p> <!-- El Paquete Incluye --> <\/p>\n<div style='flex: 1 1 300px; border: 1px solid rgba(150&comma; 150&comma; 150&comma; 0.4); border-radius: 8px; overflow: hidden;'>\n<div style='padding: 15px; border-bottom: 1px solid rgba(150&comma; 150&comma; 150&comma; 0.2); font-weight: bold; font-size: 18px; color: inherit; background-color: rgba(13&comma; 110&comma; 253&comma; 0.1);'>El Paquete Incluye:<\/div>\n<ul style='padding: 15px; margin: 0; font-size: 14px; list-style-type: disc; color: inherit;'>\n<li style='margin-bottom: 8px;'>Convertidor de medios ICS110.<\/li>\n<li style='margin-bottom: 8px;'>Manual de usuario.<\/li>\n<li style='margin-bottom: 8px;'>Fuente de voltaje de 5 Vcc\/ 2 A max.<\/li>\n<\/ul><\/div>\n<\/p><\/div>\n<p> <!-- Separador final --> <\/p>\n<hr style='border: 0; border-top: 1px solid rgba(150&comma; 150&comma; 150&comma; 0.3); margin: 40px 0;'> <\/div>\n","protected":false},"excerpt":{"rendered":"<p>Convertidor de Medios de RS-232\/ RS-422\/ RS-485 a Fast Ethernet, Administraci\u00f3n Web, SNMP y Telnet<\/p>\n","protected":false},"featured_media":88993,"comment_status":"open","ping_status":"closed","template":"","meta":[],"product_brand":[],"product_cat":[2000],"product_tag":[2001,664,2033],"class_list":{"0":"post-88994","1":"product","2":"type-product","3":"status-publish","4":"has-post-thumbnail","6":"product_cat-convertidores-de-medios","7":"product_tag-convertidores-de-medios","8":"product_tag-networking","9":"product_tag-planet","11":"first","12":"instock","13":"sale","14":"shipping-taxable","15":"purchasable","16":"product-type-simple"},"_links":{"self":[{"href":"https:\/\/soydeaqui.ddns.net\/pachuca\/index.php\/wp-json\/wp\/v2\/product\/88994","targetHints":{"allow":["GET"]}}],"collection":[{"href":"https:\/\/soydeaqui.ddns.net\/pachuca\/index.php\/wp-json\/wp\/v2\/product"}],"about":[{"href":"https:\/\/soydeaqui.ddns.net\/pachuca\/index.php\/wp-json\/wp\/v2\/types\/product"}],"replies":[{"embeddable":true,"href":"https:\/\/soydeaqui.ddns.net\/pachuca\/index.php\/wp-json\/wp\/v2\/comments?post=88994"}],"wp:featuredmedia":[{"embeddable":true,"href":"https:\/\/soydeaqui.ddns.net\/pachuca\/index.php\/wp-json\/wp\/v2\/media\/88993"}],"wp:attachment":[{"href":"https:\/\/soydeaqui.ddns.net\/pachuca\/index.php\/wp-json\/wp\/v2\/media?parent=88994"}],"wp:term":[{"taxonomy":"product_brand","embeddable":true,"href":"https:\/\/soydeaqui.ddns.net\/pachuca\/index.php\/wp-json\/wp\/v2\/product_brand?post=88994"},{"taxonomy":"product_cat","embeddable":true,"href":"https:\/\/soydeaqui.ddns.net\/pachuca\/index.php\/wp-json\/wp\/v2\/product_cat?post=88994"},{"taxonomy":"product_tag","embeddable":true,"href":"https:\/\/soydeaqui.ddns.net\/pachuca\/index.php\/wp-json\/wp\/v2\/product_tag?post=88994"}],"curies":[{"name":"wp","href":"https:\/\/api.w.org\/{rel}","templated":true}]}}