{"id":8899,"date":"2026-03-18T07:15:25","date_gmt":"2026-03-18T07:15:25","guid":{"rendered":"https:\/\/soydeaqui.ddns.net\/pachuca\/index.php\/producto\/protector-de-puertos-ip-de-12-canales-para-uso-en-cat5e-cat6-y-cat6a\/"},"modified":"2026-03-18T07:15:25","modified_gmt":"2026-03-18T07:15:25","slug":"protector-de-puertos-ip-de-12-canales-para-uso-en-cat5e-cat6-y-cat6a","status":"publish","type":"product","link":"https:\/\/soydeaqui.ddns.net\/pachuca\/index.php\/producto\/protector-de-puertos-ip-de-12-canales-para-uso-en-cat5e-cat6-y-cat6a\/","title":{"rendered":"Protector de puertos IP de 12 Canales para uso en CAT5e, CAT6 y CAT6A."},"content":{"rendered":"<div style='width: 100%; max-width: 1200px; margin: 0 auto; font-family: sans-serif; line-height: 1.6; color: inherit; background-color: transparent;'> <!-- Secci\u00f3n de descripci\u00f3n general --> <\/p>\n<div style='margin-bottom: 30px;'>\n<h2 style='font-size: 24px; border-bottom: 2px solid currentColor; padding-bottom: 5px; margin-top: 0; color: inherit; opacity: 0.85;'>Descripci\u00f3n General<\/h2>\n<p style='font-size: 15px; color: inherit; margin-top: 10px; margin-bottom: 20px;'>Protector de puertos IP de 12 Canales para uso en CAT5e&comma; CAT6 y CAT6A. Utiliza tecnolog\u00eda SAD y GDT para protecci\u00f3n \u00f3ptima de circuitos&comma; con voltaje de servicio menor a 5V. Dise\u00f1ado para proteger equipos sensibles en redes de datos&comma; c\u00e1maras IP y terminales POS.<\/p>\n<\/p><\/div>\n<p> <!-- Secci\u00f3n de caracter\u00edsticas --> <\/p>\n<div style='display: flex; flex-wrap: wrap; gap: 30px; margin-bottom: 30px;'>\n<div style='flex: 1 1 300px; min-width: 280px;'>\n<h3 style='font-size: 22px; border-bottom: 2px solid currentColor; padding-bottom: 5px; margin-top: 0; color: inherit; opacity: 0.8;'>Caracter\u00edsticas T\u00e9cnicas<\/h3>\n<ul style='padding-left: 20px; font-size: 15px; color: inherit;'>\n<li style='margin-bottom: 5px;'>Tecnolog\u00eda de protecci\u00f3n: SAD y GDT<\/li>\n<li style='margin-bottom: 5px;'>Velocidad de datos hasta 10GbE sin degradaci\u00f3n de se\u00f1al<\/li>\n<li style='margin-bottom: 5px;'>Protecci\u00f3n de todos los pares de datos<\/li>\n<li style='margin-bottom: 5px;'>Conexiones RJ45 blindadas con tornillo de conexi\u00f3n a tierra externo<\/li>\n<li style='margin-bottom: 5px;'>Cumple con est\u00e1ndares EIA\/TIA para transmisi\u00f3n de datos<\/li>\n<li style='margin-bottom: 5px;'>Reinicia autom\u00e1ticamente tras m\u00faltiples sobretensiones<\/li>\n<li style='margin-bottom: 5px;'>No requiere conexi\u00f3n a tierra separada cuando se usa cableado STP<\/li>\n<\/ul><\/div>\n<div style='flex: 1 1 300px; min-width: 280px;'>\n<h3 style='font-size: 22px; border-bottom: 2px solid currentColor; padding-bottom: 5px; margin-top: 0; color: inherit; opacity: 0.8;'>Especificaciones El\u00e9ctricas<\/h3>\n<ul style='padding-left: 20px; font-size: 15px; color: inherit;'>\n<li style='margin-bottom: 5px;'><strong>Voltaje de clamping (Modo com\u00fan):<\/strong> 75V<\/li>\n<li style='margin-bottom: 5px;'><strong>Voltaje de clamping (Modo diferencial):<\/strong> 6.4V<\/li>\n<li style='margin-bottom: 5px;'><strong>Corriente de sobretensi\u00f3n:<\/strong> 20kA\/par<\/li>\n<li style='margin-bottom: 5px;'><strong>Corriente continua m\u00e1xima:<\/strong> 1.5 Amperios<\/li>\n<li style='margin-bottom: 5px;'><strong>Potencia m\u00e1xima:<\/strong> 144 Watts<\/li>\n<li style='margin-bottom: 5px;'><strong>Tasa de datos:<\/strong> Hasta 10GbE<\/li>\n<li style='margin-bottom: 5px;'><strong>Modos de protecci\u00f3n:<\/strong> L-G (Todos)&comma; L-L (Todos)<\/li>\n<\/ul><\/div>\n<\/p><\/div>\n<p> <!-- Secci\u00f3n de especificaciones mec\u00e1nicas --> <\/p>\n<div style='display: flex; flex-wrap: wrap; gap: 30px; margin-bottom: 30px;'>\n<div style='flex: 1 1 300px; min-width: 280px;'>\n<h3 style='font-size: 22px; border-bottom: 2px solid currentColor; padding-bottom: 5px; margin-top: 0; color: inherit; opacity: 0.8;'>Especificaciones Mec\u00e1nicas<\/h3>\n<ul style='padding-left: 20px; font-size: 15px; color: inherit;'>\n<li style='margin-bottom: 5px;'><strong>M\u00e9todo de conexi\u00f3n:<\/strong> RJ45 blindado entrada\/salida<\/li>\n<li style='margin-bottom: 5px;'><strong>Carcasa:<\/strong> ABS<\/li>\n<li style='margin-bottom: 5px;'><strong>Temperatura de operaci\u00f3n:<\/strong> -40\u00b0F a 158\u00b0F (-40\u00b0C a 70\u00b0C)<\/li>\n<li style='margin-bottom: 5px;'><strong>Humedad m\u00e1xima:<\/strong> 95% sin condensaci\u00f3n<\/li>\n<li style='margin-bottom: 5px;'><strong>Dimensiones:<\/strong> 3.0&#8217;L x 1.7&#8217;W x 1.2&#8217;H (76mm x 43mm x 30mm)<\/li>\n<li style='margin-bottom: 5px;'><strong>Peso:<\/strong> 4 onzas (113g)<\/li>\n<\/ul><\/div>\n<div style='flex: 1 1 300px; min-width: 280px;'>\n<h3 style='font-size: 22px; border-bottom: 2px solid currentColor; padding-bottom: 5px; margin-top: 0; color: inherit; opacity: 0.8;'>Compatibilidad<\/h3>\n<ul style='padding-left: 20px; font-size: 15px; color: inherit;'>\n<li style='margin-bottom: 5px;'><strong>Categor\u00eda<\/strong><\/li>\n<li style='margin-bottom: 5px;'>CAT3: 10 Mbps a 16 MHz hasta 100 metros<\/li>\n<li style='margin-bottom: 5px;'>CAT5: 10\/100 Mbps a 100 MHz hasta 100 metros<\/li>\n<li style='margin-bottom: 5px;'>CAT5e: 1 Gbps a 100 MHz hasta 100 metros<\/li>\n<li style='margin-bottom: 5px;'>CAT6: 1 Gbps a 250 MHz hasta 100 metros<\/li>\n<li style='margin-bottom: 5px;'>CAT6A: 10 Gbps a 500 MHz hasta 100 metros<\/li>\n<\/ul><\/div>\n<\/p><\/div>\n<p> <!-- Secci\u00f3n de aprobaciones y garant\u00eda --> <\/p>\n<div style='display: flex; flex-wrap: wrap; gap: 30px; margin-bottom: 30px;'>\n<div style='flex: 1 1 300px; min-width: 280px;'>\n<h3 style='font-size: 22px; border-bottom: 2px solid currentColor; padding-bottom: 5px; margin-top: 0; color: inherit; opacity: 0.8;'>Aprobaciones y Cumplimientos<\/h3>\n<ul style='padding-left: 20px; font-size: 15px; color: inherit;'>\n<li style='margin-bottom: 5px;'><strong>Aprobaciones:<\/strong> UL497B<\/li>\n<li style='margin-bottom: 5px;'><strong>Cumplimiento:<\/strong> CAT5e&comma; EIA\/TIA568A&comma; EIA\/TIA568B<\/li>\n<\/ul><\/div>\n<div style='flex: 1 1 300px; min-width: 280px;'>\n<h3 style='font-size: 22px; border-bottom: 2px solid currentColor; padding-bottom: 5px; margin-top: 0; color: inherit; opacity: 0.8;'>Garant\u00eda<\/h3>\n<ul style='padding-left: 20px; font-size: 15px; color: inherit;'>\n<li style='margin-bottom: 5px;'><strong>Garant\u00eda limitada:<\/strong> 10 a\u00f1os<\/li>\n<\/ul><\/div>\n<\/p><\/div>\n<p> <!-- Separador --> <\/p>\n<hr style='border: 0; border-top: 1px solid rgba(150&comma; 150&comma; 150&comma; 0.3); margin: 30px 0;'> <\/div>\n","protected":false},"excerpt":{"rendered":"<p>Protector de puertos IP de 12 Canales para uso en CAT5e, CAT6 y CAT6A.<\/p>\n","protected":false},"featured_media":8898,"comment_status":"open","ping_status":"closed","template":"","meta":[],"product_brand":[],"product_cat":[641],"product_tag":[616,534,642],"class_list":{"0":"post-8899","1":"product","2":"type-product","3":"status-publish","4":"has-post-thumbnail","6":"product_cat-para-redes-rj-45","7":"product_tag-conectores","8":"product_tag-ditek","9":"product_tag-para-redes-rj-45","11":"first","12":"outofstock","13":"sale","14":"shipping-taxable","15":"purchasable","16":"product-type-simple"},"_links":{"self":[{"href":"https:\/\/soydeaqui.ddns.net\/pachuca\/index.php\/wp-json\/wp\/v2\/product\/8899","targetHints":{"allow":["GET"]}}],"collection":[{"href":"https:\/\/soydeaqui.ddns.net\/pachuca\/index.php\/wp-json\/wp\/v2\/product"}],"about":[{"href":"https:\/\/soydeaqui.ddns.net\/pachuca\/index.php\/wp-json\/wp\/v2\/types\/product"}],"replies":[{"embeddable":true,"href":"https:\/\/soydeaqui.ddns.net\/pachuca\/index.php\/wp-json\/wp\/v2\/comments?post=8899"}],"wp:featuredmedia":[{"embeddable":true,"href":"https:\/\/soydeaqui.ddns.net\/pachuca\/index.php\/wp-json\/wp\/v2\/media\/8898"}],"wp:attachment":[{"href":"https:\/\/soydeaqui.ddns.net\/pachuca\/index.php\/wp-json\/wp\/v2\/media?parent=8899"}],"wp:term":[{"taxonomy":"product_brand","embeddable":true,"href":"https:\/\/soydeaqui.ddns.net\/pachuca\/index.php\/wp-json\/wp\/v2\/product_brand?post=8899"},{"taxonomy":"product_cat","embeddable":true,"href":"https:\/\/soydeaqui.ddns.net\/pachuca\/index.php\/wp-json\/wp\/v2\/product_cat?post=8899"},{"taxonomy":"product_tag","embeddable":true,"href":"https:\/\/soydeaqui.ddns.net\/pachuca\/index.php\/wp-json\/wp\/v2\/product_tag?post=8899"}],"curies":[{"name":"wp","href":"https:\/\/api.w.org\/{rel}","templated":true}]}}