{"id":88964,"date":"2026-03-20T02:34:18","date_gmt":"2026-03-20T02:34:18","guid":{"rendered":"https:\/\/soydeaqui.ddns.net\/pachuca\/index.php\/producto\/camara-boroscopio-de-inspeccion-con-conexion-para-dispositivos-android-cuello-de-cisne-blindado-de-10-3-m-y-6-luces-led\/"},"modified":"2026-03-20T02:34:45","modified_gmt":"2026-03-20T02:34:45","slug":"camara-boroscopio-de-inspeccion-con-conexion-para-dispositivos-android-cuello-de-cisne-blindado-de-10-3-m-y-6-luces-led","status":"publish","type":"product","link":"https:\/\/soydeaqui.ddns.net\/pachuca\/index.php\/producto\/camara-boroscopio-de-inspeccion-con-conexion-para-dispositivos-android-cuello-de-cisne-blindado-de-10-3-m-y-6-luces-led\/","title":{"rendered":"C\u00e1mara Boroscopio de Inspecci\u00f3n con Conexi\u00f3n para Dispositivos Android\u00ae. Cuello de Cisne Blindado de 10&#8242; (3 m) y 6 Luces LED"},"content":{"rendered":"<div style='width: 100%; max-width: 1200px; margin: 0 auto; font-family: sans-serif; line-height: 1.6; color: inherit; background-color: transparent;'> <!-- Caracter\u00edsticas principales --> <\/p>\n<div style='display: flex; flex-wrap: wrap; gap: 30px; margin-bottom: 30px;'>\n<div style='flex: 1 1 300px; min-width: 280px;'>\n<h3 style='font-size: 22px; border-bottom: 2px solid currentColor; padding-bottom: 5px; margin-top: 0; color: inherit; opacity: 0.8;'>Caracter\u00edsticas<\/h3>\n<ul style='padding-left: 20px; font-size: 15px; color: inherit;'>\n<li style='margin-bottom: 5px;'>La aplicaci\u00f3n ET16 Borescope est\u00e1 disponible en el sitio web de Klein Tools y Samsung Galaxy Store\u00ae<\/li>\n<li style='margin-bottom: 5px;'>El boroscopio se conecta a dispositivos Android con adaptador on-the-go (OTG) versi\u00f3n 4.0 o superior; NO apto para iPhones o iPads<\/li>\n<li style='margin-bottom: 5px;'>C\u00e1mara impermeable IP67 de 9 mm para tomar im\u00e1genes de alta calidad de 640 \u00d7 480 pixeles<\/li>\n<li style='margin-bottom: 5px;'>Capture y comparta im\u00e1genes y videos v\u00eda mensajes de texto o correo electr\u00f3nico con la aplicaci\u00f3n de Klein Tools&comma; disponible para descarga en el sitio web de Klein Tools y Samsung Galaxy Store\u00ae<\/li>\n<li style='margin-bottom: 5px;'>Cable cuello de cisne blindado de 10&#8242; (3&comma;0 m) para alcance extendido<\/li>\n<li style='margin-bottom: 5px;'>Seis luces LED blancas con control de brillo ajustable para obtener las mejores im\u00e1genes<\/li>\n<li style='margin-bottom: 5px;'>Conexi\u00f3n directa USB tipo C con adaptador para micro-USB<\/li>\n<li style='margin-bottom: 5px;'>No necesita bater\u00edas; funciona con la conexi\u00f3n del dispositivo<\/li>\n<li style='margin-bottom: 5px;'>Incluye boroscopio&comma; estuche para transporte&comma; adaptador micro-USB&comma; y manual de instrucciones<\/li>\n<li style='margin-bottom: 5px;'>Samsung y Samsung Galaxy Store son una marca registrada de Samsung Electronics Co.&comma; Ltd.<\/li>\n<\/ul><\/div>\n<\/p><\/div>\n<p> <!-- Especificaciones t\u00e9cnicas --> <\/p>\n<div style='display: flex; flex-wrap: wrap; gap: 20px; margin-bottom: 30px;'>\n<div style='flex: 1 1 250px; border: 1px solid rgba(150&comma; 150&comma; 150&comma; 0.4); border-radius: 8px; overflow: hidden; display: flex; flex-direction: column;'>\n<div style='padding: 15px; border-bottom: 1px solid rgba(150&comma; 150&comma; 150&comma; 0.2); font-weight: bold; font-size: 18px; color: inherit;'>Especificaciones F\u00edsicas<\/div>\n<div style='padding: 15px; color: inherit;'>\n<ul style='padding-left: 20px; margin: 0; font-size: 14px; list-style-type: disc;'>\n<li style='margin-bottom: 5px;'><strong>Tipo:<\/strong> USB tipo C o micro-USB para Android\u00ae<\/li>\n<li style='margin-bottom: 5px;'><strong>Aplicaci\u00f3n:<\/strong> Servicios el\u00e9ctricos&comma; de HVAC (calefacci\u00f3n&comma; ventilaci\u00f3n y aire acondicionado)&comma; plomer\u00eda y aviaci\u00f3n<\/li>\n<li style='margin-bottom: 5px;'><strong>Caracter\u00edsticas especiales:<\/strong> Cuello de cisne blindado de 10&#8242; (3&comma;0 m) y 6 luces LED<\/li>\n<li style='margin-bottom: 5px;'><strong>Longitud total:<\/strong> 3.7&#8242; (9.4 cm)<\/li>\n<li style='margin-bottom: 5px;'><strong>Altura total:<\/strong> 0.95&#8242; (2.4 cm)<\/li>\n<li style='margin-bottom: 5px;'><strong>Ancho total:<\/strong> 1.3&#8242; (3.3 cm)<\/li>\n<li style='margin-bottom: 5px;'><strong>Di\u00e1metro de la cabeza de la c\u00e1mara:<\/strong> 0.35&#8221; (9 mm)<\/li>\n<li style='margin-bottom: 5px;'><strong>Funci\u00f3n de apagado autom\u00e1tico:<\/strong> No<\/li>\n<li style='margin-bottom: 5px;'><strong>Registro de datos:<\/strong> No<\/li>\n<li style='margin-bottom: 5px;'><strong>Material:<\/strong> ABS y componentes el\u00e9ctricos<\/li>\n<li style='margin-bottom: 5px;'><strong>Protecci\u00f3n antica\u00eddas:<\/strong> 2 m<\/li>\n<li style='margin-bottom: 5px;'><strong>Pantalla:<\/strong> V\u00eda aplicaci\u00f3n para tel\u00e9fono inteligente en el sitio web de Klein Tools y Samsung Galaxy Store\u00ae<\/li>\n<li style='margin-bottom: 5px;'><strong>Resoluci\u00f3n de la pantalla:<\/strong> 640 \u00d7 480 m\u00e1x<\/li>\n<li style='margin-bottom: 5px;'><strong>Zoom digital:<\/strong> S\u00ed<\/li>\n<li style='margin-bottom: 5px;'><strong>Capacidad de grabaci\u00f3n:<\/strong> Imagen fija y video<\/li>\n<li style='margin-bottom: 5px;'><strong>Clasificaci\u00f3n IP:<\/strong> IP67 (solo la c\u00e1mara)<\/li>\n<li style='margin-bottom: 5px;'><strong>Peso:<\/strong> 354 g (12.5 oz)<\/li>\n<\/ul><\/div>\n<\/p><\/div>\n<\/p><\/div>\n<p> <!-- Enlaces y recursos --> <\/p>\n<div style='display: flex; flex-wrap: wrap; gap: 30px; margin-bottom: 30px;'>\n<div style='flex: 1 1 300px; min-width: 280px;'>\n<h3 style='font-size: 22px; border-bottom: 2px solid currentColor; padding-bottom: 5px; margin-top: 0; color: inherit; opacity: 0.8;'>Recursos<\/h3>\n<div style='padding: 15px; border: 1px solid rgba(150&comma; 150&comma; 150&comma; 0.4); border-radius: 8px; display: inline-block;'> <a style='color: inherit; text-decoration: none; display: flex; align-items: center;' href='https:\/\/play.google.com\/store\/apps\/details?id=com.kleintools.kleinet_16borescope&#038;hl=es_MX&#038;gl=US'> <img style='width: auto; max-width: 233px; height: auto; max-height: 69px; border: none; margin-right: 10px;' src='https:\/\/ftp3.syscom.mx\/usuarios\/fotos\/EVC1010P1000\/217480-get-it-on-google-play-badge.png' alt='Descargar aplicaci\u00f3n ET16'> <span style='font-size: 16px; font-weight: bold; color: #2880b9;'>Borescope ET16 App<\/span> <\/a> <\/div>\n<\/p><\/div>\n<\/p><\/div>\n<p> <!-- Video de demostraci\u00f3n --> <\/p>\n<div style='margin-bottom: 30px;'>\n<h3 style='font-size: 22px; border-bottom: 2px solid currentColor; padding-bottom: 5px; margin-top: 0; color: inherit; opacity: 0.8;'>Video Demostrativo<\/h3>\n<div style='position: relative; padding-bottom: 56.25%; height: 0; overflow: hidden; margin-top: 15px;'>   <\/div>\n<\/p><\/div>\n<p> <!-- Separador final --> <\/p>\n<hr style='border: 0; border-top: 1px solid rgba(150&comma; 150&comma; 150&comma; 0.3); margin: 30px 0;'> <\/div>\n","protected":false},"excerpt":{"rendered":"<p>C\u00e1mara Boroscopio de Inspecci\u00f3n con Conexi\u00f3n para Dispositivos Android\u00ae. Cuello de Cisne Blindado de 10&#8242; (3 m) y 6 Luces LED<\/p>\n","protected":false},"featured_media":88963,"comment_status":"open","ping_status":"closed","template":"","meta":[],"product_brand":[],"product_cat":[130],"product_tag":[25,131,432],"class_list":{"0":"post-88964","1":"product","2":"type-product","3":"status-publish","4":"has-post-thumbnail","6":"product_cat-herramientas-electricas","7":"product_tag-herramientas","8":"product_tag-herramientas-electricas","9":"product_tag-klein-tools","11":"first","12":"instock","13":"sale","14":"shipping-taxable","15":"purchasable","16":"product-type-simple"},"_links":{"self":[{"href":"https:\/\/soydeaqui.ddns.net\/pachuca\/index.php\/wp-json\/wp\/v2\/product\/88964","targetHints":{"allow":["GET"]}}],"collection":[{"href":"https:\/\/soydeaqui.ddns.net\/pachuca\/index.php\/wp-json\/wp\/v2\/product"}],"about":[{"href":"https:\/\/soydeaqui.ddns.net\/pachuca\/index.php\/wp-json\/wp\/v2\/types\/product"}],"replies":[{"embeddable":true,"href":"https:\/\/soydeaqui.ddns.net\/pachuca\/index.php\/wp-json\/wp\/v2\/comments?post=88964"}],"wp:featuredmedia":[{"embeddable":true,"href":"https:\/\/soydeaqui.ddns.net\/pachuca\/index.php\/wp-json\/wp\/v2\/media\/88963"}],"wp:attachment":[{"href":"https:\/\/soydeaqui.ddns.net\/pachuca\/index.php\/wp-json\/wp\/v2\/media?parent=88964"}],"wp:term":[{"taxonomy":"product_brand","embeddable":true,"href":"https:\/\/soydeaqui.ddns.net\/pachuca\/index.php\/wp-json\/wp\/v2\/product_brand?post=88964"},{"taxonomy":"product_cat","embeddable":true,"href":"https:\/\/soydeaqui.ddns.net\/pachuca\/index.php\/wp-json\/wp\/v2\/product_cat?post=88964"},{"taxonomy":"product_tag","embeddable":true,"href":"https:\/\/soydeaqui.ddns.net\/pachuca\/index.php\/wp-json\/wp\/v2\/product_tag?post=88964"}],"curies":[{"name":"wp","href":"https:\/\/api.w.org\/{rel}","templated":true}]}}