{"id":88948,"date":"2026-03-20T02:33:23","date_gmt":"2026-03-20T02:33:23","guid":{"rendered":"https:\/\/soydeaqui.ddns.net\/pachuca\/index.php\/producto\/router-industrial-vpn-5-puertos-10-100-mbps\/"},"modified":"2026-03-20T02:33:28","modified_gmt":"2026-03-20T02:33:28","slug":"router-industrial-vpn-5-puertos-10-100-mbps","status":"publish","type":"product","link":"https:\/\/soydeaqui.ddns.net\/pachuca\/index.php\/producto\/router-industrial-vpn-5-puertos-10-100-mbps\/","title":{"rendered":"Router Industrial VPN, 5 Puertos 10\/100 Mbps"},"content":{"rendered":"<div style='width: 100%; max-width: 1200px; margin: 0 auto; font-family: sans-serif; line-height: 1.6; color: inherit; background-color: transparent;'> <!-- Imagen principal --> <\/p>\n<div style='width: 100%; margin-bottom: 30px;'> <img style='width: 100%; height: auto; border: 1px solid rgba(150&comma;150&comma;150&comma;0.3); border-radius: 8px;' src='https:\/\/ftp3.syscom.mx\/usuarios\/fotos\/RUT300\/202201-networking_rut300_social_share_social_media.png' alt='Router Industrial TELTONIKA RUT300'> <\/div>\n<p> <!-- Descripci\u00f3n general --> <\/p>\n<div style='width: 100%; margin-bottom: 30px;'>\n<h3 style='font-size: 24px; text-align: center; color: inherit; margin-bottom: 20px;'>Router Industrial VPN<\/h3>\n<p style='font-size: 16px; color: inherit; margin: 0 70px 20px; text-align: justify;'>El RUT300 es un enrutador Ethernet peque\u00f1o pero potente&comma; perfecto para tareas desafiantes de redes industriales&comma; as\u00ed como para aplicaciones de redes generales.<\/p>\n<p style='font-size: 16px; color: inherit; margin: 0 70px 20px; text-align: justify;'>Cinco puertos Ethernet&comma; dos entradas\/salidas digitales configurables y un puerto USB para conectar f\u00e1cilmente los distintos equipos a Internet.<\/p>\n<p style='font-size: 16px; color: inherit; margin: 0 70px 20px; text-align: justify;'>Cortafuegos preconfigurado para seguridad inmediata y m\u00faltiples VPN de primera categor\u00eda.<\/p>\n<p style='font-size: 16px; color: inherit; margin: 0 70px 20px; text-align: justify;'>El PoE pasivo ayuda a reducir la complejidad de la implementaci\u00f3n.<\/p>\n<p style='font-size: 16px; color: inherit; margin: 0 70px 20px; text-align: justify;'>Econ\u00f3mico pero un dispositivo industrial rico en funciones que viene con todos los beneficios de RutOS<\/p>\n<\/p><\/div>\n<p> <!-- Secci\u00f3n de caracter\u00edsticas --> <\/p>\n<div style='width: 100%; margin-bottom: 30px;'>\n<h2 style='font-size: 26px; color: inherit; border-bottom: 2px solid currentColor; padding-bottom: 8px; margin-top: 0;'>Caracter\u00edsticas<\/h2>\n<div style='display: flex; flex-wrap: wrap; gap: 20px; margin-top: 20px;'> <!-- Caracter\u00edsticas Generales --> <\/p>\n<div style='flex: 1 1 300px; min-width: 250px;'>\n<div style='border: 1px solid rgba(150&comma;150&comma;150&comma;0.3); border-radius: 8px; overflow: hidden; display: flex; flex-direction: column; height: 100%;'>\n<div style='padding: 15px; border-bottom: 1px solid rgba(150&comma;150&comma;150&comma;0.2); font-weight: bold; font-size: 18px; background-color: rgba(53&comma;152&comma;219&comma;0.1); color: inherit;'>Generales<\/div>\n<div style='padding: 15px; color: inherit;'>\n<ul style='padding-left: 20px; margin: 0; font-size: 14px; list-style-type: disc;'>\n<li style='margin-bottom: 5px;'>Administraci\u00f3n Remota por RMS<\/li>\n<li style='margin-bottom: 5px;'>Construcci\u00f3n robusta en carcasa de aluminio\/pl\u00e1stico con opci\u00f3n de montaje en riel DIN.<\/li>\n<li style='margin-bottom: 5px;'>Gran rango de operaci\u00f3n en ambientes extremos.<\/li>\n<li style='margin-bottom: 5px;'>Tama\u00f1o compacto.<\/li>\n<\/ul><\/div>\n<\/p><\/div>\n<\/p><\/div>\n<p> <!-- Caracter\u00edsticas de Conectividad --> <\/p>\n<div style='flex: 1 1 300px; min-width: 250px;'>\n<div style='border: 1px solid rgba(150&comma;150&comma;150&comma;0.3); border-radius: 8px; overflow: hidden; display: flex; flex-direction: column; height: 100%;'>\n<div style='padding: 15px; border-bottom: 1px solid rgba(150&comma;150&comma;150&comma;0.2); font-weight: bold; font-size: 18px; background-color: rgba(53&comma;152&comma;219&comma;0.1); color: inherit;'>Conectividad<\/div>\n<div style='padding: 15px; color: inherit;'>\n<ul style='padding-left: 20px; margin: 0; font-size: 14px; list-style-type: disc;'>\n<li style='margin-bottom: 5px;'>1 Puerto WAN&comma; 10\/100 Mbps<\/li>\n<li style='margin-bottom: 5px;'>4 Puertos LAN&comma; 10\/100 Mbps&comma; Capacidad de configurar Segundo WAN<\/li>\n<li style='margin-bottom: 5px;'>Conexi\u00f3n por VPN (RMS)<\/li>\n<\/ul>\n<h4 style='margin-top: 20px; margin-bottom: 10px; font-size: 16px; color: inherit;'>Hardware<\/h4>\n<ul style='padding-left: 20px; margin: 0; font-size: 14px; list-style-type: disc;'>\n<li style='margin-bottom: 5px;'>CPU: 650 MHz<\/li>\n<li style='margin-bottom: 5px;'>RAM: 64 MB<\/li>\n<\/ul><\/div>\n<\/p><\/div>\n<\/p><\/div>\n<p> <!-- Caracter\u00edsticas El\u00e9ctricas y F\u00edsicas --> <\/p>\n<div style='flex: 1 1 300px; min-width: 250px;'>\n<div style='border: 1px solid rgba(150&comma;150&comma;150&comma;0.3); border-radius: 8px; overflow: hidden; display: flex; flex-direction: column; height: 100%;'>\n<div style='padding: 15px; border-bottom: 1px solid rgba(150&comma;150&comma;150&comma;0.2); font-weight: bold; font-size: 18px; background-color: rgba(53&comma;152&comma;219&comma;0.1); color: inherit;'>El\u00e9ctricas y F\u00edsicas<\/div>\n<div style='padding: 15px; color: inherit;'>\n<ul style='padding-left: 20px; margin: 0; font-size: 14px; list-style-type: disc;'>\n<li style='margin-bottom: 5px;'>Alimentaci\u00f3n: 7 &#8211; 30 Vcc<\/li>\n<li style='margin-bottom: 5px;'>Consumo: 3 W<\/li>\n<li style='margin-bottom: 5px;'>Peso: 229 g<\/li>\n<li style='margin-bottom: 5px;'>Dimensiones: 100x30x85 mm (An x Al x Pr)<\/li>\n<li style='margin-bottom: 5px;'>Temperatura de Operaci\u00f3n: -40 a 75\u00ba C<\/li>\n<\/ul><\/div>\n<\/p><\/div>\n<\/p><\/div>\n<\/p><\/div>\n<\/p><\/div>\n<p> <!-- Secci\u00f3n de videos --> <\/p>\n<div style='width: 100%; margin-bottom: 30px;'>\n<h3 style='font-size: 22px; color: inherit; margin-top: 0; margin-bottom: 20px;'>Remote Management System<\/h3>\n<div style='display: flex; flex-wrap: wrap; gap: 30px; justify-content: space-between;'>\n<div style='flex: 1 1 560px; min-width: 300px;'>\n<div style='position: relative; padding-bottom: 56.25%; height: 0; overflow: hidden;'>   <\/div>\n<\/p><\/div>\n<div style='flex: 1 1 560px; min-width: 300px;'>\n<div style='position: relative; padding-bottom: 56.25%; height: 0; overflow: hidden;'>   <\/div>\n<\/p><\/div>\n<\/p><\/div>\n<\/p><\/div>\n<\/p><\/div>\n","protected":false},"excerpt":{"rendered":"<p>Router Industrial VPN, 5 Puertos 10\/100 Mbps<\/p>\n","protected":false},"featured_media":88947,"comment_status":"open","ping_status":"closed","template":"","meta":[],"product_brand":[],"product_cat":[1984],"product_tag":[1985,664,1430],"class_list":{"0":"post-88948","1":"product","2":"type-product","3":"status-publish","4":"has-post-thumbnail","6":"product_cat-industrial","7":"product_tag-industrial","8":"product_tag-networking","9":"product_tag-teltonika","11":"first","12":"outofstock","13":"sale","14":"shipping-taxable","15":"purchasable","16":"product-type-simple"},"_links":{"self":[{"href":"https:\/\/soydeaqui.ddns.net\/pachuca\/index.php\/wp-json\/wp\/v2\/product\/88948","targetHints":{"allow":["GET"]}}],"collection":[{"href":"https:\/\/soydeaqui.ddns.net\/pachuca\/index.php\/wp-json\/wp\/v2\/product"}],"about":[{"href":"https:\/\/soydeaqui.ddns.net\/pachuca\/index.php\/wp-json\/wp\/v2\/types\/product"}],"replies":[{"embeddable":true,"href":"https:\/\/soydeaqui.ddns.net\/pachuca\/index.php\/wp-json\/wp\/v2\/comments?post=88948"}],"wp:featuredmedia":[{"embeddable":true,"href":"https:\/\/soydeaqui.ddns.net\/pachuca\/index.php\/wp-json\/wp\/v2\/media\/88947"}],"wp:attachment":[{"href":"https:\/\/soydeaqui.ddns.net\/pachuca\/index.php\/wp-json\/wp\/v2\/media?parent=88948"}],"wp:term":[{"taxonomy":"product_brand","embeddable":true,"href":"https:\/\/soydeaqui.ddns.net\/pachuca\/index.php\/wp-json\/wp\/v2\/product_brand?post=88948"},{"taxonomy":"product_cat","embeddable":true,"href":"https:\/\/soydeaqui.ddns.net\/pachuca\/index.php\/wp-json\/wp\/v2\/product_cat?post=88948"},{"taxonomy":"product_tag","embeddable":true,"href":"https:\/\/soydeaqui.ddns.net\/pachuca\/index.php\/wp-json\/wp\/v2\/product_tag?post=88948"}],"curies":[{"name":"wp","href":"https:\/\/api.w.org\/{rel}","templated":true}]}}