{"id":88938,"date":"2026-03-20T02:32:54","date_gmt":"2026-03-20T02:32:54","guid":{"rendered":"https:\/\/soydeaqui.ddns.net\/pachuca\/index.php\/producto\/router-empresarial-quad-core-lte4-5g-cat6-vpn-doble-ranura-sim-montaje-en-rack\/"},"modified":"2026-03-20T02:33:04","modified_gmt":"2026-03-20T02:33:04","slug":"router-empresarial-quad-core-lte4-5g-cat6-vpn-doble-ranura-sim-montaje-en-rack","status":"publish","type":"product","link":"https:\/\/soydeaqui.ddns.net\/pachuca\/index.php\/producto\/router-empresarial-quad-core-lte4-5g-cat6-vpn-doble-ranura-sim-montaje-en-rack\/","title":{"rendered":"Router Empresarial Quad-Core, LTE(4.5G) Cat6, VPN, Doble ranura SIM, Montaje en Rack"},"content":{"rendered":"<div style='width: 100%; max-width: 1200px; margin: 0 auto; font-family: sans-serif; line-height: 1.6; color: inherit; background-color: transparent;'>\n<div style='width: 100%;'> <img style='width: 100%; height: auto; border: 1px solid rgba(150&comma;150&comma;150&comma;0.3); border-radius: 8px;' src='https:\/\/ftp3.syscom.mx\/usuarios\/fotos\/RUTXR1\/201269-rutxr1_banner.png' alt='Router Empresarial Quad-Core RUTXR1'> <\/div>\n<div style='margin: 30px 0;'>\n<p style='font-size: 16px; text-align: justify; margin: 10px 70px 50px 70px; color: inherit;'> RUTXR1 es nuestro primer router LTE Cat6 montado en rack con fuentes de alimentaci\u00f3n redundantes e interfaces WAN&comma; que se puede colocar convenientemente en un gabinete de servidor. Est\u00e1 equipado con doble SIM&comma; USB y Wave-2 802.11ac Dual Band WIFI. Pero lo que hace que este producto se destaque del resto de los productos de Teltonika Networks son la WAN SFP y los puertos de consola dedicados. El conjunto de caracter\u00edsticas \u00fanicas de este producto permite usarlo como producto principal en una oficina peque\u00f1a u oficina en casa con capacidades de copia de seguridad LTE&comma; potente WiFi y sin necesidad de un convertidor SFP a Ethernet adicional. <\/p>\n<p style='font-size: 16px; text-align: justify; margin: 10px 70px 50px 70px; color: inherit;'> \u00a1Este dispositivo rico en funciones funciona con RutOS y es una opci\u00f3n perfecta&comma; donde se requiere una conexi\u00f3n r\u00e1pida y ultrafiable! <\/p>\n<\/p><\/div>\n<h2 style='font-size: 24px; color: inherit; border-bottom: 2px solid currentColor; padding-bottom: 8px; margin: 30px 0;'>Caracter\u00edsticas<\/h2>\n<div style='display: flex; flex-wrap: wrap; gap: 30px; margin-bottom: 30px;'>\n<div style='flex: 1 1 300px; min-width: 280px;'>\n<div style='border: 1px solid rgba(150&comma; 150&comma; 150&comma; 0.3); border-radius: 8px; overflow: hidden; display: flex; flex-direction: column;'>\n<div style='padding: 15px; border-bottom: 1px solid rgba(150&comma; 150&comma; 150&comma; 0.2); background-color: rgba(53&comma; 152&comma; 219&comma; 0.1); color: inherit;'>\n<h4 style='margin: 0; font-size: 18px; color: inherit;'>Generales<\/h4>\n<\/p><\/div>\n<ul style='padding: 15px; margin: 0; list-style: disc; font-size: 14px; color: inherit;'>\n<li style='margin-bottom: 5px;'>Administraci\u00f3n Remota por RMS.<\/li>\n<li style='margin-bottom: 5px;'>Montaje en Rack 19 in.<\/li>\n<li style='margin-bottom: 5px;'>Gran rango de operaci\u00f3n en ambientes extremos.<\/li>\n<li style='margin-bottom: 5px;'>Administraci\u00f3n Remota por VPN (RMS).<\/li>\n<\/ul><\/div>\n<\/p><\/div>\n<div style='flex: 1 1 300px; min-width: 280px;'>\n<div style='border: 1px solid rgba(150&comma; 150&comma; 150&comma; 0.3); border-radius: 8px; overflow: hidden; display: flex; flex-direction: column;'>\n<div style='padding: 15px; border-bottom: 1px solid rgba(150&comma; 150&comma; 150&comma; 0.2); background-color: rgba(53&comma; 152&comma; 219&comma; 0.1); color: inherit;'>\n<h4 style='margin: 0; font-size: 18px; color: inherit;'>Conectividad<\/h4>\n<\/p><\/div>\n<ul style='padding: 15px; margin: 0; list-style: disc; font-size: 14px; color: inherit;'>\n<li style='margin-bottom: 5px;'>1 Puerto WAN RJ45\/SFP&comma; 10\/100\/1000 Mbps (no puede funcionar simult\u00e1neamente)<\/li>\n<li style='margin-bottom: 5px;'>4 Puertos LAN&comma; 10\/100\/1000 Mbps<\/li>\n<li style='margin-bottom: 5px;'>WiFi Wave2 802.11 b\/g\/n\/ac&comma; Dual Band MU-MIMO<\/li>\n<li style='margin-bottom: 5px;'>Access Point (AP) &#8211; Station (STA)&comma; 2 RP-SMA<\/li>\n<li style='margin-bottom: 5px;'>Conexion por VPN (RMS)<\/li>\n<li style='margin-bottom: 5px;'>B2&comma; B4&comma; B5&comma; B7&comma; B12&comma; B13&comma; B25&comma; B26&comma; B29&comma; B30&comma; B66<\/li>\n<\/ul>\n<div style='padding: 15px; border-top: 1px solid rgba(150&comma; 150&comma; 150&comma; 0.2); background-color: rgba(53&comma; 152&comma; 219&comma; 0.1); color: inherit;'>\n<h4 style='margin: 0; font-size: 18px; color: inherit;'>Hardware<\/h4>\n<\/p><\/div>\n<ul style='padding: 15px; margin: 0; list-style: disc; font-size: 14px; color: inherit;'>\n<li style='margin-bottom: 5px;'>CPU: Quad-core ARM Cortex A7&comma; 717 MHz<\/li>\n<li style='margin-bottom: 5px;'>RAM: 256 MB&comma; DDR3<\/li>\n<\/ul><\/div>\n<\/p><\/div>\n<div style='flex: 1 1 300px; min-width: 280px;'>\n<div style='border: 1px solid rgba(150&comma; 150&comma; 150&comma; 0.3); border-radius: 8px; overflow: hidden; display: flex; flex-direction: column;'>\n<div style='padding: 15px; border-bottom: 1px solid rgba(150&comma; 150&comma; 150&comma; 0.2); background-color: rgba(53&comma; 152&comma; 219&comma; 0.1); color: inherit;'>\n<h4 style='margin: 0; font-size: 18px; color: inherit;'>El\u00e9ctricas y F\u00edsicas<\/h4>\n<\/p><\/div>\n<ul style='padding: 15px; margin: 0; list-style: disc; font-size: 14px; color: inherit;'>\n<li style='margin-bottom: 5px;'>Alimentaci\u00f3n: 9 &#8211; 50 Vcc<\/li>\n<li style='margin-bottom: 5px;'>Consumo: 18 W<\/li>\n<li style='margin-bottom: 5px;'>Peso: 1050 g<\/li>\n<li style='margin-bottom: 5px;'>Dimensiones: 105&#215;32.2&#215;95.2 mm (An x Al x Pr)<\/li>\n<li style='margin-bottom: 5px;'>Temperatura de Operaci\u00f3n: -40 a 75\u00ba C<\/li>\n<\/ul><\/div>\n<\/p><\/div>\n<\/p><\/div>\n<h2 style='font-size: 24px; color: inherit; border-bottom: 2px solid currentColor; padding-bottom: 8px; margin: 30px 0;'>Remote Management System RMS<\/h2>\n<div style='display: flex; flex-wrap: wrap; gap: 30px; margin-bottom: 30px;'>\n<div style='flex: 1 1 560px; min-width: 300px;'>\n<div style='position: relative; padding-bottom: 56.25%; height: 0; overflow: hidden; margin-bottom: 30px;'>   <\/div>\n<\/p><\/div>\n<div style='flex: 1 1 560px; min-width: 300px;'>\n<div style='position: relative; padding-bottom: 56.25%; height: 0; overflow: hidden; margin-bottom: 30px;'>   <\/div>\n<\/p><\/div>\n<\/p><\/div>\n<\/p><\/div>\n","protected":false},"excerpt":{"rendered":"<p>Router Empresarial Quad-Core, LTE(4.5G) Cat6, VPN, Doble ranura SIM, Montaje en Rack<\/p>\n","protected":false},"featured_media":88937,"comment_status":"open","ping_status":"closed","template":"","meta":[],"product_brand":[],"product_cat":[2036,2035,2034],"product_tag":[2039,2038,664,2037,1430],"class_list":{"0":"post-88938","1":"product","2":"type-product","3":"status-publish","4":"has-post-thumbnail","6":"product_cat-balanceadores","7":"product_cat-firewalls","8":"product_cat-routers","9":"product_tag-balanceadores","10":"product_tag-firewalls","11":"product_tag-networking","12":"product_tag-routers","13":"product_tag-teltonika","15":"first","16":"outofstock","17":"sale","18":"shipping-taxable","19":"purchasable","20":"product-type-simple"},"_links":{"self":[{"href":"https:\/\/soydeaqui.ddns.net\/pachuca\/index.php\/wp-json\/wp\/v2\/product\/88938","targetHints":{"allow":["GET"]}}],"collection":[{"href":"https:\/\/soydeaqui.ddns.net\/pachuca\/index.php\/wp-json\/wp\/v2\/product"}],"about":[{"href":"https:\/\/soydeaqui.ddns.net\/pachuca\/index.php\/wp-json\/wp\/v2\/types\/product"}],"replies":[{"embeddable":true,"href":"https:\/\/soydeaqui.ddns.net\/pachuca\/index.php\/wp-json\/wp\/v2\/comments?post=88938"}],"wp:featuredmedia":[{"embeddable":true,"href":"https:\/\/soydeaqui.ddns.net\/pachuca\/index.php\/wp-json\/wp\/v2\/media\/88937"}],"wp:attachment":[{"href":"https:\/\/soydeaqui.ddns.net\/pachuca\/index.php\/wp-json\/wp\/v2\/media?parent=88938"}],"wp:term":[{"taxonomy":"product_brand","embeddable":true,"href":"https:\/\/soydeaqui.ddns.net\/pachuca\/index.php\/wp-json\/wp\/v2\/product_brand?post=88938"},{"taxonomy":"product_cat","embeddable":true,"href":"https:\/\/soydeaqui.ddns.net\/pachuca\/index.php\/wp-json\/wp\/v2\/product_cat?post=88938"},{"taxonomy":"product_tag","embeddable":true,"href":"https:\/\/soydeaqui.ddns.net\/pachuca\/index.php\/wp-json\/wp\/v2\/product_tag?post=88938"}],"curies":[{"name":"wp","href":"https:\/\/api.w.org\/{rel}","templated":true}]}}