{"id":8891,"date":"2026-03-18T07:15:19","date_gmt":"2026-03-18T07:15:19","guid":{"rendered":"https:\/\/soydeaqui.ddns.net\/pachuca\/index.php\/producto\/jumper-de-fibra-optica-multimodo-50-125-xglo-om3-lc-sc-duplex-ofnr-color-aqua-7-metros\/"},"modified":"2026-03-18T07:15:20","modified_gmt":"2026-03-18T07:15:20","slug":"jumper-de-fibra-optica-multimodo-50-125-xglo-om3-lc-sc-duplex-ofnr-color-aqua-7-metros","status":"publish","type":"product","link":"https:\/\/soydeaqui.ddns.net\/pachuca\/index.php\/producto\/jumper-de-fibra-optica-multimodo-50-125-xglo-om3-lc-sc-duplex-ofnr-color-aqua-7-metros\/","title":{"rendered":"Jumper de Fibra \u00d3ptica Multimodo 50\/125 XGLO OM3, LC-SC Duplex, OFNR, Color Aqua, 7 Metros"},"content":{"rendered":"<div style='width: 100%; max-width: 1200px; margin: 0 auto; font-family: sans-serif; line-height: 1.6; color: inherit; background-color: transparent;'> <!-- Secci\u00f3n de introducci\u00f3n --> <\/p>\n<div style='margin-bottom: 30px;'>\n<p style='font-size: 15px; margin-bottom: 15px; color: inherit;'> Los cables de Fibra \u00d3ptica XGLO son ideales para aplicaciones de fibra con soporte de 10 Gigabits a trav\u00e9s de distancias extendidas y redes troncales de pr\u00f3xima generaci\u00f3n. <\/p>\n<p style='font-size: 15px; margin-bottom: 15px; color: inherit;'> La Fibra \u00d3ptica cumple con el est\u00e1ndar Gigabit IEEE 802.3&comma; as\u00ed como IEC-60793-2-10 y TIA-492AAAC (OM3)&comma; TIA-492AAAD (OM4). <\/p>\n<\/p><\/div>\n<p> <!-- Secci\u00f3n de especificaciones de rendimiento --> <\/p>\n<div style='display: flex; flex-wrap: wrap; gap: 30px; margin-bottom: 30px;'>\n<div style='flex: 1 1 300px; min-width: 280px;'>\n<h3 style='font-size: 22px; border-bottom: 2px solid currentColor; padding-bottom: 5px; margin-top: 0; color: inherit; opacity: 0.8;'>Especificaciones de Rendimiento<\/h3>\n<ul style='padding-left: 20px; font-size: 15px; color: inherit;'>\n<li style='margin-bottom: 5px;'><strong>Est\u00e1ndares:<\/strong> IEEE 802.3 10 Gigabit Ethernet&comma; IEC-60793-2-10&comma; TIA-492AAAC (OM3)&comma; TIA-492AAAD (OM4)<\/li>\n<li style='margin-bottom: 5px;'><strong>Conectorizaci\u00f3n:<\/strong> LC-SC Duplex<\/li>\n<li style='margin-bottom: 5px;'><strong>Tipo de Fibra:<\/strong> Multimodo 50\/125\u00b5m OM3<\/li>\n<li style='margin-bottom: 5px;'><strong>Color:<\/strong> Aqua<\/li>\n<li style='margin-bottom: 5px;'><strong>Clasificaci\u00f3n de Cable:<\/strong> OFNR<\/li>\n<li style='margin-bottom: 5px;'><strong>Longitud:<\/strong> 7 Metros<\/li>\n<\/ul><\/div>\n<p> <!-- Secci\u00f3n de caracter\u00edsticas t\u00e9cnicas --> <\/p>\n<div style='flex: 1 1 300px; min-width: 280px;'>\n<h3 style='font-size: 22px; border-bottom: 2px solid currentColor; padding-bottom: 5px; margin-top: 0; color: inherit; opacity: 0.8;'>Caracter\u00edsticas T\u00e9cnicas<\/h3>\n<ul style='padding-left: 20px; font-size: 15px; color: inherit;'>\n<li style='margin-bottom: 5px;'><strong>Ancho de Banda M\u00ednimo:<\/strong> 1500 MHz.km (850nm OFL)<\/li>\n<li style='margin-bottom: 5px;'><strong>P\u00e9rdida de Inserci\u00f3n M\u00e1xima:<\/strong> 0.25 dB (0.10 dB t\u00edpico)<\/li>\n<li style='margin-bottom: 5px;'><strong>P\u00e9rdida de Retorno M\u00ednima:<\/strong> 30 dB (35 dB t\u00edpico)<\/li>\n<li style='margin-bottom: 5px;'><strong>Est\u00e1ndares de Terminaci\u00f3n:<\/strong> Telcordia y ISO\/IEC para geometr\u00eda de extremo<\/li>\n<li style='margin-bottom: 5px;'><strong>Resistencia a Condiciones Ambientales:<\/strong> Humedad&comma; temperatura extrema&comma; impacto&comma; vibraci\u00f3n<\/li>\n<\/ul><\/div>\n<p> <!-- Secci\u00f3n de aplicaciones --> <\/p>\n<div style='flex: 1 1 300px; min-width: 280px;'>\n<h3 style='font-size: 22px; border-bottom: 2px solid currentColor; padding-bottom: 5px; margin-top: 0; color: inherit; opacity: 0.8;'>Aplicaciones<\/h3>\n<ul style='padding-left: 20px; font-size: 15px; color: inherit;'>\n<li style='margin-bottom: 5px;'>Redes de 10 Gigabit Ethernet<\/li>\n<li style='margin-bottom: 5px;'>Redes troncales de pr\u00f3xima generaci\u00f3n<\/li>\n<li style='margin-bottom: 5px;'>Instalaciones de fibra \u00f3ptica estructurada<\/li>\n<li style='margin-bottom: 5px;'>Centros de datos de alto rendimiento<\/li>\n<\/ul><\/div>\n<\/p><\/div>\n<p> <!-- Secci\u00f3n de construcci\u00f3n --> <\/p>\n<div style='display: flex; flex-wrap: wrap; gap: 30px; margin-bottom: 30px;'>\n<div style='flex: 1 1 300px; min-width: 280px;'>\n<h3 style='font-size: 22px; border-bottom: 2px solid currentColor; padding-bottom: 5px; margin-top: 0; color: inherit; opacity: 0.8;'>Construcci\u00f3n<\/h3>\n<ul style='padding-left: 20px; font-size: 15px; color: inherit;'>\n<li style='margin-bottom: 5px;'><strong>Fibra:<\/strong> Multimodo 50\/125\u00b5m OM3<\/li>\n<li style='margin-bottom: 5px;'><strong>Jacket:<\/strong> Color Aqua<\/li>\n<li style='margin-bottom: 5px;'><strong>Conectores:<\/strong> LC y SC<\/li>\n<li style='margin-bottom: 5px;'><strong>Polish:<\/strong> Terminaci\u00f3n de precisi\u00f3n con acabado superior<\/li>\n<li style='margin-bottom: 5px;'><strong>Protecci\u00f3n:<\/strong> Tapas de polvo incluidas<\/li>\n<\/ul><\/div>\n<p> <!-- Secci\u00f3n de garant\u00eda y certificaciones --> <\/p>\n<div style='flex: 1 1 300px; min-width: 280px;'>\n<h3 style='font-size: 22px; border-bottom: 2px solid currentColor; padding-bottom: 5px; margin-top: 0; color: inherit; opacity: 0.8;'>Garant\u00eda y Certificaciones<\/h3>\n<ul style='padding-left: 20px; font-size: 15px; color: inherit;'>\n<li style='margin-bottom: 5px;'><strong>Garant\u00eda:<\/strong> 20 a\u00f1os<\/li>\n<li style='margin-bottom: 5px;'><strong>Certificaciones:<\/strong> RoHS Compliant<\/li>\n<li style='margin-bottom: 5px;'><strong>Est\u00e1ndares:<\/strong> ANSI\/TIA y ISO\/IEC para p\u00e9rdida de inserci\u00f3n y retorno<\/li>\n<\/ul><\/div>\n<\/p><\/div>\n<p> <!-- Imagen original --> <\/p>\n<div style='margin-bottom: 30px;'> <img style='width: 100%; height: auto; border: 1px solid rgba(150&comma;150&comma;150&comma;0.3); border-radius: 8px;' src='http:\/\/ftp3.syscom.mx\/usuarios\/fotos\/FJ2LCLC5L02AQ\/88313-foto.jpg' alt=''> <\/div>\n<p> <!-- Secci\u00f3n de compatibilidad --> <\/p>\n<div style='margin-bottom: 30px;'>\n<h3 style='font-size: 22px; border-bottom: 2px solid currentColor; padding-bottom: 5px; margin-top: 0; color: inherit; opacity: 0.8;'>Compatibilidad<\/h3>\n<p style='font-size: 15px; color: inherit;'> Compatible con est\u00e1ndares de conectividad SC&comma; LC y ST. Disponible en configuraciones duplex y simplex. Los jumpers LC incluyen clip de duplexaci\u00f3n para correcci\u00f3n de polaridad. <\/p>\n<\/p><\/div>\n<p> <!-- Separador final --> <\/p>\n<hr style='border: 0; border-top: 1px solid rgba(150&comma; 150&comma; 150&comma; 0.3); margin: 30px 0;'> <\/div>\n","protected":false},"excerpt":{"rendered":"<p>Jumper de Fibra \u00d3ptica Multimodo 50\/125 XGLO OM3, LC-SC Duplex, OFNR, Color Aqua, 7 Metros<\/p>\n","protected":false},"featured_media":8890,"comment_status":"open","ping_status":"closed","template":"","meta":[],"product_brand":[],"product_cat":[617],"product_tag":[611,618,600],"class_list":{"0":"post-8891","1":"product","2":"type-product","3":"status-publish","4":"has-post-thumbnail","6":"product_cat-jumpers-y-pigtails","7":"product_tag-fibra-optica","8":"product_tag-jumpers-y-pigtails","9":"product_tag-siemon","11":"first","12":"outofstock","13":"sale","14":"shipping-taxable","15":"purchasable","16":"product-type-simple"},"_links":{"self":[{"href":"https:\/\/soydeaqui.ddns.net\/pachuca\/index.php\/wp-json\/wp\/v2\/product\/8891","targetHints":{"allow":["GET"]}}],"collection":[{"href":"https:\/\/soydeaqui.ddns.net\/pachuca\/index.php\/wp-json\/wp\/v2\/product"}],"about":[{"href":"https:\/\/soydeaqui.ddns.net\/pachuca\/index.php\/wp-json\/wp\/v2\/types\/product"}],"replies":[{"embeddable":true,"href":"https:\/\/soydeaqui.ddns.net\/pachuca\/index.php\/wp-json\/wp\/v2\/comments?post=8891"}],"wp:featuredmedia":[{"embeddable":true,"href":"https:\/\/soydeaqui.ddns.net\/pachuca\/index.php\/wp-json\/wp\/v2\/media\/8890"}],"wp:attachment":[{"href":"https:\/\/soydeaqui.ddns.net\/pachuca\/index.php\/wp-json\/wp\/v2\/media?parent=8891"}],"wp:term":[{"taxonomy":"product_brand","embeddable":true,"href":"https:\/\/soydeaqui.ddns.net\/pachuca\/index.php\/wp-json\/wp\/v2\/product_brand?post=8891"},{"taxonomy":"product_cat","embeddable":true,"href":"https:\/\/soydeaqui.ddns.net\/pachuca\/index.php\/wp-json\/wp\/v2\/product_cat?post=8891"},{"taxonomy":"product_tag","embeddable":true,"href":"https:\/\/soydeaqui.ddns.net\/pachuca\/index.php\/wp-json\/wp\/v2\/product_tag?post=8891"}],"curies":[{"name":"wp","href":"https:\/\/api.w.org\/{rel}","templated":true}]}}