{"id":88894,"date":"2026-03-20T02:30:51","date_gmt":"2026-03-20T02:30:51","guid":{"rendered":"https:\/\/soydeaqui.ddns.net\/pachuca\/index.php\/producto\/protector-contra-sobretensiones-ethernet-poe-10g-para-exterior\/"},"modified":"2026-03-20T02:31:04","modified_gmt":"2026-03-20T02:31:04","slug":"protector-contra-sobretensiones-ethernet-poe-10g-para-exterior","status":"publish","type":"product","link":"https:\/\/soydeaqui.ddns.net\/pachuca\/index.php\/producto\/protector-contra-sobretensiones-ethernet-poe-10g-para-exterior\/","title":{"rendered":"Protector contra sobretensiones Ethernet\/Poe 10G Para Exterior"},"content":{"rendered":"<div style='width: 100%; max-width: 1200px; margin: 0 auto; font-family: sans-serif; line-height: 1.6; color: inherit; background-color: transparent;'> <!-- Logo de la marca --> <\/p>\n<div style='text-align: center; margin-bottom: 30px;'> <img style='width: 120px; height: auto; border: 1px solid rgba(150&comma;150&comma;150&comma;0.3); border-radius: 8px;' src='https:\/\/ftp3.syscom.mx\/usuarios\/hortega\/Siklu\/Siklu.png' alt='Logo Siklu'> <\/div>\n<p> <!-- Caracter\u00edsticas principales --> <\/p>\n<div style='margin-bottom: 30px;'>\n<h3 style='font-size: 22px; border-bottom: 2px solid currentColor; padding-bottom: 5px; margin-top: 0; color: inherit; opacity: 0.8;'>Caracter\u00edsticas principales<\/h3>\n<ul style='padding-left: 20px; font-size: 15px; color: inherit;'>\n<li style='margin-bottom: 5px;'>Conector RJ45 blindado para supresi\u00f3n de ruido EMC<\/li>\n<li style='margin-bottom: 5px;'>Carcasa met\u00e1lica de aluminio fundido<\/li>\n<li style='margin-bottom: 5px;'>Compatible con cables Cat5\/Cat5e<\/li>\n<li style='margin-bottom: 5px;'>Cumple con est\u00e1ndar 802.3at<\/li>\n<li style='margin-bottom: 5px;'>Protecci\u00f3n contra sobretensiones para Ethernet\/PoE<\/li>\n<\/ul><\/div>\n<p> <!-- Especificaciones t\u00e9cnicas --> <\/p>\n<div style='display: flex; flex-wrap: wrap; gap: 30px; margin-bottom: 30px;'>\n<div style='flex: 1 1 300px; min-width: 280px;'>\n<h3 style='font-size: 22px; border-bottom: 2px solid currentColor; padding-bottom: 5px; margin-top: 0; color: inherit; opacity: 0.8;'>Especificaciones t\u00e9cnicas<\/h3>\n<ul style='padding-left: 20px; font-size: 15px; color: inherit;'>\n<li style='margin-bottom: 5px;'><strong>Velocidad de datos:<\/strong> 10\/100\/1000Mbps &#038; 2.5\/5\/10GbE<\/li>\n<li style='margin-bottom: 5px;'><strong>Tensi\u00f3n de operaci\u00f3n:<\/strong> 44-57VDC (m\u00e1x. 60VDC)<\/li>\n<li style='margin-bottom: 5px;'><strong>Corriente DC:<\/strong> 1A para 2 pares&comma; 2A para 4 pares<\/li>\n<li style='margin-bottom: 5px;'><strong>Potencia:<\/strong> 100W<\/li>\n<li style='margin-bottom: 5px;'><strong>Corriente de descarga:<\/strong> 20kA (8\/20\u03bcs&comma; 2.5kA por l\u00ednea)<\/li>\n<li style='margin-bottom: 5px;'><strong>Nivel de protecci\u00f3n modo com\u00fan:<\/strong> 10kV (10\/700\u03bcs)<\/li>\n<li style='margin-bottom: 5px;'><strong>Nivel de protecci\u00f3n modo diferencial:<\/strong> 6kV (10\/700\u03bcs)<\/li>\n<li style='margin-bottom: 5px;'><strong>Voltaje de clamping:<\/strong> 300V (l\u00ednea a tierra)&comma; 10V (l\u00ednea a l\u00ednea)<\/li>\n<li style='margin-bottom: 5px;'><strong>Tiempo de respuesta:<\/strong> 5ns<\/li>\n<\/ul><\/div>\n<div style='flex: 1 1 300px; min-width: 280px;'>\n<h3 style='font-size: 22px; border-bottom: 2px solid currentColor; padding-bottom: 5px; margin-top: 0; color: inherit; opacity: 0.8;'>Especificaciones ambientales<\/h3>\n<ul style='padding-left: 20px; font-size: 15px; color: inherit;'>\n<li style='margin-bottom: 5px;'><strong>Temperatura operaci\u00f3n:<\/strong> -40\u00b0C a 65\u00b0C<\/li>\n<li style='margin-bottom: 5px;'><strong>Humedad operaci\u00f3n:<\/strong> 20-80%&comma; no condensante<\/li>\n<li style='margin-bottom: 5px;'><strong>Temperatura almacenamiento:<\/strong> -40\u00b0C a +85\u00b0C<\/li>\n<li style='margin-bottom: 5px;'><strong>Humedad almacenamiento:<\/strong> 10-95%&comma; no condensante<\/li>\n<\/ul>\n<h3 style='font-size: 22px; border-bottom: 2px solid currentColor; padding-bottom: 5px; margin-top: 25px; color: inherit; opacity: 0.8;'>Especificaciones f\u00edsicas<\/h3>\n<ul style='padding-left: 20px; font-size: 15px; color: inherit;'>\n<li style='margin-bottom: 5px;'><strong>Dimensiones:<\/strong> 209mm (L) \u00d7 53mm (W) \u00d7 37.5mm (H)<\/li>\n<li style='margin-bottom: 5px;'><strong>Peso:<\/strong> 380g<\/li>\n<li style='margin-bottom: 5px;'><strong>Grado de protecci\u00f3n:<\/strong> IP67<\/li>\n<li style='margin-bottom: 5px;'><strong>Instalaci\u00f3n:<\/strong> Montaje en pared<\/li>\n<\/ul><\/div>\n<\/p><\/div>\n<p> <!-- Est\u00e1ndares y certificaciones --> <\/p>\n<div style='margin-bottom: 30px;'>\n<h3 style='font-size: 22px; border-bottom: 2px solid currentColor; padding-bottom: 5px; margin-top: 0; color: inherit; opacity: 0.8;'>Est\u00e1ndares y certificaciones<\/h3>\n<ul style='padding-left: 20px; font-size: 15px; color: inherit;'>\n<li style='margin-bottom: 5px;'>CE<\/li>\n<li style='margin-bottom: 5px;'>IEC61000-4-2 (ESD) \u00b16kV (contacto)&comma; \u00b18kV (aire)<\/li>\n<li style='margin-bottom: 5px;'>IEC61000-4-3 (RS) 10V\/m (80MHz~2GHz)<\/li>\n<li style='margin-bottom: 5px;'>IEC61000-4-4 (EFT) Puerto de potencia: \u00b12kV; Puerto de datos: \u00b11kV<\/li>\n<li style='margin-bottom: 5px;'>IEC61000-4-5 (Surge) Puerto de potencia: \u00b11kV\/DM&comma; \u00b12kV\/CM<\/li>\n<li style='margin-bottom: 5px;'>IEC61000-4-6 (CS) 10V (150kHz~80MHz)<\/li>\n<li style='margin-bottom: 5px;'>FCC CFR47 Part 15&comma; EN55024&comma; EN55032<\/li>\n<\/ul><\/div>\n<p> <!-- Aplicaciones --> <\/p>\n<div style='margin-bottom: 30px;'>\n<h3 style='font-size: 22px; border-bottom: 2px solid currentColor; padding-bottom: 5px; margin-top: 0; color: inherit; opacity: 0.8;'>Aplicaciones<\/h3>\n<ul style='padding-left: 20px; font-size: 15px; color: inherit;'>\n<li style='margin-bottom: 5px;'>Protecci\u00f3n para radios EtherHaul\u2122<\/li>\n<li style='margin-bottom: 5px;'>Protecci\u00f3n para radios MultiHaul\u2122<\/li>\n<li style='margin-bottom: 5px;'>Protecci\u00f3n para radios MultiHaul\u2122 TG<\/li>\n<\/ul><\/div>\n<p> <!-- Separador --> <\/p>\n<hr style='border: 0; border-top: 1px solid rgba(150&comma; 150&comma; 150&comma; 0.3); margin: 30px 0;'> <\/div>\n","protected":false},"excerpt":{"rendered":"<p>Protector contra sobretensiones Ethernet\/Poe 10G Para Exterior<\/p>\n","protected":false},"featured_media":88893,"comment_status":"open","ping_status":"closed","template":"","meta":[],"product_brand":[],"product_cat":[953],"product_tag":[898,954,2008],"class_list":{"0":"post-88894","1":"product","2":"type-product","3":"status-publish","4":"has-post-thumbnail","6":"product_cat-redes","7":"product_tag-proteccion-contra-descargas","8":"product_tag-redes","9":"product_tag-siklu","11":"first","12":"outofstock","13":"sale","14":"shipping-taxable","15":"purchasable","16":"product-type-simple"},"_links":{"self":[{"href":"https:\/\/soydeaqui.ddns.net\/pachuca\/index.php\/wp-json\/wp\/v2\/product\/88894","targetHints":{"allow":["GET"]}}],"collection":[{"href":"https:\/\/soydeaqui.ddns.net\/pachuca\/index.php\/wp-json\/wp\/v2\/product"}],"about":[{"href":"https:\/\/soydeaqui.ddns.net\/pachuca\/index.php\/wp-json\/wp\/v2\/types\/product"}],"replies":[{"embeddable":true,"href":"https:\/\/soydeaqui.ddns.net\/pachuca\/index.php\/wp-json\/wp\/v2\/comments?post=88894"}],"wp:featuredmedia":[{"embeddable":true,"href":"https:\/\/soydeaqui.ddns.net\/pachuca\/index.php\/wp-json\/wp\/v2\/media\/88893"}],"wp:attachment":[{"href":"https:\/\/soydeaqui.ddns.net\/pachuca\/index.php\/wp-json\/wp\/v2\/media?parent=88894"}],"wp:term":[{"taxonomy":"product_brand","embeddable":true,"href":"https:\/\/soydeaqui.ddns.net\/pachuca\/index.php\/wp-json\/wp\/v2\/product_brand?post=88894"},{"taxonomy":"product_cat","embeddable":true,"href":"https:\/\/soydeaqui.ddns.net\/pachuca\/index.php\/wp-json\/wp\/v2\/product_cat?post=88894"},{"taxonomy":"product_tag","embeddable":true,"href":"https:\/\/soydeaqui.ddns.net\/pachuca\/index.php\/wp-json\/wp\/v2\/product_tag?post=88894"}],"curies":[{"name":"wp","href":"https:\/\/api.w.org\/{rel}","templated":true}]}}