{"id":88888,"date":"2026-03-20T02:30:35","date_gmt":"2026-03-20T02:30:35","guid":{"rendered":"https:\/\/soydeaqui.ddns.net\/pachuca\/index.php\/producto\/licencia-de-suscripcion-acumulativa-de-awc-para-10-ap-licencia-de-5-anos-para-las-series-x530-dp-x550-x930-x950-y-gen2-una-licencia-para-1-conmutador-o-1-pila\/"},"modified":"2026-03-20T02:30:37","modified_gmt":"2026-03-20T02:30:37","slug":"licencia-de-suscripcion-acumulativa-de-awc-para-10-ap-licencia-de-5-anos-para-las-series-x530-dp-x550-x930-x950-y-gen2-una-licencia-para-1-conmutador-o-1-pila","status":"publish","type":"product","link":"https:\/\/soydeaqui.ddns.net\/pachuca\/index.php\/producto\/licencia-de-suscripcion-acumulativa-de-awc-para-10-ap-licencia-de-5-anos-para-las-series-x530-dp-x550-x930-x950-y-gen2-una-licencia-para-1-conmutador-o-1-pila\/","title":{"rendered":"Licencia de suscripci\u00f3n acumulativa de AWC para 10 AP, licencia de 5 a\u00f1os para las series x530\/DP, x550, x930, x950 y GEN2. Una licencia para 1 conmutador o 1 pila"},"content":{"rendered":"<div style='width: 100%; max-width: 1200px; margin: 0 auto; font-family: sans-serif; line-height: 1.6; color: inherit; background-color: transparent;'>\n<div style='display: flex; flex-direction: column; gap: 30px;'>\n<div>\n<h3 style='font-size: 22px; border-bottom: 2px solid currentColor; padding-bottom: 5px; margin-top: 0; color: inherit; opacity: 0.8;'>Plug-in de Autonomous Wave Control (AWC)<\/h3>\n<p style='font-size: 15px; margin-bottom: 15px; color: inherit;'>El complemento Allied Telesis Autonomous Wave Control (AWC) permite la gesti\u00f3n y supervisi\u00f3n de los puntos de acceso inal\u00e1mbrico (AP) de Allied Telesis&comma; para proporcionar una conexi\u00f3n Wi-Fi fiable f\u00e1cilmente. Est\u00e1 disponible como complemento opcional para las instalaciones de Vista Manager EX.<\/p>\n<p style='font-size: 15px; margin-bottom: 15px; color: inherit;'>Las notas de la versi\u00f3n y la gu\u00eda de instalaci\u00f3n del m\u00f3dulo AWC se incluyen en los documentos pertinentes de Vista Manager EX.<\/p>\n<p style='font-size: 15px; margin-bottom: 15px; color: inherit;'>Los siguientes documentos cubren la configuraci\u00f3n y el uso del complemento AWC en Vista Manager EX:<\/p>\n<ul style='padding-left: 20px; font-size: 14px; margin: 0 0 15px 0; list-style-type: disc; color: inherit;'>\n<li style='margin-bottom: 5px;'><a style='color: inherit; text-decoration: underline;' href='https:\/\/www.alliedtelesis.com\/mx\/en\/documents\/vista-manager-ex-release-note' data-entity-substitution='canonical' data-entity-type='node' data-entity-uuid='c9a9a40f-63d6-45d6-a440-c845a1c982f1'>Notas de la versi\u00f3n de Vista Manager EX<\/a><\/li>\n<li style='margin-bottom: 5px;'><a style='color: inherit; text-decoration: underline;' href='https:\/\/www.alliedtelesis.com\/mx\/en\/install\/vista-manager-ex-installation-guide' data-entity-substitution='canonical' data-entity-type='node' data-entity-uuid='490ff3af-dfa2-4039-a1fb-b4b1a363d0f7'>Gu\u00eda de instalaci\u00f3n: Vista Manager EX<\/a><\/li>\n<li style='margin-bottom: 5px;'><a style='color: inherit; text-decoration: underline;' href='https:\/\/www.alliedtelesis.com\/mx\/en\/configure\/awc-plugin-user-guide' data-entity-substitution='canonical' data-entity-type='node' data-entity-uuid='20e89a36-9591-4a68-9b28-8ebcf26c4186'>Gu\u00eda del usuario: Plug-in de control aut\u00f3nomo de ondas (AWC)<\/a><\/li>\n<\/ul><\/div>\n<div>\n<h3 style='font-size: 22px; border-bottom: 2px solid currentColor; padding-bottom: 5px; margin-top: 0; color: inherit; opacity: 0.8;'>Plug-in de Autonomous Wave Control (AWC) para VST-APL<\/h3>\n<p style='font-size: 15px; margin-bottom: 15px; color: inherit;'>Vista Manager Network Appliance (VST-APL) incluye las herramientas para simplificar y centralizar la gesti\u00f3n y la seguridad de su red. Proporciona una vista gr\u00e1fica integrada para la supervisi\u00f3n y gesti\u00f3n de dispositivos por cable&comma; inal\u00e1mbricos y de terceros.<\/p>\n<p style='font-size: 15px; margin-bottom: 15px; color: inherit;'>AWC est\u00e1 disponible como complemento opcional para Vista Manager que se ejecuta en un dispositivo de red de Vista Manager&comma; para la gesti\u00f3n de Wi-Fi.<\/p>\n<p style='font-size: 15px; margin-bottom: 15px; color: inherit;'>Las notas de la versi\u00f3n y la gu\u00eda de instalaci\u00f3n del m\u00f3dulo AWC se incluyen en los documentos de Vista Manager EX. La gesti\u00f3n de la aplicaci\u00f3n de plug-ins est\u00e1 cubierta en los documentos VST-APL.<\/p>\n<p style='font-size: 15px; margin-bottom: 15px; color: inherit;'>La siguiente gu\u00eda del usuario cubre la configuraci\u00f3n y el uso del complemento AWC en un dispositivo de red de Vista Manager:<\/p>\n<ul style='padding-left: 20px; font-size: 14px; margin: 0 0 15px 0; list-style-type: disc; color: inherit;'>\n<li style='margin-bottom: 5px;'><a style='color: inherit; text-decoration: underline;' href='https:\/\/www.alliedtelesis.com\/mx\/en\/configure\/awc-plugin-vst-apl-user-guide' data-entity-substitution='canonical' data-entity-type='node' data-entity-uuid='2eeef082-4c57-49af-9e38-50d9a3f9fccf'>Gu\u00eda del usuario: Plug-in de control aut\u00f3nomo de ondas (AWC) para VST-APL<\/a><\/li>\n<\/ul><\/div>\n<div>\n<h3 style='font-size: 22px; border-bottom: 2px solid currentColor; padding-bottom: 5px; margin-top: 0; color: inherit; opacity: 0.8;'>Plug-in de Autonomous Wave Control (AWC) para VST-VRT<\/h3>\n<p style='font-size: 15px; margin-bottom: 15px; color: inherit;'>Vista Manager Virtual (VST-VRT) incluye las herramientas para simplificar y centralizar la gesti\u00f3n y la seguridad de su red. Proporciona una vista gr\u00e1fica integrada para la supervisi\u00f3n y gesti\u00f3n de dispositivos por cable&comma; inal\u00e1mbricos y de terceros. El software VST-VRT se suministra como un archivo .iso y se implementa en VirtualBox.<\/p>\n<p style='font-size: 15px; margin-bottom: 15px; color: inherit;'>AWC est\u00e1 disponible como complemento opcional para Vista Manager que se ejecuta en Vista Manager Virtual&comma; para la gesti\u00f3n de Wi-Fi.<\/p>\n<p style='font-size: 15px; margin-bottom: 15px; color: inherit;'>Las notas de la versi\u00f3n y la gu\u00eda de instalaci\u00f3n del m\u00f3dulo AWC se incluyen en los documentos de Vista Manager EX. La gesti\u00f3n de la aplicaci\u00f3n del complemento est\u00e1 cubierta en los documentos VST-VRT.<\/p>\n<p style='font-size: 15px; margin-bottom: 15px; color: inherit;'>La siguiente gu\u00eda del usuario cubre la configuraci\u00f3n y el uso del plug-in AWC en Vista Manager Virtual:<\/p>\n<ul style='padding-left: 20px; font-size: 14px; margin: 0 0 15px 0; list-style-type: disc; color: inherit;'>\n<li style='margin-bottom: 5px;'><a style='color: inherit; text-decoration: underline;' href='https:\/\/www.alliedtelesis.com\/mx\/en\/configure\/awc-plugin-vst-vrt-user-guide' data-entity-substitution='canonical' data-entity-type='node' data-entity-uuid='d9a9c08b-5892-44a7-9e75-7dab7da114b0'>Gu\u00eda del usuario: Plug-in de control aut\u00f3nomo de ondas (AWC) para VST-VRT<\/a><\/li>\n<\/ul><\/div>\n<div>\n<h3 style='font-size: 22px; border-bottom: 2px solid currentColor; padding-bottom: 5px; margin-top: 0; color: inherit; opacity: 0.8;'>Gesti\u00f3n inal\u00e1mbrica (AWC) con Vista Manager mini<\/h3>\n<p style='font-size: 15px; margin-bottom: 15px; color: inherit;'>Vista Manager mini est\u00e1 integrado en la interfaz gr\u00e1fica de usuario de dispositivos basada en la web de ciertos conmutadores y cortafuegos. Utiliza AWC para configurar y gestionar sus puntos de acceso inal\u00e1mbrico (AP)&comma; para la gesti\u00f3n de Wi-Fi. Al minimizar las brechas de cobertura y reducir la interferencia de AP&comma; AWC reconfigura autom\u00e1ticamente los puntos de acceso para satisfacer la demanda de los usuarios. Tambi\u00e9n permite extensiones plug-and-play de su red inal\u00e1mbrica y le permite configurar Channel Blanket para una itinerancia perfecta en nuestros puntos de acceso h\u00edbridos.<\/p>\n<p style='font-size: 15px; margin-bottom: 15px; color: inherit;'>Las notas de la versi\u00f3n mini de Vista Manager se incluyen en las notas de la versi\u00f3n de la interfaz gr\u00e1fica de usuario del dispositivo basadas en la web.<\/p>\n<p style='font-size: 15px; margin-bottom: 15px; color: inherit;'>Los siguientes documentos cubren la configuraci\u00f3n y el uso de AWC en Vista Manager mini:<\/p>\n<ul style='padding-left: 20px; font-size: 14px; margin: 0 0 15px 0; list-style-type: disc; color: inherit;'>\n<li style='margin-bottom: 5px;'><a style='color: inherit; text-decoration: underline;' href='https:\/\/www.alliedtelesis.com\/mx\/en\/documents\/web-based-device-gui-release-notes' data-entity-substitution='canonical' data-entity-type='node' data-entity-uuid='5f010e88-94a7-48db-b678-2d6eebf5e0a6'>Notas de la versi\u00f3n de la interfaz gr\u00e1fica de usuario de dispositivos basada en la web<\/a><\/li>\n<li style='margin-bottom: 5px;'><a style='color: inherit; text-decoration: underline;' href='https:\/\/www.alliedtelesis.com\/mx\/en\/configure\/awc-with-vista-manager-mini-user-guide' data-entity-substitution='canonical' data-entity-type='node' data-entity-uuid='b665f6c4-64d3-47de-bc8a-1f276f4c3b90'>Gu\u00eda del usuario: Gesti\u00f3n inal\u00e1mbrica (AWC) con Vista Manager mini<\/a><\/li>\n<\/ul>\n<h5 style='font-size: 16px; margin-top: 20px; margin-bottom: 10px; color: inherit; opacity: 0.8;'>La gesti\u00f3n inal\u00e1mbrica (AWC) con Vista Manager mini est\u00e1 disponible en:<\/h5>\n<ul style='padding-left: 20px; font-size: 14px; margin: 0 0 15px 0; list-style-type: disc; color: inherit;'>\n<li style='margin-bottom: 5px;'>Enrutadores VPN seguros (AR2010V y AR2050V)<\/li>\n<li style='margin-bottom: 5px;'>Interruptores de la serie SwitchBlade x908 GEN2<\/li>\n<li style='margin-bottom: 5px;'>Cortafuegos UTM (AR3050S y AR4050S)<\/li>\n<li style='margin-bottom: 5px;'>Interruptores de la serie x530<\/li>\n<li style='margin-bottom: 5px;'>Interruptores de la serie x550<\/li>\n<li style='margin-bottom: 5px;'>Interruptores de la serie x930<\/li>\n<li style='margin-bottom: 5px;'>Interruptores de la serie x950<\/li>\n<\/ul><\/div>\n<\/p><\/div>\n<\/p><\/div>\n","protected":false},"excerpt":{"rendered":"<p>Licencia de suscripci\u00f3n acumulativa de AWC para 10 AP, licencia de 5 a\u00f1os para las series x530\/DP, x550, x930, x950 y GEN2. Una licencia para 1 conmutador o 1 pila<\/p>\n","protected":false},"featured_media":32,"comment_status":"open","ping_status":"closed","template":"","meta":[],"product_brand":[],"product_cat":[1996],"product_tag":[1995,1997,664],"class_list":{"0":"post-88888","1":"product","2":"type-product","3":"status-publish","4":"has-post-thumbnail","6":"product_cat-licencias-suscripciones","7":"product_tag-allied-telesis","8":"product_tag-licencias-suscripciones","9":"product_tag-networking","11":"first","12":"outofstock","13":"sale","14":"shipping-taxable","15":"purchasable","16":"product-type-simple"},"_links":{"self":[{"href":"https:\/\/soydeaqui.ddns.net\/pachuca\/index.php\/wp-json\/wp\/v2\/product\/88888","targetHints":{"allow":["GET"]}}],"collection":[{"href":"https:\/\/soydeaqui.ddns.net\/pachuca\/index.php\/wp-json\/wp\/v2\/product"}],"about":[{"href":"https:\/\/soydeaqui.ddns.net\/pachuca\/index.php\/wp-json\/wp\/v2\/types\/product"}],"replies":[{"embeddable":true,"href":"https:\/\/soydeaqui.ddns.net\/pachuca\/index.php\/wp-json\/wp\/v2\/comments?post=88888"}],"wp:featuredmedia":[{"embeddable":true,"href":"https:\/\/soydeaqui.ddns.net\/pachuca\/index.php\/wp-json\/wp\/v2\/media\/32"}],"wp:attachment":[{"href":"https:\/\/soydeaqui.ddns.net\/pachuca\/index.php\/wp-json\/wp\/v2\/media?parent=88888"}],"wp:term":[{"taxonomy":"product_brand","embeddable":true,"href":"https:\/\/soydeaqui.ddns.net\/pachuca\/index.php\/wp-json\/wp\/v2\/product_brand?post=88888"},{"taxonomy":"product_cat","embeddable":true,"href":"https:\/\/soydeaqui.ddns.net\/pachuca\/index.php\/wp-json\/wp\/v2\/product_cat?post=88888"},{"taxonomy":"product_tag","embeddable":true,"href":"https:\/\/soydeaqui.ddns.net\/pachuca\/index.php\/wp-json\/wp\/v2\/product_tag?post=88888"}],"curies":[{"name":"wp","href":"https:\/\/api.w.org\/{rel}","templated":true}]}}