{"id":88865,"date":"2026-03-20T02:29:27","date_gmt":"2026-03-20T02:29:27","guid":{"rendered":"https:\/\/soydeaqui.ddns.net\/pachuca\/index.php\/producto\/audifonos-usb-de-diadema-estereo-con-audio-hd-microfono-con-cancelacion-de-ruido-calidad-para-uso-en-oficina\/"},"modified":"2026-03-20T02:29:34","modified_gmt":"2026-03-20T02:29:34","slug":"audifonos-usb-de-diadema-estereo-con-audio-hd-microfono-con-cancelacion-de-ruido-calidad-para-uso-en-oficina","status":"publish","type":"product","link":"https:\/\/soydeaqui.ddns.net\/pachuca\/index.php\/producto\/audifonos-usb-de-diadema-estereo-con-audio-hd-microfono-con-cancelacion-de-ruido-calidad-para-uso-en-oficina\/","title":{"rendered":"Aud\u00edfonos USB de Diadema EST\u00c9REO con Audio HD \/ Micr\u00f3fono con Cancelaci\u00f3n de Ruido \/ Calidad para uso en Oficina"},"content":{"rendered":"<div style='width: 100%; max-width: 1200px; margin: 0 auto; font-family: sans-serif; line-height: 1.6; color: inherit; background-color: transparent;'> <!-- Secci\u00f3n de caracter\u00edsticas principales --> <\/p>\n<div style='display: flex; flex-wrap: wrap; gap: 30px; margin-bottom: 30px;'>\n<div style='flex: 1 1 300px; min-width: 280px;'>\n<h3 style='font-size: 22px; border-bottom: 2px solid currentColor; padding-bottom: 5px; margin-top: 0; color: inherit; opacity: 0.8;'>Caracter\u00edsticas principales<\/h3>\n<ul style='padding-left: 20px; font-size: 15px; color: inherit;'>\n<li style='margin-bottom: 5px;'>Conexi\u00f3n v\u00eda USB<\/li>\n<li style='margin-bottom: 5px;'>Audio de sonido HD para una comunicaci\u00f3n clara<\/li>\n<li style='margin-bottom: 5px;'>Micr\u00f3fono con cancelaci\u00f3n de ruido adicional<\/li>\n<li style='margin-bottom: 5px;'>Alta calidad para uso en oficinas<\/li>\n<li style='margin-bottom: 5px;'><\/li>\n<li style='margin-bottom: 5px;'>Brazo de micr\u00f3fono ajustable 300\u00b0<\/li>\n<\/ul><\/div>\n<div style='flex: 1 1 300px; min-width: 280px;'>\n<h3 style='font-size: 22px; border-bottom: 2px solid currentColor; padding-bottom: 5px; margin-top: 0; color: inherit; opacity: 0.8;'>Caracter\u00edsticas F\u00edsicas y El\u00e9ctricas<\/h3>\n<ul style='padding-left: 20px; font-size: 15px; color: inherit;'>\n<li style='margin-bottom: 5px;'>Tipo de recepci\u00f3n: bobina m\u00f3vil din\u00e1mica<\/li>\n<li style='margin-bottom: 5px;'>Tipo de micr\u00f3fono: ECM<\/li>\n<li style='margin-bottom: 5px;'>Directividad del micr\u00f3fono: cardioide<\/li>\n<li style='margin-bottom: 5px;'>Estilo de uso: diadema ajustable<\/li>\n<li style='margin-bottom: 5px;'>Junta de altavoz y diadema: giratoria 60\u00b0<\/li>\n<li style='margin-bottom: 5px;'>Temperatura de almacenamiento: -40 \u00b0C ~ 70 \u00b0C<\/li>\n<li style='margin-bottom: 5px;'>Peso (Mono \/ DUO): 58g \/ 72g<\/li>\n<\/ul><\/div>\n<div style='flex: 1 1 300px; min-width: 280px;'>\n<h3 style='font-size: 22px; border-bottom: 2px solid currentColor; padding-bottom: 5px; margin-top: 0; color: inherit; opacity: 0.8;'>Contenido del paquete<\/h3>\n<ul style='padding-left: 20px; font-size: 15px; color: inherit;'>\n<li style='margin-bottom: 5px;'>Auricular\/Diadema ProA<\/li>\n<li style='margin-bottom: 5px;'>Almohadilla de repuesto para la oreja<\/li>\n<li style='margin-bottom: 5px;'>Gu\u00eda del usuario<\/li>\n<li style='margin-bottom: 5px;'>Clip para ropa<\/li>\n<\/ul><\/div>\n<\/p><\/div>\n<p> <!-- Imagen y descripci\u00f3n adicional --> <\/p>\n<div style='display: flex; flex-wrap: wrap; gap: 30px; margin-bottom: 30px;'>\n<div style='flex: 1 1 400px; min-width: 300px;'> <img style='width: 100%; height: auto; border: 1px solid rgba(150&comma;150&comma;150&comma;0.3); border-radius: 8px;' src='https:\/\/ftp3.syscom.mx\/usuarios\/fotos\/PROAHS10USB\/200972-captura_de_pantalla_2021-10-26_a_la(s)_14.19.57.png' alt=''> <\/div>\n<div style='flex: 1 1 400px; min-width: 300px;'>\n<h3 style='font-size: 22px; border-bottom: 2px solid currentColor; padding-bottom: 5px; margin-top: 0; color: inherit; opacity: 0.8;'>Para Oficina&comma; Casa y Aula de Clases ProA HS10<\/h3>\n<ul style='padding-left: 20px; font-size: 15px; color: inherit;'>\n<li style='margin-bottom: 5px;'>Superficie con tecnolog\u00eda de nanoplacado en acabado final<\/li>\n<li style='margin-bottom: 5px;'>Audio con sonido HD para una comunicaci\u00f3n clara<\/li>\n<li style='margin-bottom: 5px;'>Micr\u00f3fono con cancelaci\u00f3n de ruido ultra eficaz para disminuir el ruido de fondo<\/li>\n<li style='margin-bottom: 5px;'>Protecci\u00f3n contra picos de audio<\/li>\n<li style='margin-bottom: 5px;'>Almohadillas de tama\u00f1o king<\/li>\n<li style='margin-bottom: 5px;'>Dise\u00f1o con un peso ligero<\/li>\n<\/ul><\/div>\n<\/p><\/div>\n<p> <!-- Secci\u00f3n de detalles t\u00e9cnicos --> <\/p>\n<div style='display: flex; flex-wrap: wrap; gap: 30px; margin-bottom: 30px;'>\n<div style='flex: 1 1 400px; min-width: 300px;'>\n<h3 style='font-size: 22px; border-bottom: 2px solid currentColor; padding-bottom: 5px; margin-top: 0; color: inherit; opacity: 0.8;'>Micr\u00f3fono con Cancelaci\u00f3n de Ruido<\/h3>\n<p style='font-size: 15px; color: inherit; margin-bottom: 15px;'>Los micr\u00f3fonos con cancelaci\u00f3n de ruido disminuyen el ruido de fondo no deseado y son ideales en entornos de trabajo abiertos&comma; abarrotados y ruidosos&comma; lo que nos permite superar el ruido y las interrupciones&comma; ofrecer conversaciones n\u00edtidas y llevar la comunicaci\u00f3n empresarial al siguiente nivel.<\/p>\n<h3 style='font-size: 22px; border-bottom: 2px solid currentColor; padding-bottom: 5px; margin-top: 0; color: inherit; opacity: 0.8;'>PeakStop&comma; protege los o\u00eddos frente a ruidos intensos y repentinos<\/h3>\n<\/p><\/div>\n<div style='flex: 1 1 400px; min-width: 300px;'> <img style='width: 100%; height: auto; border: 1px solid rgba(150&comma;150&comma;150&comma;0.3); border-radius: 8px;' src='https:\/\/ftp3.syscom.mx\/usuarios\/fotos\/PROAHS10USB\/200972-captura_de_pantalla_2021-10-26_a_la(s)_14.18.48.png' alt=''> <\/div>\n<\/p><\/div>\n<\/p><\/div>\n","protected":false},"excerpt":{"rendered":"<p>Aud\u00edfonos USB de Diadema EST\u00c9REO con Audio HD \/ Micr\u00f3fono con Cancelaci\u00f3n de Ruido \/ Calidad para uso en Oficina<\/p>\n","protected":false},"featured_media":88864,"comment_status":"open","ping_status":"closed","template":"","meta":[],"product_brand":[],"product_cat":[2050],"product_tag":[2051,110,2004],"class_list":{"0":"post-88865","1":"product","2":"type-product","3":"status-publish","4":"has-post-thumbnail","6":"product_cat-auriculares","7":"product_tag-auriculares","8":"product_tag-epcom-proaudio","9":"product_tag-voip-telefonia-ip-videoconferencia","11":"first","12":"instock","13":"sale","14":"shipping-taxable","15":"purchasable","16":"product-type-simple"},"_links":{"self":[{"href":"https:\/\/soydeaqui.ddns.net\/pachuca\/index.php\/wp-json\/wp\/v2\/product\/88865","targetHints":{"allow":["GET"]}}],"collection":[{"href":"https:\/\/soydeaqui.ddns.net\/pachuca\/index.php\/wp-json\/wp\/v2\/product"}],"about":[{"href":"https:\/\/soydeaqui.ddns.net\/pachuca\/index.php\/wp-json\/wp\/v2\/types\/product"}],"replies":[{"embeddable":true,"href":"https:\/\/soydeaqui.ddns.net\/pachuca\/index.php\/wp-json\/wp\/v2\/comments?post=88865"}],"wp:featuredmedia":[{"embeddable":true,"href":"https:\/\/soydeaqui.ddns.net\/pachuca\/index.php\/wp-json\/wp\/v2\/media\/88864"}],"wp:attachment":[{"href":"https:\/\/soydeaqui.ddns.net\/pachuca\/index.php\/wp-json\/wp\/v2\/media?parent=88865"}],"wp:term":[{"taxonomy":"product_brand","embeddable":true,"href":"https:\/\/soydeaqui.ddns.net\/pachuca\/index.php\/wp-json\/wp\/v2\/product_brand?post=88865"},{"taxonomy":"product_cat","embeddable":true,"href":"https:\/\/soydeaqui.ddns.net\/pachuca\/index.php\/wp-json\/wp\/v2\/product_cat?post=88865"},{"taxonomy":"product_tag","embeddable":true,"href":"https:\/\/soydeaqui.ddns.net\/pachuca\/index.php\/wp-json\/wp\/v2\/product_tag?post=88865"}],"curies":[{"name":"wp","href":"https:\/\/api.w.org\/{rel}","templated":true}]}}