{"id":88856,"date":"2026-03-20T02:29:06","date_gmt":"2026-03-20T02:29:06","guid":{"rendered":"https:\/\/soydeaqui.ddns.net\/pachuca\/index.php\/producto\/punto-de-acceso-super-wifi-ptp-y-ptmp-conectorizado-en-2-4-ghz-hasta-800-m-de-cobertura-wifi-soporta-fichas-vouchers-hasta-29-dbm-de-potencia\/"},"modified":"2026-03-20T02:29:19","modified_gmt":"2026-03-20T02:29:19","slug":"punto-de-acceso-super-wifi-ptp-y-ptmp-conectorizado-en-2-4-ghz-hasta-800-m-de-cobertura-wifi-soporta-fichas-vouchers-hasta-29-dbm-de-potencia","status":"publish","type":"product","link":"https:\/\/soydeaqui.ddns.net\/pachuca\/index.php\/producto\/punto-de-acceso-super-wifi-ptp-y-ptmp-conectorizado-en-2-4-ghz-hasta-800-m-de-cobertura-wifi-soporta-fichas-vouchers-hasta-29-dbm-de-potencia\/","title":{"rendered":"Punto de Acceso Super WiFi, PTP y PTMP Conectorizado en 2.4 GHz, Hasta 800 m de Cobertura WiFi, Soporta Fichas-Vouchers, Hasta 29 dBm de Potencia"},"content":{"rendered":"<div style='width: 100%; max-width: 1200px; margin: 0 auto; font-family: sans-serif; line-height: 1.6; color: inherit; background-color: transparent;'> <!-- Im\u00e1genes iniciales --> <\/p>\n<div style='display: flex; flex-wrap: wrap; gap: 20px; margin-bottom: 30px; justify-content: center;'> <img style='width: 100%; max-width: 300px; height: auto; border: 1px solid rgba(150&comma;150&comma;150&comma;0.3); border-radius: 8px;' src='https:\/\/ftp3.syscom.mx\/usuarios\/hortega\/Altai\/Altai.png' alt=''> <img style='width: 100%; max-width: 230px; height: auto; border: 1px solid rgba(150&comma;150&comma;150&comma;0.3); border-radius: 8px;' src='https:\/\/ftp3.syscom.mx\/usuarios\/fotos\/C1N\/74401-image_2019_11_19t22_34_31_506z.png' alt=''> <\/div>\n<p> <!-- Imagen de distancia --> <\/p>\n<div style='text-align: center; margin: 30px 0;'> <img style='width: 100%; max-width: 300px; height: auto; border: 1px solid rgba(150&comma;150&comma;150&comma;0.3); border-radius: 8px;' src='https:\/\/ftp3.syscom.mx\/usuarios\/hortega\/Altai\/Distancias\/c1n.png' alt=''> <\/p>\n<p style='margin-top: 15px; font-size: 14px; color: inherit;'><strong>Distancia M\u00e1xima<\/strong>: Hasta <strong>500 metros<\/strong> para dispositivos <strong>Wi-Fi<\/strong><\/p>\n<\/p><\/div>\n<p> <!-- Caracter\u00edsticas t\u00e9cnicas --> <\/p>\n<div style='display: flex; flex-wrap: wrap; gap: 20px; margin-bottom: 30px;'>\n<div style='flex: 1 1 200px; min-width: 150px; border: 1px solid rgba(150&comma;150&comma;150&comma;0.3); border-radius: 8px; padding: 15px;'>\n<div style='display: flex; align-items: center; justify-content: center; margin-bottom: 10px;'> <img style='width: 61px; height: auto;' src='https:\/\/ftp3.syscom.mx\/usuarios\/hortega\/Altai\/Logos\/Wifi.png' alt=''> <\/div>\n<ul style='padding-left: 20px; font-size: 14px; color: inherit; list-style-type: disc; margin: 0;'>\n<li style='margin-bottom: 5px;'><strong>Est\u00e1ndar:<\/strong> 802.11 b\/g\/n<\/li>\n<\/ul><\/div>\n<div style='flex: 1 1 200px; min-width: 150px; border: 1px solid rgba(150&comma;150&comma;150&comma;0.3); border-radius: 8px; padding: 15px;'>\n<div style='display: flex; align-items: center; justify-content: center; margin-bottom: 10px;'> <img style='width: 48px; height: auto;' src='https:\/\/ftp3.syscom.mx\/usuarios\/hortega\/Altai\/Logos\/usuarios.png' alt=''> <\/div>\n<ul style='padding-left: 20px; font-size: 14px; color: inherit; list-style-type: disc; margin: 0;'>\n<li style='margin-bottom: 5px;'><strong>Usuarios:<\/strong> 128 dispositivos concurrentes<\/li>\n<\/ul><\/div>\n<div style='flex: 1 1 200px; min-width: 150px; border: 1px solid rgba(150&comma;150&comma;150&comma;0.3); border-radius: 8px; padding: 15px;'>\n<div style='display: flex; align-items: center; justify-content: center; margin-bottom: 10px;'> <img style='width: 57px; height: auto;' src='https:\/\/ftp3.syscom.mx\/usuarios\/hortega\/Altai\/Logos\/velocidad.png' alt=''> <\/div>\n<ul style='padding-left: 20px; font-size: 14px; color: inherit; list-style-type: disc; margin: 0;'>\n<li style='margin-bottom: 5px;'><strong>Velocidad:<\/strong> 300 Mbps<\/li>\n<\/ul><\/div>\n<div style='flex: 1 1 200px; min-width: 150px; border: 1px solid rgba(150&comma;150&comma;150&comma;0.3); border-radius: 8px; padding: 15px;'>\n<div style='display: flex; align-items: center; justify-content: center; margin-bottom: 10px;'> <img style='width: 52px; height: auto;' src='https:\/\/ftp3.syscom.mx\/usuarios\/hortega\/Altai\/Logos\/repetidor.png' alt=''> <\/div>\n<ul style='padding-left: 20px; font-size: 14px; color: inherit; list-style-type: disc; margin: 0;'>\n<li style='margin-bottom: 5px;'>Modo: Access Point \/ Cliente \/ Repetidor<\/li>\n<\/ul><\/div>\n<div style='flex: 1 1 200px; min-width: 150px; border: 1px solid rgba(150&comma;150&comma;150&comma;0.3); border-radius: 8px; padding: 15px;'>\n<div style='display: flex; align-items: center; justify-content: center; margin-bottom: 10px;'> <img style='width: 36px; height: auto;' src='https:\/\/ftp3.syscom.mx\/usuarios\/hortega\/Altai\/Logos\/potencia.png' alt=''> <\/div>\n<ul style='padding-left: 20px; font-size: 14px; color: inherit; list-style-type: disc; margin: 0;'>\n<li style='margin-bottom: 5px;'><strong>Potencia:<\/strong> 29 dBm Max. TX Power<\/li>\n<\/ul><\/div>\n<div style='flex: 1 1 200px; min-width: 150px; border: 1px solid rgba(150&comma;150&comma;150&comma;0.3); border-radius: 8px; padding: 15px;'>\n<div style='display: flex; align-items: center; justify-content: center; margin-bottom: 10px;'> <img style='width: 53px; height: auto;' src='https:\/\/ftp3.syscom.mx\/usuarios\/hortega\/Altai\/Logos\/nube.png' alt=''> <\/div>\n<ul style='padding-left: 20px; font-size: 14px; color: inherit; list-style-type: disc; margin: 0;'>\n<li style='margin-bottom: 5px;'>Soporte Altai Care \/ On-Premise<\/li>\n<\/ul><\/div>\n<\/p><\/div>\n<p> <!-- Secci\u00f3n de especificaciones --> <\/p>\n<h3 style='font-size: 22px; border-bottom: 2px solid currentColor; padding-bottom: 5px; margin-top: 30px; margin-bottom: 20px; color: inherit; opacity: 0.8;'>Especificaciones<\/h3>\n<div style='display: flex; flex-wrap: wrap; gap: 20px; margin-bottom: 30px;'> <!-- Caracter\u00edsticas Principales --> <\/p>\n<div style='flex: 1 1 300px; min-width: 280px; border: 1px solid rgba(150&comma;150&comma;150&comma;0.4); border-radius: 8px; overflow: hidden;'>\n<div style='padding: 15px; border-bottom: 1px solid rgba(150&comma;150&comma;150&comma;0.2); font-weight: bold; font-size: 18px; color: inherit; background-color: rgba(150&comma;150&comma;150&comma;0.1);'>Caracter\u00edsticas Principales<\/div>\n<div style='padding: 15px; color: inherit;'>\n<ul style='padding-left: 20px; margin: 0; font-size: 14px; list-style-type: disc;'>\n<li style='margin-bottom: 5px;'>Hasta 128 dispositivos clientes.<\/li>\n<li style='margin-bottom: 5px;'>Administraci\u00f3n: Standalone&comma; Altaicare (cloud)&comma; AltaiGate (controlador Local)<\/li>\n<li style='margin-bottom: 5px;'>Hasta 800 m de cobertura WiFi con antena sectorial de 15 dBi (no incluida).<\/li>\n<li style='margin-bottom: 5px;'>Tecnolog\u00eda MIMO 2&#215;2.<\/li>\n<li style='margin-bottom: 5px;'>Modos de operaci\u00f3n: AP\/CPE\/Repetidor\/Bridge.<\/li>\n<li style='margin-bottom: 5px;'>Hasta 16 SSID.<\/li>\n<li style='margin-bottom: 5px;'>Fast roaming.<\/li>\n<li style='margin-bottom: 5px;'>Hasta 29dBm de potencia.<\/li>\n<li style='margin-bottom: 5px;'>Modo Bridge (switch) y router (gateway).<\/li>\n<li style='margin-bottom: 5px;'>Est\u00e1ndar 802.11 b\/g\/n<\/li>\n<\/ul><\/div>\n<\/p><\/div>\n<p> <!-- Caracter\u00edsticas F\u00edsicas y El\u00e9ctricas --> <\/p>\n<div style='flex: 1 1 300px; min-width: 280px; border: 1px solid rgba(150&comma;150&comma;150&comma;0.4); border-radius: 8px; overflow: hidden;'>\n<div style='padding: 15px; border-bottom: 1px solid rgba(150&comma;150&comma;150&comma;0.2); font-weight: bold; font-size: 18px; color: inherit; background-color: rgba(150&comma;150&comma;150&comma;0.1);'>Caracter\u00edsticas F\u00edsicas y El\u00e9ctricas<\/div>\n<div style='padding: 15px; color: inherit;'>\n<ul style='padding-left: 20px; margin: 0; font-size: 14px; list-style-type: disc;'>\n<li style='margin-bottom: 5px;'>2 conectores SMA Hembra Inverso para antena externa (no incluye Jumpers).<\/li>\n<li style='margin-bottom: 5px;'>1 Puerto Fast Ethernet.<\/li>\n<li style='margin-bottom: 5px;'>Opciones de montaje: escritorio&comma; pared y poste.<\/li>\n<li style='margin-bottom: 5px;'><strong>Alimentaci\u00f3n:<\/strong> 18 Vcc v\u00eda inyector PoE pasivo (incluido).<\/li>\n<li style='margin-bottom: 5px;'><strong>PoE recomendado modelo:<\/strong> <a style='color: inherit; text-decoration: underline;' href='https:\/\/www.syscom.mx\/producto\/SD.PE-C1N1-US-ALTAI-TECHNOLOGIES-215331.html'>SD.PE-C1N1-US<\/a><\/li>\n<li style='margin-bottom: 5px;'>Consumo de 8W (max).<\/li>\n<li style='margin-bottom: 5px;'>Dimensiones: 24 x 8 x 2.7 cm.<\/li>\n<li style='margin-bottom: 5px;'>Peso 240 g.<\/li>\n<li style='margin-bottom: 5px;'>Soporta Temperatura de -20 a 55 \u00b0C.<\/li>\n<\/ul><\/div>\n<\/p><\/div>\n<p> <!-- El Paquete Incluye --> <\/p>\n<div style='flex: 1 1 300px; min-width: 280px; border: 1px solid rgba(150&comma;150&comma;150&comma;0.4); border-radius: 8px; overflow: hidden;'>\n<div style='padding: 15px; border-bottom: 1px solid rgba(150&comma;150&comma;150&comma;0.2); font-weight: bold; font-size: 18px; color: inherit; background-color: rgba(150&comma;150&comma;150&comma;0.1);'>El Paquete Incluye<\/div>\n<div style='padding: 15px; color: inherit;'>\n<ul style='padding-left: 20px; margin: 0; font-size: 14px; list-style-type: disc;'>\n<li style='margin-bottom: 5px;'>1 Punto de Acceso C1xn+<\/li>\n<li style='margin-bottom: 5px;'>1 Fuente de Voltaje de 18 V<\/li>\n<li style='margin-bottom: 5px;'>1 Cincho<\/li>\n<\/ul><\/div>\n<\/p><\/div>\n<\/p><\/div>\n<p> <!-- Videos --> <\/p>\n<div style='margin: 30px 0;'>\n<h3 style='font-size: 22px; border-bottom: 2px solid currentColor; padding-bottom: 5px; margin-top: 0; margin-bottom: 20px; color: inherit; opacity: 0.8;'>Videos<\/h3>\n<div style='display: flex; flex-wrap: wrap; gap: 20px; justify-content: center;'> <!-- Video 1 --> <\/p>\n<div style='flex: 1 1 560px; max-width: 100%;'>\n<div style='position: relative; padding-bottom: 56.25%; height: 0; overflow: hidden;'>   <\/div>\n<p style='margin-top: 10px; text-align: center; font-size: 14px; color: inherit;'>Gu\u00eda R\u00e1pida de Configuraci\u00f3n de Access Point Altai<\/p>\n<\/p><\/div>\n<p> <!-- Video 2 --> <\/p>\n<div style='flex: 1 1 560px; max-width: 100%;'>\n<div style='position: relative; padding-bottom: 56.25%; height: 0; overflow: hidden;'>   <\/div>\n<p style='margin-top: 10px; text-align: center; font-size: 14px; color: inherit;'>Esquema de Licenciamiento de los Sistemas de Gesti\u00f3n de Altai<\/p>\n<\/p><\/div>\n<p> <!-- Video 3 --> <\/p>\n<div style='flex: 1 1 560px; max-width: 100%;'>\n<div style='position: relative; padding-bottom: 56.25%; height: 0; overflow: hidden;'>   <\/div>\n<p style='margin-top: 10px; text-align: center; font-size: 14px; color: inherit;'>Crea tu Hotspot WiFi con AltaiCare<\/p>\n<\/p><\/div>\n<p> <!-- Video 4 --> <\/p>\n<div style='flex: 1 1 560px; max-width: 100%;'>\n<div style='position: relative; padding-bottom: 56.25%; height: 0; overflow: hidden;'>   <\/div>\n<p style='margin-top: 10px; text-align: center; font-size: 14px; color: inherit;'>Crea Campa\u00f1as Publicitarias con tu Hotspot WiFi de AltaiCare<\/p>\n<\/p><\/div>\n<p> <!-- Video 5 --> <\/p>\n<div style='flex: 1 1 560px; max-width: 100%;'>\n<div style='position: relative; padding-bottom: 56.25%; height: 0; overflow: hidden;'>   <\/div>\n<p style='margin-top: 10px; text-align: center; font-size: 14px; color: inherit;'>Gestiona Reportes &#038; Alertas de tu red WiFi con AltaiCare<\/p>\n<\/p><\/div>\n<\/p><\/div>\n<\/p><\/div>\n<p> <!-- Nota importante --> <\/p>\n<div style='margin: 30px 0; padding: 15px; border-left: 3px solid rgba(184&comma;49&comma;47&comma;0.8); background-color: rgba(184&comma;49&comma;47&comma;0.05);'>\n<p style='margin: 0; font-size: 14px; color: inherit;'> <em>La m\u00e1xima distancia en cobertura&comma; capacidad de dispositivos m\u00f3viles WiFi&comma; velocidades de conexi\u00f3n&comma; etc. depender\u00e1 particularmente de cada sitio de instalaci\u00f3n&comma; l\u00ednea de vista plena 100%&comma; niveles de ruido e interferencia&comma; tipo de dispositivos WiFi&comma; alineaci\u00f3n y altura de las antenas.<\/em> <\/p>\n<\/p><\/div>\n<\/p><\/div>\n","protected":false},"excerpt":{"rendered":"<p>Punto de Acceso Super WiFi, PTP y PTMP Conectorizado en 2.4 GHz, Hasta 800 m de Cobertura WiFi, Soporta Fichas-Vouchers, Hasta 29 dBm de Potencia<\/p>\n","protected":false},"featured_media":88855,"comment_status":"open","ping_status":"closed","template":"","meta":[],"product_brand":[],"product_cat":[2058],"product_tag":[2059,1950,1980],"class_list":{"0":"post-88856","1":"product","2":"type-product","3":"status-publish","4":"has-post-thumbnail","6":"product_cat-2-4-ghz","7":"product_tag-2-4-ghz","8":"product_tag-altai-technologies","9":"product_tag-enlaces-ptp-y-ptmp","11":"first","12":"instock","13":"sale","14":"shipping-taxable","15":"purchasable","16":"product-type-simple"},"_links":{"self":[{"href":"https:\/\/soydeaqui.ddns.net\/pachuca\/index.php\/wp-json\/wp\/v2\/product\/88856","targetHints":{"allow":["GET"]}}],"collection":[{"href":"https:\/\/soydeaqui.ddns.net\/pachuca\/index.php\/wp-json\/wp\/v2\/product"}],"about":[{"href":"https:\/\/soydeaqui.ddns.net\/pachuca\/index.php\/wp-json\/wp\/v2\/types\/product"}],"replies":[{"embeddable":true,"href":"https:\/\/soydeaqui.ddns.net\/pachuca\/index.php\/wp-json\/wp\/v2\/comments?post=88856"}],"wp:featuredmedia":[{"embeddable":true,"href":"https:\/\/soydeaqui.ddns.net\/pachuca\/index.php\/wp-json\/wp\/v2\/media\/88855"}],"wp:attachment":[{"href":"https:\/\/soydeaqui.ddns.net\/pachuca\/index.php\/wp-json\/wp\/v2\/media?parent=88856"}],"wp:term":[{"taxonomy":"product_brand","embeddable":true,"href":"https:\/\/soydeaqui.ddns.net\/pachuca\/index.php\/wp-json\/wp\/v2\/product_brand?post=88856"},{"taxonomy":"product_cat","embeddable":true,"href":"https:\/\/soydeaqui.ddns.net\/pachuca\/index.php\/wp-json\/wp\/v2\/product_cat?post=88856"},{"taxonomy":"product_tag","embeddable":true,"href":"https:\/\/soydeaqui.ddns.net\/pachuca\/index.php\/wp-json\/wp\/v2\/product_tag?post=88856"}],"curies":[{"name":"wp","href":"https:\/\/api.w.org\/{rel}","templated":true}]}}