{"id":88848,"date":"2026-03-20T02:28:45","date_gmt":"2026-03-20T02:28:45","guid":{"rendered":"https:\/\/soydeaqui.ddns.net\/pachuca\/index.php\/producto\/kit-extensor-matricial-hdmi-para-distancias-de-120-metros-resolucion-1080p-60hz-cat6-soporta-100-tx-de-entrada-e-ilimitados-rx-en-la-salida-control-por-pc-control-remoto-y-boton-compatibl\/"},"modified":"2026-03-20T02:28:56","modified_gmt":"2026-03-20T02:28:56","slug":"kit-extensor-matricial-hdmi-para-distancias-de-120-metros-resolucion-1080p-60hz-cat6-soporta-100-tx-de-entrada-e-ilimitados-rx-en-la-salida-control-por-pc-control-remoto-y-boton-compatibl","status":"publish","type":"product","link":"https:\/\/soydeaqui.ddns.net\/pachuca\/index.php\/producto\/kit-extensor-matricial-hdmi-para-distancias-de-120-metros-resolucion-1080p-60hz-cat6-soporta-100-tx-de-entrada-e-ilimitados-rx-en-la-salida-control-por-pc-control-remoto-y-boton-compatibl\/","title":{"rendered":"Kit Extensor MATRICIAL HDMI para distancias de 120 metros \/ Resoluci\u00f3n 1080P @ 60Hz \/ Cat6 \/ Soporta 100 TX de entrada e Ilimitados RX en la salida \/ Control por PC, Control Remoto y Bot\u00f3n \/ Compatible con Switch IGMP."},"content":{"rendered":"<div style='width: 100%; max-width: 1200px; margin: 0 auto; font-family: sans-serif; line-height: 1.6; color: inherit; background-color: transparent;'> <!-- Secci\u00f3n de imagen y descripci\u00f3n principal --> <\/p>\n<div style='display: flex; flex-wrap: wrap; gap: 30px; margin-bottom: 30px;'>\n<div style='flex: 1 1 300px; min-width: 280px;'> <img style='width: 100%; height: auto; border: 1px solid rgba(150&comma;150&comma;150&comma;0.3); border-radius: 8px;' src='http:\/\/ftp3.syscom.mx\/usuarios\/hallende\/EPCOM%20Titanium\/TT-383-MATRIX-4.0\/IGMP.jpg' alt=''> <\/div>\n<div style='flex: 1 1 300px; min-width: 280px;'>\n<h2 style='font-size: 24px; margin-top: 0; color: inherit;'>Kit extensor matricial HDMI soporta 100 TX de entrada e Ilimitados RX en la salida<\/h2>\n<p>Las matrices de conmutaci\u00f3n HDMI de Epcom TITANIUM proporcionan un enrutamiento de alto rendimiento de se\u00f1ales HDMI a m\u00faltiples dispositivos de visualizaci\u00f3n. Trabaja junto con un switch IGMP&comma; esta matriz TT383MATRIX4.0 es una soluci\u00f3n de extensi\u00f3n de matriz perfecta para todo tipo de instalaci\u00f3n ya que puede soportar hasta 100 entradas e ilimitados receptores de salida. Cualquiera de las entradas se puede extender a cualquiera de las pantallas designadas&comma; tambi\u00e9n puede trabajar en conexi\u00f3n 1 a 1 alcanzando una transmisi\u00f3n de 120 metros.<\/p>\n<p>Con tama\u00f1o peque\u00f1o&comma; excelente rendimiento y muy bajo costo&comma; este extensor de matriz puede reemplazar el sistema de matriz tradicional reduciendo el costo hasta en una tercera parte.<\/p>\n<\/p><\/div>\n<\/p><\/div>\n<p> <!-- Secci\u00f3n de caracter\u00edsticas --> <\/p>\n<div style='display: flex; flex-wrap: wrap; gap: 20px; margin-bottom: 30px;'>\n<div style='flex: 1 1 300px; border: 1px solid rgba(150&comma; 150&comma; 150&comma; 0.4); border-radius: 8px; overflow: hidden; display: flex; flex-direction: column;'>\n<div style='padding: 15px; border-bottom: 1px solid rgba(150&comma; 150&comma; 150&comma; 0.2); font-weight: bold; font-size: 18px; color: inherit;'>Caracter\u00edsticas principales<\/div>\n<div style='padding: 15px; color: inherit;'>\n<ul style='padding-left: 20px; margin: 0; font-size: 14px; list-style-type: disc;'>\n<li style='margin-bottom: 5px;'>Distancia de transmisi\u00f3n con CAT6 hasta 120m<\/li>\n<li style='margin-bottom: 5px;'>Soporta resoluciones hasta 4k<\/li>\n<li style='margin-bottom: 5px;'>Soporta IR Pass Back funci\u00f3n para controlar dispositivos (usando el TX)<\/li>\n<li style='margin-bottom: 5px;'>Soporta Switch Lan compatible con IGMP.<\/li>\n<li style='margin-bottom: 5px;'>Control por PC \u00f3 computadora.<\/li>\n<li style='margin-bottom: 5px;'>Control directamente en el receptor.<\/li>\n<li style='margin-bottom: 5px;'>Controle usando el control remoto.<\/li>\n<\/ul><\/div>\n<\/p><\/div>\n<div style='flex: 1 1 300px; border: 1px solid rgba(150&comma; 150&comma; 150&comma; 0.4); border-radius: 8px; overflow: hidden; display: flex; flex-direction: column;'>\n<div style='padding: 15px; border-bottom: 1px solid rgba(150&comma; 150&comma; 150&comma; 0.2); font-weight: bold; font-size: 18px; color: inherit;'>Especificaciones t\u00e9cnicas<\/div>\n<div style='padding: 15px; color: inherit;'>\n<ul style='padding-left: 20px; margin: 0; font-size: 14px; list-style-type: disc;'>\n<li style='margin-bottom: 5px;'><strong>Alimentaci\u00f3n: <\/strong>5 Vcc&comma; 2 A (Alimentacion Incluida)<\/li>\n<li style='margin-bottom: 5px;'><strong>Potencia de consumo: <\/strong>5W<\/li>\n<li style='margin-bottom: 5px;'><strong>Dimensiones: <\/strong>164(L) x 107&comma;6(W) X23&comma;6(H) mm.<\/li>\n<li style='margin-bottom: 5px;'><strong>Peso neto: <\/strong>310g<\/li>\n<li style='margin-bottom: 5px;'><strong>Temperatura de funcionamiento:<\/strong> 0~60\u00b0C<\/li>\n<li style='margin-bottom: 5px;'><strong>Nota.-<\/strong> El control remoto&comma; no incluye la bater\u00eda&comma; el modelo sugerido es: <a href='https:\/\/www.syscom.mx\/producto\/CR2025-EPCOM-POWERLINE-13901.html' style='color: inherit; text-decoration: underline;'>CR2025<\/a><\/li>\n<li style='margin-bottom: 5px;'>Garant\u00eda contra defecto de fabricaci\u00f3n de 1 a\u00f1o<\/li>\n<li style='margin-bottom: 5px;'><span style='color: inherit;'>El ancho de banda es de 28 Mbps&comma; el tama\u00f1o por paquete es:1&comma;460bytes<\/span><\/li>\n<li style='margin-bottom: 5px;'><span style='color: #e74c3c; color: inherit;'>No soporta trabajar con app.<\/span><\/li>\n<\/ul><\/div>\n<\/p><\/div>\n<div style='flex: 1 1 300px; border: 1px solid rgba(150&comma; 150&comma; 150&comma; 0.4); border-radius: 8px; overflow: hidden; display: flex; flex-direction: column;'>\n<div style='padding: 15px; border-bottom: 1px solid rgba(150&comma; 150&comma; 150&comma; 0.2); font-weight: bold; font-size: 18px; color: inherit;'>Recomendaciones y recursos<\/div>\n<div style='padding: 15px; color: inherit;'>\n<ul style='padding-left: 20px; margin: 0; font-size: 14px; list-style-type: disc;'>\n<li style='margin-bottom: 5px;'><strong>Switch IGMP Sugerido:<\/strong><\/li>\n<li style='margin-bottom: 5px;'><strong>8 puertos: <\/strong><a href='https:\/\/www.syscom.mx\/producto\/TL-SG3210-TP-LINK-193901.html' style='color: inherit; text-decoration: underline;'>TL-SG3210<\/a><\/li>\n<li style='margin-bottom: 5px;'><strong>16 puertos:<\/strong> <a href='TL-SG2218' style='color: inherit; text-decoration: underline;'>TL-SG2218<\/a><\/li>\n<li style='margin-bottom: 5px;'><strong>24 puertos:<\/strong> <a href='TL-SG3428' style='color: inherit; text-decoration: underline;'>TL-SG3428<\/a><\/li>\n<li style='margin-bottom: 5px;'><strong>48 puertos: <\/strong><a href='TL-SG3452' style='color: inherit; text-decoration: underline;'>TL-SG3452<\/a><\/li>\n<li style='margin-bottom: 5px;'>Descargue el software para control por computadora dando clic <a href='https:\/\/www.google.com\/url?q=https:\/\/ftp3.syscom.mx\/usuarios\/hallende\/EPCOM%2520Titanium\/TT-383-MATRIX-4.0\/HDbitT_E-Matrix_Control.rar&#038;sa=D&#038;source=docs&#038;ust=1708013875450249&#038;usg=AOvVaw2JdzxO5N4_4mxpSdYfRuz-' style='color: inherit; text-decoration: underline;'>Aqu\u00ed<\/a><\/li>\n<li style='margin-bottom: 5px;'>Guia de configuracion por computadora de click <a href='https:\/\/ftp3.syscom.mx\/usuarios\/maguilar\/EpcomTitanium\/Matrix.png' style='color: inherit; text-decoration: underline;'>Aqu\u00ed<\/a><\/li>\n<\/ul><\/div>\n<\/p><\/div>\n<\/p><\/div>\n<p> <!-- Imagen adicional --> <\/p>\n<div style='margin-bottom: 30px;'> <img style='width: 100%; height: auto; border: 1px solid rgba(150&comma;150&comma;150&comma;0.3); border-radius: 8px;' src='http:\/\/ftp3.syscom.mx\/usuarios\/hallende\/EPCOM%20Titanium\/TT-383-MATRIX-4.0\/TT383MATRIX-4.0-2%20Esp..jpg' alt=''> <\/div>\n<p> <!-- Video embebido --> <\/p>\n<div style='position: relative; padding-bottom: 56.25%; height: 0; overflow: hidden; margin-bottom: 30px;'>   <\/div>\n<p> <!-- Separador final --> <\/p>\n<hr style='border: 0; border-top: 1px solid rgba(150&comma; 150&comma; 150&comma; 0.3); margin: 30px 0;'> <\/div>\n","protected":false},"excerpt":{"rendered":"<p>Kit Extensor MATRICIAL HDMI para distancias de 120 metros \/ Resoluci\u00f3n 1080P @ 60Hz \/ Cat6 \/ Soporta 100 TX de entrada e Ilimitados RX en la salida \/ Control por PC, Control Remoto y Bot\u00f3n \/ Compatible con Switch IGMP.<\/p>\n","protected":false},"featured_media":88847,"comment_status":"open","ping_status":"closed","template":"","meta":[],"product_brand":[],"product_cat":[2073,2074,2077,2075,2072,2076],"product_tag":[417,2079,2080,2083,507,2081,2078,2082],"class_list":{"0":"post-88848","1":"product","2":"type-product","3":"status-publish","4":"has-post-thumbnail","6":"product_cat-convertidores","7":"product_cat-divisores","8":"product_cat-dvi","9":"product_cat-hdmi","10":"product_cat-kits-extensores","11":"product_cat-vga","12":"product_tag-accesorios-generales","13":"product_tag-convertidores","14":"product_tag-divisores","15":"product_tag-dvi","16":"product_tag-epcom-titanium","17":"product_tag-hdmi","18":"product_tag-kits-extensores","19":"product_tag-vga","21":"first","22":"instock","23":"sale","24":"shipping-taxable","25":"purchasable","26":"product-type-simple"},"_links":{"self":[{"href":"https:\/\/soydeaqui.ddns.net\/pachuca\/index.php\/wp-json\/wp\/v2\/product\/88848","targetHints":{"allow":["GET"]}}],"collection":[{"href":"https:\/\/soydeaqui.ddns.net\/pachuca\/index.php\/wp-json\/wp\/v2\/product"}],"about":[{"href":"https:\/\/soydeaqui.ddns.net\/pachuca\/index.php\/wp-json\/wp\/v2\/types\/product"}],"replies":[{"embeddable":true,"href":"https:\/\/soydeaqui.ddns.net\/pachuca\/index.php\/wp-json\/wp\/v2\/comments?post=88848"}],"wp:featuredmedia":[{"embeddable":true,"href":"https:\/\/soydeaqui.ddns.net\/pachuca\/index.php\/wp-json\/wp\/v2\/media\/88847"}],"wp:attachment":[{"href":"https:\/\/soydeaqui.ddns.net\/pachuca\/index.php\/wp-json\/wp\/v2\/media?parent=88848"}],"wp:term":[{"taxonomy":"product_brand","embeddable":true,"href":"https:\/\/soydeaqui.ddns.net\/pachuca\/index.php\/wp-json\/wp\/v2\/product_brand?post=88848"},{"taxonomy":"product_cat","embeddable":true,"href":"https:\/\/soydeaqui.ddns.net\/pachuca\/index.php\/wp-json\/wp\/v2\/product_cat?post=88848"},{"taxonomy":"product_tag","embeddable":true,"href":"https:\/\/soydeaqui.ddns.net\/pachuca\/index.php\/wp-json\/wp\/v2\/product_tag?post=88848"}],"curies":[{"name":"wp","href":"https:\/\/api.w.org\/{rel}","templated":true}]}}