{"id":88837,"date":"2026-03-20T02:28:16","date_gmt":"2026-03-20T02:28:16","guid":{"rendered":"https:\/\/soydeaqui.ddns.net\/pachuca\/index.php\/producto\/cloudcore-router-cpu-72-nucleos-1-puerto-gigabit-ethernet-8-puertos-sfp-sfp-16-gb-memoria\/"},"modified":"2026-03-20T02:28:21","modified_gmt":"2026-03-20T02:28:21","slug":"cloudcore-router-cpu-72-nucleos-1-puerto-gigabit-ethernet-8-puertos-sfp-sfp-16-gb-memoria","status":"publish","type":"product","link":"https:\/\/soydeaqui.ddns.net\/pachuca\/index.php\/producto\/cloudcore-router-cpu-72-nucleos-1-puerto-gigabit-ethernet-8-puertos-sfp-sfp-16-gb-memoria\/","title":{"rendered":"CloudCore Router, CPU 72 N\u00facleos , 1 Puerto Gigabit Ethernet, 8 Puertos SFP\/SFP+, 16 GB Memoria"},"content":{"rendered":"<div style='width: 100%; max-width: 1200px; margin: 0 auto; font-family: sans-serif; line-height: 1.6; color: inherit; background-color: transparent;'>\n<h1 style='font-size: 24px; margin-top: 0; margin-bottom: 10px; color: inherit;'>CCR1072-1G-8S+<\/h1>\n<div style='display: flex; flex-wrap: wrap; gap: 30px; margin-bottom: 30px;'>\n<div style='flex: 1 1 300px; min-width: 280px;'>\n<p style='font-size: 15px; margin-bottom: 15px; color: inherit;'>Router estrella&comma; el CCR1072&comma; es alimentado por una CPU Tilera de 72 n\u00facleos&comma; cada n\u00facleo tiene una velocidad de 1 GHz&comma; y para utilizar completamente este poder&comma; el CCR1072 est\u00e1 equipado con ocho puertos 10G SFP+ conectados de forma independiente.<\/p>\n<p style='font-size: 15px; margin-bottom: 15px; color: inherit;'>La unidad viene equipada con instalaci\u00f3n de RouterOS L6&comma; 16 GB de RAM ECC incorporado&comma; pantalla t\u00e1ctil LCD a color&comma; dos fuentes de alimentaci\u00f3n desmontables (hotplug) para la redundancia&comma; ranura para tarjeta inteligente&comma; microUSB&comma; USB de tama\u00f1o regular&comma; microSD y 2x M.2 ranuras para almacenamiento adicional.<\/p>\n<p style='font-size: 15px; margin-bottom: 15px; color: inherit;'>Gracias al procesador 72 de n\u00facleo \u00fanico y puertos que est\u00e1n conectados directamente a la CPU&comma; CCR1072 es capaz de m\u00e1s de 120 millones de paquetes por segundo de rendimiento.<\/p>\n<\/p><\/div>\n<\/p><\/div>\n<div style='display: flex; flex-wrap: wrap; gap: 20px; margin-bottom: 30px;'>\n<div style='flex: 1 1 250px; border: 1px solid rgba(150&comma; 150&comma; 150&comma; 0.4); border-radius: 8px; overflow: hidden; display: flex; flex-direction: column;'>\n<div style='padding: 15px; border-bottom: 1px solid rgba(150&comma; 150&comma; 150&comma; 0.2); font-weight: bold; font-size: 18px; color: inherit;'>Especificaciones<\/div>\n<div style='padding: 15px; color: inherit;'>\n<ul style='padding-left: 20px; margin: 0; font-size: 14px; list-style-type: disc;'>\n<li style='margin-bottom: 5px;'><strong>Arquitectura:<\/strong> TILE<\/li>\n<li style='margin-bottom: 5px;'><strong>CPU:<\/strong> TLR4-07280<\/li>\n<li style='margin-bottom: 5px;'><strong>N\u00facleos CPU:<\/strong> 72<\/li>\n<li style='margin-bottom: 5px;'><strong>Frecuencia CPU:<\/strong> 1 GHz<\/li>\n<li style='margin-bottom: 5px;'><strong>Memoria RAM:<\/strong> 16 GB<\/li>\n<li style='margin-bottom: 5px;'><strong>Almacenamiento:<\/strong> 128 MB NAND<\/li>\n<li style='margin-bottom: 5px;'><strong>Temperatura operaci\u00f3n:<\/strong> -20\u00b0C a 60\u00b0C<\/li>\n<\/ul><\/div>\n<\/p><\/div>\n<div style='flex: 1 1 250px; border: 1px solid rgba(150&comma; 150&comma; 150&comma; 0.4); border-radius: 8px; overflow: hidden; display: flex; flex-direction: column;'>\n<div style='padding: 15px; border-bottom: 1px solid rgba(150&comma; 150&comma; 150&comma; 0.2); font-weight: bold; font-size: 18px; color: inherit;'>Conectividad<\/div>\n<div style='padding: 15px; color: inherit;'>\n<ul style='padding-left: 20px; margin: 0; font-size: 14px; list-style-type: disc;'>\n<li style='margin-bottom: 5px;'><strong>Ethernet:<\/strong> 1 Puerto Gigabit<\/li>\n<li style='margin-bottom: 5px;'><strong>SFP+:<\/strong> 8 Puertos<\/li>\n<li style='margin-bottom: 5px;'><strong>Dimensiones:<\/strong> 443x315x44mm<\/li>\n<\/ul><\/div>\n<\/p><\/div>\n<div style='flex: 1 1 250px; border: 1px solid rgba(150&comma; 150&comma; 150&comma; 0.4); border-radius: 8px; overflow: hidden; display: flex; flex-direction: column;'>\n<div style='padding: 15px; border-bottom: 1px solid rgba(150&comma; 150&comma; 150&comma; 0.2); font-weight: bold; font-size: 18px; color: inherit;'>Alimentaci\u00f3n<\/div>\n<div style='padding: 15px; color: inherit;'>\n<ul style='padding-left: 20px; margin: 0; font-size: 14px; list-style-type: disc;'>\n<li style='margin-bottom: 5px;'><strong>Entradas AC:<\/strong> 2<\/li>\n<li style='margin-bottom: 5px;'><strong>Rango entrada AC:<\/strong> 100-240V<\/li>\n<li style='margin-bottom: 5px;'><strong>Consumo m\u00e1ximo:<\/strong> 125W<\/li>\n<\/ul><\/div>\n<\/p><\/div>\n<div style='flex: 1 1 250px; border: 1px solid rgba(150&comma; 150&comma; 150&comma; 0.4); border-radius: 8px; overflow: hidden; display: flex; flex-direction: column;'>\n<div style='padding: 15px; border-bottom: 1px solid rgba(150&comma; 150&comma; 150&comma; 0.2); font-weight: bold; font-size: 18px; color: inherit;'>Perif\u00e9ricos<\/div>\n<div style='padding: 15px; color: inherit;'>\n<ul style='padding-left: 20px; margin: 0; font-size: 14px; list-style-type: disc;'>\n<li style='margin-bottom: 5px;'><strong>Tipo de ranura:<\/strong> microSD&comma; 2x M.2<\/li>\n<li style='margin-bottom: 5px;'><strong>Puerto serial:<\/strong> RJ45<\/li>\n<li style='margin-bottom: 5px;'><strong>Puertos USB:<\/strong> 2 (microUSB type AB; USB type A)<\/li>\n<li style='margin-bottom: 5px;'><strong>Ranura para tarjeta inteligente:<\/strong> S\u00ed<\/li>\n<\/ul><\/div>\n<\/p><\/div>\n<\/p><\/div>\n<div style='display: flex; flex-wrap: wrap; gap: 20px; margin-bottom: 30px;'>\n<div style='flex: 1 1 250px; border: 1px solid rgba(150&comma; 150&comma; 150&comma; 0.4); border-radius: 8px; overflow: hidden; display: flex; flex-direction: column;'>\n<div style='padding: 15px; border-bottom: 1px solid rgba(150&comma; 150&comma; 150&comma; 0.2); font-weight: bold; font-size: 18px; color: inherit;'>Caracter\u00edsticas adicionales<\/div>\n<div style='padding: 15px; color: inherit;'>\n<ul style='padding-left: 20px; margin: 0; font-size: 14px; list-style-type: disc;'>\n<li style='margin-bottom: 5px;'><strong>Monitor de temperatura CPU:<\/strong> S\u00ed<\/li>\n<li style='margin-bottom: 5px;'><strong>Monitor de corriente:<\/strong> S\u00ed<\/li>\n<li style='margin-bottom: 5px;'><strong>Monitor de temperatura PCB:<\/strong> S\u00ed<\/li>\n<li style='margin-bottom: 5px;'><strong>Monitor de voltaje:<\/strong> S\u00ed<\/li>\n<\/ul><\/div>\n<\/p><\/div>\n<div style='flex: 1 1 250px; border: 1px solid rgba(150&comma; 150&comma; 150&comma; 0.4); border-radius: 8px; overflow: hidden; display: flex; flex-direction: column;'>\n<div style='padding: 15px; border-bottom: 1px solid rgba(150&comma; 150&comma; 150&comma; 0.2); font-weight: bold; font-size: 18px; color: inherit;'>Redundancia<\/div>\n<div style='padding: 15px; color: inherit;'>\n<ul style='padding-left: 20px; margin: 0; font-size: 14px; list-style-type: disc;'>\n<li style='margin-bottom: 5px;'><strong>Redundancia de alimentaci\u00f3n:<\/strong> Doble fuente hot-plug<\/li>\n<li style='margin-bottom: 5px;'><strong>Almacenamiento:<\/strong> 3 ranuras de almacenamiento (microSD + 2x M.2)<\/li>\n<\/ul><\/div>\n<\/p><\/div>\n<div style='flex: 1 1 250px; border: 1px solid rgba(150&comma; 150&comma; 150&comma; 0.4); border-radius: 8px; overflow: hidden; display: flex; flex-direction: column;'>\n<div style='padding: 15px; border-bottom: 1px solid rgba(150&comma; 150&comma; 150&comma; 0.2); font-weight: bold; font-size: 18px; color: inherit;'>Rendimiento<\/div>\n<div style='padding: 15px; color: inherit;'>\n<ul style='padding-left: 20px; margin: 0; font-size: 14px; list-style-type: disc;'>\n<li style='margin-bottom: 5px;'><strong>Rendimiento:<\/strong> 120 millones de paquetes por segundo<\/li>\n<li style='margin-bottom: 5px;'><strong>Nivel de licencia:<\/strong> 6<\/li>\n<li style='margin-bottom: 5px;'><strong>Sistema operativo:<\/strong> RouterOS<\/li>\n<\/ul><\/div>\n<\/p><\/div>\n<\/p><\/div>\n<div style='display: flex; flex-wrap: wrap; gap: 20px; margin-bottom: 30px;'>\n<div style='flex: 1 1 100%;'>\n<h2 style='font-size: 20px; margin-top: 0; margin-bottom: 15px; color: inherit;'>Caracter\u00edsticas principales de RouterOS<\/h2>\n<p> <a href='https:\/\/soporte.syscom.mx\/es\/collections\/3502429-mikrotik'> <img style='width: 100%; max-width: 600px; height: auto; border: 1px solid rgba(150&comma;150&comma;150&comma;0.3); border-radius: 8px;' src='https:\/\/ftp3.syscom.mx\/usuarios\/raragon\/Imagenes_Generales\/Manuales_de_configuracion.jpg' alt='Manuales de configuraci\u00f3n MikroTik'> <\/a> <\/div>\n<\/p><\/div>\n<div style='display: flex; flex-wrap: wrap; gap: 20px; margin-bottom: 30px;'>\n<div style='flex: 1 1 100%;'>\n<h2 style='font-size: 20px; margin-top: 0; margin-bottom: 15px; color: inherit;'>Resultados de pruebas Ethernet<\/h2>\n<div style='overflow-x: auto;'>\n<table style='width: 100%; border-collapse: collapse; margin-bottom: 20px; color: inherit;'>\n<thead>\n<tr style='border-bottom: 2px solid rgba(150&comma;150&comma;150&comma;0.3);'>\n<th style='padding: 12px; text-align: left; font-weight: bold; color: inherit;'>Modo<\/th>\n<th style='padding: 12px; text-align: left; font-weight: bold; color: inherit;'>Configuraci\u00f3n<\/th>\n<th style='padding: 12px; text-align: left; font-weight: bold; color: inherit;' colspan='2'>1518 bytes<\/th>\n<th style='padding: 12px; text-align: left; font-weight: bold; color: inherit;' colspan='2'>512 bytes<\/th>\n<th style='padding: 12px; text-align: left; font-weight: bold; color: inherit;' colspan='2'>64 bytes<\/th>\n<\/tr>\n<tr style='border-bottom: 2px solid rgba(150&comma;150&comma;150&comma;0.3);'>\n<th style='padding: 12px; text-align: left; font-weight: bold; color: inherit;'><\/th>\n<th style='padding: 12px; text-align: left; font-weight: bold; color: inherit;'><\/th>\n<th style='padding: 12px; text-align: left; font-weight: bold; color: inherit;'>kpps<\/th>\n<th style='padding: 12px; text-align: left; font-weight: bold; color: inherit;'>Mbps<\/th>\n<th style='padding: 12px; text-align: left; font-weight: bold; color: inherit;'>kpps<\/th>\n<th style='padding: 12px; text-align: left; font-weight: bold; color: inherit;'>Mbps<\/th>\n<th style='padding: 12px; text-align: left; font-weight: bold; color: inherit;'>kpps<\/th>\n<th style='padding: 12px; text-align: left; font-weight: bold; color: inherit;'>Mbps<\/th>\n<\/tr>\n<\/thead>\n<tbody>\n<tr style='border-bottom: 1px solid rgba(150&comma;150&comma;150&comma;0.2);'>\n<td style='padding: 10px; color: inherit;'>Bridging<\/td>\n<td style='padding: 10px; color: inherit;'>none (fast path)<\/td>\n<td style='padding: 10px; color: inherit;'>6&comma;502.0<\/td>\n<td style='padding: 10px; color: inherit;'>78&comma;960.3<\/td>\n<td style='padding: 10px; color: inherit;'>18&comma;790.0<\/td>\n<td style='padding: 10px; color: inherit;'>76&comma;963.8<\/td>\n<td style='padding: 10px; color: inherit;'>119&comma;047.6<\/td>\n<td style='padding: 10px; color: inherit;'>60&comma;952.4<\/td>\n<\/tr>\n<tr style='border-bottom: 1px solid rgba(150&comma;150&comma;150&comma;0.2);'>\n<td style='padding: 10px; color: inherit;'>Bridging<\/td>\n<td style='padding: 10px; color: inherit;'>25 bridge filter rules<\/td>\n<td style='padding: 10px; color: inherit;'>6&comma;130.5<\/td>\n<td style='padding: 10px; color: inherit;'>74&comma;448.8<\/td>\n<td style='padding: 10px; color: inherit;'>8&comma;192.7<\/td>\n<td style='padding: 10px; color: inherit;'>33&comma;557.3<\/td>\n<td style='padding: 10px; color: inherit;'>10&comma;339.5<\/td>\n<td style='padding: 10px; color: inherit;'>5&comma;293.8<\/td>\n<\/tr>\n<tr style='border-bottom: 1px solid rgba(150&comma;150&comma;150&comma;0.2);'>\n<td style='padding: 10px; color: inherit;'>Routing<\/td>\n<td style='padding: 10px; color: inherit;'>none (fast path)<\/td>\n<td style='padding: 10px; color: inherit;'>6&comma;502.0<\/td>\n<td style='padding: 10px; color: inherit;'>78&comma;960.3<\/td>\n<td style='padding: 10px; color: inherit;'>18&comma;790.0<\/td>\n<td style='padding: 10px; color: inherit;'>76&comma;963.8<\/td>\n<td style='padding: 10px; color: inherit;'>86&comma;507.0<\/td>\n<td style='padding: 10px; color: inherit;'>44&comma;291.6<\/td>\n<\/tr>\n<tr style='border-bottom: 1px solid rgba(150&comma;150&comma;150&comma;0.2);'>\n<td style='padding: 10px; color: inherit;'>Routing<\/td>\n<td style='padding: 10px; color: inherit;'>25 simple queues<\/td>\n<td style='padding: 10px; color: inherit;'>6&comma;502.0<\/td>\n<td style='padding: 10px; color: inherit;'>78&comma;960.3<\/td>\n<td style='padding: 10px; color: inherit;'>12&comma;370.4<\/td>\n<td style='padding: 10px; color: inherit;'>50&comma;669.2<\/td>\n<td style='padding: 10px; color: inherit;'>13&comma;474.2<\/td>\n<td style='padding: 10px; color: inherit;'>6&comma;898.8<\/td>\n<\/tr>\n<tr style='border-bottom: 1px solid rgba(150&comma;150&comma;150&comma;0.2);'>\n<td style='padding: 10px; color: inherit;'>Routing<\/td>\n<td style='padding: 10px; color: inherit;'>25 ip filter rules<\/td>\n<td style='padding: 10px; color: inherit;'>4&comma;667.6<\/td>\n<td style='padding: 10px; color: inherit;'>56&comma;683.3<\/td>\n<td style='padding: 10px; color: inherit;'>5&comma;985.1<\/td>\n<td style='padding: 10px; color: inherit;'>24&comma;515.0<\/td>\n<td style='padding: 10px; color: inherit;'>5&comma;873.8<\/td>\n<td style='padding: 10px; color: inherit;'>3&comma;007.4<\/td>\n<\/tr>\n<\/tbody>\n<\/table><\/div>\n<\/p><\/div>\n<\/p><\/div>\n<div style='display: flex; flex-wrap: wrap; gap: 20px; margin-bottom: 30px;'>\n<div style='flex: 1 1 100%;'>\n<ul style='padding-left: 20px; margin: 0; font-size: 14px; color: inherit; list-style-type: disc;'>\n<li style='margin-bottom: 5px;'><strong>Todas las pruebas:<\/strong> Realizadas con equipo especializado Xena Networks (XenaBay) seg\u00fan RFC2544 (Xena2544)<\/li>\n<li style='margin-bottom: 5px;'><strong>Rendimiento m\u00e1ximo:<\/strong> Determinado con pruebas de 30+ segundos con tolerancia de p\u00e9rdida de 0.1% en paquetes de 64&comma; 512 y 1518 bytes<\/li>\n<li style='margin-bottom: 5px;'><strong>Valores en cursiva:<\/strong> Indican que el rendimiento m\u00e1ximo se alcanz\u00f3 sin saturar la CPU&comma; sino por l\u00edmite de configuraci\u00f3n de interfaz<\/li>\n<li style='margin-bottom: 5px;'><strong>Nota:<\/strong> Los resultados representan el m\u00e1ximo rendimiento del dispositivo con la configuraci\u00f3n de hardware y software mencionada&comma; configuraciones diferentes probablemente dar\u00e1n resultados menores<\/li>\n<\/ul><\/div>\n<\/p><\/div>\n<div style='display: flex; flex-wrap: wrap; gap: 20px; margin-bottom: 30px;'>\n<div style='flex: 1 1 100%;'>\n<h2 style='font-size: 20px; margin-top: 0; margin-bottom: 15px; color: inherit;'>Accesorios incluidos<\/h2>\n<div style='display: flex; flex-wrap: wrap; gap: 15px;'> <img style='width: 100%; max-width: 200px; height: auto; border: 1px solid rgba(150&comma;150&comma;150&comma;0.3); border-radius: 8px;' src='https:\/\/ftp3.syscom.mx\/usuarios\/fotos\/CCR10721G8SPLUS\/81971-garantia1.png' alt=''> <img style='width: 100%; max-width: 200px; height: auto; border: 1px solid rgba(150&comma;150&comma;150&comma;0.3); border-radius: 8px;' src='https:\/\/ftp3.syscom.mx\/usuarios\/fotos\/CCR10721G8SPLUS\/81971-part191436523368m.jpg' alt=''> <img style='width: 100%; max-width: 200px; height: auto; border: 1px solid rgba(150&comma;150&comma;150&comma;0.3); border-radius: 8px;' src='https:\/\/ftp3.syscom.mx\/usuarios\/fotos\/CCR10721G8SPLUS\/81971-part491436523280m.jpg' alt=''> <img style='width: 100%; max-width: 200px; height: auto; border: 1px solid rgba(150&comma;150&comma;150&comma;0.3); border-radius: 8px;' src='https:\/\/ftp3.syscom.mx\/usuarios\/fotos\/CCR10721G8SPLUS\/81971-part41391160693m.jpg' alt=''> <\/div>\n<\/p><\/div>\n<\/p><\/div>\n<hr style='border: 0; border-top: 1px solid rgba(150&comma; 150&comma; 150&comma; 0.3); margin: 30px 0;'> <\/div>\n","protected":false},"excerpt":{"rendered":"<p>CloudCore Router, CPU 72 N\u00facleos , 1 Puerto Gigabit Ethernet, 8 Puertos SFP\/SFP+, 16 GB Memoria<\/p>\n","protected":false},"featured_media":88836,"comment_status":"open","ping_status":"closed","template":"","meta":[],"product_brand":[],"product_cat":[2036,2035,2034],"product_tag":[2039,2038,643,664,2037],"class_list":{"0":"post-88837","1":"product","2":"type-product","3":"status-publish","4":"has-post-thumbnail","6":"product_cat-balanceadores","7":"product_cat-firewalls","8":"product_cat-routers","9":"product_tag-balanceadores","10":"product_tag-firewalls","11":"product_tag-mikrotik","12":"product_tag-networking","13":"product_tag-routers","15":"first","16":"outofstock","17":"sale","18":"shipping-taxable","19":"purchasable","20":"product-type-simple"},"_links":{"self":[{"href":"https:\/\/soydeaqui.ddns.net\/pachuca\/index.php\/wp-json\/wp\/v2\/product\/88837","targetHints":{"allow":["GET"]}}],"collection":[{"href":"https:\/\/soydeaqui.ddns.net\/pachuca\/index.php\/wp-json\/wp\/v2\/product"}],"about":[{"href":"https:\/\/soydeaqui.ddns.net\/pachuca\/index.php\/wp-json\/wp\/v2\/types\/product"}],"replies":[{"embeddable":true,"href":"https:\/\/soydeaqui.ddns.net\/pachuca\/index.php\/wp-json\/wp\/v2\/comments?post=88837"}],"wp:featuredmedia":[{"embeddable":true,"href":"https:\/\/soydeaqui.ddns.net\/pachuca\/index.php\/wp-json\/wp\/v2\/media\/88836"}],"wp:attachment":[{"href":"https:\/\/soydeaqui.ddns.net\/pachuca\/index.php\/wp-json\/wp\/v2\/media?parent=88837"}],"wp:term":[{"taxonomy":"product_brand","embeddable":true,"href":"https:\/\/soydeaqui.ddns.net\/pachuca\/index.php\/wp-json\/wp\/v2\/product_brand?post=88837"},{"taxonomy":"product_cat","embeddable":true,"href":"https:\/\/soydeaqui.ddns.net\/pachuca\/index.php\/wp-json\/wp\/v2\/product_cat?post=88837"},{"taxonomy":"product_tag","embeddable":true,"href":"https:\/\/soydeaqui.ddns.net\/pachuca\/index.php\/wp-json\/wp\/v2\/product_tag?post=88837"}],"curies":[{"name":"wp","href":"https:\/\/api.w.org\/{rel}","templated":true}]}}