{"id":88827,"date":"2026-03-20T02:27:52","date_gmt":"2026-03-20T02:27:52","guid":{"rendered":"https:\/\/soydeaqui.ddns.net\/pachuca\/index.php\/producto\/conmutador-ip-pbx-para-hasta-1500-usuarios-y-200-llamadas-simultaneas-8fxo-8fxs-solucion-para-pymes\/"},"modified":"2026-03-20T02:28:01","modified_gmt":"2026-03-20T02:28:01","slug":"conmutador-ip-pbx-para-hasta-1500-usuarios-y-200-llamadas-simultaneas-8fxo-8fxs-solucion-para-pymes","status":"publish","type":"product","link":"https:\/\/soydeaqui.ddns.net\/pachuca\/index.php\/producto\/conmutador-ip-pbx-para-hasta-1500-usuarios-y-200-llamadas-simultaneas-8fxo-8fxs-solucion-para-pymes\/","title":{"rendered":"Conmutador IP-PBX para hasta 1500 usuarios y 200 llamadas simultaneas, 8FXO, 8FXS, soluci\u00f3n para PyMEs"},"content":{"rendered":"<div style='width: 100%; max-width: 1200px; margin: 0 auto; font-family: sans-serif; line-height: 1.6; color: inherit; background-color: transparent;'>\n<div style='display: flex; flex-wrap: wrap; gap: 30px; margin-bottom: 30px;'>\n<div style='flex: 1 1 300px; min-width: 280px;'>\n<h2 style='font-size: 24px; border-bottom: 2px solid currentColor; padding-bottom: 5px; margin-top: 0; color: inherit; opacity: 0.8;'>UCM6300A&comma; Poderosa soluci\u00f3n de comunicaciones unificadas y colaboraci\u00f3n para cualquier organizaci\u00f3n<\/h2>\n<hr style='border: none; border-top: 2px solid #1056BC; width: 40px; margin: 15px 0; opacity: 0.6;'>\n<p style='font-size: 15px; color: inherit;'>La serie UCM6300 proporciona una sofisticada soluci\u00f3n de comunicaciones unificadas equipada con un ecosistema de herramientas de movilidad&comma; seguridad&comma; video y colaboraci\u00f3n<\/p>\n<\/div>\n<div style='flex: 1 1 300px; min-width: 280px;'><img style='width: 100%; height: auto; border: 1px solid rgba(150&comma;150&comma;150&comma;0.3); border-radius: 8px;' src='https:\/\/ftp3.syscom.mx\/usuarios\/lcuevas\/UCM63XX\/0001.jpg' alt=''><\/div>\n<\/div>\n<div style='display: flex; flex-wrap: wrap; gap: 30px; margin-bottom: 30px;'>\n<div style='flex: 1 1 300px; min-width: 280px;'>\n<h2 style='font-size: 22px; border-bottom: 2px solid currentColor; padding-bottom: 5px; margin-top: 0; color: inherit; opacity: 0.8;'>Soluci\u00f3n H\u00edbrida &#8211; En sitio y en la nube<\/h2>\n<hr style='border: none; border-top: 2px solid #1056BC; width: 40px; margin: 15px 0; opacity: 0.6;'>\n<p style='font-size: 15px; color: inherit;'>El ecosistema UCM63000A combina la personalizaci\u00f3n y la seguridad de una soluci\u00f3n en el sitio con el f\u00e1cil acceso de los trabajadores remotos de una soluci\u00f3n en la nube.<\/p>\n<ul style='padding-left: 20px; font-size: 15px; color: inherit; list-style-type: disc;'>\n<li style='margin-bottom: 5px;'><strong>Una soluci\u00f3n&comma; una red:<\/strong> organizaciones enteras de usuarios y dispositivos&comma; tanto en el sitio como remotos&comma; se unen f\u00e1cilmente en una red de colaboraci\u00f3n unificada central en una centralita IP UCM6300A.<\/li>\n<li style='margin-bottom: 5px;'><strong>Extensiones flexibles:<\/strong> los usuarios pueden tener acceso a sus extensiones a trav\u00e9s de m\u00faltiples tel\u00e9fonos IP&comma; computadoras de escritorio y port\u00e1tiles&comma; y dispositivos inteligentes.<\/li>\n<\/ul>\n<\/div>\n<div style='flex: 1 1 300px; min-width: 280px;'>\n<h2 style='font-size: 22px; border-bottom: 2px solid currentColor; padding-bottom: 5px; margin-top: 0; color: inherit; opacity: 0.8;'>Redes Personalizadas<\/h2>\n<hr style='border: none; border-top: 2px solid #1056BC; width: 40px; margin: 15px 0; opacity: 0.6;'>\n<p style='font-size: 15px; color: inherit;'>Cada negocio es \u00fanico y el ecosistema UCM6300 permite a las organizaciones definir exactamente c\u00f3mo se organiza y funciona su red de comunicaci\u00f3n y colaboraci\u00f3n. Las empresas tienen el control total de su red en todo momento.<\/p>\n<ul style='padding-left: 20px; font-size: 15px; color: inherit; list-style-type: disc;'>\n<li style='margin-bottom: 5px;'><strong>Integraci\u00f3n de GDMS:<\/strong> los equipos de TI y los instaladores pueden administrar&comma; personalizar y configurar implementaciones completas de dispositivos en una plataforma de nube centralizada.<\/li>\n<li style='margin-bottom: 5px;'><strong>Cientos de funciones:<\/strong> extensiones&comma; grupos de timbrado&comma; IVR&comma; colas de llamadas&comma; call center&comma; configuraci\u00f3n de b\u00fasqueda e intercomunicaci\u00f3n y una variedad de otras funciones se pueden personalizar en profundidad y ajustar f\u00e1cilmente.<\/li>\n<\/ul>\n<\/div>\n<\/div>\n<div style='margin-bottom: 30px;'><img style='width: 100%; height: auto; border: 1px solid rgba(150&comma;150&comma;150&comma;0.3); border-radius: 8px;' src='https:\/\/ftp3.syscom.mx\/usuarios\/fotos\/UCM6300A\/196748-unnamed_(6).png' alt=''><\/div>\n<div style='display: flex; flex-wrap: wrap; gap: 30px; margin-bottom: 30px;'>\n<div style='flex: 1 1 300px; min-width: 280px;'>\n<h2 style='font-size: 22px; border-bottom: 2px solid currentColor; padding-bottom: 5px; margin-top: 0; color: inherit; opacity: 0.8;'>Acerca del Ecosistema UCM6300A<\/h2>\n<hr style='border: none; border-top: 2px solid #1056BC; width: 40px; margin: 15px 0; opacity: 0.6;'>\n<p style='font-size: 15px; color: inherit;'>El ecosistema UCM6300 es un paquete de soluciones que proporciona comunicaciones y colaboraci\u00f3n completas para implementaciones en el sitio y remotas. Al combinar un IP PBX de la serie UCM6300&comma; UCM RemoteConnect y Wave&comma; las empresas pueden reunir oficinas separadas&comma; trabajadores remotos y empleados que viajan&comma; todo bajo una red. El ecosistema UCM6300 crea una soluci\u00f3n en el sitio y remota que es f\u00e1cil de administrar y conectar&comma; mientras mantiene un alto nivel de control y personalizaci\u00f3n.<\/p>\n<\/div>\n<div style='flex: 1 1 300px; min-width: 280px;'>\n<h2 style='font-size: 22px; border-bottom: 2px solid currentColor; padding-bottom: 5px; margin-top: 0; color: inherit; opacity: 0.8;'>Caracter\u00edsticas Competitivas<\/h2>\n<hr style='border: none; border-top: 2px solid #1056BC; width: 40px; margin: 15px 0; opacity: 0.6;'>\n<ul style='padding-left: 20px; font-size: 15px; color: inherit; list-style-type: disc;'>\n<li style='margin-bottom: 5px;'><strong>La PBX IP UCM6300 admite hasta 1500 usuarios y hasta 200 llamadas concurrentes<\/strong><\/li>\n<li style='margin-bottom: 5px;'><strong>Plataforma de conferencias y reuniones incorporada;<\/strong> admite la aplicaci\u00f3n Wave para escritorio y dispositivos m\u00f3viles&comma; y terminales SIP<\/li>\n<li style='margin-bottom: 5px;'><strong>El servicio de cruce de firewall NAT automatizado<\/strong> facilita las conexiones remotas seguras<\/li>\n<li style='margin-bottom: 5px;'><strong>Gesti\u00f3n y configuraci\u00f3n centralizada de la nube<\/strong> a trav\u00e9s del sistema de gesti\u00f3n de dispositivos Grandstream (GDMS)<\/li>\n<li style='margin-bottom: 5px;'><strong>\u00danase a reuniones&comma; llamadas y conferencias de forma remota<\/strong> a trav\u00e9s de la aplicaci\u00f3n Wave y llamadas a trav\u00e9s de tel\u00e9fonos fijos y tel\u00e9fonos m\u00f3viles<\/li>\n<\/ul>\n<\/div>\n<\/div>\n<div style='margin-bottom: 30px;'>\n<h2 style='font-size: 22px; border-bottom: 2px solid currentColor; padding-bottom: 5px; margin-top: 0; color: inherit; opacity: 0.8;'>Ecosistema UCM6300A<\/h2>\n<hr style='border: none; border-top: 2px solid #1056BC; width: 40px; margin: 15px 0; opacity: 0.6;'>\n<div style='display: flex; flex-direction: column; gap: 15px;'>\n<div style='border: 1px solid rgba(150&comma;150&comma;150&comma;0.4); border-radius: 8px; padding: 15px;'>\n<div style='font-weight: bold; font-size: 18px; margin-bottom: 10px; color: inherit;'>PBX IP UCM6300<\/div>\n<div style='font-size: 15px; color: inherit;'>Las series UCM6300 y UCM6300A permiten a las empresas crear soluciones de colaboraci\u00f3n y comunicaci\u00f3n unificadas poderosas y escalables. Esta serie de IP PBX proporciona una plataforma que vincula todas las comunicaciones comerciales en una red centralizada&comma; que incluye voz&comma; videollamadas&comma; videoconferencias&comma; videovigilancia&comma; reuniones web&comma; datos&comma; an\u00e1lisis&comma; movilidad&comma; acceso a las instalaciones&comma; intercomunicadores y m\u00e1s. <strong>La serie UCM6300A es solo de audio y no es compatible con las capacidades de video del UCM6300.<\/strong><\/div>\n<\/div>\n<div style='border: 1px solid rgba(150&comma;150&comma;150&comma;0.4); border-radius: 8px; padding: 15px;'>\n<div style='font-weight: bold; font-size: 18px; margin-bottom: 10px; color: inherit;'>UCM RemoteConnect<\/div>\n<div style='font-size: 15px; color: inherit;'>UCM RemoteConnect permite a las empresas crear f\u00e1cilmente una soluci\u00f3n de colaboraci\u00f3n segura para trabajadores y dispositivos remotos. Ofrece un servicio en la nube complementario para la serie UCM6300A que proporciona un cruce autom\u00e1tico de NAT siempre activo para garantizar conexiones seguras por parte de usuarios<\/div>\n<\/div>\n<div style='border: 1px solid rgba(150&comma;150&comma;150&comma;0.4); border-radius: 8px; padding: 15px;'>\n<div style='font-weight: bold; font-size: 18px; margin-bottom: 10px; color: inherit;'>Wave<\/div>\n<div style='font-size: 15px; color: inherit;'>Wave es una aplicaci\u00f3n que proporciona herramientas de colaboraci\u00f3n de voz y video para empresas que utilizan PBX IP de la serie UCM6300A de Grandstream. Ideal para trabajadores remotos&comma; Wave ofrece una plataforma f\u00e1cil de usar para unirse&comma; programar y realizar reuniones&comma; llamadas y conferencias desde cualquier lugar.<\/div>\n<\/div>\n<\/div>\n<\/div>\n<div style='margin-bottom: 30px;'>\n<h2 style='font-size: 22px; border-bottom: 2px solid currentColor; padding-bottom: 5px; margin-top: 0; color: inherit; opacity: 0.8;'>UCM Remote Connect<\/h2>\n<hr style='border: none; border-top: 2px solid #1056BC; width: 40px; margin: 15px 0; opacity: 0.6;'>\n<p style='font-size: 15px; color: inherit;'>B\u00e1sicamente funciona para tener extensiones remotas por medio de una plataforma en la nube&comma; la cual ayuda con problemas de firewall&comma; es decir no requiere hacer configuraciones de red (apertura de puertos&comma; IP publica estatica o DNS).<\/p>\n<ul style='padding-left: 20px; font-size: 15px; color: inherit; list-style-type: disc;'>\n<li style='margin-bottom: 5px;'>Licencia para 50 usuario y 8 llamadas concurrentes: <a style='color: #005cb9; text-decoration: none;' href='https:\/\/www.syscom.mx\/producto\/UCM-RC-PLUS-GRANDSTREAM-209503.html'>UCM-RC-PLUS<\/a><\/li>\n<li style='margin-bottom: 5px;'>Licencia para 100 usuario y 16 llamadas concurrentes: <a style='color: #005cb9; text-decoration: none;' href='https:\/\/www.syscom.mx\/producto\/UCM-RC-PRO-GRANDSTREAM-209504.html'>UCM-RC-PRO<\/a><\/li>\n<li style='margin-bottom: 5px;'>Licencia para 200 usuario y 32 llamadas concurrentes: <a style='color: #005cb9; text-decoration: none;' href='https:\/\/www.syscom.mx\/producto\/UCM-RC-BUSINESS-GRANDSTREAM-209506.html'>UCM-RC-BUSINESS<\/a><\/li>\n<li style='margin-bottom: 5px;'>Licencia para 400 usuario y 64 llamadas concurrentes: <a style='color: #005cb9; text-decoration: none;' href='https:\/\/www.syscom.mx\/producto\/UCM-RC-ENTERPRISE-GRANDSTREAM-209507.html'>UCM-RC-ENTERPRISE<\/a><\/li>\n<\/ul>\n<\/div>\n<div style='margin-bottom: 30px;'>\n<h2 style='font-size: 22px; border-bottom: 2px solid currentColor; padding-bottom: 5px; margin-top: 0; color: inherit; opacity: 0.8;'>Preguntas Frecuentes (FAQ)<\/h2>\n<hr style='border: none; border-top: 2px solid #1056BC; width: 40px; margin: 15px 0; opacity: 0.6;'>\n<ul style='padding-left: 20px; font-size: 15px; color: inherit; list-style-type: disc;'>\n<li style='margin-bottom: 15px;'>\u00bfC\u00f3mo configurar el conmutador Grandstream con una <strong>troncal telef\u00f3nica SIP Telmex o Totalplay<\/strong> para poder hacer y recibir llamadas externas?\n<ul style='padding-left: 20px; margin-top: 8px; margin-bottom: 8px;'>\n<li style='margin-bottom: 5px;'><strong>Respuesta:<\/strong> Consulte nuestra gu\u00eda paso a paso aqu\u00ed: <a style='color: #005cb9; text-decoration: none;' href='http:\/\/mandrill.syscom.mx\/track\/click\/30975500\/soporte.syscom.mx?p=eyJzIjoiQ0Y2czc5czJWc3JuZDVrU3RhZjk2elI0WUhVIiwidiI6MSwicCI6IntcInVcIjozMDk3NTUwMCxcInZcIjoxLFwidXJsXCI6XCJodHRwczpcXFwvXFxcL3NvcG9ydGUuc3lzY29tLm14XFxcL2VzXFxcL2FydGljbGVzXFxcLzU2Mzk2OTctZ3JhbmRzdHJlYW0tY29uZmlndXJhci10cm9uY2FsLXNpcC10b3RhbHBsYXktby10ZWxtZXgtZW4tdWNtNjJ4eC11Y202M3h4XCIsXCJpZFwiOlwiZDExNGZhMjJjZTc2NDAzNjgwNDhhZTk4MGQwZTI2NDlcIixcInVybF9pZHNcIjpbXCJiNDgwYTExNjFiNzBlYmU0YmQ0ZWUwMmFlNjNmNzNlZDAyMzc1ODkwXCJdfSJ9'>URL Gu\u00eda<\/a>.<\/li>\n<\/ul>\n<\/li>\n<li style='margin-bottom: 15px;'>\u00bfC\u00f3mo configurar el conmutador Grandstream con una <strong>l\u00ednea de tel\u00e9fono anal\u00f3gica<\/strong> para poder hacer y recibir llamadas externas?\n<ul style='padding-left: 20px; margin-top: 8px; margin-bottom: 8px;'>\n<li style='margin-bottom: 5px;'><strong>Respuesta:<\/strong> Consulte nuestra gu\u00eda paso a paso aqu\u00ed: <a style='color: #005cb9; text-decoration: none;' href='https:\/\/soporte.syscom.mx\/es\/articles\/1440145-grandstream-configuracion-de-lineas-analogicas-en-conmutadores-ucm6xxx'>URL Gu\u00eda.<\/a><\/li>\n<\/ul>\n<\/li>\n<li style='margin-bottom: 15px;'><strong>\u00bfC\u00f3mo actualizar el firmware de mi conmutador UCM6300A\/UCM6204?<\/strong>\n<ul style='padding-left: 20px; margin-top: 8px; margin-bottom: 8px;'>\n<li style='margin-bottom: 5px;'><strong>Respuesta:<\/strong> Siga el procedimiento de actualizaci\u00f3n asegur\u00e1ndose de seguir los saltos de versi\u00f3n recomendados. Consulte la tabla de versi\u00f3n aqu\u00ed: <a style='color: #005cb9; text-decoration: none;' href='http:\/\/mandrill.syscom.mx\/track\/click\/30975500\/www.grandstream.com?p=eyJzIjoicEN6UE5IT2ROeUNRSVZEekZlUTg2TS1sZzNNIiwidiI6MSwicCI6IntcInVcIjozMDk3NTUwMCxcInZcIjoxLFwidXJsXCI6XCJodHRwczpcXFwvXFxcL3d3dy5ncmFuZHN0cmVhbS5jb21cXFwvc3VwcG9ydFxcXC9maXJtd2FyZVwiLFwiaWRcIjpcImQxMTRmYTIyY2U3NjQwMzY4MDQ4YWU5ODBkMGUyNjQ5XCIsXCJ1cmxfaWRzXCI6W1wiODllNTUyYmUwYmUwYTRhMjFkMDg4MWJjNzc2MGI1MmI0MGUwYmMwNVwifV0ifQ'>URL Gu\u00eda<\/a>.<\/li>\n<\/ul>\n<\/li>\n<li style='margin-bottom: 15px;'><strong>\u00bfC\u00f3mo configurar una extensi\u00f3n remota en la aplicaci\u00f3n Wave?<\/strong>\n<ul style='padding-left: 20px; margin-top: 8px; margin-bottom: 8px;'>\n<li style='margin-bottom: 5px;'><strong>Respuesta:<\/strong> Puede seguir esta gu\u00eda de configuraci\u00f3n detallada aqu\u00ed: <a style='color: #005cb9; text-decoration: none;' href='http:\/\/mandrill.syscom.mx\/track\/click\/30975500\/soporte.syscom.mx?p=eyJzIjoiQU8yUHRBTEo0SzJZTDRVQUF3cWVUSTZ0UzhrIiwidiI6MSwicCI6IntcInVcIjozMDk3NTUwMCxcInZcIjoxLFwidXJsXCI6XCJodHRwczpcXFwvXFxcL3NvcG9ydGUuc3lzY29tLm14XFxcL2VzXFxcL2FydGljbGVzXFxcLzUyMTA4MzctZ3JhbmRzdHJlYW0tcmVnaXN0cm8tZGUtZXh0ZW5zaW9uZXMtcmVtb3Rhcy1lbi1sYS1hcGxpY2FjaW9uLXdhdmUtcGFyYS1hbmRyb2lkLXdpbmRvd3MtY29uLWNlbnRyYWxlcy11Y202M3h4XCIsXCJpZFwiOlwiZDExNGZhMjJjZTc2NDAzNjgwNDhhZTk4MGQwZTI2NDlcIixcInVybF9pZHNcIjpbXCJkMmNlNzJjNDYwYjcyMThmNTc4ZjQ5YjNmYTA2NDEzZjQ3YWU0ZjdmXCJdfSJ9'>URL Gu\u00eda<\/a>.<\/li>\n<\/ul>\n<\/li>\n<\/ul>\n<\/div>\n<\/div>\n","protected":false},"excerpt":{"rendered":"<p>Conmutador IP-PBX para hasta 1500 usuarios y 200 llamadas simultaneas, 8FXO, 8FXS, soluci\u00f3n para PyMEs<\/p>\n","protected":false},"featured_media":88826,"comment_status":"open","ping_status":"closed","template":"","meta":[],"product_brand":[],"product_cat":[2028],"product_tag":[2029,909,2004],"class_list":{"0":"post-88827","1":"product","2":"type-product","3":"status-publish","4":"has-post-thumbnail","6":"product_cat-conmutadores-ip","7":"product_tag-conmutadores-ip","8":"product_tag-grandstream","9":"product_tag-voip-telefonia-ip-videoconferencia","11":"first","12":"instock","13":"sale","14":"shipping-taxable","15":"purchasable","16":"product-type-simple"},"_links":{"self":[{"href":"https:\/\/soydeaqui.ddns.net\/pachuca\/index.php\/wp-json\/wp\/v2\/product\/88827","targetHints":{"allow":["GET"]}}],"collection":[{"href":"https:\/\/soydeaqui.ddns.net\/pachuca\/index.php\/wp-json\/wp\/v2\/product"}],"about":[{"href":"https:\/\/soydeaqui.ddns.net\/pachuca\/index.php\/wp-json\/wp\/v2\/types\/product"}],"replies":[{"embeddable":true,"href":"https:\/\/soydeaqui.ddns.net\/pachuca\/index.php\/wp-json\/wp\/v2\/comments?post=88827"}],"wp:featuredmedia":[{"embeddable":true,"href":"https:\/\/soydeaqui.ddns.net\/pachuca\/index.php\/wp-json\/wp\/v2\/media\/88826"}],"wp:attachment":[{"href":"https:\/\/soydeaqui.ddns.net\/pachuca\/index.php\/wp-json\/wp\/v2\/media?parent=88827"}],"wp:term":[{"taxonomy":"product_brand","embeddable":true,"href":"https:\/\/soydeaqui.ddns.net\/pachuca\/index.php\/wp-json\/wp\/v2\/product_brand?post=88827"},{"taxonomy":"product_cat","embeddable":true,"href":"https:\/\/soydeaqui.ddns.net\/pachuca\/index.php\/wp-json\/wp\/v2\/product_cat?post=88827"},{"taxonomy":"product_tag","embeddable":true,"href":"https:\/\/soydeaqui.ddns.net\/pachuca\/index.php\/wp-json\/wp\/v2\/product_tag?post=88827"}],"curies":[{"name":"wp","href":"https:\/\/api.w.org\/{rel}","templated":true}]}}