{"id":88805,"date":"2026-03-20T02:26:54","date_gmt":"2026-03-20T02:26:54","guid":{"rendered":"https:\/\/soydeaqui.ddns.net\/pachuca\/index.php\/producto\/repetidor-extensor-de-cobertura-wifi-ax-1500-mbps-doble-banda-2-4-ghz-y-5-ghz-con-1-puerto-10-100-1000-mbps-2\/"},"modified":"2026-03-20T02:27:04","modified_gmt":"2026-03-20T02:27:04","slug":"repetidor-extensor-de-cobertura-wifi-ax-1500-mbps-doble-banda-2-4-ghz-y-5-ghz-con-1-puerto-10-100-1000-mbps-2","status":"publish","type":"product","link":"https:\/\/soydeaqui.ddns.net\/pachuca\/index.php\/producto\/repetidor-extensor-de-cobertura-wifi-ax-1500-mbps-doble-banda-2-4-ghz-y-5-ghz-con-1-puerto-10-100-1000-mbps-2\/","title":{"rendered":"Repetidor \/ Extensor de Cobertura WiFi AX 1500 Mbps, doble banda 2.4 GHz y 5 GHz, con 1 puerto 10\/100\/1000 Mbps"},"content":{"rendered":"<div style='width: 100%; max-width: 1200px; margin: 0 auto; font-family: sans-serif; line-height: 1.6; color: inherit; background-color: transparent;'>\n<div style='display: flex; flex-wrap: wrap; gap: 30px; margin-bottom: 30px;'>\n<div style='flex: 1 1 300px; min-width: 280px;'> <img style='width: 100%; height: auto; border: 1px solid rgba(150&comma;150&comma;150&comma;0.3); border-radius: 8px;' src='https:\/\/ftp3.syscom.mx\/usuarios\/fotos\/RE505X\/196738-re505x.png' alt='RE505X WiFi Extender'> <\/div>\n<div style='flex: 1 1 300px; min-width: 280px;'> <img style='width: 100%; height: auto; border: 1px solid rgba(150&comma;150&comma;150&comma;0.3); border-radius: 8px;' src='https:\/\/ftp3.syscom.mx\/usuarios\/fotos\/RE505X\/196738-software.jpeg' alt='Software Interface'> <\/div>\n<\/p><\/div>\n<div style='display: flex; flex-wrap: wrap; gap: 30px; margin-bottom: 30px;'>\n<div style='flex: 1 1 300px; min-width: 280px;'>\n<h3 style='font-size: 22px; border-bottom: 2px solid currentColor; padding-bottom: 5px; margin-top: 0; color: inherit; opacity: 0.8;'>Caracter\u00edsticas Principales<\/h3>\n<ul style='padding-left: 20px; font-size: 15px; color: inherit;'>\n<li style='margin-bottom: 5px;'>RE505X viene equipado con la \u00faltima tecnolog\u00eda inal\u00e1mbrica&comma; Wi-Fi 6&comma; para velocidades m\u00e1s r\u00e1pidas&comma; mayor capacidad y menor congesti\u00f3n de la red.<\/li>\n<li style='margin-bottom: 5px;'>Crea una red Mesh al conectarse a un enrutador OneMesh para una cobertura perfecta en todo el hogar.<\/li>\n<li style='margin-bottom: 5px;'>Puerto Gigabit Ethernet: proporciona conexiones por cable m\u00e1s r\u00e1pidas a televisores inteligentes&comma; computadoras y consolas de juegos<\/li>\n<li style='margin-bottom: 5px;'>Luz de se\u00f1al inteligente: ayuda a determinar la mejor ubicaci\u00f3n para una cobertura Wi-Fi \u00f3ptima al indicar la intensidad de la se\u00f1al en la ubicaci\u00f3n actual<\/li>\n<li style='margin-bottom: 5px;'>Modo AP: cree un nuevo punto de acceso Wi-Fi para mejorar su red cableada con capacidad Wi-Fi<\/li>\n<li style='margin-bottom: 5px;'>Aplicaci\u00f3n TP-LINK Tether: acceda y administre f\u00e1cilmente su red utilizando cualquier dispositivo m\u00f3vil iOS o Android<\/li>\n<li style='margin-bottom: 5px;'>M\u00e1xima compatibilidad: ampl\u00ede el alcance de cualquier enrutador Wi-Fi o punto de acceso inal\u00e1mbrico<\/li>\n<li style='margin-bottom: 5px;'><strong>Puerto Gigabit<\/strong><\/li>\n<li style='margin-bottom: 5px;'><strong>2 Antenas externas<\/strong><\/li>\n<li style='margin-bottom: 5px;'><strong>Doble banda<\/strong><\/li>\n<li style='margin-bottom: 5px;'><strong>Tasa de se\u00f1al:<\/strong> 300 Mbps en 2.4 GHz y 1200 Mbps en 5 GHz<\/li>\n<li style='margin-bottom: 5px;'><strong>Certificaciones:<\/strong> FCC&comma; RoHS<\/li>\n<li style='margin-bottom: 5px;'><strong>Compatible con la aplicaci\u00f3n Tether TP-Link<\/strong><\/li>\n<\/ul><\/div>\n<div style='flex: 1 1 300px; min-width: 280px;'>\n<div style='display: flex; flex-direction: column; gap: 20px;'>\n<div style='border: 1px solid rgba(150&comma; 150&comma; 150&comma; 0.4); border-radius: 8px; overflow: hidden; display: flex; flex-direction: column;'>\n<div style='padding: 15px; border-bottom: 1px solid rgba(150&comma; 150&comma; 150&comma; 0.2); font-weight: bold; font-size: 18px; color: inherit;'>Caracter\u00edsticas F\u00edsicas y El\u00e9ctricas<\/div>\n<div style='padding: 15px; color: inherit;'>\n<ul style='padding-left: 20px; margin: 0; font-size: 14px; list-style-type: disc;'>\n<li style='margin-bottom: 5px;'><strong>Consumo de energ\u00eda:<\/strong> 10W<\/li>\n<li style='margin-bottom: 5px;'><strong>Dimensiones:<\/strong> 74 x 46 x 124.8 mm<\/li>\n<li style='margin-bottom: 5px;'><strong>Bot\u00f3n reset<\/strong><\/li>\n<\/ul><\/div>\n<\/p><\/div>\n<div style='border: 1px solid rgba(150&comma; 150&comma; 150&comma; 0.4); border-radius: 8px; overflow: hidden; display: flex; flex-direction: column;'>\n<div style='padding: 15px; border-bottom: 1px solid rgba(150&comma; 150&comma; 150&comma; 0.2); font-weight: bold; font-size: 18px; color: inherit;'>Contenido<\/div>\n<div style='padding: 15px; color: inherit;'>\n<ul style='padding-left: 20px; margin: 0; font-size: 14px; list-style-type: disc;'>\n<li style='margin-bottom: 5px;'>Extensor de rango Wi-Fi RE505X<\/li>\n<li style='margin-bottom: 5px;'>Gu\u00eda de instalaci\u00f3n<\/li>\n<\/ul><\/div>\n<\/p><\/div>\n<\/p><\/div>\n<\/p><\/div>\n<\/p><\/div>\n<\/p><\/div>\n","protected":false},"excerpt":{"rendered":"<p>Repetidor \/ Extensor de Cobertura WiFi AX 1500 Mbps, doble banda 2.4 GHz y 5 GHz, con 1 puerto 10\/100\/1000 Mbps<\/p>\n","protected":false},"featured_media":88804,"comment_status":"open","ping_status":"closed","template":"","meta":[],"product_brand":[],"product_cat":[2026],"product_tag":[1479,2027,71],"class_list":{"0":"post-88805","1":"product","2":"type-product","3":"status-publish","4":"has-post-thumbnail","6":"product_cat-repetidores-de-senal","7":"product_tag-redes-wifi","8":"product_tag-repetidores-de-senal","9":"product_tag-tp-link","11":"first","12":"instock","13":"sale","14":"shipping-taxable","15":"purchasable","16":"product-type-simple"},"_links":{"self":[{"href":"https:\/\/soydeaqui.ddns.net\/pachuca\/index.php\/wp-json\/wp\/v2\/product\/88805","targetHints":{"allow":["GET"]}}],"collection":[{"href":"https:\/\/soydeaqui.ddns.net\/pachuca\/index.php\/wp-json\/wp\/v2\/product"}],"about":[{"href":"https:\/\/soydeaqui.ddns.net\/pachuca\/index.php\/wp-json\/wp\/v2\/types\/product"}],"replies":[{"embeddable":true,"href":"https:\/\/soydeaqui.ddns.net\/pachuca\/index.php\/wp-json\/wp\/v2\/comments?post=88805"}],"wp:featuredmedia":[{"embeddable":true,"href":"https:\/\/soydeaqui.ddns.net\/pachuca\/index.php\/wp-json\/wp\/v2\/media\/88804"}],"wp:attachment":[{"href":"https:\/\/soydeaqui.ddns.net\/pachuca\/index.php\/wp-json\/wp\/v2\/media?parent=88805"}],"wp:term":[{"taxonomy":"product_brand","embeddable":true,"href":"https:\/\/soydeaqui.ddns.net\/pachuca\/index.php\/wp-json\/wp\/v2\/product_brand?post=88805"},{"taxonomy":"product_cat","embeddable":true,"href":"https:\/\/soydeaqui.ddns.net\/pachuca\/index.php\/wp-json\/wp\/v2\/product_cat?post=88805"},{"taxonomy":"product_tag","embeddable":true,"href":"https:\/\/soydeaqui.ddns.net\/pachuca\/index.php\/wp-json\/wp\/v2\/product_tag?post=88805"}],"curies":[{"name":"wp","href":"https:\/\/api.w.org\/{rel}","templated":true}]}}