{"id":88792,"date":"2026-03-20T02:26:22","date_gmt":"2026-03-20T02:26:22","guid":{"rendered":"https:\/\/soydeaqui.ddns.net\/pachuca\/index.php\/producto\/corecloud-router-mikrotik-cpu-36-nucleos-8-puertos-gigabit-2-puertos-sfp\/"},"modified":"2026-03-20T02:26:27","modified_gmt":"2026-03-20T02:26:27","slug":"corecloud-router-mikrotik-cpu-36-nucleos-8-puertos-gigabit-2-puertos-sfp","status":"publish","type":"product","link":"https:\/\/soydeaqui.ddns.net\/pachuca\/index.php\/producto\/corecloud-router-mikrotik-cpu-36-nucleos-8-puertos-gigabit-2-puertos-sfp\/","title":{"rendered":"CoreCloud Router Mikrotik, CPU 36 N\u00facleos, 8 puertos Gigabit, 2 puertos SFP+"},"content":{"rendered":"<div style='width: 100%; max-width: 1200px; margin: 0 auto; font-family: sans-serif; line-height: 1.6; color: inherit; background-color: transparent;'> <!-- Descripci\u00f3n principal --> <\/p>\n<div style='margin-bottom: 30px;'>\n<p style='font-size: 15px; margin: 0 0 15px 0; color: inherit;'> Nuestro enrutador m\u00e1s r\u00e1pido ahora es a\u00fan mejor: el nuevo CCR1036-8G-2S+ ahora tiene dos puertos SFP+ para soporte de interfaz 10G (m\u00f3dulo SFP+ disponible por separado). Utiliza la misma CPU Tilera de 36 n\u00facleos que nuestro otro modelo CCR1036 y ofrece el mismo rendimiento. <\/p>\n<p style='font-size: 15px; margin: 0 0 15px 0; color: inherit;'> El dispositivo viene en una caja de montaje en rack de 1U&comma; tiene dos puertos SFP+&comma; ocho puertos Gigabit ethernet y un puerto serie de consola. <\/p>\n<p style='font-size: 15px; margin: 0 0 15px 0; color: inherit;'> La nueva versi\u00f3n de CCR1036-8G-2S+ tiene 4 GB de RAM integrados&comma; ranura M.2 PCIe 4x integrada&comma; ranura USB de tama\u00f1o completo y doble fuente de alimentaci\u00f3n para redundancia. <\/p>\n<p style='font-size: 15px; margin: 0 0 15px 0; color: inherit;'> Admite m\u00f3dulos SFP (1.25G) y SFP+ (10G) <\/p>\n<\/p><\/div>\n<p> <!-- Imagen manual --> <\/p>\n<div style='margin-bottom: 30px;'> <a href='http:\/\/soporte.syscom.mx\/networking#mikrotik'> <img style='width: 100%; height: auto; border: 1px solid rgba(150&comma;150&comma;150&comma;0.3); border-radius: 8px;' src='https:\/\/ftp3.syscom.mx\/usuarios\/raragon\/Imagenes_Generales\/Manuales_de_configuracion.jpg' alt='Manual de configuraci\u00f3n'> <\/a> <\/div>\n<p> <!-- Caracter\u00edsticas principales --> <\/p>\n<div style='margin-bottom: 30px;'>\n<h3 style='font-size: 22px; border-bottom: 2px solid currentColor; padding-bottom: 5px; margin-top: 0; margin-bottom: 15px; color: inherit; opacity: 0.8;'> <a style='color: inherit; text-decoration: none;' href='http:\/\/soporte.syscom.mx\/networking\/mikrotik\/mikrotik-caracteristicas-principales-de-routeros'> Caracter\u00edsticas principales de RouterOS <\/a> <\/h3>\n<\/p><\/div>\n<p> <!-- Especificaciones --> <\/p>\n<div style='display: flex; flex-wrap: wrap; gap: 30px; margin-bottom: 30px;'>\n<div style='flex: 1 1 300px; min-width: 280px;'>\n<h3 style='font-size: 18px; margin-top: 0; margin-bottom: 15px; color: inherit; opacity: 0.8;'>Especificaciones<\/h3>\n<ul style='padding-left: 20px; font-size: 14px; color: inherit;'>\n<li style='margin-bottom: 5px;'><strong>C\u00f3digo de producto:<\/strong> CCR1036-8G-2S+<\/li>\n<li style='margin-bottom: 5px;'><strong>Arquitectura:<\/strong> TILE<\/li>\n<li style='margin-bottom: 5px;'><strong>CPU:<\/strong> TLR4-03680<\/li>\n<li style='margin-bottom: 5px;'><strong>N\u00facleos de CPU:<\/strong> 36<\/li>\n<li style='margin-bottom: 5px;'><strong>Frecuencia nominal de la CPU:<\/strong> 1&comma;2 GHz<\/li>\n<li style='margin-bottom: 5px;'><strong>Dimensiones:<\/strong> 443 x 193 x 44 mm<\/li>\n<li style='margin-bottom: 5px;'><strong>Nivel de licencia:<\/strong> 6<\/li>\n<li style='margin-bottom: 5px;'><strong>Sistema operativo:<\/strong> RouterOS<\/li>\n<li style='margin-bottom: 5px;'><strong>Tama\u00f1o de RAM:<\/strong> 4 GB<\/li>\n<li style='margin-bottom: 5px;'><strong>Tama\u00f1o de almacenamiento:<\/strong> 1 GB<\/li>\n<li style='margin-bottom: 5px;'><strong>Tipo de almacenamiento:<\/strong> NAND<\/li>\n<li style='margin-bottom: 5px;'><strong>Temperatura ambiente probada:<\/strong> -20 \u00b0C a 60 \u00b0C<\/li>\n<\/ul><\/div>\n<div style='flex: 1 1 300px; min-width: 280px;'>\n<h3 style='font-size: 18px; margin-top: 0; margin-bottom: 15px; color: inherit; opacity: 0.8;'>Alimentaci\u00f3n<\/h3>\n<ul style='padding-left: 20px; font-size: 14px; color: inherit;'>\n<li style='margin-bottom: 5px;'><strong>Cantidad de entradas de CA:<\/strong> 2<\/li>\n<li style='margin-bottom: 5px;'><strong>Rango de entrada de CA:<\/strong> 100-240<\/li>\n<li style='margin-bottom: 5px;'><strong>Consumo m\u00e1ximo de energ\u00eda:<\/strong> 73 W<\/li>\n<\/ul><\/div>\n<div style='flex: 1 1 300px; min-width: 280px;'>\n<h3 style='font-size: 18px; margin-top: 0; margin-bottom: 15px; color: inherit; opacity: 0.8;'>Ethernet<\/h3>\n<ul style='padding-left: 20px; font-size: 14px; color: inherit;'>\n<li style='margin-bottom: 5px;'><strong>Puertos Ethernet 10\/100\/1000:<\/strong> 8<\/li>\n<\/ul><\/div>\n<div style='flex: 1 1 300px; min-width: 280px;'>\n<h3 style='font-size: 18px; margin-top: 0; margin-bottom: 15px; color: inherit; opacity: 0.8;'>Fibra<\/h3>\n<ul style='padding-left: 20px; font-size: 14px; color: inherit;'>\n<li style='margin-bottom: 5px;'><strong>SFP DDMI:<\/strong> S\u00ed<\/li>\n<li style='margin-bottom: 5px;'><strong>Puertos SFP+:<\/strong> 2<\/li>\n<\/ul><\/div>\n<div style='flex: 1 1 300px; min-width: 280px;'>\n<h3 style='font-size: 18px; margin-top: 0; margin-bottom: 15px; color: inherit; opacity: 0.8;'>Perif\u00e9ricos<\/h3>\n<ul style='padding-left: 20px; font-size: 14px; color: inherit;'>\n<li style='margin-bottom: 5px;'><strong>Tipo de tarjeta de memoria:<\/strong> microSD<\/li>\n<li style='margin-bottom: 5px;'><strong>Tarjetas de memoria:<\/strong> 1<\/li>\n<li style='margin-bottom: 5px;'><strong>Puerto serial:<\/strong> RJ45<\/li>\n<li style='margin-bottom: 5px;'><strong>Cantidad de puertos USB:<\/strong> 1<\/li>\n<li style='margin-bottom: 5px;'><strong>Restablecimiento de energ\u00eda USB:<\/strong> S\u00ed<\/li>\n<li style='margin-bottom: 5px;'><strong>Tipo de ranura USB:<\/strong> USB tipo A<\/li>\n<li style='margin-bottom: 5px;'><strong>Corriente m\u00e1xima USB (A):<\/strong> 1<\/li>\n<\/ul><\/div>\n<div style='flex: 1 1 300px; min-width: 280px;'>\n<h3 style='font-size: 18px; margin-top: 0; margin-bottom: 15px; color: inherit; opacity: 0.8;'>Otro<\/h3>\n<ul style='padding-left: 20px; font-size: 14px; color: inherit;'>\n<li style='margin-bottom: 5px;'><strong>Monitor de temperatura de la CPU:<\/strong> S\u00ed<\/li>\n<li style='margin-bottom: 5px;'><strong>Monitor de temperatura de PCB:<\/strong> S\u00ed<\/li>\n<li style='margin-bottom: 5px;'><strong>Bot\u00f3n de modo:<\/strong> S\u00ed<\/li>\n<\/ul><\/div>\n<div style='flex: 1 1 300px; min-width: 280px;'>\n<h3 style='font-size: 18px; margin-top: 0; margin-bottom: 15px; color: inherit; opacity: 0.8;'>Certificaciones y aprobaciones<\/h3>\n<ul style='padding-left: 20px; font-size: 14px; color: inherit;'>\n<li style='margin-bottom: 5px;'><strong>Certificaci\u00f3n:<\/strong> CE \/ RED&comma; EAC&comma; ROHS<\/li>\n<\/ul><\/div>\n<\/p><\/div>\n<p> <!-- Partes incluidas --> <\/p>\n<div style='display: flex; flex-wrap: wrap; gap: 20px; margin-bottom: 30px;'>\n<div style='flex: 1 1 300px; min-width: 280px;'>\n<h3 style='font-size: 18px; margin-top: 0; margin-bottom: 15px; color: inherit; opacity: 0.8;'>Partes incluidas<\/h3>\n<div style='display: flex; flex-wrap: wrap; gap: 15px;'>\n<div style='flex: 1 1 140px; min-width: 130px;'> <a href='https:\/\/i.mt.lv\/cdn\/rb_images\/part741522226845m.jpg'> <img style='width: 100%; height: auto; border: 1px solid rgba(150&comma;150&comma;150&comma;0.3); border-radius: 8px; margin-bottom: 10px;' src='https:\/\/i.mt.lv\/cdn\/rb_images\/part741522226845s.jpg' alt='2x cables IEC'> <\/p>\n<p style='font-size: 14px; text-align: center; margin: 0; color: inherit;'>2x cables IEC<\/p>\n<p> <\/a> <\/div>\n<div style='flex: 1 1 140px; min-width: 130px;'> <a href='https:\/\/i.mt.lv\/cdn\/rb_images\/part191436523368m.jpg'> <img style='width: 100%; height: auto; border: 1px solid rgba(150&comma;150&comma;150&comma;0.3); border-radius: 8px; margin-bottom: 10px;' src='https:\/\/i.mt.lv\/cdn\/rb_images\/part191436523368s.jpg' alt='Kit de tornillos y patas (K10)'> <\/p>\n<p style='font-size: 14px; text-align: center; margin: 0; color: inherit;'>Kit de tornillos y patas (K10)<\/p>\n<p> <\/a> <\/div>\n<\/p><\/div>\n<\/p><\/div>\n<\/p><\/div>\n<p> <!-- Imagen de garant\u00eda --> <\/p>\n<div style='margin-bottom: 30px;'> <img style='width: 100%; height: auto; border: 1px solid rgba(150&comma;150&comma;150&comma;0.3); border-radius: 8px;' src='https:\/\/ftp3.syscom.mx\/usuarios\/fotos\/CCR10368G2SPLUS\/138983-garantia1.png' alt='Garant\u00eda'> <\/div>\n<p> <!-- Separador --> <\/p>\n<hr style='border: 0; border-top: 1px solid rgba(150&comma; 150&comma; 150&comma; 0.3); margin: 30px 0;'> <\/div>\n","protected":false},"excerpt":{"rendered":"<p>CoreCloud Router Mikrotik, CPU 36 N\u00facleos, 8 puertos Gigabit, 2 puertos SFP+<\/p>\n","protected":false},"featured_media":88791,"comment_status":"open","ping_status":"closed","template":"","meta":[],"product_brand":[],"product_cat":[2036,2035,2034],"product_tag":[2039,2038,643,664,2037],"class_list":{"0":"post-88792","1":"product","2":"type-product","3":"status-publish","4":"has-post-thumbnail","6":"product_cat-balanceadores","7":"product_cat-firewalls","8":"product_cat-routers","9":"product_tag-balanceadores","10":"product_tag-firewalls","11":"product_tag-mikrotik","12":"product_tag-networking","13":"product_tag-routers","15":"first","16":"outofstock","17":"sale","18":"shipping-taxable","19":"purchasable","20":"product-type-simple"},"_links":{"self":[{"href":"https:\/\/soydeaqui.ddns.net\/pachuca\/index.php\/wp-json\/wp\/v2\/product\/88792","targetHints":{"allow":["GET"]}}],"collection":[{"href":"https:\/\/soydeaqui.ddns.net\/pachuca\/index.php\/wp-json\/wp\/v2\/product"}],"about":[{"href":"https:\/\/soydeaqui.ddns.net\/pachuca\/index.php\/wp-json\/wp\/v2\/types\/product"}],"replies":[{"embeddable":true,"href":"https:\/\/soydeaqui.ddns.net\/pachuca\/index.php\/wp-json\/wp\/v2\/comments?post=88792"}],"wp:featuredmedia":[{"embeddable":true,"href":"https:\/\/soydeaqui.ddns.net\/pachuca\/index.php\/wp-json\/wp\/v2\/media\/88791"}],"wp:attachment":[{"href":"https:\/\/soydeaqui.ddns.net\/pachuca\/index.php\/wp-json\/wp\/v2\/media?parent=88792"}],"wp:term":[{"taxonomy":"product_brand","embeddable":true,"href":"https:\/\/soydeaqui.ddns.net\/pachuca\/index.php\/wp-json\/wp\/v2\/product_brand?post=88792"},{"taxonomy":"product_cat","embeddable":true,"href":"https:\/\/soydeaqui.ddns.net\/pachuca\/index.php\/wp-json\/wp\/v2\/product_cat?post=88792"},{"taxonomy":"product_tag","embeddable":true,"href":"https:\/\/soydeaqui.ddns.net\/pachuca\/index.php\/wp-json\/wp\/v2\/product_tag?post=88792"}],"curies":[{"name":"wp","href":"https:\/\/api.w.org\/{rel}","templated":true}]}}