{"id":8879,"date":"2026-03-18T07:15:08","date_gmt":"2026-03-18T07:15:08","guid":{"rendered":"https:\/\/soydeaqui.ddns.net\/pachuca\/index.php\/producto\/caja-de-distribucin-de-fibra-ptica-hasta-96-empalmes-exterior-ip65-color-negro\/"},"modified":"2026-03-18T07:15:12","modified_gmt":"2026-03-18T07:15:12","slug":"caja-de-distribucin-de-fibra-ptica-hasta-96-empalmes-exterior-ip65-color-negro","status":"publish","type":"product","link":"https:\/\/soydeaqui.ddns.net\/pachuca\/index.php\/producto\/caja-de-distribucin-de-fibra-ptica-hasta-96-empalmes-exterior-ip65-color-negro\/","title":{"rendered":"Caja de Distribuci?n de Fibra ?ptica, Hasta 96 Empalmes, Exterior IP65, Color Negro"},"content":{"rendered":"<div style='width: 100%; max-width: 1200px; margin: 0 auto; font-family: sans-serif; line-height: 1.6; color: inherit; background-color: transparent;'>\n<div style='display: flex; flex-wrap: wrap; gap: 30px; margin-bottom: 30px;'>\n<div style='flex: 1 1 300px; min-width: 280px;'>\n<h3 style='font-size: 22px; border-bottom: 2px solid currentColor; padding-bottom: 5px; margin-top: 0; color: inherit; opacity: 0.8;'>Descripci\u00f3n<\/h3>\n<p style='font-size: 14px; margin-top: 0; margin-bottom: 15px; color: inherit;'>La caja FDP-420F&comma; es un acceso de fibra \u00f3ptica que se utiliza para la primera capa en redes FTTH. Esta dise\u00f1ado para aplicaciones en l\u00ednea para proporcionar un punto de acceso protegido entre el cable de fibra troncal y el cable de distribuci\u00f3n. Su configuraci\u00f3n flexible admite 2 entradas y 2 salidas de cable.<\/p>\n<ul style='padding-left: 20px; font-size: 14px; color: inherit;'>\n<li style='margin-bottom: 5px;'>Aplicacion en l\u00ednea y de f\u00e1cil instalaci\u00f3n<\/li>\n<li style='margin-bottom: 5px;'>Uso en exterior&comma; excelente protecci\u00f3n de rayos UV<\/li>\n<li style='margin-bottom: 5px;'>Soporta Micro-Splitters con m\u00e9todo de empalme<\/li>\n<li style='margin-bottom: 5px;'>Fabricado en polipropileno + fibra de vidrio<\/li>\n<li style='margin-bottom: 5px;'>Compatible con fibra ADSS&comma; Mini ADSS y Mini Figura 8*<\/li>\n<\/ul>\n<p style='font-size: 14px; margin-top: 15px; margin-bottom: 15px; color: inherit;'>*Se recomienda agregar m\u00e1s cinta de fusi\u00f3n (sealing mud) en la entrada de cable cuando se utilice con fibra Mini Figura 8 (<a style='color: inherit; text-decoration: underline;' href='https:\/\/www.syscom.mx\/principal\/searchcont?route=OC-FIG8-06C-FIBERHOME-172099&#038;autodetect=ocfig8'>OC-FIG8-06C<\/a>&comma; <a style='color: inherit; text-decoration: underline;' href='https:\/\/www.syscom.mx\/principal\/searchcont?route=OC-FIG8-12C-FIBERHOME-172100&#038;autodetect=ocfig8'>OC-FIG8-12C<\/a>)<\/p>\n<\/p><\/div>\n<\/p><\/div>\n<div style='display: flex; flex-wrap: wrap; gap: 20px; margin-bottom: 30px;'>\n<div style='flex: 1 1 250px; border: 1px solid rgba(150&comma; 150&comma; 150&comma; 0.4); border-radius: 8px; overflow: hidden; display: flex; flex-direction: column;'>\n<div style='padding: 15px; border-bottom: 1px solid rgba(150&comma; 150&comma; 150&comma; 0.2); font-weight: bold; font-size: 18px; color: inherit;'>Caracter\u00edsticas<\/div>\n<div style='padding: 15px; color: inherit;'>\n<ul style='padding-left: 20px; margin: 0; font-size: 14px; list-style-type: disc;'>\n<li style='margin-bottom: 5px;'>2 entradas para cable (\u00d88mm~\u00d820mm)<\/li>\n<li style='margin-bottom: 5px;'>2 entradas para cable (\u00d85mm~\u00d816mm)<\/li>\n<li style='margin-bottom: 5px;'><strong>Peso:<\/strong> 1.4~1.6kg<\/li>\n<li style='margin-bottom: 5px;'><strong>Dimensiones (mm):<\/strong> 175.5 x 285 x 92<\/li>\n<li style='margin-bottom: 5px;'><strong>Capacidad de empalme:<\/strong> 96 Fibras<\/li>\n<li style='margin-bottom: 5px;'><strong>Slots para splitter:<\/strong> 4 (1:2&comma; 1:4&comma; 1:8) No incluidos<\/li>\n<li style='margin-bottom: 5px;'><strong>Nivel de protecci\u00f3n:<\/strong> IP65<\/li>\n<li style='margin-bottom: 5px;'><strong>Color:<\/strong> Negro<\/li>\n<li style='margin-bottom: 5px;'><strong>Temperatura de operaci\u00f3n:<\/strong> -25~+75\u00baC<\/li>\n<li style='margin-bottom: 5px;'><strong>Humedad Relativa:<\/strong> 5%~95%<\/li>\n<li style='margin-bottom: 5px;'><strong>Presi\u00f3n Atmosf\u00e9rica:<\/strong> 62kpa~106kpa<\/li>\n<\/ul><\/div>\n<\/p><\/div>\n<div style='flex: 1 1 250px; border: 1px solid rgba(150&comma; 150&comma; 150&comma; 0.4); border-radius: 8px; overflow: hidden; display: flex; flex-direction: column;'>\n<div style='padding: 15px; border-bottom: 1px solid rgba(150&comma; 150&comma; 150&comma; 0.2); font-weight: bold; font-size: 18px; color: inherit;'>Incluye<\/div>\n<div style='padding: 15px; color: inherit;'>\n<ul style='padding-left: 20px; margin: 0; font-size: 14px; list-style-type: disc;'>\n<li style='margin-bottom: 5px;'>4 charolas de 24 empalmes c\/u (96 en total)<\/li>\n<li style='margin-bottom: 5px;'>1 Tubo de protecci\u00f3n para fibra desnuda (4 m)<\/li>\n<li style='margin-bottom: 5px;'>1 Cinta de PVC<\/li>\n<li style='margin-bottom: 5px;'>1 Agrupador (2 m)<\/li>\n<li style='margin-bottom: 5px;'>32 Cinchos (3 * 120 mm)<\/li>\n<li style='margin-bottom: 5px;'>96 Mangas de empalme (60 mm)<\/li>\n<li style='margin-bottom: 5px;'>1 toalla para limpieza de fibra \u00f3ptica<\/li>\n<li style='margin-bottom: 5px;'>1 Instructivo<\/li>\n<li style='margin-bottom: 5px;'>2 abrazaderas peque\u00f1as (\u00d810 &#8211; \u00d816 mm)<\/li>\n<li style='margin-bottom: 5px;'>2 abrazaderas grandes (\u00d816 &#8211; \u00d825 mm)<\/li>\n<li style='margin-bottom: 5px;'>2 Kit de accesorios para colgar la caja de empalme<\/li>\n<li style='margin-bottom: 5px;'>4 Cintas de fusi\u00f3n<\/li>\n<\/ul><\/div>\n<\/p><\/div>\n<\/p><\/div>\n<hr style='border: 0; border-top: 1px solid rgba(150&comma; 150&comma; 150&comma; 0.3); margin: 30px 0;'>\n<div style='display: flex; flex-wrap: wrap; gap: 30px; margin-bottom: 30px; justify-content: center;'>\n<div style='flex: 1 1 300px; min-width: 280px;'>\n<h3 style='font-size: 22px; border-bottom: 2px solid currentColor; padding-bottom: 5px; margin-top: 0; color: inherit; opacity: 0.8;'>Logo de Fabricante<\/h3>\n<p> <img style='width: 100%; height: auto; border: 1px solid rgba(150&comma;150&comma;150&comma;0.3); border-radius: 8px;' src='https:\/\/ftp3.syscom.mx\/usuarios\/orobles\/FiberHome\/GPON\/fiberhome_logo.png' alt='Logo FiberHome'> <\/div>\n<div style='flex: 1 1 300px; min-width: 280px;'>\n<h3 style='font-size: 22px; border-bottom: 2px solid currentColor; padding-bottom: 5px; margin-top: 0; color: inherit; opacity: 0.8;'>Im\u00e1gen del Producto<\/h3>\n<p> <img style='width: 100%; height: auto; border: 1px solid rgba(150&comma;150&comma;150&comma;0.3); border-radius: 8px;' src='https:\/\/ftp3.syscom.mx\/usuarios\/orobles\/FiberHome\/ODN\/FDP420F_es.JPG' alt='Caja de Distribuci\u00f3n FDP420F'> <\/div>\n<\/p><\/div>\n<\/p><\/div>\n","protected":false},"excerpt":{"rendered":"<p>Caja de Distribuci?n de Fibra ?ptica, Hasta 96 Empalmes, Exterior IP65, Color Negro<\/p>\n","protected":false},"featured_media":8878,"comment_status":"open","ping_status":"closed","template":"","meta":[],"product_brand":[],"product_cat":[621],"product_tag":[622,639,611],"class_list":{"0":"post-8879","1":"product","2":"type-product","3":"status-publish","4":"has-post-thumbnail","6":"product_cat-distribuidores-de-fibra-optica","7":"product_tag-distribuidores-de-fibra-optica","8":"product_tag-fiberhome","9":"product_tag-fibra-optica","11":"first","12":"instock","13":"sale","14":"shipping-taxable","15":"purchasable","16":"product-type-simple"},"_links":{"self":[{"href":"https:\/\/soydeaqui.ddns.net\/pachuca\/index.php\/wp-json\/wp\/v2\/product\/8879","targetHints":{"allow":["GET"]}}],"collection":[{"href":"https:\/\/soydeaqui.ddns.net\/pachuca\/index.php\/wp-json\/wp\/v2\/product"}],"about":[{"href":"https:\/\/soydeaqui.ddns.net\/pachuca\/index.php\/wp-json\/wp\/v2\/types\/product"}],"replies":[{"embeddable":true,"href":"https:\/\/soydeaqui.ddns.net\/pachuca\/index.php\/wp-json\/wp\/v2\/comments?post=8879"}],"wp:featuredmedia":[{"embeddable":true,"href":"https:\/\/soydeaqui.ddns.net\/pachuca\/index.php\/wp-json\/wp\/v2\/media\/8878"}],"wp:attachment":[{"href":"https:\/\/soydeaqui.ddns.net\/pachuca\/index.php\/wp-json\/wp\/v2\/media?parent=8879"}],"wp:term":[{"taxonomy":"product_brand","embeddable":true,"href":"https:\/\/soydeaqui.ddns.net\/pachuca\/index.php\/wp-json\/wp\/v2\/product_brand?post=8879"},{"taxonomy":"product_cat","embeddable":true,"href":"https:\/\/soydeaqui.ddns.net\/pachuca\/index.php\/wp-json\/wp\/v2\/product_cat?post=8879"},{"taxonomy":"product_tag","embeddable":true,"href":"https:\/\/soydeaqui.ddns.net\/pachuca\/index.php\/wp-json\/wp\/v2\/product_tag?post=8879"}],"curies":[{"name":"wp","href":"https:\/\/api.w.org\/{rel}","templated":true}]}}