{"id":88787,"date":"2026-03-20T02:26:08","date_gmt":"2026-03-20T02:26:08","guid":{"rendered":"https:\/\/soydeaqui.ddns.net\/pachuca\/index.php\/producto\/switch-sistema-operativo-dual-24-puertos-gigabit-ethernet-y-2-puertos-sfp\/"},"modified":"2026-03-20T02:26:17","modified_gmt":"2026-03-20T02:26:17","slug":"switch-sistema-operativo-dual-24-puertos-gigabit-ethernet-y-2-puertos-sfp","status":"publish","type":"product","link":"https:\/\/soydeaqui.ddns.net\/pachuca\/index.php\/producto\/switch-sistema-operativo-dual-24-puertos-gigabit-ethernet-y-2-puertos-sfp\/","title":{"rendered":"Switch Sistema Operativo Dual 24 Puertos Gigabit Ethernet y 2 Puertos SFP+"},"content":{"rendered":"<div style='width: 100%; max-width: 1200px; margin: 0 auto; font-family: sans-serif; line-height: 1.6; color: inherit; background-color: transparent;'>\n<div style='display: flex; flex-wrap: wrap; gap: 30px; margin-bottom: 30px;'>\n<div style='flex: 1 1 300px; min-width: 280px;'>\n<h3 style='font-size: 22px; border-bottom: 2px solid currentColor; padding-bottom: 5px; margin-top: 0; color: inherit; opacity: 0.8;'>Descripci\u00f3n<\/h3>\n<ul style='padding-left: 20px; font-size: 15px; color: inherit;'>\n<li style='margin-bottom: 5px;'>SwOS\/RouterOS operaci\u00f3n de los dos tipos de sistemas operativos de Mikrotik<\/li>\n<li style='margin-bottom: 5px;'>Switch Gigabit Ethernet de 24 puertos con dos puertos SFP+<\/li>\n<li style='margin-bottom: 5px;'>Conectividad de velocidad de cable con caracter\u00edsticas avanzadas de conmutaci\u00f3n<\/li>\n<li style='margin-bottom: 5px;'>Funci\u00f3n de &#8216;arranque dual&#8217; para seleccionar el sistema operativo preferido<\/li>\n<li style='margin-bottom: 5px;'>Soporta SwOS para conmutaci\u00f3n simplificada con caracter\u00edsticas espec\u00edficas<\/li>\n<li style='margin-bottom: 5px;'>Soporta RouterOS para enrutamiento y caracter\u00edsticas de Capa 3<\/li>\n<li style='margin-bottom: 0px;'>Administraci\u00f3n de reenv\u00edo de puerto a puerto&comma; filtros MAC&comma; VLAN&comma; duplicaci\u00f3n de tr\u00e1fico y limitaci\u00f3n de ancho de banda<\/li>\n<\/ul><\/div>\n<div style='flex: 1 1 300px; min-width: 280px;'>\n<h3 style='font-size: 22px; border-bottom: 2px solid currentColor; padding-bottom: 5px; margin-top: 0; color: inherit; opacity: 0.8;'>Caracter\u00edsticas T\u00e9cnicas<\/h3>\n<ul style='padding-left: 20px; font-size: 15px; color: inherit;'>\n<li style='margin-bottom: 5px;'>CPU: 98DX3236A1-BTD4C000 (ARM 32bit) 800 MHz<\/li>\n<li style='margin-bottom: 5px;'>Memoria: 512 MB<\/li>\n<li style='margin-bottom: 5px;'>Almacenamiento: 16 MB FLASH<\/li>\n<li style='margin-bottom: 5px;'>Temperatura de operaci\u00f3n: -40\u00b0C a +60\u00b0C<\/li>\n<li style='margin-bottom: 5px;'>Consumo m\u00e1ximo de potencia: 24W<\/li>\n<li style='margin-bottom: 5px;'>Alimentaci\u00f3n: Passive PoE y DC Jack (10-30 V)<\/li>\n<li style='margin-bottom: 0px;'>Factor de forma: 440 x 144 x 44 mm<\/li>\n<\/ul><\/div>\n<\/p><\/div>\n<div style='display: flex; flex-wrap: wrap; gap: 20px; margin-bottom: 30px;'>\n<div style='flex: 1 1 250px; border: 1px solid rgba(150&comma; 150&comma; 150&comma; 0.4); border-radius: 8px; overflow: hidden; display: flex; flex-direction: column;'>\n<div style='padding: 15px; border-bottom: 1px solid rgba(150&comma; 150&comma; 150&comma; 0.2); font-weight: bold; font-size: 18px; color: inherit;'>Especificaciones<\/div>\n<div style='padding: 15px; color: inherit;'>\n<ul style='padding-left: 20px; margin: 0; font-size: 14px; list-style-type: disc;'>\n<li style='margin-bottom: 5px;'><strong>Product code:<\/strong> CRS326-24G-2S+RM<\/li>\n<li style='margin-bottom: 5px;'><strong>Arquitectura:<\/strong> ARM 32bit<\/li>\n<li style='margin-bottom: 5px;'><strong>CPU:<\/strong> 98DX3236A1-BTD4C000<\/li>\n<li style='margin-bottom: 5px;'><strong>N\u00facleos CPU:<\/strong> 1<\/li>\n<li style='margin-bottom: 5px;'><strong>Frecuencia CPU:<\/strong> 800 MHz<\/li>\n<li style='margin-bottom: 5px;'><strong>Memoria:<\/strong> 512 MB<\/li>\n<li style='margin-bottom: 5px;'><strong>Almacenamiento:<\/strong> 16 MB FLASH<\/li>\n<li style='margin-bottom: 5px;'><strong>Temperatura operaci\u00f3n:<\/strong> -40\u00b0C .. +60\u00b0C<\/li>\n<li style='margin-bottom: 0px;'><strong>Nivel de licencia:<\/strong> 5<\/li>\n<\/ul><\/div>\n<\/p><\/div>\n<div style='flex: 1 1 250px; border: 1px solid rgba(150&comma; 150&comma; 150&comma; 0.4); border-radius: 8px; overflow: hidden; display: flex; flex-direction: column;'>\n<div style='padding: 15px; border-bottom: 1px solid rgba(150&comma; 150&comma; 150&comma; 0.2); font-weight: bold; font-size: 18px; color: inherit;'>Conectividad<\/div>\n<div style='padding: 15px; color: inherit;'>\n<ul style='padding-left: 20px; margin: 0; font-size: 14px; list-style-type: disc;'>\n<li style='margin-bottom: 5px;'><strong>PoE entrada:<\/strong> Passive PoE<\/li>\n<li style='margin-bottom: 5px;'><strong>Voltaje PoE:<\/strong> 10-30 V<\/li>\n<li style='margin-bottom: 5px;'><strong>Entradas DC:<\/strong> 2 (DC jack&comma; PoE-IN)<\/li>\n<li style='margin-bottom: 5px;'><strong>Voltaje DC:<\/strong> 10-30 V<\/li>\n<li style='margin-bottom: 5px;'><strong>Puertos Ethernet:<\/strong> 24 (10\/100\/1000)<\/li>\n<li style='margin-bottom: 5px;'><strong>Puertos SFP+:<\/strong> 2<\/li>\n<li style='margin-bottom: 0px;'><strong>Puerto serial:<\/strong> RJ45<\/li>\n<\/ul><\/div>\n<\/p><\/div>\n<div style='flex: 1 1 250px; border: 1px solid rgba(150&comma; 150&comma; 150&comma; 0.4); border-radius: 8px; overflow: hidden; display: flex; flex-direction: column;'>\n<div style='padding: 15px; border-bottom: 1px solid rgba(150&comma; 150&comma; 150&comma; 0.2); font-weight: bold; font-size: 18px; color: inherit;'>Rendimiento<\/div>\n<div style='padding: 15px; color: inherit;'>\n<ul style='padding-left: 20px; margin: 0; font-size: 14px; list-style-type: disc;'>\n<li style='margin-bottom: 5px;'><strong>Capacidad conmutaci\u00f3n:<\/strong> 88 Gbps<\/li>\n<li style='margin-bottom: 5px;'><strong>Throughput:<\/strong> 65.476 Mpps<\/li>\n<li style='margin-bottom: 5px;'><strong>Tr\u00e1fico 64B:<\/strong> 65&comma;476.2 kpps<\/li>\n<li style='margin-bottom: 5px;'><strong>Tr\u00e1fico 512B:<\/strong> 10&comma;338.3 kpps<\/li>\n<li style='margin-bottom: 0px;'><strong>Tr\u00e1fico 1518B:<\/strong> 3&comma;576.1 kpps<\/li>\n<\/ul><\/div>\n<\/p><\/div>\n<\/p><\/div>\n<hr style='border: 0; border-top: 1px solid rgba(150&comma; 150&comma; 150&comma; 0.3); margin: 30px 0;'>\n<div style='display: flex; flex-wrap: wrap; gap: 30px; margin-bottom: 30px;'>\n<div style='flex: 1 1 100%; min-width: 280px;'>\n<h3 style='font-size: 22px; border-bottom: 2px solid currentColor; padding-bottom: 5px; margin-top: 0; color: inherit; opacity: 0.8;'>Detalles de Pruebas de Rendimiento<\/h3>\n<div style='overflow-x: auto;'>\n<table style='width: 100%; border-collapse: collapse; margin-top: 15px;'>\n<thead style='background-color: rgba(150&comma; 150&comma; 150&comma; 0.1);'>\n<tr>\n<th style='padding: 12px; border: 1px solid rgba(150&comma;150&comma;150&comma;0.3); text-align: left; font-weight: bold;'>Modo<\/th>\n<th style='padding: 12px; border: 1px solid rgba(150&comma;150&comma;150&comma;0.3); text-align: left; font-weight: bold;'>Configuraci\u00f3n<\/th>\n<th style='padding: 12px; border: 1px solid rgba(150&comma;150&comma;150&comma;0.3); text-align: left; font-weight: bold;'>1518B kpps<\/th>\n<th style='padding: 12px; border: 1px solid rgba(150&comma;150&comma;150&comma;0.3); text-align: left; font-weight: bold;'>1518B Mbps<\/th>\n<th style='padding: 12px; border: 1px solid rgba(150&comma;150&comma;150&comma;0.3); text-align: left; font-weight: bold;'>512B kpps<\/th>\n<th style='padding: 12px; border: 1px solid rgba(150&comma;150&comma;150&comma;0.3); text-align: left; font-weight: bold;'>512B Mbps<\/th>\n<th style='padding: 12px; border: 1px solid rgba(150&comma;150&comma;150&comma;0.3); text-align: left; font-weight: bold;'>64B kpps<\/th>\n<th style='padding: 12px; border: 1px solid rgba(150&comma;150&comma;150&comma;0.3); text-align: left; font-weight: bold;'>64B Mbps<\/th>\n<\/tr>\n<\/thead>\n<tbody>\n<tr style='background-color: rgba(150&comma;150&comma;150&comma;0.05);'>\n<td style='padding: 12px; border: 1px solid rgba(150&comma;150&comma;150&comma;0.3);'>Switching<\/td>\n<td style='padding: 12px; border: 1px solid rgba(150&comma;150&comma;150&comma;0.3);'>Non blocking Layer 2 throughput<\/td>\n<td style='padding: 12px; border: 1px solid rgba(150&comma;150&comma;150&comma;0.3);'>65&comma;476.2<\/td>\n<td style='padding: 12px; border: 1px solid rgba(150&comma;150&comma;150&comma;0.3);'>33&comma;523.8<\/td>\n<td style='padding: 12px; border: 1px solid rgba(150&comma;150&comma;150&comma;0.3);'>10&comma;338.3<\/td>\n<td style='padding: 12px; border: 1px solid rgba(150&comma;150&comma;150&comma;0.3);'>42&comma;345.9<\/td>\n<td style='padding: 12px; border: 1px solid rgba(150&comma;150&comma;150&comma;0.3);'>3&comma;576.1<\/td>\n<td style='padding: 12px; border: 1px solid rgba(150&comma;150&comma;150&comma;0.3);'>43&comma;427.8<\/td>\n<\/tr>\n<tr>\n<td style='padding: 12px; border: 1px solid rgba(150&comma;150&comma;150&comma;0.3);'>Switching<\/td>\n<td style='padding: 12px; border: 1px solid rgba(150&comma;150&comma;150&comma;0.3);'>Non blocking Layer 2 capacity<\/td>\n<td style='padding: 12px; border: 1px solid rgba(150&comma;150&comma;150&comma;0.3);'>65&comma;476.2<\/td>\n<td style='padding: 12px; border: 1px solid rgba(150&comma;150&comma;150&comma;0.3);'>67&comma;047.6<\/td>\n<td style='padding: 12px; border: 1px solid rgba(150&comma;150&comma;150&comma;0.3);'>10&comma;338.3<\/td>\n<td style='padding: 12px; border: 1px solid rgba(150&comma;150&comma;150&comma;0.3);'>84&comma;691.7<\/td>\n<td style='padding: 12px; border: 1px solid rgba(150&comma;150&comma;150&comma;0.3);'>3&comma;576.1<\/td>\n<td style='padding: 12px; border: 1px solid rgba(150&comma;150&comma;150&comma;0.3);'>86&comma;855.7<\/td>\n<\/tr>\n<tr style='background-color: rgba(150&comma;150&comma;150&comma;0.05);'>\n<td style='padding: 12px; border: 1px solid rgba(150&comma;150&comma;150&comma;0.3);'>Switching<\/td>\n<td style='padding: 12px; border: 1px solid rgba(150&comma;150&comma;150&comma;0.3);'>Non blocking Layer 1 throughput<\/td>\n<td style='padding: 12px; border: 1px solid rgba(150&comma;150&comma;150&comma;0.3);'>65&comma;476.2<\/td>\n<td style='padding: 12px; border: 1px solid rgba(150&comma;150&comma;150&comma;0.3);'>44&comma;000.0<\/td>\n<td style='padding: 12px; border: 1px solid rgba(150&comma;150&comma;150&comma;0.3);'>10&comma;338.3<\/td>\n<td style='padding: 12px; border: 1px solid rgba(150&comma;150&comma;150&comma;0.3);'>44&comma;000.0<\/td>\n<td style='padding: 12px; border: 1px solid rgba(150&comma;150&comma;150&comma;0.3);'>3&comma;576.1<\/td>\n<td style='padding: 12px; border: 1px solid rgba(150&comma;150&comma;150&comma;0.3);'>44&comma;000.0<\/td>\n<\/tr>\n<tr>\n<td style='padding: 12px; border: 1px solid rgba(150&comma;150&comma;150&comma;0.3);'>Switching<\/td>\n<td style='padding: 12px; border: 1px solid rgba(150&comma;150&comma;150&comma;0.3);'>Non blocking Layer 1 capacity<\/td>\n<td style='padding: 12px; border: 1px solid rgba(150&comma;150&comma;150&comma;0.3);'>65&comma;476.2<\/td>\n<td style='padding: 12px; border: 1px solid rgba(150&comma;150&comma;150&comma;0.3);'>88&comma;000.0<\/td>\n<td style='padding: 12px; border: 1px solid rgba(150&comma;150&comma;150&comma;0.3);'>10&comma;338.3<\/td>\n<td style='padding: 12px; border: 1px solid rgba(150&comma;150&comma;150&comma;0.3);'>88&comma;000.0<\/td>\n<td style='padding: 12px; border: 1px solid rgba(150&comma;150&comma;150&comma;0.3);'>3&comma;576.1<\/td>\n<td style='padding: 12px; border: 1px solid rgba(150&comma;150&comma;150&comma;0.3);'>88&comma;000.0<\/td>\n<\/tr>\n<\/tbody>\n<\/table><\/div>\n<\/p><\/div>\n<\/p><\/div>\n<div style='display: flex; flex-wrap: wrap; gap: 30px; margin-bottom: 30px;'>\n<div style='flex: 1 1 100%; min-width: 280px;'>\n<h3 style='font-size: 22px; border-bottom: 2px solid currentColor; padding-bottom: 5px; margin-top: 0; color: inherit; opacity: 0.8;'>Pruebas de Rendimiento<\/h3>\n<div style='overflow-x: auto;'>\n<table style='width: 100%; border-collapse: collapse; margin-top: 15px;'>\n<thead style='background-color: rgba(150&comma;150&comma;150&comma;0.1);'>\n<tr>\n<th style='padding: 12px; border: 1px solid rgba(150&comma;150&comma;150&comma;0.3); text-align: left; font-weight: bold;'>Modo<\/th>\n<th style='padding: 12px; border: 1px solid rgba(150&comma;150&comma;150&comma;0.3); text-align: left; font-weight: bold;'>Configuraci\u00f3n<\/th>\n<th style='padding: 12px; border: 1px solid rgba(150&comma;150&comma;150&comma;0.3); text-align: left; font-weight: bold;'>1518B kpps<\/th>\n<th style='padding: 12px; border: 1px solid rgba(150&comma;150&comma;150&comma;0.3); text-align: left; font-weight: bold;'>1518B Mbps<\/th>\n<th style='padding: 12px; border: 1px solid rgba(150&comma;150&comma;150&comma;0.3); text-align: left; font-weight: bold;'>512B kpps<\/th>\n<th style='padding: 12px; border: 1px solid rgba(150&comma;150&comma;150&comma;0.3); text-align: left; font-weight: bold;'>512B Mbps<\/th>\n<th style='padding: 12px; border: 1px solid rgba(150&comma;150&comma;150&comma;0.3); text-align: left; font-weight: bold;'>64B kpps<\/th>\n<th style='padding: 12px; border: 1px solid rgba(150&comma;150&comma;150&comma;0.3); text-align: left; font-weight: bold;'>64B Mbps<\/th>\n<\/tr>\n<\/thead>\n<tbody>\n<tr style='background-color: rgba(150&comma;150&comma;150&comma;0.05);'>\n<td style='padding: 12px; border: 1px solid rgba(150&comma;150&comma;150&comma;0.3);'>Bridging<\/td>\n<td style='padding: 12px; border: 1px solid rgba(150&comma;150&comma;150&comma;0.3);'>none (fast path)<\/td>\n<td style='padding: 12px; border: 1px solid rgba(150&comma;150&comma;150&comma;0.3);'>81.3<\/td>\n<td style='padding: 12px; border: 1px solid rgba(150&comma;150&comma;150&comma;0.3);'>987.3<\/td>\n<td style='padding: 12px; border: 1px solid rgba(150&comma;150&comma;150&comma;0.3);'>235<\/td>\n<td style='padding: 12px; border: 1px solid rgba(150&comma;150&comma;150&comma;0.3);'>962.6<\/td>\n<td style='padding: 12px; border: 1px solid rgba(150&comma;150&comma;150&comma;0.3);'>296<\/td>\n<td style='padding: 12px; border: 1px solid rgba(150&comma;150&comma;150&comma;0.3);'>151.6<\/td>\n<\/tr>\n<tr>\n<td style='padding: 12px; border: 1px solid rgba(150&comma;150&comma;150&comma;0.3);'>Bridging<\/td>\n<td style='padding: 12px; border: 1px solid rgba(150&comma;150&comma;150&comma;0.3);'>25 bridge filter rules<\/td>\n<td style='padding: 12px; border: 1px solid rgba(150&comma;150&comma;150&comma;0.3);'>81.3<\/td>\n<td style='padding: 12px; border: 1px solid rgba(150&comma;150&comma;150&comma;0.3);'>987.3<\/td>\n<td style='padding: 12px; border: 1px solid rgba(150&comma;150&comma;150&comma;0.3);'>90.7<\/td>\n<td style='padding: 12px; border: 1px solid rgba(150&comma;150&comma;150&comma;0.3);'>371.5<\/td>\n<td style='padding: 12px; border: 1px solid rgba(150&comma;150&comma;150&comma;0.3);'>90.9<\/td>\n<td style='padding: 12px; border: 1px solid rgba(150&comma;150&comma;150&comma;0.3);'>46.5<\/td>\n<\/tr>\n<tr style='background-color: rgba(150&comma;150&comma;150&comma;0.05);'>\n<td style='padding: 12px; border: 1px solid rgba(150&comma;150&comma;150&comma;0.3);'>Routing<\/td>\n<td style='padding: 12px; border: 1px solid rgba(150&comma;150&comma;150&comma;0.3);'>none (fast path)<\/td>\n<td style='padding: 12px; border: 1px solid rgba(150&comma;150&comma;150&comma;0.3);'>81.3<\/td>\n<td style='padding: 12px; border: 1px solid rgba(150&comma;150&comma;150&comma;0.3);'>987.3<\/td>\n<td style='padding: 12px; border: 1px solid rgba(150&comma;150&comma;150&comma;0.3);'>235<\/td>\n<td style='padding: 12px; border: 1px solid rgba(150&comma;150&comma;150&comma;0.3);'>962.6<\/td>\n<td style='padding: 12px; border: 1px solid rgba(150&comma;150&comma;150&comma;0.3);'>261.9<\/td>\n<td style='padding: 12px; border: 1px solid rgba(150&comma;150&comma;150&comma;0.3);'>134.1<\/td>\n<\/tr>\n<tr>\n<td style='padding: 12px; border: 1px solid rgba(150&comma;150&comma;150&comma;0.3);'>Routing<\/td>\n<td style='padding: 12px; border: 1px solid rgba(150&comma;150&comma;150&comma;0.3);'>25 simple queues<\/td>\n<td style='padding: 12px; border: 1px solid rgba(150&comma;150&comma;150&comma;0.3);'>81.3<\/td>\n<td style='padding: 12px; border: 1px solid rgba(150&comma;150&comma;150&comma;0.3);'>987.3<\/td>\n<td style='padding: 12px; border: 1px solid rgba(150&comma;150&comma;150&comma;0.3);'>112.6<\/td>\n<td style='padding: 12px; border: 1px solid rgba(150&comma;150&comma;150&comma;0.3);'>461.2<\/td>\n<td style='padding: 12px; border: 1px solid rgba(150&comma;150&comma;150&comma;0.3);'>111.5<\/td>\n<td style='padding: 12px; border: 1px solid rgba(150&comma;150&comma;150&comma;0.3);'>57.1<\/td>\n<\/tr>\n<tr style='background-color: rgba(150&comma;150&comma;150&comma;0.05);'>\n<td style='padding: 12px; border: 1px solid rgba(150&comma;150&comma;150&comma;0.3);'>Routing<\/td>\n<td style='padding: 12px; border: 1px solid rgba(150&comma;150&comma;150&comma;0.3);'>25 ip filter rules<\/td>\n<td style='padding: 12px; border: 1px solid rgba(150&comma;150&comma;150&comma;0.3);'>59.8<\/td>\n<td style='padding: 12px; border: 1px solid rgba(150&comma;150&comma;150&comma;0.3);'>726.2<\/td>\n<td style='padding: 12px; border: 1px solid rgba(150&comma;150&comma;150&comma;0.3);'>61.4<\/td>\n<td style='padding: 12px; border: 1px solid rgba(150&comma;150&comma;150&comma;0.3);'>251.5<\/td>\n<td style='padding: 12px; border: 1px solid rgba(150&comma;150&comma;150&comma;0.3);'>59.5<\/td>\n<td style='padding: 12px; border: 1px solid rgba(150&comma;150&comma;150&comma;0.3);'>30.5<\/td>\n<\/tr>\n<\/tbody>\n<\/table><\/div>\n<\/p><\/div>\n<\/p><\/div>\n<div style='margin-bottom: 30px;'>\n<ul style='padding-left: 20px; font-size: 14px; color: inherit; list-style-type: disc;'>\n<li style='margin-bottom: 5px;'>Todas las pruebas realizadas con equipo especializado Xena Networks (XenaBay) seg\u00fan RFC2544 (Xena2544)<\/li>\n<li style='margin-bottom: 5px;'>El rendimiento m\u00e1ximo se determina con 30+ segundos de prueba con tolerancia de p\u00e9rdida de paquetes del 0.1% en tama\u00f1os de paquete de 64&comma; 512 y 1518 bytes<\/li>\n<li style='margin-bottom: 5px;'>Los valores en cursiva indican que se alcanz\u00f3 el rendimiento m\u00e1ximo sin saturar la CPU&comma; sino por limitaci\u00f3n de configuraci\u00f3n de interfaz<\/li>\n<li style='margin-bottom: 0px;'>Los resultados muestran el rendimiento m\u00e1ximo del dispositivo&comma; obtenidos con la configuraci\u00f3n de hardware y software mencionada&comma; configuraciones diferentes probablemente dar\u00e1n resultados menores<\/li>\n<\/ul><\/div>\n<div style='display: flex; flex-wrap: wrap; gap: 30px; margin-bottom: 30px;'>\n<div style='flex: 1 1 300px; min-width: 280px;'>\n<h3 style='font-size: 22px; border-bottom: 2px solid currentColor; padding-bottom: 5px; margin-top: 0; color: inherit; opacity: 0.8;'>Garant\u00eda<\/h3>\n<p> <img style='width: 100%; height: auto; border: 1px solid rgba(150&comma;150&comma;150&comma;0.3); border-radius: 8px;' src='https:\/\/ftp3.syscom.mx\/usuarios\/fotos\/CRS32624G2SPLUSRM\/136195-garantia1.png' alt='Garant\u00eda MikroTik'> <\/div>\n<\/p><\/div>\n<\/p><\/div>\n","protected":false},"excerpt":{"rendered":"<p>Switch Sistema Operativo Dual 24 Puertos Gigabit Ethernet y 2 Puertos SFP+<\/p>\n","protected":false},"featured_media":88786,"comment_status":"open","ping_status":"closed","template":"","meta":[],"product_brand":[],"product_cat":[1970],"product_tag":[643,664,1971],"class_list":{"0":"post-88787","1":"product","2":"type-product","3":"status-publish","4":"has-post-thumbnail","6":"product_cat-switches","7":"product_tag-mikrotik","8":"product_tag-networking","9":"product_tag-switches","11":"first","12":"instock","13":"sale","14":"shipping-taxable","15":"purchasable","16":"product-type-simple"},"_links":{"self":[{"href":"https:\/\/soydeaqui.ddns.net\/pachuca\/index.php\/wp-json\/wp\/v2\/product\/88787","targetHints":{"allow":["GET"]}}],"collection":[{"href":"https:\/\/soydeaqui.ddns.net\/pachuca\/index.php\/wp-json\/wp\/v2\/product"}],"about":[{"href":"https:\/\/soydeaqui.ddns.net\/pachuca\/index.php\/wp-json\/wp\/v2\/types\/product"}],"replies":[{"embeddable":true,"href":"https:\/\/soydeaqui.ddns.net\/pachuca\/index.php\/wp-json\/wp\/v2\/comments?post=88787"}],"wp:featuredmedia":[{"embeddable":true,"href":"https:\/\/soydeaqui.ddns.net\/pachuca\/index.php\/wp-json\/wp\/v2\/media\/88786"}],"wp:attachment":[{"href":"https:\/\/soydeaqui.ddns.net\/pachuca\/index.php\/wp-json\/wp\/v2\/media?parent=88787"}],"wp:term":[{"taxonomy":"product_brand","embeddable":true,"href":"https:\/\/soydeaqui.ddns.net\/pachuca\/index.php\/wp-json\/wp\/v2\/product_brand?post=88787"},{"taxonomy":"product_cat","embeddable":true,"href":"https:\/\/soydeaqui.ddns.net\/pachuca\/index.php\/wp-json\/wp\/v2\/product_cat?post=88787"},{"taxonomy":"product_tag","embeddable":true,"href":"https:\/\/soydeaqui.ddns.net\/pachuca\/index.php\/wp-json\/wp\/v2\/product_tag?post=88787"}],"curies":[{"name":"wp","href":"https:\/\/api.w.org\/{rel}","templated":true}]}}