{"id":88771,"date":"2026-03-20T02:25:28","date_gmt":"2026-03-20T02:25:28","guid":{"rendered":"https:\/\/soydeaqui.ddns.net\/pachuca\/index.php\/producto\/servidor-flash-para-rack-de-24-bahias-2-5-expandible-hasta-48-bahias-hasta-276-48-tb\/"},"modified":"2026-03-20T02:25:32","modified_gmt":"2026-03-20T02:25:32","slug":"servidor-flash-para-rack-de-24-bahias-2-5-expandible-hasta-48-bahias-hasta-276-48-tb","status":"publish","type":"product","link":"https:\/\/soydeaqui.ddns.net\/pachuca\/index.php\/producto\/servidor-flash-para-rack-de-24-bahias-2-5-expandible-hasta-48-bahias-hasta-276-48-tb\/","title":{"rendered":"Servidor flash para rack de 24 bah\u00edas 2.5&#8243; \/ Expandible hasta 48 bah\u00edas \/ Hasta 276.48 TB"},"content":{"rendered":"<div style='width: 100%; max-width: 1200px; margin: 0 auto; font-family: sans-serif; line-height: 1.6; color: inherit; background-color: transparent;'>\n<div style='width: 100%; margin: 30px 0;'> <a href='https:\/\/ftp3.syscom.mx\/usuarios\/nortega\/synology\/PROCEDIMIENTO%20DE%20GARANTIAS.pdf'> <img style='width: 100%; max-width: 900px; height: auto; border: 1px solid rgba(150&comma;150&comma;150&comma;0.3); border-radius: 8px; display: block; margin: 0 auto;' src='https:\/\/ftp3.syscom.mx\/usuarios\/nortega\/synology\/imagenes\/cintillo%20garantia.jpg' alt=''> <\/a> <\/div>\n<div style='display: flex; flex-wrap: wrap; gap: 30px; margin-bottom: 30px;'>\n<div style='flex: 1 1 300px; min-width: 280px;'>\n<h3 style='font-size: 22px; border-bottom: 2px solid currentColor; padding-bottom: 5px; margin-top: 0; color: inherit; opacity: 0.8;'>Caracter\u00edsticas Principales<\/h3>\n<ul style='padding-left: 20px; font-size: 15px; color: inherit;'>\n<li style='margin-bottom: 5px;'>Servidor flash para rack de 24 bah\u00edas 2.5&#8242;<\/li>\n<li style='margin-bottom: 5px;'>Expandible hasta 48 bah\u00edas<\/li>\n<li style='margin-bottom: 5px;'>Hasta 276.48 TB de capacidad<\/li>\n<li style='margin-bottom: 5px;'>Marca: SYNOLOGY<\/li>\n<li style='margin-bottom: 5px;'>Modelo: FS3400<\/li>\n<\/ul><\/div>\n<div style='flex: 1 1 300px; min-width: 280px;'>\n<h3 style='font-size: 22px; border-bottom: 2px solid currentColor; padding-bottom: 5px; margin-top: 0; color: inherit; opacity: 0.8;'>Descripci\u00f3n<\/h3>\n<p style='color: inherit; font-size: 15px;'> El FS3400 es un NAS todo flash de 24 bah\u00edas para uso empresarial que aumenta el rendimiento de aplicaciones sensibles a E\/S&comma; como bases de datos&comma; m\u00e1quinas virtuales o procesamiento de transacciones en l\u00ednea (OLTP). Con una CPU de 12 n\u00facleos y una conexi\u00f3n de red de alta velocidad&comma; ofrece m\u00e1s de 137 000 IOPS de escritura aleatoria iSCSI 4K para satisfacer la demanda empresarial de infraestructura de alta velocidad. <\/p>\n<\/p><\/div>\n<\/p><\/div>\n<div style='position: relative; width: 100%; margin: 40px 0;'> <img style='width: 100%; max-width: 1200px; height: auto; border: 1px solid rgba(150&comma;150&comma;150&comma;0.3); border-radius: 8px; display: block; margin: 0 auto;' src='http:\/\/172.31.13.99\/usuarios\/nortega\/synology\/imagenes\/FS3600\/heading.png' alt=''> <\/div>\n<div style='display: flex; flex-wrap: wrap; gap: 20px; margin-bottom: 30px;'>\n<div style='flex: 1 1 250px; border: 1px solid rgba(150&comma; 150&comma; 150&comma; 0.4); border-radius: 8px; overflow: hidden; display: flex; flex-direction: column;'>\n<div style='padding: 15px; border-bottom: 1px solid rgba(150&comma; 150&comma; 150&comma; 0.2); font-weight: bold; font-size: 18px; color: inherit;'>Especificaciones T\u00e9cnicas<\/div>\n<div style='padding: 15px; color: inherit;'>\n<ul style='padding-left: 20px; margin: 0; font-size: 14px; list-style-type: disc;'>\n<li style='margin-bottom: 5px;'><strong>Procesador:<\/strong> Intel\u00ae Xeon\u00ae D-1541&comma; 8-core 2.1 (base) \/ 2.7 (turbo) GHz<\/li>\n<li style='margin-bottom: 5px;'><strong>Memoria:<\/strong> 16 GB DDR4 ECC RDIMM&comma; hasta 128 GB<\/li>\n<li style='margin-bottom: 5px;'><strong>Almacenamiento:<\/strong> Hasta 48 unidades SAS\/SATA<\/li>\n<li style='margin-bottom: 5px;'><strong>Red:<\/strong> Compatibilidad con NIC de alto rendimiento<\/li>\n<\/ul><\/div>\n<\/p><\/div>\n<div style='flex: 1 1 250px; border: 1px solid rgba(150&comma; 150&comma; 150&comma; 0.4); border-radius: 8px; overflow: hidden; display: flex; flex-direction: column;'>\n<div style='padding: 15px; border-bottom: 1px solid rgba(150&comma; 150&comma; 150&comma; 0.2); font-weight: bold; font-size: 18px; color: inherit;'>Rendimiento<\/div>\n<div style='padding: 15px; color: inherit;'>\n<ul style='padding-left: 20px; margin: 0; font-size: 14px; list-style-type: disc;'>\n<li style='margin-bottom: 5px;'>Rendimiento secuencial: M\u00e1s de 5520 MB\/s<\/li>\n<li style='margin-bottom: 5px;'>304 277 IOPS aleatorias<\/li>\n<li style='margin-bottom: 5px;'>Escritura aleatoria iSCSI 4K: M\u00e1s de 137 000 IOPS<\/li>\n<\/ul><\/div>\n<\/p><\/div>\n<div style='flex: 1 1 250px; border: 1px solid rgba(150&comma; 150&comma; 150&comma; 0.4); border-radius: 8px; overflow: hidden; display: flex; flex-direction: column;'>\n<div style='padding: 15px; border-bottom: 1px solid rgba(150&comma; 150&comma; 150&comma; 0.2); font-weight: bold; font-size: 18px; color: inherit;'>Conectividad<\/div>\n<div style='padding: 15px; color: inherit;'>\n<ul style='padding-left: 20px; margin: 0; font-size: 14px; list-style-type: disc;'>\n<li style='margin-bottom: 5px;'>4 Puertos RJ45 Gigabit (Con soporte de conmutaci\u00f3n por error \/ Link Aggregation)<\/li>\n<li style='margin-bottom: 5px;'>2 Puertos RJ45 10GbE (Con soporte de conmutaci\u00f3n por error \/ Link Aggregation)<\/li>\n<li style='margin-bottom: 5px;'>2 Puertos USB 3.0<\/li>\n<li style='margin-bottom: 5px;'>1 Puerto de expansi\u00f3n<\/li>\n<li style='margin-bottom: 5px;'>1 Puerto PCI Gen3 x8 slot (x8 link)<\/li>\n<\/ul><\/div>\n<\/p><\/div>\n<div style='flex: 1 1 250px; border: 1px solid rgba(150&comma; 150&comma; 150&comma; 0.4); border-radius: 8px; overflow: hidden; display: flex; flex-direction: column;'>\n<div style='padding: 15px; border-bottom: 1px solid rgba(150&comma; 150&comma; 150&comma; 0.2); font-weight: bold; font-size: 18px; color: inherit;'>Almacenamiento<\/div>\n<div style='padding: 15px; color: inherit;'>\n<ul style='padding-left: 20px; margin: 0; font-size: 14px; list-style-type: disc;'>\n<li style='margin-bottom: 5px;'>24 Bah\u00edas 2.5&#8242; para Disco Duro (no incluidos)<\/li>\n<li style='margin-bottom: 5px;'>Expandible hasta 48 bah\u00edas con unidad de expansi\u00f3n RX1217SAS o 72 bah\u00edas con unidad de expansi\u00f3n FX2421<\/li>\n<li style='margin-bottom: 5px;'>Soporta discos duros de 2.5&#8242; SSD SATA o SAS<\/li>\n<li style='margin-bottom: 5px;'>Soporta discos duros de hasta 3.84TB<\/li>\n<li style='margin-bottom: 5px;'>Hot Swap<\/li>\n<\/ul><\/div>\n<\/p><\/div>\n<div style='flex: 1 1 250px; border: 1px solid rgba(150&comma; 150&comma; 150&comma; 0.4); border-radius: 8px; overflow: hidden; display: flex; flex-direction: column;'>\n<div style='padding: 15px; border-bottom: 1px solid rgba(150&comma; 150&comma; 150&comma; 0.2); font-weight: bold; font-size: 18px; color: inherit;'>RAID Compatible<\/div>\n<div style='padding: 15px; color: inherit;'>\n<ul style='padding-left: 20px; margin: 0; font-size: 14px; list-style-type: disc;'>\n<li style='margin-bottom: 5px;'>JBOD<\/li>\n<li style='margin-bottom: 5px;'>RAID 0<\/li>\n<li style='margin-bottom: 5px;'>RAID 1<\/li>\n<li style='margin-bottom: 5px;'>RAID 5<\/li>\n<li style='margin-bottom: 5px;'>RAID 6<\/li>\n<li style='margin-bottom: 5px;'>RAID 10<\/li>\n<\/ul><\/div>\n<\/p><\/div>\n<div style='flex: 1 1 250px; border: 1px solid rgba(150&comma; 150&comma; 150&comma; 0.4); border-radius: 8px; overflow: hidden; display: flex; flex-direction: column;'>\n<div style='padding: 15px; border-bottom: 1px solid rgba(150&comma; 150&comma; 150&comma; 0.2); font-weight: bold; font-size: 18px; color: inherit;'>Caracter\u00edsticas F\u00edsicas y El\u00e9ctricas<\/div>\n<div style='padding: 15px; color: inherit;'>\n<ul style='padding-left: 20px; margin: 0; font-size: 14px; list-style-type: disc;'>\n<li style='margin-bottom: 5px;'>Alimentaci\u00f3n: 100 a 240VCA<\/li>\n<li style='margin-bottom: 5px;'>Consumo: 258.23W<\/li>\n<li style='margin-bottom: 5px;'>Temperatura de operaci\u00f3n: 5 a 35 \u00b0C<\/li>\n<li style='margin-bottom: 5px;'>Dimensiones: 88 X 482 X 724 mm<\/li>\n<li style='margin-bottom: 5px;'>Peso: 14.9Kg<\/li>\n<li style='margin-bottom: 5px;'>Para instalaci\u00f3n en rack de 4 postes (utilizar RKS1317)<\/li>\n<\/ul><\/div>\n<\/p><\/div>\n<div style='flex: 1 1 250px; border: 1px solid rgba(150&comma; 150&comma; 150&comma; 0.4); border-radius: 8px; overflow: hidden; display: flex; flex-direction: column;'>\n<div style='padding: 15px; border-bottom: 1px solid rgba(150&comma; 150&comma; 150&comma; 0.2); font-weight: bold; font-size: 18px; color: inherit;'>Software<\/div>\n<div style='padding: 15px; color: inherit;'>\n<p style='font-size: 14px; margin-bottom: 10px;'> Synology DiskStation Manager (DSM) es un elegante sistema operativo basado en navegador&comma; lo que hace que Synology NAS sea muy f\u00e1cil de utilizar. Para conocer todas las aplicaciones adicionales (Add-Ons)&comma; como Servidor de Archivos&comma; de correo&comma; FTP&comma; impresi\u00f3n&comma; fotos&comma; videos y muchos m\u00e1s&comma; consulte la Hoja de Especificaciones. <\/p>\n<\/p><\/div>\n<\/p><\/div>\n<div style='flex: 1 1 250px; border: 1px solid rgba(150&comma; 150&comma; 150&comma; 0.4); border-radius: 8px; overflow: hidden; display: flex; flex-direction: column;'>\n<div style='padding: 15px; border-bottom: 1px solid rgba(150&comma; 150&comma; 150&comma; 0.2); font-weight: bold; font-size: 18px; color: inherit;'>Servicio y Garant\u00eda<\/div>\n<div style='padding: 15px; color: inherit;'>\n<p style='font-size: 14px; margin-bottom: 10px;'> Gracias al servicio de sustituci\u00f3n de hardware con gran capacidad de respuesta proporcionado por Synology&comma; disfrutar\u00e1 de un servidor fiable que permitir\u00e1 maximizar el tiempo de actividad de los servicios y reducir las p\u00e9rdidas provocadas por fallos de hardware inesperados. <\/p>\n<p style='font-size: 14px; margin-bottom: 10px; font-weight: bold;'> Garant\u00eda de 5 a\u00f1os <\/p>\n<p style='font-size: 14px; margin-bottom: 10px;'> *No incluye discos duros. <\/p>\n<\/p><\/div>\n<\/p><\/div>\n<\/p><\/div>\n<div style='display: flex; flex-wrap: wrap; gap: 20px; margin-bottom: 30px;'>\n<div style='flex: 1 1 100%; background-color: rgba(31&comma;36&comma;45&comma;0.9); padding: 15px; border-radius: 8px;'>\n<div style='display: flex; flex-wrap: wrap; gap: 20px;'>\n<div style='flex: 1 1 100%; color: white;'>\n<h3 style='margin-top: 0; color: white;'>Almacenamiento escalable con un rendimiento excelente<\/h3>\n<p style='color: white;'> Hasta 48 unidades de almacenamiento SAS&comma; el FS3400 satisface con facilidad las necesidades de la posproducci\u00f3n de v\u00eddeo y la implementaci\u00f3n de vigilancia masiva. <\/p>\n<\/p><\/div>\n<div style='flex: 1 1 100%; color: white;'>\n<h3 style='margin-top: 0; color: white;'>Conectividad avanzada<\/h3>\n<p style='color: white;'> Con expansi\u00f3n Ethernet de 10 GbE y PCIe integrada&comma; y compatibilidad con varias unidades SAS y SATA&comma; FS3400 ofrece implementaci\u00f3n de servidor todo flash flexible y econ\u00f3mica bajo demanda. <\/p>\n<\/p><\/div>\n<\/p><\/div>\n<\/p><\/div>\n<\/p><\/div>\n<div style='display: flex; flex-wrap: wrap; gap: 20px; margin-bottom: 30px;'>\n<div style='flex: 1 1 100%; border: 1px solid rgba(150&comma; 150&comma; 150&comma; 0.4); border-radius: 8px; overflow: hidden; display: flex; flex-direction: column;'>\n<div style='padding: 15px; background-color: #dde5ed; border-bottom: 1px solid rgba(150&comma; 150&comma; 150&comma; 0.2); font-weight: bold; font-size: 18px; color: inherit;'>Selector de Servidor NAS<\/div>\n<div style='padding: 15px; color: inherit;'>\n<p style='font-size: 14px; margin-bottom: 10px;'> \u00bfNo est\u00e1 seguro de qu\u00e9 servidor NAS es el m\u00e1s adecuado para sus necesidades? Utilice el selector de servidores NAS de Synology para encontrar la soluci\u00f3n perfecta: <\/p>\n<p> <a style='display: inline-block; padding: 10px 20px; background-color: #007bff; color: white; text-decoration: none; border-radius: 4px; font-size: 14px;' href='https:\/\/www.synology.com\/es-mx\/support\/nas_selector' target='_blank' rel='noopener'> Selector de servidor NAS <\/a> <\/div>\n<\/p><\/div>\n<\/p><\/div>\n<div style='display: flex; flex-wrap: wrap; gap: 20px; margin-bottom: 30px;'>\n<div style='flex: 1 1 100%; border: 1px solid rgba(150&comma; 150&comma; 150&comma; 0.4); border-radius: 8px; overflow: hidden; display: flex; flex-direction: column;'>\n<div style='padding: 15px; background-color: #dde5ed; border-bottom: 1px solid rgba(150&comma; 150&comma; 150&comma; 0.2); font-weight: bold; font-size: 18px; color: inherit;'>Compatibilidad<\/div>\n<div style='padding: 15px; color: inherit;'> <a href='https:\/\/www.synology.com\/es-mx\/compatibility' target='_blank' rel='noopener'> <img style='width: 100%; height: auto; border: 1px solid rgba(150&comma;150&comma;150&comma;0.3); border-radius: 8px;' src='http:\/\/ftp3.syscom.mx\/usuarios\/nortega\/synology\/compatibilidad.jpg' alt=''> <\/a> <\/div>\n<\/p><\/div>\n<\/p><\/div>\n<hr style='border: 0; border-top: 1px solid rgba(150&comma; 150&comma; 150&comma; 0.3); margin: 30px 0;'> <\/div>\n","protected":false},"excerpt":{"rendered":"<p>Servidor flash para rack de 24 bah\u00edas 2.5&#8243; \/ Expandible hasta 48 bah\u00edas \/ Hasta 276.48 TB<\/p>\n","protected":false},"featured_media":88770,"comment_status":"open","ping_status":"closed","template":"","meta":[],"product_brand":[],"product_cat":[2067],"product_tag":[1974,2068,1976],"class_list":{"0":"post-88771","1":"product","2":"type-product","3":"status-publish","4":"has-post-thumbnail","6":"product_cat-servidores-nas","7":"product_tag-almacenamiento","8":"product_tag-servidores-nas","9":"product_tag-synology","11":"first","12":"outofstock","13":"sale","14":"shipping-taxable","15":"purchasable","16":"product-type-simple"},"_links":{"self":[{"href":"https:\/\/soydeaqui.ddns.net\/pachuca\/index.php\/wp-json\/wp\/v2\/product\/88771","targetHints":{"allow":["GET"]}}],"collection":[{"href":"https:\/\/soydeaqui.ddns.net\/pachuca\/index.php\/wp-json\/wp\/v2\/product"}],"about":[{"href":"https:\/\/soydeaqui.ddns.net\/pachuca\/index.php\/wp-json\/wp\/v2\/types\/product"}],"replies":[{"embeddable":true,"href":"https:\/\/soydeaqui.ddns.net\/pachuca\/index.php\/wp-json\/wp\/v2\/comments?post=88771"}],"wp:featuredmedia":[{"embeddable":true,"href":"https:\/\/soydeaqui.ddns.net\/pachuca\/index.php\/wp-json\/wp\/v2\/media\/88770"}],"wp:attachment":[{"href":"https:\/\/soydeaqui.ddns.net\/pachuca\/index.php\/wp-json\/wp\/v2\/media?parent=88771"}],"wp:term":[{"taxonomy":"product_brand","embeddable":true,"href":"https:\/\/soydeaqui.ddns.net\/pachuca\/index.php\/wp-json\/wp\/v2\/product_brand?post=88771"},{"taxonomy":"product_cat","embeddable":true,"href":"https:\/\/soydeaqui.ddns.net\/pachuca\/index.php\/wp-json\/wp\/v2\/product_cat?post=88771"},{"taxonomy":"product_tag","embeddable":true,"href":"https:\/\/soydeaqui.ddns.net\/pachuca\/index.php\/wp-json\/wp\/v2\/product_tag?post=88771"}],"curies":[{"name":"wp","href":"https:\/\/api.w.org\/{rel}","templated":true}]}}