{"id":88753,"date":"2026-03-20T02:24:39","date_gmt":"2026-03-20T02:24:39","guid":{"rendered":"https:\/\/soydeaqui.ddns.net\/pachuca\/index.php\/producto\/telefono-ip-wifi-para-hoteleria-profesional-con-6-teclas-programables-para-servicio-rapido-hotline-plantilla-personalizable-con-poe-2\/"},"modified":"2026-03-20T02:24:46","modified_gmt":"2026-03-20T02:24:46","slug":"telefono-ip-wifi-para-hoteleria-profesional-con-6-teclas-programables-para-servicio-rapido-hotline-plantilla-personalizable-con-poe-2","status":"publish","type":"product","link":"https:\/\/soydeaqui.ddns.net\/pachuca\/index.php\/producto\/telefono-ip-wifi-para-hoteleria-profesional-con-6-teclas-programables-para-servicio-rapido-hotline-plantilla-personalizable-con-poe-2\/","title":{"rendered":"Tel\u00e9fono IP WiFi para Hoteler\u00eda, profesional con 6 teclas programables para servicio r\u00e1pido (Hotline), plantilla personalizable con PoE"},"content":{"rendered":"<div style='width: 100%; max-width: 1200px; margin: 0 auto; font-family: sans-serif; line-height: 1.6; color: inherit; background-color: transparent;'> <!-- Imagen principal --> <\/p>\n<div style='margin-bottom: 30px;'> <img style='width: 100%; height: auto; border: 1px solid rgba(150&comma;150&comma;150&comma;0.3); border-radius: 8px;' src='https:\/\/fanvil.com\/Uploads\/detail\/2021-03-12\/604b20253c48a.jpg' alt='Tel\u00e9fono IP WiFi Fanvil H3WB'> <\/div>\n<p> <!-- Descripci\u00f3n general --> <\/p>\n<div style='margin-bottom: 30px; font-size: 15px;'> Tel\u00e9fono IP WiFi con audio HD&comma; Fanvil H3W puede brindarle una experiencia de comunicaci\u00f3n m\u00e1s fluida sin problemas de cableado. M\u00e1s que un tel\u00e9fono IP de hotel&comma; tambi\u00e9n es adecuado para supermercados&comma; hospitales&comma; centros comerciales&comma; etc. <\/div>\n<p> <!-- Secciones de caracter\u00edsticas --> <\/p>\n<div style='display: flex; flex-wrap: wrap; gap: 30px; margin-bottom: 30px;'>\n<div style='flex: 1 1 300px; min-width: 280px;'>\n<h3 style='font-size: 22px; border-bottom: 2px solid currentColor; padding-bottom: 5px; margin-top: 0; color: inherit; opacity: 0.8;'>Caracter\u00edsticas principales<\/h3>\n<ul style='padding-left: 20px; font-size: 15px; color: inherit;'>\n<li style='margin-bottom: 5px;'>2 cuentas SIP<\/li>\n<li style='margin-bottom: 5px;'>Admite c\u00f3dec de audio Opus: puede manejar una variedad de aplicaciones de audio.<\/li>\n<li style='margin-bottom: 5px;'>Wi-Fi 2.4 Ghz integrado para IEEE 802.11 b\/g\/n<\/li>\n<li style='margin-bottom: 5px;'>2 puertos de red&comma; PoE integrado (802.3 af)<\/li>\n<li style='margin-bottom: 5px;'>Llamada IP y Peer to Peer (punto a punto)<\/li>\n<li style='margin-bottom: 5px;'>Compatible con las principales plataformas: Grandstream UCM62XX&comma; UCM63XX&comma; Asterisk&comma; Broadsoft&comma; 3CX&comma; Metaswitch&comma; Elastix&comma; Avaya etc.<\/li>\n<\/ul><\/div>\n<div style='flex: 1 1 300px; min-width: 280px;'>\n<h3 style='font-size: 22px; border-bottom: 2px solid currentColor; padding-bottom: 5px; margin-top: 0; color: inherit; opacity: 0.8;'>Caracter\u00edsticas de red<\/h3>\n<ul style='padding-left: 20px; font-size: 15px; color: inherit;'>\n<li style='margin-bottom: 5px;'>2 puertos Ethernet 10\/100 Mbps modo puente para bypass a PC<\/li>\n<li style='margin-bottom: 5px;'>Configuraci\u00f3n de IP: est\u00e1tico \/ DHCP \/ PPPoE<\/li>\n<li style='margin-bottom: 5px;'>Control de acceso por red: 802.1x<\/li>\n<li style='margin-bottom: 5px;'>VPN L2TP (encriptacion b\u00e1sica) \/ OpenVPN<\/li>\n<li style='margin-bottom: 5px;'>VLAN y DSCP<\/li>\n<li style='margin-bottom: 5px;'>QoS<\/li>\n<\/ul><\/div>\n<div style='flex: 1 1 300px; min-width: 280px;'>\n<h3 style='font-size: 22px; border-bottom: 2px solid currentColor; padding-bottom: 5px; margin-top: 0; color: inherit; opacity: 0.8;'>Especificaciones f\u00edsicas y el\u00e9ctricas<\/h3>\n<ul style='padding-left: 20px; font-size: 15px; color: inherit;'>\n<li style='margin-bottom: 5px;'>Energia: 5V\/2A o PoE (no incluye adaptador de corriente)<\/li>\n<li style='margin-bottom: 5px;'>Puerto WAN 10\/100 BASE-T RJ-45 para LAN<\/li>\n<li style='margin-bottom: 5px;'>Puerto LAN 10\/100 BASE-T RJ-45 para PC<\/li>\n<li style='margin-bottom: 5px;'>Consumo PoE 1.5W ~ 5.65W<\/li>\n<li style='margin-bottom: 5px;'>Consumo adaptador de corriente: 2.13W ~ 7.46W<\/li>\n<li style='margin-bottom: 5px;'>Temperatura de operaci\u00f3n: 0\u00b0C &#8211; 45\u00b0C<\/li>\n<li style='margin-bottom: 5px;'>Humedad relativa: 10% &#8211; 95%<\/li>\n<li style='margin-bottom: 5px;'>Dimensiones: 151.7&#215;193.2&#215;131.7 mm<\/li>\n<\/ul><\/div>\n<\/p><\/div>\n<p> <!-- Nota final --> <\/p>\n<div style='font-size: 14px; color: inherit; opacity: 0.7;'> * El consumo puede variar seg\u00fan la configuraci\u00f3n y uso del dispositivo <\/div>\n<\/p><\/div>\n","protected":false},"excerpt":{"rendered":"<p>Tel\u00e9fono IP WiFi para Hoteler\u00eda, profesional con 6 teclas programables para servicio r\u00e1pido (Hotline), plantilla personalizable con PoE<\/p>\n","protected":false},"featured_media":88752,"comment_status":"open","ping_status":"closed","template":"","meta":[],"product_brand":[],"product_cat":[2043],"product_tag":[859,2044,2004],"class_list":{"0":"post-88753","1":"product","2":"type-product","3":"status-publish","4":"has-post-thumbnail","6":"product_cat-telefonos-ip-para-hoteles","7":"product_tag-fanvil","8":"product_tag-telefonos-ip-para-hoteles","9":"product_tag-voip-telefonia-ip-videoconferencia","11":"first","12":"instock","13":"sale","14":"shipping-taxable","15":"purchasable","16":"product-type-simple"},"_links":{"self":[{"href":"https:\/\/soydeaqui.ddns.net\/pachuca\/index.php\/wp-json\/wp\/v2\/product\/88753","targetHints":{"allow":["GET"]}}],"collection":[{"href":"https:\/\/soydeaqui.ddns.net\/pachuca\/index.php\/wp-json\/wp\/v2\/product"}],"about":[{"href":"https:\/\/soydeaqui.ddns.net\/pachuca\/index.php\/wp-json\/wp\/v2\/types\/product"}],"replies":[{"embeddable":true,"href":"https:\/\/soydeaqui.ddns.net\/pachuca\/index.php\/wp-json\/wp\/v2\/comments?post=88753"}],"wp:featuredmedia":[{"embeddable":true,"href":"https:\/\/soydeaqui.ddns.net\/pachuca\/index.php\/wp-json\/wp\/v2\/media\/88752"}],"wp:attachment":[{"href":"https:\/\/soydeaqui.ddns.net\/pachuca\/index.php\/wp-json\/wp\/v2\/media?parent=88753"}],"wp:term":[{"taxonomy":"product_brand","embeddable":true,"href":"https:\/\/soydeaqui.ddns.net\/pachuca\/index.php\/wp-json\/wp\/v2\/product_brand?post=88753"},{"taxonomy":"product_cat","embeddable":true,"href":"https:\/\/soydeaqui.ddns.net\/pachuca\/index.php\/wp-json\/wp\/v2\/product_cat?post=88753"},{"taxonomy":"product_tag","embeddable":true,"href":"https:\/\/soydeaqui.ddns.net\/pachuca\/index.php\/wp-json\/wp\/v2\/product_tag?post=88753"}],"curies":[{"name":"wp","href":"https:\/\/api.w.org\/{rel}","templated":true}]}}