{"id":88734,"date":"2026-03-20T02:23:43","date_gmt":"2026-03-20T02:23:43","guid":{"rendered":"https:\/\/soydeaqui.ddns.net\/pachuca\/index.php\/producto\/telefono-ip-gigabit-empresarial-para-2-lineas-sip-con-pantalla-lcd-opus-y-conferencia-de-6-participantes-poe\/"},"modified":"2026-03-20T02:24:05","modified_gmt":"2026-03-20T02:24:05","slug":"telefono-ip-gigabit-empresarial-para-2-lineas-sip-con-pantalla-lcd-opus-y-conferencia-de-6-participantes-poe","status":"publish","type":"product","link":"https:\/\/soydeaqui.ddns.net\/pachuca\/index.php\/producto\/telefono-ip-gigabit-empresarial-para-2-lineas-sip-con-pantalla-lcd-opus-y-conferencia-de-6-participantes-poe\/","title":{"rendered":"Tel\u00e9fono IP Gigabit empresarial para 2 l\u00edneas SIP con pantalla LCD, Opus y conferencia de 6 participantes, PoE."},"content":{"rendered":"<div style='width: 100%; max-width: 1200px; margin: 0 auto; font-family: sans-serif; line-height: 1.6; color: inherit; background-color: transparent;'>\n<div style='display: flex; flex-wrap: wrap; gap: 30px; margin-bottom: 30px;'>\n<div style='flex: 1 1 300px; min-width: 280px;'>\n<h3 style='font-size: 22px; border-bottom: 2px solid currentColor; padding-bottom: 5px; margin-top: 0; color: inherit; opacity: 0.8;'>Caracter\u00edsticas<\/h3>\n<p style='font-size: 15px; color: inherit; margin-top: 0;'> X3SG Lite es un tel\u00e9fono IP Gigabit de nivel de entrada&comma; utiliza una pantalla en blanco y negro de 132 x 64 2.3 pulgadas y admite voz HD&comma; Ethernet gigabit&comma; 2 cuentas SIP&comma; PoE&comma; conferencias de 6 personas&comma; etc. Proporciona una experiencia conveniente y de alta calidad para los usuarios. <\/p>\n<\/p><\/div>\n<\/p><\/div>\n<div style='display: flex; flex-wrap: wrap; gap: 20px; margin-bottom: 30px;'>\n<div style='flex: 1 1 250px; border: 1px solid rgba(150&comma; 150&comma; 150&comma; 0.4); border-radius: 8px; overflow: hidden; display: flex; flex-direction: column;'>\n<div style='padding: 15px; border-bottom: 1px solid rgba(150&comma; 150&comma; 150&comma; 0.2); font-weight: bold; font-size: 18px; color: inherit;'>Caracter\u00edsticas principales<\/div>\n<div style='padding: 15px; color: inherit;'>\n<ul style='padding-left: 20px; margin: 0; font-size: 14px; list-style-type: disc;'>\n<li style='margin-bottom: 5px;'>2 l\u00edneas SIP<\/li>\n<li style='margin-bottom: 5px;'>Agenda local de 1000 registros<\/li>\n<li style='margin-bottom: 5px;'>Pantalla de matriz de puntos de 2.3&#8242;<\/li>\n<li style='margin-bottom: 5px;'>Audio HD en altavoz y auricular<\/li>\n<li style='margin-bottom: 5px;'>Soporta EHS (Compatible con Jabra)<\/li>\n<li style='margin-bottom: 5px;'>PoE habilitado<\/li>\n<li style='margin-bottom: 5px;'>Soporte con 2 \u00e1ngulos ajustables de 45 y 50 grados<\/li>\n<li style='margin-bottom: 5px;'>Montaje en pared (requiere accesorio)<\/li>\n<li style='margin-bottom: 5px;'>Compatible con las principales plataformas: Grandstream UCM62XX&comma; UCM63XX&comma; Asterisk&comma; Broadsoft&comma; 3CX&comma; Elastix&comma; Avaya etc.<\/li>\n<li style='margin-bottom: 5px;'><strong>Garant\u00eda:<\/strong> 2 a\u00f1os<\/li>\n<\/ul><\/div>\n<\/p><\/div>\n<div style='flex: 1 1 250px; border: 1px solid rgba(150&comma; 150&comma; 150&comma; 0.4); border-radius: 8px; overflow: hidden; display: flex; flex-direction: column;'>\n<div style='padding: 15px; border-bottom: 1px solid rgba(150&comma; 150&comma; 150&comma; 0.2); font-weight: bold; font-size: 18px; color: inherit;'>Caracter\u00edsticas F\u00edsicas y El\u00e9ctricas<\/div>\n<div style='padding: 15px; color: inherit;'>\n<ul style='padding-left: 20px; margin: 0; font-size: 14px; list-style-type: disc;'>\n<li style='margin-bottom: 5px;'>Alimentaci\u00f3n v\u00eda PoE 802.3af o 5Vcc&comma; 0.6A (fuente no incluida)<\/li>\n<li style='margin-bottom: 5px;'>2 puertos RJ45<\/li>\n<li style='margin-bottom: 5px;'>2 puertos RJ9<\/li>\n<li style='margin-bottom: 5px;'>Material: pl\u00e1stico<\/li>\n<li style='margin-bottom: 5px;'>Temperatura de operaci\u00f3n: 0\u00ba ~ 45\u00ba C<\/li>\n<\/ul><\/div>\n<\/p><\/div>\n<div style='flex: 1 1 250px; border: 1px solid rgba(150&comma; 150&comma; 150&comma; 0.4); border-radius: 8px; overflow: hidden; display: flex; flex-direction: column;'>\n<div style='padding: 15px; border-bottom: 1px solid rgba(150&comma; 150&comma; 150&comma; 0.2); font-weight: bold; font-size: 18px; color: inherit;'>Caracter\u00edsticas de Red<\/div>\n<div style='padding: 15px; color: inherit;'>\n<ul style='padding-left: 20px; margin: 0; font-size: 14px; list-style-type: disc;'>\n<li style='margin-bottom: 5px;'>Doble puerto de red 10\/100Mbps<\/li>\n<li style='margin-bottom: 5px;'>VPN: L2TP \/ OpenVPN<\/li>\n<li style='margin-bottom: 5px;'>VLAN<\/li>\n<li style='margin-bottom: 5px;'>LLDP<\/li>\n<li style='margin-bottom: 5px;'>IPv4<\/li>\n<li style='margin-bottom: 5px;'>SIP 2.0 sobre UDP\/TCP\/TLS<\/li>\n<li style='margin-bottom: 5px;'>PPPoE<\/li>\n<li style='margin-bottom: 5px;'>QoS<\/li>\n<\/ul><\/div>\n<\/p><\/div>\n<\/p><\/div>\n<hr style='border: 0; border-top: 1px solid rgba(150&comma; 150&comma; 150&comma; 0.3); margin: 30px 0;'> <\/div>\n","protected":false},"excerpt":{"rendered":"<p>Tel\u00e9fono IP Gigabit empresarial para 2 l\u00edneas SIP con pantalla LCD, Opus y conferencia de 6 participantes, PoE.<\/p>\n","protected":false},"featured_media":88733,"comment_status":"open","ping_status":"closed","template":"","meta":[],"product_brand":[],"product_cat":[2003],"product_tag":[859,2005,2004],"class_list":{"0":"post-88734","1":"product","2":"type-product","3":"status-publish","4":"has-post-thumbnail","6":"product_cat-telefonos-ip","7":"product_tag-fanvil","8":"product_tag-telefonos-ip","9":"product_tag-voip-telefonia-ip-videoconferencia","11":"first","12":"outofstock","13":"sale","14":"shipping-taxable","15":"purchasable","16":"product-type-simple"},"_links":{"self":[{"href":"https:\/\/soydeaqui.ddns.net\/pachuca\/index.php\/wp-json\/wp\/v2\/product\/88734","targetHints":{"allow":["GET"]}}],"collection":[{"href":"https:\/\/soydeaqui.ddns.net\/pachuca\/index.php\/wp-json\/wp\/v2\/product"}],"about":[{"href":"https:\/\/soydeaqui.ddns.net\/pachuca\/index.php\/wp-json\/wp\/v2\/types\/product"}],"replies":[{"embeddable":true,"href":"https:\/\/soydeaqui.ddns.net\/pachuca\/index.php\/wp-json\/wp\/v2\/comments?post=88734"}],"wp:featuredmedia":[{"embeddable":true,"href":"https:\/\/soydeaqui.ddns.net\/pachuca\/index.php\/wp-json\/wp\/v2\/media\/88733"}],"wp:attachment":[{"href":"https:\/\/soydeaqui.ddns.net\/pachuca\/index.php\/wp-json\/wp\/v2\/media?parent=88734"}],"wp:term":[{"taxonomy":"product_brand","embeddable":true,"href":"https:\/\/soydeaqui.ddns.net\/pachuca\/index.php\/wp-json\/wp\/v2\/product_brand?post=88734"},{"taxonomy":"product_cat","embeddable":true,"href":"https:\/\/soydeaqui.ddns.net\/pachuca\/index.php\/wp-json\/wp\/v2\/product_cat?post=88734"},{"taxonomy":"product_tag","embeddable":true,"href":"https:\/\/soydeaqui.ddns.net\/pachuca\/index.php\/wp-json\/wp\/v2\/product_tag?post=88734"}],"curies":[{"name":"wp","href":"https:\/\/api.w.org\/{rel}","templated":true}]}}