{"id":88710,"date":"2026-03-20T02:22:41","date_gmt":"2026-03-20T02:22:41","guid":{"rendered":"https:\/\/soydeaqui.ddns.net\/pachuca\/index.php\/producto\/kit-de-onu-gigabit-xz000g3-con-router-inalambrico-wisp-con-configuracion-de-fabrica-personalizable-2-4-ghz-300-mbps-4-puertos-lan-10-100-mbps-1-puerto-wan-10-100-mbps-control-de-ancho-de-banda\/"},"modified":"2026-03-20T02:22:42","modified_gmt":"2026-03-20T02:22:42","slug":"kit-de-onu-gigabit-xz000g3-con-router-inalambrico-wisp-con-configuracion-de-fabrica-personalizable-2-4-ghz-300-mbps-4-puertos-lan-10-100-mbps-1-puerto-wan-10-100-mbps-control-de-ancho-de-banda","status":"publish","type":"product","link":"https:\/\/soydeaqui.ddns.net\/pachuca\/index.php\/producto\/kit-de-onu-gigabit-xz000g3-con-router-inalambrico-wisp-con-configuracion-de-fabrica-personalizable-2-4-ghz-300-mbps-4-puertos-lan-10-100-mbps-1-puerto-wan-10-100-mbps-control-de-ancho-de-banda\/","title":{"rendered":"Kit de ONU Gigabit XZ000G3 con Router Inal\u00e1mbrico WISP con Configuraci\u00f3n de f\u00e1brica personalizable, 2.4 GHz, 300 Mbps, 4 Puertos LAN 10\/100 Mbps, 1 Puerto WAN 10\/100 Mbps, control de ancho de banda"},"content":{"rendered":"<div style='width: 100%; max-width: 1200px; margin: 0 auto; font-family: sans-serif; line-height: 1.6; color: inherit; background-color: transparent;'> <!-- Imagen principal --> <\/p>\n<div style='text-align: center; margin-bottom: 30px;'> <img style='width: 100%; max-width: 600px; height: auto; border: 1px solid rgba(150&comma;150&comma;150&comma;0.3); border-radius: 8px;' src='https:\/\/ftp3.syscom.mx\/usuarios\/fotos\/TLWR840N\/96518-tp-link.png' alt=''> <\/div>\n<p> <!-- Descripci\u00f3n principal --> <\/p>\n<div style='margin-bottom: 30px; font-size: 15px;'>\n<p>El TL-WR850N de TP-Link contiene todas las caracter\u00edsticas del modelo TL-WR840N mas funciones ideales para Wireless Internet Service Provider (WISP)&comma; la principal funci\u00f3n es la posibilidad de realizar una configuraci\u00f3n totalmente personalizada y convertirla en la configuraci\u00f3n de f\u00e1brica (por defecto) del dispositivo&comma; con esto cuando el usuario intente regresar a valores de f\u00e1brica&comma; dicho dispositivo tendr\u00e1 la configuraci\u00f3n personalizada que se cargo en un principio&comma; eliminando fallas en el servicio por esta causa.<\/p>\n<\/p><\/div>\n<p> <!-- Secci\u00f3n de contenido con grid --> <\/p>\n<div style='display: grid; grid-template-columns: repeat(auto-fit&comma; minmax(280px&comma; 1fr)); gap: 30px; margin-bottom: 30px;'> <!-- Caracter\u00edsticas --> <\/p>\n<div style='border: 1px solid rgba(150&comma;150&comma;150&comma;0.3); border-radius: 8px; padding: 20px;'>\n<h3 style='font-size: 22px; border-bottom: 2px solid currentColor; padding-bottom: 5px; margin-top: 0; color: inherit; opacity: 0.8;'>Caracter\u00edsticas principales Router<\/h3>\n<ul style='padding-left: 20px; font-size: 15px; color: inherit;'>\n<li style='margin-bottom: 5px;'>Est\u00e1ndar WiFi 802.11 b\/g\/n<\/li>\n<li style='margin-bottom: 5px;'>Modos de operaci\u00f3n: Punto de Acceso&comma; Enrutador&comma; Repetidor y WISP<\/li>\n<li style='margin-bottom: 5px;'>Banda de operaci\u00f3n 2.4 GHz<\/li>\n<li style='margin-bottom: 5px;'>Transmisi\u00f3n inal\u00e1mbrica hasta 300 Mbps<\/li>\n<li style='margin-bottom: 5px;'>Hasta 4 SSID<\/li>\n<li style='margin-bottom: 5px;'>1 Puerto WAN<\/li>\n<li style='margin-bottom: 5px;'>4 puertos LAN<\/li>\n<li style='margin-bottom: 5px;'>2 antenas omnidireccionales<\/li>\n<li style='margin-bottom: 5px;'>Alimentaci\u00f3n: 9 Vcc \/ 0.6 A (fuente incluida)<\/li>\n<li style='margin-bottom: 5px;'>Dimensiones: 7.2 * 5.0 * 1.4 in (182*128*35mm)<\/li>\n<\/ul><\/div>\n<p> <!-- Caracter\u00edsticas ONU --> <\/p>\n<div style='border: 1px solid rgba(150&comma;150&comma;150&comma;0.3); border-radius: 8px; padding: 20px;'>\n<h3 style='font-size: 22px; border-bottom: 2px solid currentColor; padding-bottom: 5px; margin-top: 0; color: inherit; opacity: 0.8;'>Caracter\u00edsticas principales ONU<\/h3>\n<ul style='padding-left: 20px; font-size: 15px; color: inherit;'>\n<li style='margin-bottom: 5px;'><strong>Interfaz:<\/strong> 1 puerto RJ45 10\/100 \/ 1000Mbps&comma; 1 puerto SC \/ APC<\/li>\n<li style='margin-bottom: 5px;'><strong>Bot\u00f3n:<\/strong> 1 bot\u00f3n RESET<\/li>\n<li style='margin-bottom: 5px;'><strong>Upstream:<\/strong> 1.244Gbps&comma; Downstream: 2.488Gbps<\/li>\n<li style='margin-bottom: 5px;'><strong>Est\u00e1ndares GPON:<\/strong> UIT-T G.988&comma; G.984.1&comma; G.984.2&comma; G.984.3&comma; G.984.4<\/li>\n<li style='margin-bottom: 5px;'><strong>M\u00f3dulo \u00f3ptico:<\/strong> Clase B +<\/li>\n<\/ul><\/div>\n<p> <!-- Beneficios --> <\/p>\n<div style='border: 1px solid rgba(150&comma;150&comma;150&comma;0.3); border-radius: 8px; padding: 20px;'>\n<h3 style='font-size: 22px; border-bottom: 2px solid currentColor; padding-bottom: 5px; margin-top: 0; color: inherit; opacity: 0.8;'>Beneficios<\/h3>\n<ul style='padding-left: 20px; font-size: 15px; color: inherit;'>\n<li style='margin-bottom: 5px;'>Calidad en el servicio<\/li>\n<li style='margin-bottom: 5px;'>Agil Config<\/li>\n<li style='margin-bottom: 5px;'>Control de ancho de banda<\/li>\n<li style='margin-bottom: 5px;'>VPN Cliente: PPTP&comma; L2TP&comma; IPSec (ESP Head)<\/li>\n<li style='margin-bottom: 5px;'>Protecci\u00f3n DoS<\/li>\n<li style='margin-bottom: 5px;'>Firewall IP Address\/MAC Address<\/li>\n<li style='margin-bottom: 5px;'>Filtrado de contenido (URL\u00b4s)<\/li>\n<li style='margin-bottom: 5px;'>Port forwarding: Servidor virtual&comma; Port Triggering&comma; UPnP y DMZ<\/li>\n<\/ul><\/div>\n<p> <!-- Aplicaciones y contenido --> <\/p>\n<div style='border: 1px solid rgba(150&comma;150&comma;150&comma;0.3); border-radius: 8px; padding: 20px;'>\n<h3 style='font-size: 22px; border-bottom: 2px solid currentColor; padding-bottom: 5px; margin-top: 0; color: inherit; opacity: 0.8;'>Aplicaciones<\/h3>\n<ul style='padding-left: 20px; font-size: 15px; color: inherit;'>\n<li style='margin-bottom: 5px;'>GPON<\/li>\n<li style='margin-bottom: 5px;'>Casas<\/li>\n<li style='margin-bottom: 5px;'>Peque\u00f1os negocios<\/li>\n<li style='margin-bottom: 5px;'>Tiendas peque\u00f1as<\/li>\n<\/ul>\n<h3 style='font-size: 22px; border-bottom: 2px solid currentColor; padding-bottom: 5px; margin-top: 25px; margin-bottom: 15px; color: inherit; opacity: 0.8;'>Contenido<\/h3>\n<ul style='padding-left: 20px; font-size: 15px; color: inherit;'>\n<li style='margin-bottom: 5px;'>Router TL-WR850N<\/li>\n<li style='margin-bottom: 5px;'>ONU XZ000G3<\/li>\n<li style='margin-bottom: 5px;'>Fuentes de poder<\/li>\n<li style='margin-bottom: 5px;'>Cable ethernet<\/li>\n<li style='margin-bottom: 5px;'>Gu\u00eda de instalaci\u00f3n r\u00e1pida<\/li>\n<\/ul><\/div>\n<\/p><\/div>\n<p> <!-- Imagenes adicionales --> <\/p>\n<div style='display: flex; flex-direction: column; gap: 30px; margin-bottom: 30px;'> <img style='width: 100%; height: auto; border: 1px solid rgba(150&comma;150&comma;150&comma;0.3); border-radius: 8px;' src='https:\/\/ftp3.syscom.mx\/usuarios\/fotos\/KITONUTLWR850N\/196366-zx000-g3_tl-wr850n.png' alt=''> <img style='width: 100%; height: auto; border: 1px solid rgba(150&comma;150&comma;150&comma;0.3); border-radius: 8px;' src='https:\/\/ftp3.syscom.mx\/usuarios\/fotos\/EC220G5\/193051-captura_de_pantalla_2021-01-07_a_la(s)_17.16.07.png' alt=''> <\/div>\n<p> <!-- Separador final --> <\/p>\n<hr style='border: 0; border-top: 1px solid rgba(150&comma;150&comma;150&comma;0.3); margin: 30px 0;'> <\/div>\n","protected":false},"excerpt":{"rendered":"<p>Kit de ONU Gigabit XZ000G3 con Router Inal\u00e1mbrico WISP con Configuraci\u00f3n de f\u00e1brica personalizable, 2.4 GHz, 300 Mbps, 4 Puertos LAN 10\/100 Mbps, 1 Puerto WAN 10\/100 Mbps, control de ancho de banda<\/p>\n","protected":false},"featured_media":88709,"comment_status":"open","ping_status":"closed","template":"","meta":[],"product_brand":[],"product_cat":[2024],"product_tag":[1479,2025,71],"class_list":{"0":"post-88710","1":"product","2":"type-product","3":"status-publish","4":"has-post-thumbnail","6":"product_cat-routers-inalambricos","7":"product_tag-redes-wifi","8":"product_tag-routers-inalambricos","9":"product_tag-tp-link","11":"first","12":"instock","13":"sale","14":"shipping-taxable","15":"purchasable","16":"product-type-simple"},"_links":{"self":[{"href":"https:\/\/soydeaqui.ddns.net\/pachuca\/index.php\/wp-json\/wp\/v2\/product\/88710","targetHints":{"allow":["GET"]}}],"collection":[{"href":"https:\/\/soydeaqui.ddns.net\/pachuca\/index.php\/wp-json\/wp\/v2\/product"}],"about":[{"href":"https:\/\/soydeaqui.ddns.net\/pachuca\/index.php\/wp-json\/wp\/v2\/types\/product"}],"replies":[{"embeddable":true,"href":"https:\/\/soydeaqui.ddns.net\/pachuca\/index.php\/wp-json\/wp\/v2\/comments?post=88710"}],"wp:featuredmedia":[{"embeddable":true,"href":"https:\/\/soydeaqui.ddns.net\/pachuca\/index.php\/wp-json\/wp\/v2\/media\/88709"}],"wp:attachment":[{"href":"https:\/\/soydeaqui.ddns.net\/pachuca\/index.php\/wp-json\/wp\/v2\/media?parent=88710"}],"wp:term":[{"taxonomy":"product_brand","embeddable":true,"href":"https:\/\/soydeaqui.ddns.net\/pachuca\/index.php\/wp-json\/wp\/v2\/product_brand?post=88710"},{"taxonomy":"product_cat","embeddable":true,"href":"https:\/\/soydeaqui.ddns.net\/pachuca\/index.php\/wp-json\/wp\/v2\/product_cat?post=88710"},{"taxonomy":"product_tag","embeddable":true,"href":"https:\/\/soydeaqui.ddns.net\/pachuca\/index.php\/wp-json\/wp\/v2\/product_tag?post=88710"}],"curies":[{"name":"wp","href":"https:\/\/api.w.org\/{rel}","templated":true}]}}