{"id":88673,"date":"2026-03-20T02:20:52","date_gmt":"2026-03-20T02:20:52","guid":{"rendered":"https:\/\/soydeaqui.ddns.net\/pachuca\/index.php\/producto\/mini-caja-salchicha-para-exterior-con-proteccin-ip65-para-uso-con-acopladores-sc-simplex-o-lc-duplex-no-incluidos\/"},"modified":"2026-03-20T02:21:04","modified_gmt":"2026-03-20T02:21:04","slug":"mini-caja-salchicha-para-exterior-con-proteccin-ip65-para-uso-con-acopladores-sc-simplex-o-lc-duplex-no-incluidos","status":"publish","type":"product","link":"https:\/\/soydeaqui.ddns.net\/pachuca\/index.php\/producto\/mini-caja-salchicha-para-exterior-con-proteccin-ip65-para-uso-con-acopladores-sc-simplex-o-lc-duplex-no-incluidos\/","title":{"rendered":"Mini Caja ?Salchicha? para Exterior con Protecci?n IP65, para Uso con Acopladores SC Simplex o LC Duplex (No Incluidos)."},"content":{"rendered":"<div style='width: 100%; max-width: 1200px; margin: 0 auto; font-family: sans-serif; line-height: 1.6; color: inherit; background-color: transparent;'>\n<div style='display: flex; flex-wrap: wrap; gap: 30px; margin-bottom: 30px;'>\n<div style='flex: 1 1 300px; min-width: 280px;'>\n<h3 style='font-size: 22px; border-bottom: 2px solid currentColor; padding-bottom: 5px; margin-top: 0; color: inherit; opacity: 0.8;'>Descripci\u00f3n<\/h3>\n<p style='font-size: 15px; color: inherit; margin-top: 0;'>La mini caja para exterior de Linkedpro proporciona protecci\u00f3n y gesti\u00f3n segura para empalmes de fibra \u00f3ptica en redes FTTx&comma; permitiendo conexiones mediante acopladores o fusi\u00f3n en aplicaciones de acceso de fibra hasta el hogar (FTTH).<\/p>\n<p style='font-size: 15px; color: inherit; margin-bottom: 0;'><strong>Recomendada para cable DROP<\/strong><\/p>\n<\/p><\/div>\n<div style='flex: 1 1 300px; min-width: 280px;'>\n<h3 style='font-size: 22px; border-bottom: 2px solid currentColor; padding-bottom: 5px; margin-top: 0; color: inherit; opacity: 0.8;'>Aplicaciones<\/h3>\n<ul style='padding-left: 20px; font-size: 15px; color: inherit; margin-top: 0;'>\n<li style='margin-bottom: 5px;'>Sistemas de telecomunicaciones \u00f3pticas<\/li>\n<li style='margin-bottom: 5px;'>Redes LAN de fibra \u00f3ptica<\/li>\n<li style='margin-bottom: 5px;'>Redes de acceso banda ancha \u00f3ptica<\/li>\n<li style='margin-bottom: 5px;'>Redes FTTH<\/li>\n<li style='margin-bottom: 5px;'>Protecci\u00f3n de empalmes de cable interior\/exterior<\/li>\n<\/ul><\/div>\n<div style='flex: 1 1 300px; min-width: 280px;'>\n<h3 style='font-size: 22px; border-bottom: 2px solid currentColor; padding-bottom: 5px; margin-top: 0; color: inherit; opacity: 0.8;'>Caracter\u00edsticas<\/h3>\n<ul style='padding-left: 20px; font-size: 15px; color: inherit; margin-top: 0;'>\n<li style='margin-bottom: 5px;'>Material ABS de alta resistencia<\/li>\n<li style='margin-bottom: 5px;'>Grado de protecci\u00f3n IP65<\/li>\n<li style='margin-bottom: 5px;'>Anillo de sellado de caucho<\/li>\n<li style='margin-bottom: 5px;'>Dise\u00f1o compacto y ergon\u00f3mico<\/li>\n<li style='margin-bottom: 5px;'>F\u00e1cil instalaci\u00f3n en pared<\/li>\n<li style='margin-bottom: 5px;'>Protecci\u00f3n estable y confiable para empalmes<\/li>\n<\/ul><\/div>\n<\/p><\/div>\n<div style='display: flex; flex-wrap: wrap; gap: 20px; margin-bottom: 30px;'>\n<div style='flex: 1 1 250px; border: 1px solid rgba(150&comma; 150&comma; 150&comma; 0.4); border-radius: 8px; overflow: hidden; display: flex; flex-direction: column;'>\n<div style='padding: 15px; border-bottom: 1px solid rgba(150&comma; 150&comma; 150&comma; 0.2); font-weight: bold; font-size: 18px; color: inherit;'>Especificaciones T\u00e9cnicas<\/div>\n<div style='padding: 15px; color: inherit;'>\n<ul style='padding-left: 20px; margin: 0; font-size: 14px; list-style-type: disc;'>\n<li style='margin-bottom: 5px;'><strong>Dimensiones:<\/strong> 160 x 46 x 17 mm<\/li>\n<li style='margin-bottom: 5px;'><strong>Ambiente aplicable:<\/strong> Interior o exterior<\/li>\n<li style='margin-bottom: 5px;'><strong>Tipo de instalaci\u00f3n:<\/strong> Montaje en pared<\/li>\n<li style='margin-bottom: 5px;'><strong>Tipo de cable:<\/strong> Cable FTTH<\/li>\n<li style='margin-bottom: 5px;'><strong>Temperatura operaci\u00f3n:<\/strong> -40\u00b0C a +80\u00b0C<\/li>\n<\/ul><\/div>\n<\/p><\/div>\n<div style='flex: 1 1 250px; border: 1px solid rgba(150&comma; 150&comma; 150&comma; 0.4); border-radius: 8px; overflow: hidden; display: flex; flex-direction: column;'>\n<div style='padding: 15px; border-bottom: 1px solid rgba(150&comma; 150&comma; 150&comma; 0.2); font-weight: bold; font-size: 18px; color: inherit;'>Conectividad<\/div>\n<div style='padding: 15px; color: inherit;'>\n<ul style='padding-left: 20px; margin: 0; font-size: 14px; list-style-type: disc;'>\n<li style='margin-bottom: 5px;'><strong>Tipo de adaptador:<\/strong> SC y LC<\/li>\n<li style='margin-bottom: 5px;'><strong>P\u00e9rdida de inserci\u00f3n:<\/strong> \u22640.2dB (1310 nm &#038; 1550 nm)<\/li>\n<li style='margin-bottom: 5px;'><strong>Puertos:<\/strong> 1 fibra<\/li>\n<\/ul><\/div>\n<\/p><\/div>\n<\/p><\/div>\n<hr style='border: 0; border-top: 1px solid rgba(150&comma; 150&comma; 150&comma; 0.3); margin: 30px 0;'> <\/div>\n","protected":false},"excerpt":{"rendered":"<p>Mini Caja ?Salchicha? para Exterior con Protecci?n IP65, para Uso con Acopladores SC Simplex o LC Duplex (No Incluidos).<\/p>\n","protected":false},"featured_media":88672,"comment_status":"open","ping_status":"closed","template":"","meta":[],"product_brand":[],"product_cat":[615],"product_tag":[616,611,435],"class_list":{"0":"post-88673","1":"product","2":"type-product","3":"status-publish","4":"has-post-thumbnail","6":"product_cat-conectores","7":"product_tag-conectores","8":"product_tag-fibra-optica","9":"product_tag-linkedpro-by-epcom","11":"first","12":"instock","13":"sale","14":"shipping-taxable","15":"purchasable","16":"product-type-simple"},"_links":{"self":[{"href":"https:\/\/soydeaqui.ddns.net\/pachuca\/index.php\/wp-json\/wp\/v2\/product\/88673","targetHints":{"allow":["GET"]}}],"collection":[{"href":"https:\/\/soydeaqui.ddns.net\/pachuca\/index.php\/wp-json\/wp\/v2\/product"}],"about":[{"href":"https:\/\/soydeaqui.ddns.net\/pachuca\/index.php\/wp-json\/wp\/v2\/types\/product"}],"replies":[{"embeddable":true,"href":"https:\/\/soydeaqui.ddns.net\/pachuca\/index.php\/wp-json\/wp\/v2\/comments?post=88673"}],"wp:featuredmedia":[{"embeddable":true,"href":"https:\/\/soydeaqui.ddns.net\/pachuca\/index.php\/wp-json\/wp\/v2\/media\/88672"}],"wp:attachment":[{"href":"https:\/\/soydeaqui.ddns.net\/pachuca\/index.php\/wp-json\/wp\/v2\/media?parent=88673"}],"wp:term":[{"taxonomy":"product_brand","embeddable":true,"href":"https:\/\/soydeaqui.ddns.net\/pachuca\/index.php\/wp-json\/wp\/v2\/product_brand?post=88673"},{"taxonomy":"product_cat","embeddable":true,"href":"https:\/\/soydeaqui.ddns.net\/pachuca\/index.php\/wp-json\/wp\/v2\/product_cat?post=88673"},{"taxonomy":"product_tag","embeddable":true,"href":"https:\/\/soydeaqui.ddns.net\/pachuca\/index.php\/wp-json\/wp\/v2\/product_tag?post=88673"}],"curies":[{"name":"wp","href":"https:\/\/api.w.org\/{rel}","templated":true}]}}