{"id":8867,"date":"2026-03-18T07:14:59","date_gmt":"2026-03-18T07:14:59","guid":{"rendered":"https:\/\/soydeaqui.ddns.net\/pachuca\/index.php\/producto\/bote-con-100-piezas-de-plug-modular-rj45-cat6a-chapado-de-oro-a-30-micras-para-durabilidad-extrema\/"},"modified":"2026-03-18T07:15:02","modified_gmt":"2026-03-18T07:15:02","slug":"bote-con-100-piezas-de-plug-modular-rj45-cat6a-chapado-de-oro-a-30-micras-para-durabilidad-extrema","status":"publish","type":"product","link":"https:\/\/soydeaqui.ddns.net\/pachuca\/index.php\/producto\/bote-con-100-piezas-de-plug-modular-rj45-cat6a-chapado-de-oro-a-30-micras-para-durabilidad-extrema\/","title":{"rendered":"Bote con 100 Piezas de Plug Modular RJ45 Cat6A Chapado de Oro a 30 Micras para Durabilidad Extrema"},"content":{"rendered":"<div style='width: 100%; max-width: 1200px; margin: 0 auto; font-family: sans-serif; line-height: 1.6; color: inherit; background-color: transparent;'> <!-- Secci\u00f3n de descripci\u00f3n general --> <\/p>\n<div style='margin-bottom: 30px;'>\n<h3 style='font-size: 22px; border-bottom: 2px solid currentColor; padding-bottom: 5px; margin-top: 0; color: inherit; opacity: 0.8;'>Descripci\u00f3n General<\/h3>\n<p style='font-size: 15px; color: inherit; margin-bottom: 15px;'> Los Plug RJ45 de LinkedPro ofrecen alto rendimiento para redes de alta velocidad&comma; chapados en oro con el m\u00e1s alto grado de 30 micras mantienen una conductividad \u00f3ptima con el conector RJ45 y brindan una mayor protecci\u00f3n contra la corrosi\u00f3n alargando su tiempo de vida. <\/p>\n<p style='font-size: 15px; color: inherit; margin-bottom: 15px;'> Cumplen con los requerimientos especificados en la norma TIA-568B.2 y ofrecen garant\u00eda de 1 a\u00f1o con excelente desempe\u00f1o. <\/p>\n<\/p><\/div>\n<p> <!-- Secci\u00f3n de caracter\u00edsticas principales --> <\/p>\n<div style='display: flex; flex-wrap: wrap; gap: 30px; margin-bottom: 30px;'>\n<div style='flex: 1 1 300px; min-width: 280px;'>\n<h3 style='font-size: 22px; border-bottom: 2px solid currentColor; padding-bottom: 5px; margin-top: 0; color: inherit; opacity: 0.8;'>Caracter\u00edsticas Principales<\/h3>\n<ul style='padding-left: 20px; font-size: 15px; color: inherit;'>\n<li style='margin-bottom: 5px;'>Chapado en oro 30 micras&comma; m\u00e1xima conductividad<\/li>\n<li style='margin-bottom: 5px;'>Compatible con normativa TIA\/EIA-568B.2<\/li>\n<li style='margin-bottom: 5px;'>Protecci\u00f3n contra corrosi\u00f3n&comma; alarga vida \u00fatil<\/li>\n<li style='margin-bottom: 5px;'>F\u00e1cil instalaci\u00f3n&comma; sin necesidad de blindaje<\/li>\n<li style='margin-bottom: 5px;'>Garant\u00eda de 1 a\u00f1o&comma; excelente desempe\u00f1o<\/li>\n<\/ul><\/div>\n<p> <!-- Secci\u00f3n de especificaciones t\u00e9cnicas --> <\/p>\n<div style='flex: 1 1 300px; min-width: 280px;'>\n<h3 style='font-size: 22px; border-bottom: 2px solid currentColor; padding-bottom: 5px; margin-top: 0; color: inherit; opacity: 0.8;'>Especificaciones T\u00e9cnicas<\/h3>\n<ul style='padding-left: 20px; font-size: 15px; color: inherit;'>\n<li style='margin-bottom: 5px;'><strong>Tipo de conexi\u00f3n:<\/strong> Plug modular<\/li>\n<li style='margin-bottom: 5px;'><strong>Tipo de plug:<\/strong> RJ-45<\/li>\n<li style='margin-bottom: 5px;'><strong>Diagrama de cableado:<\/strong> T568A\/T568B<\/li>\n<li style='margin-bottom: 5px;'><strong>Chapado en oro:<\/strong> 30 micras<\/li>\n<li style='margin-bottom: 5px;'><strong>Categor\u00eda de desempe\u00f1o:<\/strong> Categor\u00eda 6A<\/li>\n<\/ul><\/div>\n<\/p><\/div>\n<p> <!-- Secci\u00f3n de observaciones --> <\/p>\n<div style='margin-bottom: 30px;'>\n<h3 style='font-size: 22px; border-bottom: 2px solid currentColor; padding-bottom: 5px; margin-top: 0; color: inherit; opacity: 0.8;'>Observaciones<\/h3>\n<ul style='padding-left: 20px; font-size: 15px; color: inherit;'>\n<li style='margin-bottom: 5px;'>Los cables terminados en f\u00e1brica y los cables modulares requieren ser probados para lograr un rendimiento de canal consistente<\/li>\n<li style='margin-bottom: 5px;'>No se recomienda la terminaci\u00f3n de campo<\/li>\n<\/ul><\/div>\n<p> <!-- Secci\u00f3n de accesorios --> <\/p>\n<div style='margin-bottom: 30px;'>\n<h3 style='font-size: 22px; border-bottom: 2px solid currentColor; padding-bottom: 5px; margin-top: 0; color: inherit; opacity: 0.8;'>Accesorios Recomendados<\/h3>\n<ul style='padding-left: 20px; font-size: 15px; color: inherit;'>\n<li style='margin-bottom: 5px;'><strong>Kit de herramientas para instalaci\u00f3n de redes:<\/strong> LPTK30<\/li>\n<li style='margin-bottom: 5px;'><strong>Herramienta peladora de cable multifunci\u00f3n:<\/strong> LPT501B<\/li>\n<li style='margin-bottom: 5px;'><strong>Pinzas de precisi\u00f3n para corte de alambre:<\/strong> CWST<\/li>\n<li style='margin-bottom: 5px;'><strong>Detector de cable con generador de tonos:<\/strong> SYS-RJ-45CT<\/li>\n<li style='margin-bottom: 5px;'><strong>Pinzas para plegar cables:<\/strong> LPCT019<\/li>\n<\/ul><\/div>\n<p> <!-- Separador final --> <\/p>\n<hr style='border: 0; border-top: 1px solid rgba(150&comma; 150&comma; 150&comma; 0.3); margin: 30px 0;'> <\/div>\n","protected":false},"excerpt":{"rendered":"<p>Bote con 100 Piezas de Plug Modular RJ45 Cat6A Chapado de Oro a 30 Micras para Durabilidad Extrema<\/p>\n","protected":false},"featured_media":8866,"comment_status":"open","ping_status":"closed","template":"","meta":[],"product_brand":[],"product_cat":[595],"product_tag":[586,596,435],"class_list":{"0":"post-8867","1":"product","2":"type-product","3":"status-publish","4":"has-post-thumbnail","6":"product_cat-jacks-plugs","7":"product_tag-cableado-de-cobre","8":"product_tag-jacks-plugs","9":"product_tag-linkedpro-by-epcom","11":"first","12":"instock","13":"sale","14":"shipping-taxable","15":"purchasable","16":"product-type-simple"},"_links":{"self":[{"href":"https:\/\/soydeaqui.ddns.net\/pachuca\/index.php\/wp-json\/wp\/v2\/product\/8867","targetHints":{"allow":["GET"]}}],"collection":[{"href":"https:\/\/soydeaqui.ddns.net\/pachuca\/index.php\/wp-json\/wp\/v2\/product"}],"about":[{"href":"https:\/\/soydeaqui.ddns.net\/pachuca\/index.php\/wp-json\/wp\/v2\/types\/product"}],"replies":[{"embeddable":true,"href":"https:\/\/soydeaqui.ddns.net\/pachuca\/index.php\/wp-json\/wp\/v2\/comments?post=8867"}],"wp:featuredmedia":[{"embeddable":true,"href":"https:\/\/soydeaqui.ddns.net\/pachuca\/index.php\/wp-json\/wp\/v2\/media\/8866"}],"wp:attachment":[{"href":"https:\/\/soydeaqui.ddns.net\/pachuca\/index.php\/wp-json\/wp\/v2\/media?parent=8867"}],"wp:term":[{"taxonomy":"product_brand","embeddable":true,"href":"https:\/\/soydeaqui.ddns.net\/pachuca\/index.php\/wp-json\/wp\/v2\/product_brand?post=8867"},{"taxonomy":"product_cat","embeddable":true,"href":"https:\/\/soydeaqui.ddns.net\/pachuca\/index.php\/wp-json\/wp\/v2\/product_cat?post=8867"},{"taxonomy":"product_tag","embeddable":true,"href":"https:\/\/soydeaqui.ddns.net\/pachuca\/index.php\/wp-json\/wp\/v2\/product_tag?post=8867"}],"curies":[{"name":"wp","href":"https:\/\/api.w.org\/{rel}","templated":true}]}}