{"id":88634,"date":"2026-03-20T02:19:00","date_gmt":"2026-03-20T02:19:00","guid":{"rendered":"https:\/\/soydeaqui.ddns.net\/pachuca\/index.php\/producto\/kit-de-radio-a5x-con-antena-n545x4-4-9-a-6-4-ghz-700-mbps-hasta-64-usuarios-concurrentes-monitoreo-a-travez-de-la-nube-incluye-jumper-poe24v-cable-de-alimentacion-y-montaje\/"},"modified":"2026-03-20T02:19:01","modified_gmt":"2026-03-20T02:19:01","slug":"kit-de-radio-a5x-con-antena-n545x4-4-9-a-6-4-ghz-700-mbps-hasta-64-usuarios-concurrentes-monitoreo-a-travez-de-la-nube-incluye-jumper-poe24v-cable-de-alimentacion-y-montaje","status":"publish","type":"product","link":"https:\/\/soydeaqui.ddns.net\/pachuca\/index.php\/producto\/kit-de-radio-a5x-con-antena-n545x4-4-9-a-6-4-ghz-700-mbps-hasta-64-usuarios-concurrentes-monitoreo-a-travez-de-la-nube-incluye-jumper-poe24v-cable-de-alimentacion-y-montaje\/","title":{"rendered":"Kit de radio A5x con antena N545X4, 4.9 a 6.4 GHz, 700 Mbps, hasta 64 usuarios concurrentes,  Monitoreo a travez de la nube, incluye jumper, PoE24V, cable de alimentaci\u00f3n y montaje"},"content":{"rendered":"<div style='width: 100%; max-width: 1200px; margin: 0 auto; font-family: sans-serif; line-height: 1.6; color: inherit; background-color: transparent;'> <!-- Secci\u00f3n de caracter\u00edsticas --> <\/p>\n<div style='display: flex; flex-wrap: wrap; gap: 30px; margin-bottom: 30px;'>\n<div style='flex: 1 1 300px; min-width: 280px;'>\n<h3 style='font-size: 22px; border-bottom: 2px solid currentColor; padding-bottom: 5px; margin-top: 0; color: inherit; opacity: 0.8;'>Caracter\u00edsticas principales<\/h3>\n<ul style='padding-left: 20px; font-size: 15px; color: inherit;'>\n<li style='margin-bottom: 5px;'><strong>Puerto Ethernet:<\/strong> 10\/100\/1000<\/li>\n<li style='margin-bottom: 5px;'><strong>Seguridad avanzada:<\/strong> WAP; AES; RADIUS; Autorizaci\u00f3n 802.1x<\/li>\n<li style='margin-bottom: 5px;'><strong>Desempe\u00f1o:<\/strong> Hasta 700 Mbps de velocidad agregada en DL\/UL<\/li>\n<\/ul><\/div>\n<\/p><\/div>\n<p> <!-- Secci\u00f3n de modos de operaci\u00f3n --> <\/p>\n<div style='display: flex; flex-wrap: wrap; gap: 30px; margin-bottom: 30px;'>\n<div style='flex: 1 1 300px; min-width: 280px;'>\n<h3 style='font-size: 22px; border-bottom: 2px solid currentColor; padding-bottom: 5px; margin-top: 0; color: inherit; opacity: 0.8;'>Modos de operaci\u00f3n<\/h3>\n<ul style='padding-left: 20px; font-size: 15px; color: inherit;'>\n<li style='margin-bottom: 5px;'><strong>PTMP:<\/strong> Access point<\/li>\n<\/ul><\/div>\n<\/p><\/div>\n<p> <!-- Secci\u00f3n de radio --> <\/p>\n<div style='display: flex; flex-wrap: wrap; gap: 30px; margin-bottom: 30px;'>\n<div style='flex: 1 1 300px; min-width: 280px;'>\n<h3 style='font-size: 22px; border-bottom: 2px solid currentColor; padding-bottom: 5px; margin-top: 0; color: inherit; opacity: 0.8;'>Radio<\/h3>\n<ul style='padding-left: 20px; font-size: 15px; color: inherit;'>\n<li style='margin-bottom: 5px;'>MIMO y modulaci\u00f3n: 4 x 4 MIMO OFDM hasta MCS9 (256-QAM 5\/6)<\/li>\n<li style='margin-bottom: 5px;'>Ancho de canal: 20\/40\/80 MHz<\/li>\n<li style='margin-bottom: 5px;'>M\u00e1xima potencia de transmisi\u00f3n: 27 dBm<\/li>\n<li style='margin-bottom: 5px;'>Para intemperie: IP67<\/li>\n<li style='margin-bottom: 5px;'>Rango de temperatura: -40 a 55 \u00b0C (-40 a 131 \u00b0F)<\/li>\n<li style='margin-bottom: 5px;'>Frecuencia: 4.9 &#8211; 6.4 GHz<\/li>\n<\/ul><\/div>\n<\/p><\/div>\n<p> <!-- Secci\u00f3n de capacidad de clientes --> <\/p>\n<div style='display: flex; flex-wrap: wrap; gap: 30px; margin-bottom: 30px;'>\n<div style='flex: 1 1 300px; min-width: 280px;'>\n<h3 style='font-size: 22px; border-bottom: 2px solid currentColor; padding-bottom: 5px; margin-top: 0; color: inherit; opacity: 0.8;'>Capacidad de clientes<\/h3>\n<ul style='padding-left: 20px; font-size: 15px; color: inherit;'>\n<li style='margin-bottom: 5px;'>64 clientes interoperabilidad WiFi<\/li>\n<li style='margin-bottom: 5px;'>44 clientes en sincronizaci\u00f3n y reuso de espectro<\/li>\n<\/ul><\/div>\n<\/p><\/div>\n<p> <!-- Secci\u00f3n de caracter\u00edsticas f\u00edsicas y el\u00e9ctricas --> <\/p>\n<div style='display: flex; flex-wrap: wrap; gap: 30px; margin-bottom: 30px;'>\n<div style='flex: 1 1 300px; min-width: 280px;'>\n<h3 style='font-size: 22px; border-bottom: 2px solid currentColor; padding-bottom: 5px; margin-top: 0; color: inherit; opacity: 0.8;'>Caracter\u00edsticas f\u00edsicas y el\u00e9ctricas<\/h3>\n<ul style='padding-left: 20px; font-size: 15px; color: inherit;'>\n<li style='margin-bottom: 5px;'>Consumo m\u00e1ximo de energ\u00eda: 9-12.9 W<\/li>\n<li style='margin-bottom: 5px;'>Alimentaci\u00f3n POE pasivo: 24-56 Vcc<\/li>\n<li style='margin-bottom: 5px;'><strong>Incluye inyector POE<\/strong><\/li>\n<li style='margin-bottom: 5px;'>Profundidad: 44 mm<\/li>\n<li style='margin-bottom: 5px;'>Ancho: 75 mm<\/li>\n<li style='margin-bottom: 5px;'>Altura: 188.4 mm<\/li>\n<li style='margin-bottom: 5px;'><strong>Peso:<\/strong> 0.30 kg (0.70 lbs)<\/li>\n<\/ul><\/div>\n<\/p><\/div>\n<p> <!-- Nota --> <\/p>\n<div style='margin-bottom: 30px;'>\n<p style='font-size: 15px; color: inherit;'><strong>Nota:<\/strong> El equipo ya incluye internamente un protector contra descargas&comma; se recomienda aterrizar a una tierra f\u00edsica.<\/p>\n<\/p><\/div>\n<p> <!-- Im\u00e1genes --> <\/p>\n<div style='display: flex; flex-wrap: wrap; gap: 20px; margin-bottom: 30px; justify-content: center;'> <img style='width: 100%; height: auto; border: 1px solid rgba(150&comma;150&comma;150&comma;0.3); border-radius: 8px;' src='https:\/\/ftp3.syscom.mx\/usuarios\/fotos\/A5X\/174923-captura10.jpg' alt=''> <img style='width: 100%; height: auto; border: 1px solid rgba(150&comma;150&comma;150&comma;0.3); border-radius: 8px;' src='https:\/\/ftp3.syscom.mx\/usuarios\/fotos\/A5X\/174923-captura123.jpg' alt=''> <img style='width: 100%; height: auto; border: 1px solid rgba(150&comma;150&comma;150&comma;0.3); border-radius: 8px;' src='https:\/\/mimosa.co\/uploads\/Airspan-A5x-Hero-No-Gland-icons-swapped-v2.png?mtime=20191009173506' alt=''> <img style='width: 100%; height: auto; border: 1px solid rgba(150&comma;150&comma;150&comma;0.3); border-radius: 8px;' src='https:\/\/ftp3.syscom.mx\/usuarios\/fotos\/A5X\/174923-captura6.jpg' alt=''> <img style='width: 100%; height: auto; border: 1px solid rgba(150&comma;150&comma;150&comma;0.3); border-radius: 8px;' src='https:\/\/ftp3.syscom.mx\/usuarios\/fotos\/A5X\/174923-captura7.jpg' alt=''> <img style='width: 100%; height: auto; border: 1px solid rgba(150&comma;150&comma;150&comma;0.3); border-radius: 8px;' src='https:\/\/ftp3.syscom.mx\/usuarios\/fotos\/A5X\/174923-captura8.jpg' alt=''> <img style='width: 100%; height: auto; border: 1px solid rgba(150&comma;150&comma;150&comma;0.3); border-radius: 8px;' src='https:\/\/ftp3.syscom.mx\/usuarios\/fotos\/A5X\/174923-captura9.jpg' alt=''> <\/div>\n<p> <!-- Videos --> <\/p>\n<div style='display: flex; flex-wrap: wrap; gap: 20px; margin-bottom: 30px; justify-content: center;'>\n<div style='position: relative; padding-bottom: 56.25%; height: 0; overflow: hidden; flex: 1 1 560px; max-width: 560px;'>   <\/div>\n<div style='position: relative; padding-bottom: 56.25%; height: 0; overflow: hidden; flex: 1 1 560px; max-width: 560px;'>   <\/div>\n<\/p><\/div>\n<p> <!-- Separador final --> <\/p>\n<hr style='border: 0; border-top: 1px solid rgba(150&comma; 150&comma; 150&comma; 0.3); margin: 30px 0;'> <\/div>\n","protected":false},"excerpt":{"rendered":"<p>Kit de radio A5x con antena N545X4, 4.9 a 6.4 GHz, 700 Mbps, hasta 64 usuarios concurrentes,  Monitoreo a travez de la nube, incluye jumper, PoE24V, cable de alimentaci\u00f3n y montaje<\/p>\n","protected":false},"featured_media":88633,"comment_status":"open","ping_status":"closed","template":"","meta":[],"product_brand":[],"product_cat":[1998],"product_tag":[1999,1980,2046],"class_list":{"0":"post-88634","1":"product","2":"type-product","3":"status-publish","4":"has-post-thumbnail","6":"product_cat-5-y-6-ghz","7":"product_tag-5-y-6-ghz","8":"product_tag-enlaces-ptp-y-ptmp","9":"product_tag-mimosa-networks","11":"first","12":"instock","13":"sale","14":"shipping-taxable","15":"purchasable","16":"product-type-simple"},"_links":{"self":[{"href":"https:\/\/soydeaqui.ddns.net\/pachuca\/index.php\/wp-json\/wp\/v2\/product\/88634","targetHints":{"allow":["GET"]}}],"collection":[{"href":"https:\/\/soydeaqui.ddns.net\/pachuca\/index.php\/wp-json\/wp\/v2\/product"}],"about":[{"href":"https:\/\/soydeaqui.ddns.net\/pachuca\/index.php\/wp-json\/wp\/v2\/types\/product"}],"replies":[{"embeddable":true,"href":"https:\/\/soydeaqui.ddns.net\/pachuca\/index.php\/wp-json\/wp\/v2\/comments?post=88634"}],"wp:featuredmedia":[{"embeddable":true,"href":"https:\/\/soydeaqui.ddns.net\/pachuca\/index.php\/wp-json\/wp\/v2\/media\/88633"}],"wp:attachment":[{"href":"https:\/\/soydeaqui.ddns.net\/pachuca\/index.php\/wp-json\/wp\/v2\/media?parent=88634"}],"wp:term":[{"taxonomy":"product_brand","embeddable":true,"href":"https:\/\/soydeaqui.ddns.net\/pachuca\/index.php\/wp-json\/wp\/v2\/product_brand?post=88634"},{"taxonomy":"product_cat","embeddable":true,"href":"https:\/\/soydeaqui.ddns.net\/pachuca\/index.php\/wp-json\/wp\/v2\/product_cat?post=88634"},{"taxonomy":"product_tag","embeddable":true,"href":"https:\/\/soydeaqui.ddns.net\/pachuca\/index.php\/wp-json\/wp\/v2\/product_tag?post=88634"}],"curies":[{"name":"wp","href":"https:\/\/api.w.org\/{rel}","templated":true}]}}