{"id":88607,"date":"2026-03-19T23:59:48","date_gmt":"2026-03-19T23:59:48","guid":{"rendered":"https:\/\/soydeaqui.ddns.net\/pachuca\/index.php\/producto\/hisopos-para-limpieza-de-puertos-de-fibra-ptica-1-25-mm-0-05-pulgadas-para-adaptadores-lc-y-mu-100-piezas\/"},"modified":"2026-03-20T00:00:08","modified_gmt":"2026-03-20T00:00:08","slug":"hisopos-para-limpieza-de-puertos-de-fibra-ptica-1-25-mm-0-05-pulgadas-para-adaptadores-lc-y-mu-100-piezas","status":"publish","type":"product","link":"https:\/\/soydeaqui.ddns.net\/pachuca\/index.php\/producto\/hisopos-para-limpieza-de-puertos-de-fibra-ptica-1-25-mm-0-05-pulgadas-para-adaptadores-lc-y-mu-100-piezas\/","title":{"rendered":"Hisopos para Limpieza de Puertos de Fibra ?ptica 1.25 mm (0.05 Pulgadas) para Adaptadores LC y MU, 100 Piezas"},"content":{"rendered":"<div style='width: 100%; max-width: 1200px; margin: 0 auto; font-family: sans-serif; line-height: 1.6; color: inherit; background-color: transparent;'>\n<div style='display: flex; flex-direction: column; gap: 30px;'>\n<div style='width: 100%; text-align: center;'> <img style='width: 100%; max-width: 270px; height: auto; border: 1px solid rgba(150&comma;150&comma;150&comma;0.3); border-radius: 8px;' src='https:\/\/ftp3.syscom.mx\/usuarios\/orobles\/GREENLEE\/TEMPO-COMMUNICATIONS-lg.jpg' alt=''> <\/div>\n<div style='display: flex; flex-direction: column; gap: 20px;'>\n<p style='font-size: 15px; margin: 0; color: inherit;'>Los hisopos 1.25-SWAB proporcionan un m\u00e9todo eficaz para limpiar puertos de fibra \u00f3ptica de forma r\u00e1pida y segura. Se puede utilizar en puertos LC y MU de 1.25 mm. Se limpia toda la cara del extremo de la f\u00e9rula&comma; lo que garantiza que se reduzca la posibilidad de migraci\u00f3n de contaminaci\u00f3n.<\/p>\n<p style='font-size: 15px; margin: 0; color: inherit;'>Los hisopos de limpieza de precisi\u00f3n se utilizan para limpiar las f\u00e9rulas de los conectores y tubos de acoplamiento de f\u00e9rulas desde la parte externa del ODF.<\/p>\n<\/p><\/div>\n<div style='display: flex; flex-wrap: wrap; gap: 30px;'>\n<div style='flex: 1 1 300px; min-width: 280px;'>\n<h3 style='font-size: 22px; border-bottom: 2px solid currentColor; padding-bottom: 5px; margin-top: 0; color: inherit; opacity: 0.8;'>Caracter\u00edsticas<\/h3>\n<ul style='padding-left: 20px; font-size: 15px; color: inherit; list-style-type: disc;'>\n<li style='margin-bottom: 5px; color: inherit;'>Limpia toda la superficie del extremo de la f\u00e9rula.<\/li>\n<li style='margin-bottom: 5px; color: inherit;'>De un solo uso.<\/li>\n<li style='margin-bottom: 5px; color: inherit;'>Paquete con 100 piezas.<\/li>\n<\/ul><\/div>\n<\/p><\/div>\n<div style='position: relative; padding-bottom: 56.25%; height: 0; overflow: hidden; margin-bottom: 30px;'>   <\/div>\n<\/p><\/div>\n<\/p><\/div>\n","protected":false},"excerpt":{"rendered":"<p>Hisopos para Limpieza de Puertos de Fibra ?ptica 1.25 mm (0.05 Pulgadas) para Adaptadores LC y MU, 100 Piezas<\/p>\n","protected":false},"featured_media":88606,"comment_status":"open","ping_status":"closed","template":"","meta":[],"product_brand":[],"product_cat":[636],"product_tag":[611,25,658],"class_list":{"0":"post-88607","1":"product","2":"type-product","3":"status-publish","4":"has-post-thumbnail","6":"product_cat-herramientas-fibra-optica","7":"product_tag-fibra-optica","8":"product_tag-herramientas","9":"product_tag-tempo","11":"first","12":"outofstock","13":"sale","14":"shipping-taxable","15":"purchasable","16":"product-type-simple"},"_links":{"self":[{"href":"https:\/\/soydeaqui.ddns.net\/pachuca\/index.php\/wp-json\/wp\/v2\/product\/88607","targetHints":{"allow":["GET"]}}],"collection":[{"href":"https:\/\/soydeaqui.ddns.net\/pachuca\/index.php\/wp-json\/wp\/v2\/product"}],"about":[{"href":"https:\/\/soydeaqui.ddns.net\/pachuca\/index.php\/wp-json\/wp\/v2\/types\/product"}],"replies":[{"embeddable":true,"href":"https:\/\/soydeaqui.ddns.net\/pachuca\/index.php\/wp-json\/wp\/v2\/comments?post=88607"}],"wp:featuredmedia":[{"embeddable":true,"href":"https:\/\/soydeaqui.ddns.net\/pachuca\/index.php\/wp-json\/wp\/v2\/media\/88606"}],"wp:attachment":[{"href":"https:\/\/soydeaqui.ddns.net\/pachuca\/index.php\/wp-json\/wp\/v2\/media?parent=88607"}],"wp:term":[{"taxonomy":"product_brand","embeddable":true,"href":"https:\/\/soydeaqui.ddns.net\/pachuca\/index.php\/wp-json\/wp\/v2\/product_brand?post=88607"},{"taxonomy":"product_cat","embeddable":true,"href":"https:\/\/soydeaqui.ddns.net\/pachuca\/index.php\/wp-json\/wp\/v2\/product_cat?post=88607"},{"taxonomy":"product_tag","embeddable":true,"href":"https:\/\/soydeaqui.ddns.net\/pachuca\/index.php\/wp-json\/wp\/v2\/product_tag?post=88607"}],"curies":[{"name":"wp","href":"https:\/\/api.w.org\/{rel}","templated":true}]}}