{"id":88577,"date":"2026-03-19T23:58:26","date_gmt":"2026-03-19T23:58:26","guid":{"rendered":"https:\/\/soydeaqui.ddns.net\/pachuca\/index.php\/producto\/cmara-de-inspeccin-fiberinspector-con-micro-sonda-para-verificar-fibra-ptica-contaminada-o-daada-compatible-con-conectores-sc-y-lc\/"},"modified":"2026-03-19T23:58:28","modified_gmt":"2026-03-19T23:58:28","slug":"cmara-de-inspeccin-fiberinspector-con-micro-sonda-para-verificar-fibra-ptica-contaminada-o-daada-compatible-con-conectores-sc-y-lc","status":"publish","type":"product","link":"https:\/\/soydeaqui.ddns.net\/pachuca\/index.php\/producto\/cmara-de-inspeccin-fiberinspector-con-micro-sonda-para-verificar-fibra-ptica-contaminada-o-daada-compatible-con-conectores-sc-y-lc\/","title":{"rendered":"C?mara de Inspecci?n FiberInspector, con Micro Sonda Para Verificar Fibra ?ptica Contaminada o Da?ada, Compatible con Conectores SC y LC"},"content":{"rendered":"<div style='width: 100%; max-width: 1200px; margin: 0 auto; font-family: sans-serif; line-height: 1.6; color: inherit; background-color: transparent;'> <!-- Imagen principal --> <\/p>\n<div style='margin-bottom: 30px;'> <img style='width: 100%; height: auto; border: 1px solid rgba(150&comma;150&comma;150&comma;0.3); border-radius: 8px;' src='https:\/\/ftp3.syscom.mx\/usuarios\/fotos\/FI500\/197596-fnet_blue_x_rgb.jpg' alt=''> <\/div>\n<p> <!-- Descripci\u00f3n --> <\/p>\n<div style='margin-bottom: 30px; font-size: 15px;'>\n<p>La c\u00e1mara de inspecci\u00f3n de fibra FI-500 FiberInspector\u2122 Micro elimina la complicaci\u00f3n asociada con la inspecci\u00f3n de las terminaciones de fibra&comma; especialmente en situaciones de baja iluminaci\u00f3n y alta densidad de cables. Es muy f\u00e1cil de usar: solo tiene que introducir el cable en el FI-500 y pulsar el bot\u00f3n AF. Tras unos pocos segundos&comma; el extremo de la fibra se muestra de manera n\u00edtida y clara. El FI-500 est\u00e1 dise\u00f1ado para simplificar el proceso de inspecci\u00f3n. La linterna integrada PortBright ayuda a encontrar el puerto o cable correcto. La sonda tiene un perfil delgado para caber en espacios estrechos&comma; y se controla mediante botones para facilitar su manejo.<\/p>\n<\/p><\/div>\n<p> <!-- Contenido incluido --> <\/p>\n<div style='margin-bottom: 30px;'>\n<h3 style='font-size: 22px; border-bottom: 2px solid currentColor; padding-bottom: 5px; margin-top: 0; color: inherit; opacity: 0.8;'>Contenido del equipo<\/h3>\n<ul style='padding-left: 20px; font-size: 15px; color: inherit;'>\n<li>FiberInspector Micro con sonda<\/li>\n<li>Pantalla<\/li>\n<li>4 puntas UPC (adaptador pasante LC&comma; adaptador pasante SC&comma; adaptadores de terminaci\u00f3n de 1&comma;25 mm y adaptadores de terminaci\u00f3n de 2&comma;50 mm)<\/li>\n<li>Accesorio de correa magn\u00e9tica<\/li>\n<li>Estuche<\/li>\n<li>Bater\u00edas recargables<\/li>\n<li>Adaptador de alimentaci\u00f3n universal<\/li>\n<\/ul><\/div>\n<p> <!-- Video --> <\/p>\n<div style='margin-bottom: 30px;'>\n<div style='position: relative; padding-bottom: 56.25%; height: 0; overflow: hidden;'>   <\/div>\n<\/p><\/div>\n<p> <!-- Especificaciones t\u00e9cnicas --> <\/p>\n<div style='margin-bottom: 30px;'>\n<h3 style='font-size: 22px; border-bottom: 2px solid currentColor; padding-bottom: 5px; margin-top: 0; color: inherit; opacity: 0.8;'>Especificaciones T\u00e9cnicas<\/h3>\n<p> <!-- Card de especificaciones - Temperatura y ambiente --> <\/p>\n<div style='display: flex; flex-wrap: wrap; gap: 20px; margin-bottom: 30px;'>\n<div style='flex: 1 1 250px; border: 1px solid rgba(150&comma; 150&comma; 150&comma; 0.4); border-radius: 8px; overflow: hidden; display: flex; flex-direction: column;'>\n<div style='padding: 15px; border-bottom: 1px solid rgba(150&comma; 150&comma; 150&comma; 0.2); font-weight: bold; font-size: 18px; color: inherit;'>Temperatura y Ambiente<\/div>\n<div style='padding: 15px; color: inherit;'>\n<ul style='padding-left: 20px; margin: 0; font-size: 14px; list-style-type: disc;'>\n<li style='margin-bottom: 5px;'><strong>Rango de temperatura sin el adaptador de corriente:<\/strong> En funcionamiento: 0 \u00b0C a +50 \u00b0C&comma; En almacenamiento: -30 \u00b0C a +60 \u00b0C<\/li>\n<li style='margin-bottom: 5px;'><strong>Rango de temperatura con el adaptador de alimentaci\u00f3n:<\/strong> En funcionamiento: 0 \u00b0C a +40 \u00b0C&comma; En almacenamiento: -20 \u00b0C a +60 \u00b0C<\/li>\n<li style='margin-bottom: 5px;'><strong>Intervalo de humedad:<\/strong> En funcionamiento: 0% a 95% (0 \u00b0C a +50 \u00b0C) de humedad sin condensaci\u00f3n&comma; En almacenamiento: 0% a 95% (35 \u00b0C a 45 \u00b0C) de humedad relativa sin condensaci\u00f3n<\/li>\n<li style='margin-bottom: 5px;'><strong>Altitud:<\/strong> En funcionamiento: 4.000 metros&comma; En almacenamiento: 12.000 metros<\/li>\n<li style='margin-bottom: 5px;'><strong>Vibraci\u00f3n:<\/strong> 2 g&comma; 5 Hz a 500 Hz<\/li>\n<li style='margin-bottom: 5px;'><strong>Golpe:<\/strong> Comprobaci\u00f3n de prueba de ca\u00edda de 1 m<\/li>\n<li style='margin-bottom: 5px;'><strong>Seguridad:<\/strong> IEC 61010-1 tercera edici\u00f3n&comma; IEC 62133<\/li>\n<\/ul><\/div>\n<\/p><\/div>\n<p> <!-- Card de especificaciones - Pantalla y energ\u00eda --> <\/p>\n<div style='flex: 1 1 250px; border: 1px solid rgba(150&comma; 150&comma; 150&comma; 0.4); border-radius: 8px; overflow: hidden; display: flex; flex-direction: column;'>\n<div style='padding: 15px; border-bottom: 1px solid rgba(150&comma; 150&comma; 150&comma; 0.2); font-weight: bold; font-size: 18px; color: inherit;'>Pantalla y Energ\u00eda<\/div>\n<div style='padding: 15px; color: inherit;'>\n<ul style='padding-left: 20px; margin: 0; font-size: 14px; list-style-type: disc;'>\n<li style='margin-bottom: 5px;'><strong>Aumentos:<\/strong> 1x&comma; 2x&comma; 4x<\/li>\n<li style='margin-bottom: 5px;'><strong>Im\u00e1genes por segundo:<\/strong> \u226512<\/li>\n<li style='margin-bottom: 5px;'><strong>Tipo de bater\u00eda:<\/strong> NiMH recargable&comma; 2 x 1&comma;2 V&comma; 2700 mAh<\/li>\n<li style='margin-bottom: 5px;'><strong>Duraci\u00f3n de la bater\u00eda:<\/strong> 3 horas de uso continuo de la sonda&comma; 6 horas de uso normal de la sonda<\/li>\n<li style='margin-bottom: 5px;'><strong>Tiempo de carga:<\/strong> 4 horas como m\u00ednimo<\/li>\n<li style='margin-bottom: 5px;'><strong>Adaptador de corriente:<\/strong> Entrada: 100 a 240 V CA \u00b1 10%&comma; 50\/60 Hz&comma; Salida: 6 V CC&comma; 3 A m\u00e1ximo&comma; Clase II<\/li>\n<li style='margin-bottom: 5px;'><strong>Pantalla:<\/strong> LCD TFT de 3&comma;2 pulgadas&comma; 320 x 240<\/li>\n<li style='margin-bottom: 5px;'><strong>Actualizaciones de software:<\/strong> Las actualizaciones se pueden instalar con una unidad USB<\/li>\n<li style='margin-bottom: 5px;'><strong>Entrada:<\/strong> USB 2&comma;0&comma; tipo A<\/li>\n<li style='margin-bottom: 5px;'><strong>Dimensiones:<\/strong> 14&comma;0 cm x 8&comma;0 cm x 3&comma;9 cm (5&comma;5 in x 3&comma;2 in x 1&comma;5 in)<\/li>\n<li style='margin-bottom: 5px;'><strong>Peso:<\/strong> 9&comma;7 oz (275 g)<\/li>\n<\/ul><\/div>\n<\/p><\/div>\n<p> <!-- Card de especificaciones - Sonda --> <\/p>\n<div style='flex: 1 1 250px; border: 1px solid rgba(150&comma; 150&comma; 150&comma; 0.4); border-radius: 8px; overflow: hidden; display: flex; flex-direction: column;'>\n<div style='padding: 15px; border-bottom: 1px solid rgba(150&comma; 150&comma; 150&comma; 0.2); font-weight: bold; font-size: 18px; color: inherit;'>Sonda<\/div>\n<div style='padding: 15px; color: inherit;'>\n<ul style='padding-left: 20px; margin: 0; font-size: 14px; list-style-type: disc;'>\n<li style='margin-bottom: 5px;'><strong>Aumentos:<\/strong> 200x. La funci\u00f3n de zoom tiene ajustes de 1x&comma; 2x y 4x<\/li>\n<li style='margin-bottom: 5px;'><strong>Tipo de c\u00e1mara:<\/strong> Sensor CMOS de 1\/4 pulgadas y 5 megap\u00edxeles<\/li>\n<li style='margin-bottom: 5px;'><strong>Campo de visi\u00f3n:<\/strong> 610 \u03bcm x 460 \u03bcm<\/li>\n<li style='margin-bottom: 5px;'><strong>Resoluci\u00f3n:<\/strong> 1 \u03bcm<\/li>\n<li style='margin-bottom: 5px;'><strong>Fuente de luz:<\/strong> LED&comma; >100.000 horas de duraci\u00f3n<\/li>\n<li style='margin-bottom: 5px;'><strong>Iluminaci\u00f3n de extremos:<\/strong> LED azul coaxial<\/li>\n<li style='margin-bottom: 5px;'><strong>Iluminaci\u00f3n de puertos:<\/strong> 2 LED blancos<\/li>\n<li style='margin-bottom: 5px;'><strong>Alimentaci\u00f3n:<\/strong> Suministrado a trav\u00e9s de la interfaz USB<\/li>\n<li style='margin-bottom: 5px;'><strong>Salida:<\/strong> Salida de v\u00eddeo a trav\u00e9s de la interfaz USB 2&comma;0<\/li>\n<li style='margin-bottom: 5px;'><strong>Dimensiones:<\/strong> 117 mm x 51 mm x 23 mm (4&comma;6 in x 2 in x 0&comma;95 in) (la longitud depende de la punta del adaptador)<\/li>\n<li style='margin-bottom: 5px;'><strong>Peso:<\/strong> 4&comma;4 oz (125 g) (sin punta adaptadora)<\/li>\n<\/ul><\/div>\n<\/p><\/div>\n<\/p><\/div>\n<\/p><\/div>\n<p> <!-- Separador final --> <\/p>\n<hr style='border: 0; border-top: 1px solid rgba(150&comma; 150&comma; 150&comma; 0.3); margin: 30px 0;'> <\/div>\n","protected":false},"excerpt":{"rendered":"<p>C?mara de Inspecci?n FiberInspector, con Micro Sonda Para Verificar Fibra ?ptica Contaminada o Da?ada, Compatible con Conectores SC y LC<\/p>\n","protected":false},"featured_media":88576,"comment_status":"open","ping_status":"closed","template":"","meta":[],"product_brand":[],"product_cat":[636],"product_tag":[611,730,25],"class_list":{"0":"post-88577","1":"product","2":"type-product","3":"status-publish","4":"has-post-thumbnail","6":"product_cat-herramientas-fibra-optica","7":"product_tag-fibra-optica","8":"product_tag-fluke-networks","9":"product_tag-herramientas","11":"first","12":"outofstock","13":"sale","14":"shipping-taxable","15":"purchasable","16":"product-type-simple"},"_links":{"self":[{"href":"https:\/\/soydeaqui.ddns.net\/pachuca\/index.php\/wp-json\/wp\/v2\/product\/88577","targetHints":{"allow":["GET"]}}],"collection":[{"href":"https:\/\/soydeaqui.ddns.net\/pachuca\/index.php\/wp-json\/wp\/v2\/product"}],"about":[{"href":"https:\/\/soydeaqui.ddns.net\/pachuca\/index.php\/wp-json\/wp\/v2\/types\/product"}],"replies":[{"embeddable":true,"href":"https:\/\/soydeaqui.ddns.net\/pachuca\/index.php\/wp-json\/wp\/v2\/comments?post=88577"}],"wp:featuredmedia":[{"embeddable":true,"href":"https:\/\/soydeaqui.ddns.net\/pachuca\/index.php\/wp-json\/wp\/v2\/media\/88576"}],"wp:attachment":[{"href":"https:\/\/soydeaqui.ddns.net\/pachuca\/index.php\/wp-json\/wp\/v2\/media?parent=88577"}],"wp:term":[{"taxonomy":"product_brand","embeddable":true,"href":"https:\/\/soydeaqui.ddns.net\/pachuca\/index.php\/wp-json\/wp\/v2\/product_brand?post=88577"},{"taxonomy":"product_cat","embeddable":true,"href":"https:\/\/soydeaqui.ddns.net\/pachuca\/index.php\/wp-json\/wp\/v2\/product_cat?post=88577"},{"taxonomy":"product_tag","embeddable":true,"href":"https:\/\/soydeaqui.ddns.net\/pachuca\/index.php\/wp-json\/wp\/v2\/product_tag?post=88577"}],"curies":[{"name":"wp","href":"https:\/\/api.w.org\/{rel}","templated":true}]}}