{"id":88501,"date":"2026-03-19T23:54:49","date_gmt":"2026-03-19T23:54:49","guid":{"rendered":"https:\/\/soydeaqui.ddns.net\/pachuca\/index.php\/producto\/generador-a-gasolina-planta-de-emergencia-con-encendido-automatico-6-5kw-220vac-2-fases-jaula-con-ruedas-para-facil-traslado\/"},"modified":"2026-03-19T23:55:02","modified_gmt":"2026-03-19T23:55:02","slug":"generador-a-gasolina-planta-de-emergencia-con-encendido-automatico-6-5kw-220vac-2-fases-jaula-con-ruedas-para-facil-traslado","status":"publish","type":"product","link":"https:\/\/soydeaqui.ddns.net\/pachuca\/index.php\/producto\/generador-a-gasolina-planta-de-emergencia-con-encendido-automatico-6-5kw-220vac-2-fases-jaula-con-ruedas-para-facil-traslado\/","title":{"rendered":"Generador a Gasolina \/ Planta de Emergencia con Encendido Autom\u00e1tico, 6.5KW, 220Vac 2 Fases, Jaula con Ruedas para F\u00e1cil Traslado"},"content":{"rendered":"<div style='width: 100%; max-width: 1200px; margin: 0 auto; font-family: sans-serif; line-height: 1.6; color: inherit; background-color: transparent;'>\n<h2 style='font-size: 22px; font-weight: 600; color: inherit; margin-top: 0; margin-bottom: 15px;'><strong>Generador a Gasolina \/ Planta de Emergencia de 6&comma;500 W de Potencia Nominal con Arranque Automatico.<\/strong><\/h2>\n<div style='display: flex; flex-wrap: wrap; gap: 30px; margin-bottom: 30px;'>\n<div style='flex: 1 1 300px; min-width: 280px;'>\n<div style='border-left: 5px solid #F1C40F; border-radius: 5px; padding: 5px; box-shadow: 2px 2px 10px rgba(216&comma; 216&comma; 216&comma; 0.4);'> <strong style='font-size: 18px; color: inherit; display: block; margin-bottom: 10px;'>Caracter\u00edsticas generales:<\/strong> <\/p>\n<ul style='padding-left: 20px; font-size: 15px; color: inherit; list-style-type: disc;'>\n<li style='margin-bottom: 5px;'>Arranque automatico cuando detecta fallo en la red electrica.<\/li>\n<li style='margin-bottom: 5px;'>Funcionamiento continuo por 12 h.<\/li>\n<li style='margin-bottom: 5px;'>Estructura de 25 mm de di\u00e1metro que sostiene el generador.<\/li>\n<li style='margin-bottom: 5px;'>Salida de tensi\u00f3n estable.<\/li>\n<li style='margin-bottom: 5px;'>Se detiene autom\u00e1ticamente al detectar bajos niveles de aceite.<\/li>\n<li style='margin-bottom: 5px;'>Nivel de ruido: 97 dB(A).<\/li>\n<\/ul><\/div>\n<\/p><\/div>\n<div style='flex: 1 1 300px; min-width: 280px;'>\n<div style='border-left: 5px solid #F1C40F; border-radius: 5px; padding: 5px; box-shadow: 2px 2px 10px rgba(216&comma; 216&comma; 216&comma; 0.4);'> <strong style='font-size: 18px; color: inherit; display: block; margin-bottom: 10px;'>Caracter\u00edsticas F\u00edsicas y El\u00e9ctricas:<\/strong> <\/p>\n<ul style='padding-left: 20px; font-size: 15px; color: inherit; list-style-type: disc;'>\n<li style='margin-bottom: 5px;'>Potencia nominal: 6.5 kW.<\/li>\n<li style='margin-bottom: 5px;'>Potencia m\u00e1xima de salida: 7 kW.<\/li>\n<li style='margin-bottom: 5px;'>Freciuencia: 60 Hz<\/li>\n<li style='margin-bottom: 5px;'>Voltaje de salida: 220 (bif\u00e1sico).<\/li>\n<li style='margin-bottom: 5px;'>Peso: 87\u00b11 kg.<\/li>\n<li style='margin-bottom: 5px;'>Dimensiones: 694 x 525 x 565 mm.<\/li>\n<\/ul><\/div>\n<\/p><\/div>\n<div style='flex: 1 1 300px; min-width: 280px;'>\n<div style='border-left: 5px solid #F1C40F; border-radius: 5px; padding: 5px; box-shadow: 2px 2px 10px rgba(216&comma; 216&comma; 216&comma; 0.4);'> <strong style='font-size: 18px; color: inherit; display: block; margin-bottom: 10px;'>Aceite lubricante<\/strong> <\/p>\n<ul style='padding-left: 20px; font-size: 15px; color: inherit; list-style-type: disc;'>\n<li style='margin-bottom: 5px;'>Tipo: SAE 5W\/30<\/li>\n<li style='margin-bottom: 5px;'>Volumen: 1.1 L<\/li>\n<\/ul>\n<p> <strong style='font-size: 18px; color: inherit; display: block; margin: 15px 0 10px 0;'>Combustible<\/strong> <\/p>\n<ul style='padding-left: 20px; font-size: 15px; color: inherit; list-style-type: disc;'>\n<li style='margin-bottom: 5px;'>Tipo: Gasolina sin plomo.<\/li>\n<li style='margin-bottom: 5px;'>Capacidad del tanque: 25 L<\/li>\n<\/ul><\/div>\n<\/p><\/div>\n<\/p><\/div>\n<hr style='border: 0; border-top: 1px solid rgba(150&comma; 150&comma; 150&comma; 0.3); margin: 30px 0;'>\n<div style='margin-bottom: 30px;'>\n<h2 style='font-size: 20px; font-weight: 600; color: inherit; margin-top: 0; margin-bottom: 15px;'>IMPORTANTE:<\/h2>\n<ul style='font-size: 15px; color: inherit; padding-left: 20px; list-style-type: disc;'>\n<li style='margin-bottom: 5px;'>EL EQUIPO NO INCLUYE ACEITE NI COMBUSTIBLE<\/li>\n<li style='margin-bottom: 5px;'>LEA EL MANUAL ANTES DE UTILIZAR<\/li>\n<li style='margin-bottom: 5px;'>NO INCLUYE BATERIA (<a href='https:\/\/www.syscom.mx\/producto\/PS-1290-NB-POWER-SONIC-196558.html' style='color: inherit; text-decoration: underline;' target='_blank'>PS-1290-NB<\/a>) PARA ARRANQUE CON LLAVE&comma; SE VENDE POR SEPARADO.<\/li>\n<\/ul><\/div>\n<div style='margin-bottom: 30px;'>\n<h2 style='font-size: 20px; font-weight: 600; color: inherit; margin-top: 0; margin-bottom: 15px;'><strong>NOTAS:<\/strong><\/h2>\n<ul style='font-size: 15px; color: inherit; padding-left: 20px; list-style-type: disc;'>\n<li style='margin-bottom: 5px;'>Las im\u00e1genes pueden variar ligeramente al producto fisico.<\/li>\n<li style='margin-bottom: 5px;'>No incluye bateria (<a href='https:\/\/www.syscom.mx\/producto\/PS-1290-NB-POWER-SONIC-196558.html' style='color: inherit; text-decoration: underline;' target='_blank'>PS-1290-NB<\/a>) para arranque&comma; se vende por separado.<\/li>\n<li style='margin-bottom: 5px;'>No incluye aceite ni combustible.<\/li>\n<li style='margin-bottom: 5px;'>Es necesario leer el manual de operaci\u00f3n antes de encender el equipo.<\/li>\n<li style='margin-bottom: 5px;'>Se requiere verificar niveles de aceite para su \u00f3ptima operaci\u00f3n.<\/li>\n<li style='margin-bottom: 5px;'>Cualquier tipo de flete debe ir sin gasolina&comma; el equipo no incluye aceite ni gasolina a momento de su venta.<\/li>\n<\/ul><\/div>\n<div style='text-align: center; margin: 30px 0;'> <a href='https:\/\/ftp3.syscom.mx\/usuarios\/ftp\/2024\/07\/16\/9f99f\/Conexion%20ATS%20.pdf' style='color: inherit; text-decoration: underline; display: inline-block; font-size: 16px; font-weight: 600;'> Conexi\u00f3n De Generador &#8211; Da Click Aqu\u00ed para Descargar la Gu\u00eda <\/a> <\/div>\n<div style='margin-bottom: 30px;'> <img style='width: 100%; height: auto; border: 1px solid rgba(150&comma;150&comma;150&comma;0.3); border-radius: 8px; display: block; margin: 0 auto;' src='https:\/\/ftp3.syscom.mx\/usuarios\/mtopete\/Imagen%20Pagina\/Hailin\/EPGEN7000%20ismometrica.png' alt=''> <\/div>\n<div style='display: flex; flex-wrap: wrap; gap: 30px; margin-bottom: 30px;'>\n<div style='flex: 1 1 300px; min-width: 280px;'> <img style='width: 100%; height: auto; border: 1px solid rgba(150&comma;150&comma;150&comma;0.3); border-radius: 8px;' src='https:\/\/ftp3.syscom.mx\/usuarios\/mtopete\/Generadores\/EPGEN7000\/EPGEN-7000-presa.jpg' alt=''> <\/div>\n<div style='flex: 1 1 300px; min-width: 280px;'>\n<h2 style='font-size: 20px; font-weight: 600; color: inherit; margin-top: 0; margin-bottom: 15px;'>Usos<\/h2>\n<ul style='padding-left: 20px; font-size: 15px; color: inherit; list-style-type: disc;'>\n<li style='margin-bottom: 5px;'>\u00datil en lugares donde no se cuenta con red el\u00e9ctrica.<\/li>\n<li style='margin-bottom: 5px;'>Para alimentar equipos que requieren de potencia extra para su funcionamiento.<\/li>\n<li style='margin-bottom: 5px;'>Como fuente de respaldo.<\/li>\n<\/ul><\/div>\n<\/p><\/div>\n<div style='margin-bottom: 30px;'>\n<h2 style='font-size: 20px; font-weight: 600; color: inherit; margin-top: 0; margin-bottom: 15px; text-align: center;'>EPGEN TRAINING<\/h2>\n<div style='display: flex; flex-wrap: wrap; gap: 20px; justify-content: center;'>\n<div style='position: relative; padding-bottom: 56.25%; height: 0; overflow: hidden; flex: 1 1 300px; max-width: 560px;'>   <\/div>\n<div style='position: relative; padding-bottom: 56.25%; height: 0; overflow: hidden; flex: 1 1 300px; max-width: 560px;'>   <\/div>\n<\/p><\/div>\n<\/p><\/div>\n<\/p><\/div>\n","protected":false},"excerpt":{"rendered":"<p>Generador a Gasolina \/ Planta de Emergencia con Encendido Autom\u00e1tico, 6.5KW, 220Vac 2 Fases, Jaula con Ruedas para F\u00e1cil Traslado<\/p>\n","protected":false},"featured_media":88500,"comment_status":"open","ping_status":"closed","template":"","meta":[],"product_brand":[],"product_cat":[1275],"product_tag":[454,1276,1062],"class_list":{"0":"post-88501","1":"product","2":"type-product","3":"status-publish","4":"has-post-thumbnail","6":"product_cat-plantas-de-energia","7":"product_tag-epcom-powerline","8":"product_tag-plantas-de-energia","9":"product_tag-ups-respaldo","11":"first","12":"outofstock","13":"sale","14":"shipping-taxable","15":"purchasable","16":"product-type-simple"},"_links":{"self":[{"href":"https:\/\/soydeaqui.ddns.net\/pachuca\/index.php\/wp-json\/wp\/v2\/product\/88501","targetHints":{"allow":["GET"]}}],"collection":[{"href":"https:\/\/soydeaqui.ddns.net\/pachuca\/index.php\/wp-json\/wp\/v2\/product"}],"about":[{"href":"https:\/\/soydeaqui.ddns.net\/pachuca\/index.php\/wp-json\/wp\/v2\/types\/product"}],"replies":[{"embeddable":true,"href":"https:\/\/soydeaqui.ddns.net\/pachuca\/index.php\/wp-json\/wp\/v2\/comments?post=88501"}],"wp:featuredmedia":[{"embeddable":true,"href":"https:\/\/soydeaqui.ddns.net\/pachuca\/index.php\/wp-json\/wp\/v2\/media\/88500"}],"wp:attachment":[{"href":"https:\/\/soydeaqui.ddns.net\/pachuca\/index.php\/wp-json\/wp\/v2\/media?parent=88501"}],"wp:term":[{"taxonomy":"product_brand","embeddable":true,"href":"https:\/\/soydeaqui.ddns.net\/pachuca\/index.php\/wp-json\/wp\/v2\/product_brand?post=88501"},{"taxonomy":"product_cat","embeddable":true,"href":"https:\/\/soydeaqui.ddns.net\/pachuca\/index.php\/wp-json\/wp\/v2\/product_cat?post=88501"},{"taxonomy":"product_tag","embeddable":true,"href":"https:\/\/soydeaqui.ddns.net\/pachuca\/index.php\/wp-json\/wp\/v2\/product_tag?post=88501"}],"curies":[{"name":"wp","href":"https:\/\/api.w.org\/{rel}","templated":true}]}}