{"id":88488,"date":"2026-03-19T23:54:14","date_gmt":"2026-03-19T23:54:14","guid":{"rendered":"https:\/\/soydeaqui.ddns.net\/pachuca\/index.php\/producto\/cloud-smart-switch-24-puertos-gigabit-2-puertos-sfp-switchos-2\/"},"modified":"2026-03-19T23:54:18","modified_gmt":"2026-03-19T23:54:18","slug":"cloud-smart-switch-24-puertos-gigabit-2-puertos-sfp-switchos-2","status":"publish","type":"product","link":"https:\/\/soydeaqui.ddns.net\/pachuca\/index.php\/producto\/cloud-smart-switch-24-puertos-gigabit-2-puertos-sfp-switchos-2\/","title":{"rendered":"Cloud Smart Switch, 24 puertos Gigabit, 2 puertos SFP+ SwitchOS"},"content":{"rendered":"<div style='width: 100%; max-width: 1200px; margin: 0 auto; font-family: sans-serif; line-height: 1.6; color: inherit; background-color: transparent;'> <!-- Descripci\u00f3n principal --> <\/p>\n<div style='margin-bottom: 30px;'>\n<p style='font-size: 15px; margin: 0 0 15px; color: inherit;'>Cloud Smart Switch 326-24G-2S+RM es un switch SwOS Gigabit Ethernet con 24 puertos con dos puertos SFP+ en una carcasa de montaje en rack de 1U que proporciona conectividad de velocidad de cable con varias caracter\u00edsticas de conmutaci\u00f3n nuevas.<\/p>\n<p style='font-size: 15px; margin: 0; color: inherit;'>Le brinda todas las funciones b\u00e1sicas para un switch administrado&comma; y m\u00e1s: permite administrar el reenv\u00edo de puerto a puerto&comma; aplicar filtro MAC&comma; configurar VLAN&comma; duplicar el tr\u00e1fico&comma; aplicar limitaci\u00f3n de ancho de banda e incluso ajustar algunos campos de encabezado MAC e IP. La caja SFP admite m\u00f3dulos de 1.25 Gb SFP y 10 Gb SFP+.<\/p>\n<\/p><\/div>\n<p> <!-- Secci\u00f3n de especificaciones --> <\/p>\n<div style='display: flex; flex-wrap: wrap; gap: 30px; margin-bottom: 30px;'>\n<div style='flex: 1 1 300px; min-width: 280px;'>\n<h3 style='font-size: 20px; border-bottom: 2px solid currentColor; padding-bottom: 5px; margin-top: 0; color: inherit; opacity: 0.8;'>Specifications<\/h3>\n<ul style='padding-left: 20px; font-size: 14px; color: inherit;'>\n<li style='margin-bottom: 5px;'><strong>Product code:<\/strong> CSS326-24G-2S+RM<\/li>\n<li style='margin-bottom: 5px;'><strong>Dimensions:<\/strong> 440 x 144 x 44 mm<\/li>\n<li style='margin-bottom: 5px;'><strong>Operating System:<\/strong> SwOS<\/li>\n<li style='margin-bottom: 5px;'><strong>Storage size:<\/strong> 2 MB<\/li>\n<li style='margin-bottom: 5px;'><strong>Storage type:<\/strong> FLASH<\/li>\n<li style='margin-bottom: 5px;'><strong>Tested ambient temperature:<\/strong> -40\u00b0C .. +70\u00b0C<\/li>\n<\/ul><\/div>\n<div style='flex: 1 1 300px; min-width: 280px;'>\n<h3 style='font-size: 20px; border-bottom: 2px solid currentColor; padding-bottom: 5px; margin-top: 0; color: inherit; opacity: 0.8;'>Powering<\/h3>\n<ul style='padding-left: 20px; font-size: 14px; color: inherit;'>\n<li style='margin-bottom: 5px;'><strong>Max Power consumption:<\/strong> 19W<\/li>\n<li style='margin-bottom: 5px;'><strong>PoE in:<\/strong> Passive PoE<\/li>\n<li style='margin-bottom: 5px;'><strong>PoE in input Voltage:<\/strong> 10-30 V<\/li>\n<li style='margin-bottom: 5px;'><strong>Number of DC inputs:<\/strong> 2 (DC jack&comma; PoE-IN)<\/li>\n<li style='margin-bottom: 5px;'><strong>DC jack input Voltage:<\/strong> 10-30 V<\/li>\n<\/ul><\/div>\n<div style='flex: 1 1 300px; min-width: 280px;'>\n<h3 style='font-size: 20px; border-bottom: 2px solid currentColor; padding-bottom: 5px; margin-top: 0; color: inherit; opacity: 0.8;'>Ports<\/h3>\n<ul style='padding-left: 20px; font-size: 14px; color: inherit;'>\n<li style='margin-bottom: 5px;'><strong>10\/100\/1000 Ethernet ports:<\/strong> 24<\/li>\n<li style='margin-bottom: 5px;'><strong>SFP+ ports:<\/strong> 2<\/li>\n<\/ul><\/div>\n<\/p><\/div>\n<p> <!-- Secci\u00f3n de partes incluidas --> <\/p>\n<div style='margin-bottom: 30px;'>\n<h3 style='font-size: 20px; border-bottom: 2px solid currentColor; padding-bottom: 5px; margin-top: 0; color: inherit; opacity: 0.8;'>Included parts<\/h3>\n<div style='display: flex; flex-wrap: wrap; gap: 15px; margin-top: 15px;'>\n<div style='flex: 1 1 140px; min-width: 120px; text-align: center;'> <a href='https:\/\/img.routerboard.com\/mimg\/part381398168452m.jpg' style='text-decoration: none; color: inherit;'> <img style='width: 100%; max-width: 80px; height: auto; border: 1px solid rgba(150&comma;150&comma;150&comma;0.3); border-radius: 8px; margin-bottom: 8px;' src='https:\/\/img.routerboard.com\/mimg\/part381398168452s.jpg' alt='Rack ears'> <br \/>Rack ears <\/a> <\/div>\n<div style='flex: 1 1 140px; min-width: 120px; text-align: center;'> <a href='https:\/\/img.routerboard.com\/mimg\/part331393422988m.jpg' style='text-decoration: none; color: inherit;'> <img style='width: 100%; max-width: 80px; height: auto; border: 1px solid rgba(150&comma;150&comma;150&comma;0.3); border-radius: 8px; margin-bottom: 8px;' src='https:\/\/img.routerboard.com\/mimg\/part331393422988s.jpg' alt='24V 1.2A power adapter'> <br \/>24V 1.2A power adapter <\/a> <\/div>\n<\/p><\/div>\n<\/p><\/div>\n<p> <!-- Imagen adicional --> <\/p>\n<div style='margin-bottom: 30px;'> <img style='width: 100%; height: auto; border: 1px solid rgba(150&comma;150&comma;150&comma;0.3); border-radius: 8px;' src='https:\/\/ftp3.syscom.mx\/usuarios\/fotos\/CSS32624G2SPLUSRM\/139016-garantia1.png' alt=''> <\/div>\n<p> <!-- Separador --> <\/p>\n<hr style='border: 0; border-top: 1px solid rgba(150&comma; 150&comma; 150&comma; 0.3); margin: 30px 0;'> <\/div>\n","protected":false},"excerpt":{"rendered":"<p>Cloud Smart Switch, 24 puertos Gigabit, 2 puertos SFP+ SwitchOS<\/p>\n","protected":false},"featured_media":88487,"comment_status":"open","ping_status":"closed","template":"","meta":[],"product_brand":[],"product_cat":[1970],"product_tag":[643,664,1971],"class_list":{"0":"post-88488","1":"product","2":"type-product","3":"status-publish","4":"has-post-thumbnail","6":"product_cat-switches","7":"product_tag-mikrotik","8":"product_tag-networking","9":"product_tag-switches","11":"first","12":"instock","13":"sale","14":"shipping-taxable","15":"purchasable","16":"product-type-simple"},"_links":{"self":[{"href":"https:\/\/soydeaqui.ddns.net\/pachuca\/index.php\/wp-json\/wp\/v2\/product\/88488","targetHints":{"allow":["GET"]}}],"collection":[{"href":"https:\/\/soydeaqui.ddns.net\/pachuca\/index.php\/wp-json\/wp\/v2\/product"}],"about":[{"href":"https:\/\/soydeaqui.ddns.net\/pachuca\/index.php\/wp-json\/wp\/v2\/types\/product"}],"replies":[{"embeddable":true,"href":"https:\/\/soydeaqui.ddns.net\/pachuca\/index.php\/wp-json\/wp\/v2\/comments?post=88488"}],"wp:featuredmedia":[{"embeddable":true,"href":"https:\/\/soydeaqui.ddns.net\/pachuca\/index.php\/wp-json\/wp\/v2\/media\/88487"}],"wp:attachment":[{"href":"https:\/\/soydeaqui.ddns.net\/pachuca\/index.php\/wp-json\/wp\/v2\/media?parent=88488"}],"wp:term":[{"taxonomy":"product_brand","embeddable":true,"href":"https:\/\/soydeaqui.ddns.net\/pachuca\/index.php\/wp-json\/wp\/v2\/product_brand?post=88488"},{"taxonomy":"product_cat","embeddable":true,"href":"https:\/\/soydeaqui.ddns.net\/pachuca\/index.php\/wp-json\/wp\/v2\/product_cat?post=88488"},{"taxonomy":"product_tag","embeddable":true,"href":"https:\/\/soydeaqui.ddns.net\/pachuca\/index.php\/wp-json\/wp\/v2\/product_tag?post=88488"}],"curies":[{"name":"wp","href":"https:\/\/api.w.org\/{rel}","templated":true}]}}