{"id":88483,"date":"2026-03-19T23:54:01","date_gmt":"2026-03-19T23:54:01","guid":{"rendered":"https:\/\/soydeaqui.ddns.net\/pachuca\/index.php\/producto\/subscripcion-anual-business-para-plataforma-ipvideotalk-de-grandstream-150-participantes-con-49-participantes-de-video\/"},"modified":"2026-03-19T23:54:04","modified_gmt":"2026-03-19T23:54:04","slug":"subscripcion-anual-business-para-plataforma-ipvideotalk-de-grandstream-150-participantes-con-49-participantes-de-video","status":"publish","type":"product","link":"https:\/\/soydeaqui.ddns.net\/pachuca\/index.php\/producto\/subscripcion-anual-business-para-plataforma-ipvideotalk-de-grandstream-150-participantes-con-49-participantes-de-video\/","title":{"rendered":"Subscripci\u00f3n anual Business para plataforma IPVideotalk de Grandstream 150 participantes con 49 participantes de video."},"content":{"rendered":"<div style='width: 100%; max-width: 1200px; margin: 0 auto; font-family: sans-serif; line-height: 1.6; color: inherit; background-color: transparent;'> <!-- Imagen principal --> <\/p>\n<div style='margin-bottom: 30px;'> <img style='width: 100%; height: auto; border: 1px solid rgba(150&comma;150&comma;150&comma;0.3); border-radius: 8px;' src='https:\/\/ftp3.syscom.mx\/usuarios\/fotos\/IPVTBUSINESS1Y\/198000-captura_de_pantalla_2021-06-17_a_la(s)_18.53.46.png' alt=''> <\/div>\n<p> <!-- Secci\u00f3n de planes comparativos --> <\/p>\n<div style='display: flex; flex-wrap: wrap; gap: 20px; margin-bottom: 30px;'> <!-- Plan Basic --> <\/p>\n<div style='flex: 1 1 300px; border: 1px solid rgba(150&comma; 150&comma; 150&comma; 0.4); border-radius: 8px; overflow: hidden; display: flex; flex-direction: column;'>\n<div style='padding: 15px; border-bottom: 1px solid rgba(150&comma; 150&comma; 150&comma; 0.2); font-weight: bold; font-size: 18px; background-color: #295288; color: white; border-bottom: none;'> Plan Basic (Gratuito) <\/div>\n<div style='padding: 15px; color: inherit; flex-grow: 1;'>\n<ul style='padding-left: 20px; margin: 0; font-size: 14px; list-style-type: disc;'>\n<li style='margin-bottom: 5px;'>50 participantes &#8211; 49 participantes compartiendo video<\/li>\n<li style='margin-bottom: 5px;'>V\u00eddeo HD y audio HD<\/li>\n<li style='margin-bottom: 5px;'>N\u00famero ilimitado de reuniones<\/li>\n<li style='margin-bottom: 5px;'>Acceda desde cualquier dispositivo (Windows&comma; Mac&comma; Android \u2122 o iOS)<\/li>\n<li style='margin-bottom: 5px;'>Hasta 10 minutos por reuni\u00f3n<\/li>\n<li style='margin-bottom: 5px;'>Compartir pantalla&comma; chats&comma; informes \/ an\u00e1lisis&comma; grabaci\u00f3n<\/li>\n<li style='margin-bottom: 5px;'>Reuniones con 1 clic&comma; sin descargas de clientes<\/li>\n<li style='margin-bottom: 5px;'>Integraci\u00f3n de Youtube y Facebook Live<\/li>\n<li style='margin-bottom: 5px;'>512 MB de grabaci\u00f3n \/ almacenamiento en la nube<\/li>\n<li style='margin-bottom: 5px;'>Acceso telef\u00f3nico VoIP<\/li>\n<\/ul><\/div>\n<\/p><\/div>\n<p> <!-- Plan Pro --> <\/p>\n<div style='flex: 1 1 300px; border: 1px solid rgba(150&comma; 150&comma; 150&comma; 0.4); border-radius: 8px; overflow: hidden; display: flex; flex-direction: column;'>\n<div style='padding: 15px; border-bottom: 1px solid rgba(150&comma; 150&comma; 150&comma; 0.2); font-weight: bold; font-size: 18px; background-color: #295288; color: white; border-bottom: none;'> Plan Pro <\/div>\n<div style='padding: 15px; color: inherit; flex-grow: 1;'>\n<ul style='padding-left: 20px; margin: 0; font-size: 14px; list-style-type: disc;'>\n<li style='margin-bottom: 5px;'>100 participantes &#8211; 49 participantes compartiendo video<\/li>\n<li style='margin-bottom: 5px;'>V\u00eddeo Full HD de 1080p y audio HD<\/li>\n<li style='margin-bottom: 5px;'>N\u00famero ilimitado de reuniones<\/li>\n<li style='margin-bottom: 5px;'>Acceda desde cualquier dispositivo (Windows&comma; Mac&comma; Android \u2122 o iOS)<\/li>\n<li style='margin-bottom: 5px;'>Hasta 6 horas por reuni\u00f3n de grupo<\/li>\n<li style='margin-bottom: 5px;'>Compartir pantalla&comma; chats&comma; informes \/ an\u00e1lisis&comma; grabaci\u00f3n<\/li>\n<li style='margin-bottom: 5px;'>Reuniones con 1 clic&comma; sin descargas de clientes<\/li>\n<li style='margin-bottom: 5px;'>Integraci\u00f3n de Youtube y Facebook Live<\/li>\n<li style='margin-bottom: 5px;'>2GB de grabaci\u00f3n \/ almacenamiento en la nube<\/li>\n<li style='margin-bottom: 5px;'>Marcado de VoIP&comma; Marcado de peaje desde una l\u00ednea fija o un tel\u00e9fono celular<\/li>\n<li style='margin-bottom: 5px;'>Administraci\u00f3n y facturaci\u00f3n de cuentas grupales<\/li>\n<li style='margin-bottom: 5px;'>Seminarios web ilimitados: Compartir pantalla&comma; Preinscripci\u00f3n&comma; P\u00e1gina de inicio de registro&comma; Recordatorios autom\u00e1ticos de reuniones&comma; Correos electr\u00f3nicos de agradecimiento autom\u00e1ticos&comma; Deshabilitar chat&comma; Funci\u00f3n de levantar la mano&comma; Silenciar \/ bloquear video \/ audio de los asistentes&comma; Solo los panelistas pueden compartir la pantalla con la capacidad de eliminar asistentes<\/li>\n<\/ul><\/div>\n<\/p><\/div>\n<p> <!-- Plan Business --> <\/p>\n<div style='flex: 1 1 300px; border: 1px solid rgba(150&comma; 150&comma; 150&comma; 0.4); border-radius: 8px; overflow: hidden; display: flex; flex-direction: column;'>\n<div style='padding: 15px; border-bottom: 1px solid rgba(150&comma; 150&comma; 150&comma; 0.2); font-weight: bold; font-size: 18px; background-color: #295288; color: white; border-bottom: none;'> Plan Business <\/div>\n<div style='padding: 15px; color: inherit; flex-grow: 1;'>\n<ul style='padding-left: 20px; margin: 0; font-size: 14px; list-style-type: disc;'>\n<li style='margin-bottom: 5px;'>150 participantes &#8211; 49 participantes compartiendo video<\/li>\n<li style='margin-bottom: 5px;'>V\u00eddeo Full HD de 1080p y audio HD<\/li>\n<li style='margin-bottom: 5px;'>N\u00famero ilimitado de reuniones<\/li>\n<li style='margin-bottom: 5px;'>Acceda desde cualquier dispositivo (Windows&comma; Mac&comma; Android \u2122 o iOS)<\/li>\n<li style='margin-bottom: 5px;'>Hasta 6 horas por reuni\u00f3n de grupo<\/li>\n<li style='margin-bottom: 5px;'>Compartir pantalla&comma; chats&comma; informes \/ an\u00e1lisis&comma; grabaci\u00f3n<\/li>\n<li style='margin-bottom: 5px;'>Reuniones con 1 clic&comma; sin descargas de clientes<\/li>\n<li style='margin-bottom: 5px;'>Integraci\u00f3n de Youtube y Facebook Live<\/li>\n<li style='margin-bottom: 5px;'>5GB de grabaci\u00f3n \/ almacenamiento en la nube<\/li>\n<li style='margin-bottom: 5px;'>Marcado de VoIP&comma; Marcado de peaje desde una l\u00ednea fija o un tel\u00e9fono celular<\/li>\n<li style='margin-bottom: 5px;'>Administraci\u00f3n y facturaci\u00f3n de cuentas grupales<\/li>\n<li style='margin-bottom: 5px;'>Seminarios web ilimitados: Compartir pantalla&comma; Preinscripci\u00f3n&comma; P\u00e1gina de inicio de registro&comma; Recordatorios autom\u00e1ticos de reuniones&comma; Correos electr\u00f3nicos de agradecimiento autom\u00e1ticos&comma; Deshabilitar chat&comma; Funci\u00f3n de levantar la mano&comma; Silenciar \/ bloquear video \/ audio de los asistentes&comma; Solo los panelistas pueden compartir la pantalla con la capacidad de eliminar asistentes<\/li>\n<\/ul><\/div>\n<\/p><\/div>\n<\/p><\/div>\n<p> <!-- Im\u00e1genes adicionales --> <\/p>\n<div style='display: flex; flex-wrap: wrap; gap: 20px; margin-bottom: 30px;'>\n<div style='flex: 1 1 100%;'> <img style='width: 100%; height: auto; border: 1px solid rgba(150&comma;150&comma;150&comma;0.3); border-radius: 8px;' src='https:\/\/ftp3.syscom.mx\/usuarios\/fotos\/IPVTBUSINESS1Y\/198000-captura_de_pantalla_2021-06-18_a_la(s)_10.03.33.png' alt=''> <\/div>\n<div style='flex: 1 1 100%;'> <img style='width: 100%; height: auto; border: 1px solid rgba(150&comma;150&comma;150&comma;0.3); border-radius: 8px;' src='https:\/\/ftp3.syscom.mx\/usuarios\/fotos\/IPVTBUSINESS1Y\/198000-captura_de_pantalla_2021-06-18_a_la(s)_10.03.54.png' alt=''> <\/div>\n<div style='flex: 1 1 100%;'> <img style='width: 100%; height: auto; border: 1px solid rgba(150&comma;150&comma;150&comma;0.3); border-radius: 8px;' src='https:\/\/ftp3.syscom.mx\/usuarios\/fotos\/IPVTBUSINESS1Y\/198000-captura_de_pantalla_2021-06-18_a_la(s)_10.04.10.png' alt=''> <\/div>\n<\/p><\/div>\n<p> <!-- V\u00eddeos de YouTube --> <\/p>\n<div style='display: flex; flex-wrap: wrap; gap: 30px; margin-bottom: 30px;'>\n<div style='flex: 1 1 300px; min-width: 280px;'>\n<div style='position: relative; padding-bottom: 56.25%; height: 0; overflow: hidden; margin-bottom: 30px;'>   <\/div>\n<\/p><\/div>\n<div style='flex: 1 1 300px; min-width: 280px;'>\n<div style='position: relative; padding-bottom: 56.25%; height: 0; overflow: hidden; margin-bottom: 30px;'>   <\/div>\n<\/p><\/div>\n<div style='flex: 1 1 300px; min-width: 280px;'>\n<div style='position: relative; padding-bottom: 56.25%; height: 0; overflow: hidden; margin-bottom: 30px;'>   <\/div>\n<\/p><\/div>\n<\/p><\/div>\n<p> <!-- Secci\u00f3n de equipos compatibles --> <\/p>\n<div style='margin-bottom: 30px;'>\n<h2 style='font-size: 18px; border-left: 5px solid #295288; padding-left: 10px; margin-top: 0; color: inherit; background-color: rgba(41&comma;82&comma;136&comma;0.1); padding: 10px; border-radius: 4px;'> Equipos compatibles con IPVideoTalk (requieren licenciamiento anual) <\/h2>\n<\/p><\/div>\n<p> <!-- Secci\u00f3n de equipos --> <\/p>\n<div style='display: flex; flex-wrap: wrap; gap: 20px; margin-bottom: 30px;'> <!-- GVC3212 --> <\/p>\n<div style='flex: 1 1 300px; border: 1px solid rgba(150&comma; 150&comma; 150&comma; 0.4); border-radius: 8px; overflow: hidden;'>\n<div style='padding: 15px; border-bottom: 1px solid rgba(150&comma; 150&comma; 150&comma; 0.2); font-weight: bold; font-size: 18px; background-color: #295288; color: white;'> GVC3212 <\/div>\n<div style='padding: 15px; color: inherit;'>\n<ul style='padding-left: 20px; margin: 0; font-size: 14px; list-style-type: disc;'>\n<li style='margin-bottom: 5px;'>C\u00e1mara avanzada con sensor CMOS de megap\u00edxeles&comma; lente gran angular de 60 FOV<\/li>\n<li style='margin-bottom: 5px;'>Se ejecuta en la plataforma de reuniones IPVideoTalk de Grandstream<\/li>\n<li style='margin-bottom: 5px;'>Soporte WiFi de doble banda<\/li>\n<li style='margin-bottom: 5px;'>Micr\u00f3fonos duales con pastilla de 3 m y tecnolog\u00eda de protecci\u00f3n contra ruido<\/li>\n<li style='margin-bottom: 5px;'>Soporte ajustable incorporado para montaje en TV<\/li>\n<li style='margin-bottom: 5px;'>Soporta Miracast y Airplay<\/li>\n<li style='margin-bottom: 5px;'>Puertos integrados 1x HDMI y 2x USB<\/li>\n<li style='margin-bottom: 5px;'><a href='https:\/\/www.syscom.mx\/producto\/GVC-3212-GRANDSTREAM-188821.html' target='_blank' rel='noopener' style='color: inherit; text-decoration: underline;'>Para m\u00e1s informaci\u00f3n aqu\u00ed<\/a><\/li>\n<li style='margin-bottom: 5px;'>Para implementaci\u00f3n con IPVideoTalk requiere licencia anual: IPVTGVCADDONL1Y &#8211; Subscripci\u00f3n anual para agregar GVC a plataforma IPVideotalk&comma; video 720p&comma; webinars ilimitados&comma; 3 horas de webmeeting&comma; 2 GB de almacenamiento<\/li>\n<\/ul><\/div>\n<\/p><\/div>\n<p> <!-- GVC3210 --> <\/p>\n<div style='flex: 1 1 300px; border: 1px solid rgba(150&comma; 150&comma; 150&comma; 0.4); border-radius: 8px; overflow: hidden;'>\n<div style='padding: 15px; border-bottom: 1px solid rgba(150&comma; 150&comma; 150&comma; 0.2); font-weight: bold; font-size: 18px; background-color: #295288; color: white;'> GVC3210 <\/div>\n<div style='padding: 15px; color: inherit;'>\n<ul style='padding-left: 20px; margin: 0; font-size: 14px; list-style-type: disc;'>\n<li style='margin-bottom: 5px;'>Resoluciones de video HD n\u00edtidas de hasta 4k Ultra HD<\/li>\n<li style='margin-bottom: 5px;'>Se ejecuta en el sistema operativo Android 6.x con acceso completo a las aplicaciones de la tienda Google Play<\/li>\n<li style='margin-bottom: 5px;'>Bluetooth incorporado para usar con altavoces \/ micr\u00f3fonos Bluetooth&comma; teclados&comma; intercambio de datos&comma; etc.<\/li>\n<li style='margin-bottom: 5px;'>WiFi de banda dual integrado para emparejar con servicio de videoconferencia y conferencia web<\/li>\n<li style='margin-bottom: 5px;'>Matriz de 4 micr\u00f3fonos incorporada con formaci\u00f3n de haz&comma; soporte para equipos de audio externos e innovadora tecnolog\u00eda Noise Shield<\/li>\n<li style='margin-bottom: 5px;'>C\u00e1mara avanzada con sensor CMOS de 16 megap\u00edxeles&comma; lente gran angular de 90 FOV y ePTZ para ajustes sencillos de la vista de la c\u00e1mara<\/li>\n<li style='margin-bottom: 5px;'>Soporte para compartir contenido inal\u00e1mbrico de Miracast para compartir una presentaci\u00f3n con los asistentes a la conferencia<\/li>\n<li style='margin-bottom: 5px;'>1 entrada HDMI integrada&comma; 2 salidas HDMI y 2 USB<\/li>\n<li style='margin-bottom: 5px;'><a href='https:\/\/www.syscom.mx\/producto\/GVC-3210-GRANDSTREAM-153498.html' target='_blank' rel='noopener' style='color: inherit; text-decoration: underline;'>Para m\u00e1s informaci\u00f3n aqu\u00ed<\/a><\/li>\n<li style='margin-bottom: 5px;'>Para implementaci\u00f3n con IPVideoTalk requiere licencia anual: IPVTGVCADDON1Y &#8211; Subscripci\u00f3n anual para agregar GVC a plataforma IPVideotalk&comma; video 1080&comma; webinars ilimitados&comma; 6 horas de webmeeting&comma; 5 GB de almacenamiento&comma; O IPVTGVCADDONL1Y &#8211; Subscripci\u00f3n anual para agregar GVC a plataforma IPVideotalk&comma; video 720p&comma; webinars ilimitados&comma; 3 horas de webmeeting&comma; 2 GB de almacenamiento<\/li>\n<\/ul><\/div>\n<\/p><\/div>\n<p> <!-- GVC3220 --> <\/p>\n<div style='flex: 1 1 300px; border: 1px solid rgba(150&comma; 150&comma; 150&comma; 0.4); border-radius: 8px; overflow: hidden;'>\n<div style='padding: 15px; border-bottom: 1px solid rgba(150&comma; 150&comma; 150&comma; 0.2); font-weight: bold; font-size: 18px; background-color: #295288; color: white;'> GVC3220 <\/div>\n<div style='padding: 15px; color: inherit;'>\n<ul style='padding-left: 20px; margin: 0; font-size: 14px; list-style-type: disc;'>\n<li style='margin-bottom: 5px;'>Admite una calidad de video n\u00edtida de hasta 4K de salida de video Full-HD<\/li>\n<li style='margin-bottom: 5px;'>Se ejecuta en el sistema operativo Android 9.0<\/li>\n<li style='margin-bottom: 5px;'>El micr\u00f3fono inal\u00e1mbrico de escritorio GMD1208 proporciona una cobertura total de la habitaci\u00f3n para un rango de captaci\u00f3n de hasta 5 m<\/li>\n<li style='margin-bottom: 5px;'>Control remoto de pantalla de video en tiempo real y funciones de pantalla de PC para compartir<\/li>\n<li style='margin-bottom: 5px;'>C\u00e1mara avanzada con sensor CMOS de 8 megap\u00edxeles&comma; lente gran angular FOV&comma; zoom de 12x y PTZ para ajustar la vista de la c\u00e1mara con facilidad<\/li>\n<li style='margin-bottom: 5px;'>Wi-Fi 802.11 a \/ b \/ g \/ n \/ ac de doble banda integrado (2.4GHz y 5GHz)&comma; compatible con Wi-Fi Multimedia<\/li>\n<li style='margin-bottom: 5px;'>1080P de 5 v\u00edas o 720P de 9 v\u00edas<\/li>\n<li style='margin-bottom: 5px;'>Integraci\u00f3n de Youtube y Facebook Live<\/li>\n<li style='margin-bottom: 5px;'>1x entrada HDMI&comma; 2x salida HDMI&comma; 1x entrada \/ salida de l\u00ednea&comma; 1x medios<\/li>\n<li style='margin-bottom: 5px;'><a href='https:\/\/www.syscom.mx\/producto\/GVC-3220-GRANDSTREAM-195382.html' target='_blank' rel='noopener' style='color: inherit; text-decoration: underline;'>Para m\u00e1s informaci\u00f3n aqu\u00ed<\/a><\/li>\n<li style='margin-bottom: 5px;'>Para implementaci\u00f3n con IPVideoTalk requiere licencia anual: IPVTGVCADDON1Y &#8211; Subscripci\u00f3n anual para agregar GVC a plataforma IPVideotalk&comma; video 1080&comma; webinars ilimitados&comma; 6 horas de webmeeting&comma; 5 GB de almacenamiento&comma; O IPVTGVCADDONL1Y &#8211; Subscripci\u00f3n anual para agregar GVC a plataforma IPVideotalk&comma; video 720p&comma; webinars ilimitados&comma; 3 horas de webmeeting&comma; 2 GB de almacenamiento<\/li>\n<\/ul><\/div>\n<\/p><\/div>\n<\/p><\/div>\n<p> <!-- Secci\u00f3n de subscripciones adicionales --> <\/p>\n<div style='border: 1px solid rgba(150&comma; 150&comma; 150&comma; 0.4); border-radius: 8px; overflow: hidden; margin-bottom: 30px;'>\n<div style='padding: 15px; border-bottom: 1px solid rgba(150&comma; 150&comma; 150&comma; 0.2); font-weight: bold; font-size: 18px; background-color: #295288; color: white;'> Add On &#8211; Subscripciones anuales para plataforma IP Videotalk <\/div>\n<div style='padding: 15px; color: inherit;'>\n<p style='margin-top: 0;'>Estas subscripciones son anuales&comma; aplican para cualquier versi\u00f3n de IP-Videotalk&comma; Basic&comma; Pro y Busines.<\/p>\n<ul style='padding-left: 20px; margin: 0; font-size: 14px; list-style-type: disc;'>\n<li style='margin-bottom: 5px;'><strong>IPVTGVCADDON1Y<\/strong> &#8211; Subscripci\u00f3n anual para agregar GVC a plataforma IPVideotalk&comma; video 1080&comma; webinars ilimitados&comma; 6 horas de webmeeting&comma; 5 GB de almacenamiento<\/li>\n<li style='margin-bottom: 5px;'><strong>IPVTGVCADDONL1Y<\/strong> &#8211; Subscripci\u00f3n anual para agregar GVC a plataforma IPVideotalk&comma; video 720p&comma; webinars ilimitados&comma; 3 horas de webmeeting&comma; 2 GB de almacenamiento<\/li>\n<li style='margin-bottom: 5px;'><strong>IPVTSTORAGEADDON1Y<\/strong> &#8211; Subscripci\u00f3n anual de 50 GB de almacenamiento adicional<\/li>\n<li style='margin-bottom: 5px;'><strong>IPVT50PARTYADDON1Y<\/strong> &#8211; Subscripci\u00f3n anual para 50 participantes adicionales a cualquier plan<\/li>\n<li style='margin-bottom: 5px;'><strong>IPVT150PARTYADDON1Y<\/strong> &#8211; Subscripci\u00f3n anual para 150 participantes adicionales a cualquier plan<\/li>\n<li style='margin-bottom: 5px;'><strong>IPVT500PARTYWEBINARADDON1Y<\/strong> &#8211; Subscripci\u00f3n anual para 500 participantes de Webinar adicionales a cualquier plan<\/li>\n<li style='margin-bottom: 5px;'><strong>IPVT1000PARTYWEBINARADDON1Y<\/strong> &#8211; Subscripci\u00f3n anual para 1000 participantes de Webinar adicionales a cualquier plan<\/li>\n<li style='margin-bottom: 5px;'><strong>IPVT3000PARTYWEBINARADDON1Y<\/strong> &#8211; Subscripci\u00f3n anual para 3000 participantes de Webinar adicionales a cualquier plan<\/li>\n<\/ul><\/div>\n<\/p><\/div>\n<\/p><\/div>\n","protected":false},"excerpt":{"rendered":"<p>Subscripci\u00f3n anual Business para plataforma IPVideotalk de Grandstream 150 participantes con 49 participantes de video.<\/p>\n","protected":false},"featured_media":88482,"comment_status":"open","ping_status":"closed","template":"","meta":[],"product_brand":[],"product_cat":[2048],"product_tag":[2049,909,2004],"class_list":{"0":"post-88483","1":"product","2":"type-product","3":"status-publish","4":"has-post-thumbnail","6":"product_cat-audio-video-conferencia","7":"product_tag-audio-video-conferencia","8":"product_tag-grandstream","9":"product_tag-voip-telefonia-ip-videoconferencia","11":"first","12":"outofstock","13":"sale","14":"shipping-taxable","15":"purchasable","16":"product-type-simple"},"_links":{"self":[{"href":"https:\/\/soydeaqui.ddns.net\/pachuca\/index.php\/wp-json\/wp\/v2\/product\/88483","targetHints":{"allow":["GET"]}}],"collection":[{"href":"https:\/\/soydeaqui.ddns.net\/pachuca\/index.php\/wp-json\/wp\/v2\/product"}],"about":[{"href":"https:\/\/soydeaqui.ddns.net\/pachuca\/index.php\/wp-json\/wp\/v2\/types\/product"}],"replies":[{"embeddable":true,"href":"https:\/\/soydeaqui.ddns.net\/pachuca\/index.php\/wp-json\/wp\/v2\/comments?post=88483"}],"wp:featuredmedia":[{"embeddable":true,"href":"https:\/\/soydeaqui.ddns.net\/pachuca\/index.php\/wp-json\/wp\/v2\/media\/88482"}],"wp:attachment":[{"href":"https:\/\/soydeaqui.ddns.net\/pachuca\/index.php\/wp-json\/wp\/v2\/media?parent=88483"}],"wp:term":[{"taxonomy":"product_brand","embeddable":true,"href":"https:\/\/soydeaqui.ddns.net\/pachuca\/index.php\/wp-json\/wp\/v2\/product_brand?post=88483"},{"taxonomy":"product_cat","embeddable":true,"href":"https:\/\/soydeaqui.ddns.net\/pachuca\/index.php\/wp-json\/wp\/v2\/product_cat?post=88483"},{"taxonomy":"product_tag","embeddable":true,"href":"https:\/\/soydeaqui.ddns.net\/pachuca\/index.php\/wp-json\/wp\/v2\/product_tag?post=88483"}],"curies":[{"name":"wp","href":"https:\/\/api.w.org\/{rel}","templated":true}]}}