{"id":88475,"date":"2026-03-19T23:53:38","date_gmt":"2026-03-19T23:53:38","guid":{"rendered":"https:\/\/soydeaqui.ddns.net\/pachuca\/index.php\/producto\/switch-no-administrable-de-16-puertos-10-100-1000mbps-y-poe-af-at-2-puertos-sfp-hasta-250w\/"},"modified":"2026-03-19T23:53:56","modified_gmt":"2026-03-19T23:53:56","slug":"switch-no-administrable-de-16-puertos-10-100-1000mbps-y-poe-af-at-2-puertos-sfp-hasta-250w","status":"publish","type":"product","link":"https:\/\/soydeaqui.ddns.net\/pachuca\/index.php\/producto\/switch-no-administrable-de-16-puertos-10-100-1000mbps-y-poe-af-at-2-puertos-sfp-hasta-250w\/","title":{"rendered":"Switch no administrable de 16 puertos 10\/100\/1000Mbps y PoE af\/at, 2 puertos SFP hasta 250W."},"content":{"rendered":"<div style='width: 100%; max-width: 1200px; margin: 0 auto; font-family: sans-serif; line-height: 1.6; color: inherit; background-color: transparent;'> <!-- Secci\u00f3n de caracter\u00edsticas --> <\/p>\n<div style='display: flex; flex-wrap: wrap; gap: 30px; margin-bottom: 30px;'>\n<div style='flex: 1 1 300px; min-width: 280px;'>\n<h3 style='font-size: 22px; border-bottom: 2px solid currentColor; padding-bottom: 5px; margin-top: 0; color: inherit; opacity: 0.8;'>Caracter\u00edsticas principales<\/h3>\n<ul style='padding-left: 20px; font-size: 15px; color: inherit;'>\n<li style='margin-bottom: 5px;'>16 Puertos RJ45 10\/100\/1000 Mbps<\/li>\n<li style='margin-bottom: 5px;'>2 Puertos Gigabit SFP<\/li>\n<li style='margin-bottom: 5px;'>2 Puertos Uplink combo<\/li>\n<li style='margin-bottom: 5px;'>Est\u00e1ndar: 802.3at\/802.3af<\/li>\n<li style='margin-bottom: 5px;'>Suministro el\u00e9ctrico de 250W<\/li>\n<li style='margin-bottom: 5px;'>Throughput: 26.78Mbps<\/li>\n<li style='margin-bottom: 5px;'>Capacidad de Switcheo: 36 Gbps<\/li>\n<\/ul><\/div>\n<div style='flex: 1 1 300px; min-width: 280px;'>\n<h3 style='font-size: 22px; border-bottom: 2px solid currentColor; padding-bottom: 5px; margin-top: 0; color: inherit; opacity: 0.8;'>Caracter\u00edsticas F\u00edsicas y El\u00e9ctricas<\/h3>\n<ul style='padding-left: 20px; font-size: 15px; color: inherit;'>\n<li style='margin-bottom: 5px;'>Fuente de alimentaci\u00f3n 100-240V AC&comma; 50\/60 Hz<\/li>\n<li style='margin-bottom: 5px;'>Montaje en rack<\/li>\n<li style='margin-bottom: 5px;'>2 ventiladores<\/li>\n<li style='margin-bottom: 5px;'>Consumo m\u00e1ximo: 21.4 W sin equipos PoE conectados<\/li>\n<li style='margin-bottom: 5px;'>Consumo m\u00e1ximo: 286.64 W con equipos conectados utilizando 250W<\/li>\n<li style='margin-bottom: 5px;'>Temperatura de operaci\u00f3n: 0\u00ba ~ 50\u00ba C<\/li>\n<li style='margin-bottom: 5px;'>Dimensiones: 440 \u00d7 180 \u00d7 44 mm<\/li>\n<\/ul><\/div>\n<div style='flex: 1 1 300px; min-width: 280px;'>\n<h3 style='font-size: 22px; border-bottom: 2px solid currentColor; padding-bottom: 5px; margin-top: 0; color: inherit; opacity: 0.8;'>Contenido del paquete<\/h3>\n<ul style='padding-left: 20px; font-size: 15px; color: inherit;'>\n<li style='margin-bottom: 5px;'>TL-SG1218MP<\/li>\n<li style='margin-bottom: 5px;'>Gu\u00eda de instalaci\u00f3n<\/li>\n<li style='margin-bottom: 5px;'>Cable de corriente<\/li>\n<li style='margin-bottom: 5px;'>Kit de montaje en rack<\/li>\n<li style='margin-bottom: 5px;'>Patas de goma<\/li>\n<\/ul><\/div>\n<\/p><\/div>\n<p> <!-- Separador --> <\/p>\n<hr style='border: 0; border-top: 1px solid rgba(150&comma; 150&comma; 150&comma; 0.3); margin: 30px 0;'> <!-- Secci\u00f3n de im\u00e1genes --> <\/p>\n<div style='display: flex; flex-wrap: wrap; gap: 20px; margin-bottom: 30px; justify-content: center;'> <img style='width: 100%; max-width: 600px; height: auto; border: 1px solid rgba(150&comma;150&comma;150&comma;0.3); border-radius: 8px;' src='https:\/\/ftp3.syscom.mx\/usuarios\/esanchez\/FANVIL\/TPLINK\/TLSG1218MPE\/Captura%20de%20pantalla%202019-11-08%20a%20la%28s%29%2012.16.01' alt=''> <img style='width: 100%; max-width: 600px; height: auto; border: 1px solid rgba(150&comma;150&comma;150&comma;0.3); border-radius: 8px;' src='https:\/\/ftp3.syscom.mx\/usuarios\/esanchez\/TPLINK\/TLSG1218MPE\/Captura%20de%20pantalla%202019-11-08%20a%20la%28s%29%2012.15.35' alt=''> <img style='width: 100%; max-width: 600px; height: auto; border: 1px solid rgba(150&comma;150&comma;150&comma;0.3); border-radius: 8px;' src='https:\/\/ftp3.syscom.mx\/usuarios\/esanchez\/TPLINK\/TLSG1218MPE\/Captura%20de%20pantalla%202019-11-08%20a%20la%28s%29%2012.16.01' alt=''> <img style='width: 100%; max-width: 600px; height: auto; border: 1px solid rgba(150&comma;150&comma;150&comma;0.3); border-radius: 8px;' src='https:\/\/ftp3.syscom.mx\/usuarios\/esanchez\/TPLINK\/TLSG1218MPE\/Captura%20de%20pantalla%202019-11-08%20a%20la%28s%29%2012.16.32' alt=''> <img style='width: 100%; max-width: 600px; height: auto; border: 1px solid rgba(150&comma;150&comma;150&comma;0.3); border-radius: 8px;' src='https:\/\/ftp3.syscom.mx\/usuarios\/esanchez\/TPLINK\/TLSG1218MPE\/Captura%20de%20pantalla%202019-11-08%20a%20la%28s%29%2012.16.43' alt=''> <\/div>\n<\/p><\/div>\n","protected":false},"excerpt":{"rendered":"<p>Switch no administrable de 16 puertos 10\/100\/1000Mbps y PoE af\/at, 2 puertos SFP hasta 250W.<\/p>\n","protected":false},"featured_media":88474,"comment_status":"open","ping_status":"closed","template":"","meta":[],"product_brand":[],"product_cat":[1986],"product_tag":[664,1987,71],"class_list":{"0":"post-88475","1":"product","2":"type-product","3":"status-publish","4":"has-post-thumbnail","6":"product_cat-switches-poe","7":"product_tag-networking","8":"product_tag-switches-poe","9":"product_tag-tp-link","11":"first","12":"instock","13":"sale","14":"shipping-taxable","15":"purchasable","16":"product-type-simple"},"_links":{"self":[{"href":"https:\/\/soydeaqui.ddns.net\/pachuca\/index.php\/wp-json\/wp\/v2\/product\/88475","targetHints":{"allow":["GET"]}}],"collection":[{"href":"https:\/\/soydeaqui.ddns.net\/pachuca\/index.php\/wp-json\/wp\/v2\/product"}],"about":[{"href":"https:\/\/soydeaqui.ddns.net\/pachuca\/index.php\/wp-json\/wp\/v2\/types\/product"}],"replies":[{"embeddable":true,"href":"https:\/\/soydeaqui.ddns.net\/pachuca\/index.php\/wp-json\/wp\/v2\/comments?post=88475"}],"wp:featuredmedia":[{"embeddable":true,"href":"https:\/\/soydeaqui.ddns.net\/pachuca\/index.php\/wp-json\/wp\/v2\/media\/88474"}],"wp:attachment":[{"href":"https:\/\/soydeaqui.ddns.net\/pachuca\/index.php\/wp-json\/wp\/v2\/media?parent=88475"}],"wp:term":[{"taxonomy":"product_brand","embeddable":true,"href":"https:\/\/soydeaqui.ddns.net\/pachuca\/index.php\/wp-json\/wp\/v2\/product_brand?post=88475"},{"taxonomy":"product_cat","embeddable":true,"href":"https:\/\/soydeaqui.ddns.net\/pachuca\/index.php\/wp-json\/wp\/v2\/product_cat?post=88475"},{"taxonomy":"product_tag","embeddable":true,"href":"https:\/\/soydeaqui.ddns.net\/pachuca\/index.php\/wp-json\/wp\/v2\/product_tag?post=88475"}],"curies":[{"name":"wp","href":"https:\/\/api.w.org\/{rel}","templated":true}]}}