{"id":88471,"date":"2026-03-19T23:53:27","date_gmt":"2026-03-19T23:53:27","guid":{"rendered":"https:\/\/soydeaqui.ddns.net\/pachuca\/index.php\/producto\/cable-de-alta-velocidad-twin-axial-dac-sfp-a-sfp-10g-color-negro-de-3-metros\/"},"modified":"2026-03-19T23:53:34","modified_gmt":"2026-03-19T23:53:34","slug":"cable-de-alta-velocidad-twin-axial-dac-sfp-a-sfp-10g-color-negro-de-3-metros","status":"publish","type":"product","link":"https:\/\/soydeaqui.ddns.net\/pachuca\/index.php\/producto\/cable-de-alta-velocidad-twin-axial-dac-sfp-a-sfp-10g-color-negro-de-3-metros\/","title":{"rendered":"Cable de Alta Velocidad Twin-axial (DAC), SFP+ a SFP+ 10G, Color Negro, de 3 Metros"},"content":{"rendered":"<div style='width: 100%; max-width: 1200px; margin: 0 auto; font-family: sans-serif; line-height: 1.6; color: inherit; background-color: transparent;'> <!-- Secci\u00f3n de contenido con flex\/grid --> <\/p>\n<div style='display: flex; flex-wrap: wrap; gap: 30px; margin-bottom: 30px;'>\n<div style='flex: 1 1 300px; min-width: 280px;'>\n<h3 style='font-size: 22px; border-bottom: 2px solid currentColor; padding-bottom: 5px; margin-top: 0; color: inherit; opacity: 0.8;'>Descripci\u00f3n General<\/h3>\n<p style='font-size: 15px; color: inherit; margin-bottom: 15px;'>Para satisfacer las necesidades de velocidades de procesamiento m\u00e1s r\u00e1pidas&comma; interconexi\u00f3n de servidores de bajo consumo e implementaciones de consolidaci\u00f3n de E\/S&comma; Panduit ofrece de cables de cobre pasivos de conexi\u00f3n directa SFP+ 10Gig\u2122.<\/p>\n<p style='font-size: 15px; color: inherit; margin-bottom: 15px;'>Al incorporar cables de cobre pasivos de conexi\u00f3n directa SFP+ 10Gig\u2122 en la infraestructura f\u00edsica&comma; las empresas pueden lograr un rendimiento de puerto a puerto de 10 Gigabit sin procesamiento o conversi\u00f3n de se\u00f1al adicional&comma; lo que proporciona una opci\u00f3n de interconexi\u00f3n de servidores de 10 Gb\/s de baja latencia y baja potencia a Switches en topolog\u00edas Top Of Rack.<\/p>\n<\/p><\/div>\n<\/p><\/div>\n<p> <!-- Secci\u00f3n de cards con especificaciones --> <\/p>\n<div style='display: flex; flex-wrap: wrap; gap: 20px; margin-bottom: 30px;'>\n<div style='flex: 1 1 250px; border: 1px solid rgba(150&comma; 150&comma; 150&comma; 0.4); border-radius: 8px; overflow: hidden; display: flex; flex-direction: column;'>\n<div style='padding: 15px; border-bottom: 1px solid rgba(150&comma; 150&comma; 150&comma; 0.2); font-weight: bold; font-size: 18px; color: inherit;'>Especificaciones T\u00e9cnicas<\/div>\n<div style='padding: 15px; color: inherit;'>\n<ul style='padding-left: 20px; margin: 0; font-size: 14px; list-style-type: disc;'>\n<li style='margin-bottom: 5px;'><strong>Impedancia caracter\u00edstica:<\/strong> 100 \u00b1 5 \u03a9<\/li>\n<li style='margin-bottom: 5px;'><strong>Rango de temperatura:<\/strong> 0 a 70\u00baC<\/li>\n<li style='margin-bottom: 5px;'><strong>Cumplimiento de flamabilidad IEC:<\/strong> IEC 60332&comma; 60333&comma; 60324<\/li>\n<li style='margin-bottom: 5px;'><strong>Radio de curvatura:<\/strong> 5 x OD una sola vez&comma; 10 x OD&comma; repetidas veces<\/li>\n<li style='margin-bottom: 5px;'><strong>Fuerza de inserci\u00f3n:<\/strong> 18N (4 lbf.)<\/li>\n<li style='margin-bottom: 5px;'><strong>Fuerza de retenci\u00f3n:<\/strong> 90 &#8211; 170N (20 &#8211; 38 lbf.)<\/li>\n<li style='margin-bottom: 5px;'><strong>Cumple con RoHS:<\/strong> S\u00ed<\/li>\n<\/ul><\/div>\n<\/p><\/div>\n<div style='flex: 1 1 250px; border: 1px solid rgba(150&comma; 150&comma; 150&comma; 0.4); border-radius: 8px; overflow: hidden; display: flex; flex-direction: column;'>\n<div style='padding: 15px; border-bottom: 1px solid rgba(150&comma; 150&comma; 150&comma; 0.2); font-weight: bold; font-size: 18px; color: inherit;'>Caracter\u00edsticas Clave<\/div>\n<div style='padding: 15px; color: inherit;'>\n<ul style='padding-left: 20px; margin: 0; font-size: 14px; list-style-type: disc;'>\n<li style='margin-bottom: 5px;'><strong>Rendimiento probado al 100%:<\/strong> confianza que ofrece un rendimiento espec\u00edfico para garantizar la disponibilidad de la red<\/li>\n<li style='margin-bottom: 5px;'><strong>Cumple con SFF-8431&comma; SFF-8432 y SFF-8472:<\/strong> Garantiza un rendimiento de 10 Gb\/s cuando se acopla a cualquier puerto host compatible con SFF-8431 SFP+<\/li>\n<li style='margin-bottom: 5px;'><strong>Construcci\u00f3n robusta:<\/strong> Cable twin-axial de 10GHz de alta velocidad&comma; con dos pares paralelos blindados&comma; terminado de f\u00e1brica a conectores modulares SFP+ 10 Gb\/s; clasificado para un m\u00ednimo de 250 ciclos conexi\u00f3n<\/li>\n<li style='margin-bottom: 5px;'><strong>Variedad de longitudes disponibles:<\/strong> de 1 a 5 metros para flexibilidad de dise\u00f1o y flujo de aire \u00f3ptimo<\/li>\n<li style='margin-bottom: 5px;'><strong>Variedad de colores disponibles:<\/strong> azul&comma; blanco&comma; negro y rojo<\/li>\n<\/ul><\/div>\n<\/p><\/div>\n<\/p><\/div>\n<p> <!-- Separador --> <\/p>\n<hr style='border: 0; border-top: 1px solid rgba(150&comma; 150&comma; 150&comma; 0.3); margin: 30px 0;'> <\/div>\n","protected":false},"excerpt":{"rendered":"<p>Cable de Alta Velocidad Twin-axial (DAC), SFP+ a SFP+ 10G, Color Negro, de 3 Metros<\/p>\n","protected":false},"featured_media":88470,"comment_status":"open","ping_status":"closed","template":"","meta":[],"product_brand":[],"product_cat":[663],"product_tag":[664,445,665],"class_list":{"0":"post-88471","1":"product","2":"type-product","3":"status-publish","4":"has-post-thumbnail","6":"product_cat-transceptores-de-fibra","7":"product_tag-networking","8":"product_tag-panduit","9":"product_tag-transceptores-de-fibra","11":"first","12":"instock","13":"sale","14":"shipping-taxable","15":"purchasable","16":"product-type-simple"},"_links":{"self":[{"href":"https:\/\/soydeaqui.ddns.net\/pachuca\/index.php\/wp-json\/wp\/v2\/product\/88471","targetHints":{"allow":["GET"]}}],"collection":[{"href":"https:\/\/soydeaqui.ddns.net\/pachuca\/index.php\/wp-json\/wp\/v2\/product"}],"about":[{"href":"https:\/\/soydeaqui.ddns.net\/pachuca\/index.php\/wp-json\/wp\/v2\/types\/product"}],"replies":[{"embeddable":true,"href":"https:\/\/soydeaqui.ddns.net\/pachuca\/index.php\/wp-json\/wp\/v2\/comments?post=88471"}],"wp:featuredmedia":[{"embeddable":true,"href":"https:\/\/soydeaqui.ddns.net\/pachuca\/index.php\/wp-json\/wp\/v2\/media\/88470"}],"wp:attachment":[{"href":"https:\/\/soydeaqui.ddns.net\/pachuca\/index.php\/wp-json\/wp\/v2\/media?parent=88471"}],"wp:term":[{"taxonomy":"product_brand","embeddable":true,"href":"https:\/\/soydeaqui.ddns.net\/pachuca\/index.php\/wp-json\/wp\/v2\/product_brand?post=88471"},{"taxonomy":"product_cat","embeddable":true,"href":"https:\/\/soydeaqui.ddns.net\/pachuca\/index.php\/wp-json\/wp\/v2\/product_cat?post=88471"},{"taxonomy":"product_tag","embeddable":true,"href":"https:\/\/soydeaqui.ddns.net\/pachuca\/index.php\/wp-json\/wp\/v2\/product_tag?post=88471"}],"curies":[{"name":"wp","href":"https:\/\/api.w.org\/{rel}","templated":true}]}}