{"id":88457,"date":"2026-03-19T23:52:48","date_gmt":"2026-03-19T23:52:48","guid":{"rendered":"https:\/\/soydeaqui.ddns.net\/pachuca\/index.php\/producto\/altavoz-de-7-montaje-de-techo-diseno-trugrip-instalacion-sin-herramientas\/"},"modified":"2026-03-19T23:53:08","modified_gmt":"2026-03-19T23:53:08","slug":"altavoz-de-7-montaje-de-techo-diseno-trugrip-instalacion-sin-herramientas","status":"publish","type":"product","link":"https:\/\/soydeaqui.ddns.net\/pachuca\/index.php\/producto\/altavoz-de-7-montaje-de-techo-diseno-trugrip-instalacion-sin-herramientas\/","title":{"rendered":"Altavoz de 7 &#8221; | montaje de Techo | Dise\u00f1o TruGrip | Instalaci\u00f3n sin Herramientas"},"content":{"rendered":"<div style='width: 100%; max-width: 1200px; margin: 0 auto; font-family: sans-serif; line-height: 1.6; color: inherit; background-color: transparent;'> <!-- Imagen logo Ghost Series --> <\/p>\n<div style='width: 100%; margin-bottom: 30px;'> <img style='width: 40%; height: auto; margin: 0 30%; border: 1px solid rgba(150&comma;150&comma;150&comma;0.3); border-radius: 8px;' src='https:\/\/ftp3.syscom.mx\/usuarios\/luis.vargas\/Truaudio\/Ghost\/ghostlogo.png' alt='Ghost Series Logo'> <\/div>\n<p> <!-- Descripci\u00f3n Ghost Series --> <\/p>\n<div style='display: flex; flex-wrap: wrap; gap: 30px; margin-bottom: 30px;'>\n<div style='flex: 1 1 300px; min-width: 280px;'>\n<h3 style='font-size: 22px; border-bottom: 2px solid currentColor; padding-bottom: 5px; margin-top: 0; color: inherit; opacity: 0.8;'>Ghost Series \u2122<\/h3>\n<p style='font-size: 15px; color: inherit;'>Esta serie presenta un dise\u00f1o patentado con un altavoz totalmente blanco&comma; que proporciona un aspecto sofisticado en un woofer de fibra de vidrio o polipropileno. O nuestra opci\u00f3n de mayor rendimiento&comma; nuestros controladores de fibra de tejido de carbono rojo&comma; que le dan un atractivo moderno con la mejor reproducci\u00f3n de sonido.<\/p>\n<\/p><\/div>\n<\/p><\/div>\n<p> <!-- Dise\u00f1o sin herramientas TruGrip --> <\/p>\n<div style='display: flex; flex-wrap: wrap; gap: 30px; margin-bottom: 30px;'>\n<div style='flex: 1 1 300px; min-width: 280px;'>\n<h3 style='font-size: 22px; border-bottom: 2px solid currentColor; padding-bottom: 5px; margin-top: 0; color: inherit; opacity: 0.8;'>Dise\u00f1o sin herramientas TruGrip \u2122<\/h3>\n<p style='font-size: 15px; color: inherit;'>El sistema de montaje TruGrip \u2122 de 2 pasos asegura el agarre m\u00e1s apretado sin pandeo.<\/p>\n<\/p><\/div>\n<div style='flex: 1 1 300px; min-width: 280px;'> <img style='width: 100%; height: auto; border: 1px solid rgba(150&comma;150&comma;150&comma;0.3); border-radius: 8px;' src='https:\/\/ftp3.syscom.mx\/usuarios\/pnunez\/Audio\/ERP%20Fotos\/G71\/Bezel.jpg' alt='TruGrip Design'> <\/div>\n<\/p><\/div>\n<p> <!-- Tecnolog\u00eda Quick Connect --> <\/p>\n<div style='display: flex; flex-wrap: wrap; gap: 30px; margin-bottom: 30px;'>\n<div style='flex: 1 1 300px; min-width: 280px;'>\n<h3 style='font-size: 22px; border-bottom: 2px solid currentColor; padding-bottom: 5px; margin-top: 0; color: inherit; opacity: 0.8;'>Tecnolog\u00eda Quick Connect \u2122<\/h3>\n<p style='font-size: 15px; color: inherit;'>Simplemente conecte el cable del altavoz a los terminales de anillo en bruto durante el cableado previo. Cuando sea el momento de instalar el altavoz&comma; use el cable Quick Connect \u2122 para anclarlo al Quick Connect del altavoz. Patente pendiente.<\/p>\n<\/p><\/div>\n<div style='flex: 1 1 300px; min-width: 280px;'> <img style='width: 100%; height: auto; border: 1px solid rgba(150&comma;150&comma;150&comma;0.3); border-radius: 8px;' src='https:\/\/ftp3.syscom.mx\/usuarios\/pnunez\/Audio\/ERP%20Fotos\/G71\/QuickConnect.jpg' alt='Quick Connect Technology'> <\/div>\n<\/p><\/div>\n<p> <!-- Especificaciones t\u00e9cnicas del woofer --> <\/p>\n<div style='display: flex; flex-wrap: wrap; gap: 30px; margin-bottom: 30px;'>\n<div style='flex: 1 1 300px; min-width: 280px;'> <img style='width: 100%; height: auto; border: 1px solid rgba(150&comma;150&comma;150&comma;0.3); border-radius: 8px;' src='https:\/\/ftp3.syscom.mx\/usuarios\/pnunez\/Audio\/ERP%20Fotos\/G71\/Tweeter-G71.jpg' alt='Tweeter G71'> <\/div>\n<div style='flex: 1 1 300px; min-width: 280px;'>\n<h3 style='font-size: 22px; border-bottom: 2px solid currentColor; padding-bottom: 5px; margin-top: 0; color: inherit; opacity: 0.8;'>Woofer de 7&#8242;<\/h3>\n<p style='font-size: 15px; color: inherit;'>Altavoz de 7&#8242; de nuevo dise\u00f1o mejorado con rendimiento ac\u00fastico. El puente de tweeter de alta resistencia funciona como un asa para facilitar la instalaci\u00f3n.<\/p>\n<\/p><\/div>\n<\/p><\/div>\n<p> <!-- Imagen GIF animado --> <\/p>\n<div style='width: 100%; margin-bottom: 30px;'> <img style='width: 100%; height: auto; border: 1px solid rgba(150&comma;150&comma;150&comma;0.3); border-radius: 8px;' src='https:\/\/ftp3.syscom.mx\/usuarios\/luis.vargas\/Truaudio\/truaudiogif1.gif' alt='Instalaci\u00f3n del altavoz'> <\/div>\n<p> <!-- Secci\u00f3n de caracter\u00edsticas --> <\/p>\n<div style='display: flex; flex-wrap: wrap; gap: 30px; margin-bottom: 30px;'>\n<div style='flex: 1 1 300px; min-width: 280px;'>\n<h3 style='font-size: 22px; border-bottom: 2px solid currentColor; padding-bottom: 5px; margin-top: 0; color: inherit; opacity: 0.8;'>Caracter\u00edsticas Generales<\/h3>\n<ul style='padding-left: 20px; font-size: 15px; color: inherit;'>\n<li style='margin-bottom: 5px;'><strong>Material de parrilla:<\/strong> Acero galvanizado con recubrimiento en polvo<\/li>\n<li style='margin-bottom: 5px;'><strong>Color:<\/strong> Blanco<\/li>\n<li style='margin-bottom: 5px;'><strong>Tipo de altavoz:<\/strong> En techo&comma; de 2 v\u00edas<\/li>\n<li style='margin-bottom: 5px;'><strong>Tweeter:<\/strong> Titanium de 1&#8242;<\/li>\n<li style='margin-bottom: 5px;'><strong>Rango medio:<\/strong> Ninguna<\/li>\n<li style='margin-bottom: 5px;'><strong>Woofer:<\/strong> Fibra de Carbono 7&#8242;<\/li>\n<li style='margin-bottom: 5px;'><strong>Incluye:<\/strong> Regilla color blanco (pintable)<\/li>\n<\/ul><\/div>\n<div style='flex: 1 1 300px; min-width: 280px;'>\n<h3 style='font-size: 22px; border-bottom: 2px solid currentColor; padding-bottom: 5px; margin-top: 0; color: inherit; opacity: 0.8;'>Especificaciones T\u00e9cnicas<\/h3>\n<ul style='padding-left: 20px; font-size: 15px; color: inherit;'>\n<li style='margin-bottom: 5px;'><strong>Tipo de parrilla:<\/strong> Estilo Ghost \u2122 sin marco<\/li>\n<li style='margin-bottom: 5px;'><strong>Sensibilidad:<\/strong> 90dB<\/li>\n<li style='margin-bottom: 5px;'><strong>Power:<\/strong> 25-150 Watts<\/li>\n<li style='margin-bottom: 5px;'><strong>Respuesta frecuente:<\/strong> 36 &#8211; 20k Hz<\/li>\n<li style='margin-bottom: 5px;'><strong>Impedancia:<\/strong> 8\u03a9<\/li>\n<li style='margin-bottom: 5px;'><strong>Dimensiones de corte:<\/strong> 9.9&#8242; (251 mm)<\/li>\n<li style='margin-bottom: 5px;'><strong>Dimensiones de acabado:<\/strong> Di\u00e1metro: 10.51&#8242; (267 mm) x Profundo: 3.9&#8242; (100 mm)<\/li>\n<\/ul><\/div>\n<\/p><\/div>\n<p> <!-- Separador --> <\/p>\n<hr style='border: 0; border-top: 1px solid rgba(150&comma; 150&comma; 150&comma; 0.3); margin: 30px 0;'> <!-- Secci\u00f3n de videos --> <\/p>\n<div style='display: flex; flex-wrap: wrap; gap: 20px; margin-bottom: 30px;'>\n<div style='flex: 1 1 280px; min-width: 280px;'>\n<div style='position: relative; padding-bottom: 56.25%; height: 0; overflow: hidden; margin-bottom: 30px;'>   <\/div>\n<\/p><\/div>\n<div style='flex: 1 1 280px; min-width: 280px;'>\n<div style='position: relative; padding-bottom: 56.25%; height: 0; overflow: hidden; margin-bottom: 30px;'>   <\/div>\n<\/p><\/div>\n<div style='flex: 1 1 280px; min-width: 280px;'>\n<div style='position: relative; padding-bottom: 56.25%; height: 0; overflow: hidden; margin-bottom: 30px;'>   <\/div>\n<\/p><\/div>\n<\/p><\/div>\n<\/p><\/div>\n","protected":false},"excerpt":{"rendered":"<p>Altavoz de 7 &#8221; | montaje de Techo | Dise\u00f1o TruGrip | Instalaci\u00f3n sin Herramientas<\/p>\n","protected":false},"featured_media":88456,"comment_status":"open","ping_status":"closed","template":"","meta":[],"product_brand":[],"product_cat":[424],"product_tag":[52,425,2060],"class_list":{"0":"post-88457","1":"product","2":"type-product","3":"status-publish","4":"has-post-thumbnail","6":"product_cat-bocinas-plafon","7":"product_tag-audio-residencial-comercial","8":"product_tag-bocinas-plafon","9":"product_tag-truaudio","11":"first","12":"outofstock","13":"sale","14":"shipping-taxable","15":"purchasable","16":"product-type-simple"},"_links":{"self":[{"href":"https:\/\/soydeaqui.ddns.net\/pachuca\/index.php\/wp-json\/wp\/v2\/product\/88457","targetHints":{"allow":["GET"]}}],"collection":[{"href":"https:\/\/soydeaqui.ddns.net\/pachuca\/index.php\/wp-json\/wp\/v2\/product"}],"about":[{"href":"https:\/\/soydeaqui.ddns.net\/pachuca\/index.php\/wp-json\/wp\/v2\/types\/product"}],"replies":[{"embeddable":true,"href":"https:\/\/soydeaqui.ddns.net\/pachuca\/index.php\/wp-json\/wp\/v2\/comments?post=88457"}],"wp:featuredmedia":[{"embeddable":true,"href":"https:\/\/soydeaqui.ddns.net\/pachuca\/index.php\/wp-json\/wp\/v2\/media\/88456"}],"wp:attachment":[{"href":"https:\/\/soydeaqui.ddns.net\/pachuca\/index.php\/wp-json\/wp\/v2\/media?parent=88457"}],"wp:term":[{"taxonomy":"product_brand","embeddable":true,"href":"https:\/\/soydeaqui.ddns.net\/pachuca\/index.php\/wp-json\/wp\/v2\/product_brand?post=88457"},{"taxonomy":"product_cat","embeddable":true,"href":"https:\/\/soydeaqui.ddns.net\/pachuca\/index.php\/wp-json\/wp\/v2\/product_cat?post=88457"},{"taxonomy":"product_tag","embeddable":true,"href":"https:\/\/soydeaqui.ddns.net\/pachuca\/index.php\/wp-json\/wp\/v2\/product_tag?post=88457"}],"curies":[{"name":"wp","href":"https:\/\/api.w.org\/{rel}","templated":true}]}}