{"id":88453,"date":"2026-03-19T23:52:36","date_gmt":"2026-03-19T23:52:36","guid":{"rendered":"https:\/\/soydeaqui.ddns.net\/pachuca\/index.php\/producto\/antena-parabolica-4-ft-para-radio-b11-ganancia-de-41-dbi-conector-guia-de-onda-10-1-11-7-ghz-1-2-m-incluye-montaje-jrz1200-adjustable\/"},"modified":"2026-03-19T23:52:45","modified_gmt":"2026-03-19T23:52:45","slug":"antena-parabolica-4-ft-para-radio-b11-ganancia-de-41-dbi-conector-guia-de-onda-10-1-11-7-ghz-1-2-m-incluye-montaje-jrz1200-adjustable","status":"publish","type":"product","link":"https:\/\/soydeaqui.ddns.net\/pachuca\/index.php\/producto\/antena-parabolica-4-ft-para-radio-b11-ganancia-de-41-dbi-conector-guia-de-onda-10-1-11-7-ghz-1-2-m-incluye-montaje-jrz1200-adjustable\/","title":{"rendered":"Antena parab\u00f3lica 4 ft para radio B11, ganancia de  41 dBi, conector gu\u00eda de onda, 10.1-11.7 GHz, 1.2 m, incluye montaje JRZ1200-ADJUSTABLE"},"content":{"rendered":"<div style='width: 100%; max-width: 1200px; margin: 0 auto; font-family: sans-serif; line-height: 1.6; color: inherit; background-color: transparent;'> <!-- Descripci\u00f3n principal --> <\/p>\n<div style='margin-bottom: 30px;'>\n<h2 style='font-size: 24px; font-weight: bold; margin-top: 0; margin-bottom: 15px; color: inherit; opacity: 0.95;'>Antena de microondas de 10.1 &#8211; 11.7 GHz para radio B11 de Mimosa Networks o serie AF11 de Ubiquiti Networks<\/h2>\n<h3 style='font-size: 20px; border-bottom: 2px solid currentColor; padding-bottom: 5px; margin-top: 25px; margin-bottom: 15px; color: inherit; opacity: 0.85;'>Caracter\u00edsticas T\u00e9cnicas<\/h3>\n<ul style='padding-left: 20px; font-size: 15px; color: inherit;'>\n<li style='margin-bottom: 5px;'>Rango de frecuencia: 10.1 a 11.7 GHz<\/li>\n<li style='margin-bottom: 5px;'>Ganancia en 10.1 GHz de 40 dBi<\/li>\n<li style='margin-bottom: 5px;'>Ganancia en 11.7 GHz de 41 dBi<\/li>\n<li style='margin-bottom: 5px;'>Ancho de haz: -3 dB&comma; 1.5\u00b0<\/li>\n<li style='margin-bottom: 5px;'>Polarizaci\u00f3n: Vertical\/Horizontal<\/li>\n<li style='margin-bottom: 5px;'>Di\u00e1metro: 1.2 m<\/li>\n<li style='margin-bottom: 5px;'>Peso: 16.5 Kg (36.35 lbs)<\/li>\n<li style='margin-bottom: 5px;'><strong>Conector gu\u00eda de onda especial para radio B11 de Mimosa Networks (No requiere cables coaxiales)<\/strong><\/li>\n<\/ul>\n<p style='margin-top: 15px; font-size: 15px; color: inherit;'>Para montaje en radios AF11 de Ubiquiti Networks requiere adaptador modelo JX-AF11<\/p>\n<\/p><\/div>\n<p> <!-- Informaci\u00f3n adicional --> <\/p>\n<div style='margin-bottom: 30px;'>\n<h3 style='font-size: 20px; border-bottom: 2px solid currentColor; padding-bottom: 5px; margin-top: 25px; margin-bottom: 15px; color: inherit; opacity: 0.85;'>Contenido del paquete<\/h3>\n<p style='font-size: 15px; color: inherit;'>Montaje JRZ1200-ADJUSTABLE<\/p>\n<\/p><\/div>\n<p> <!-- Nota de pedido especial --> <\/p>\n<div style='margin-bottom: 30px;'>\n<h3 style='font-size: 20px; border-bottom: 2px solid currentColor; padding-bottom: 5px; margin-top: 25px; margin-bottom: 15px; color: inherit; opacity: 0.85;'>Informaci\u00f3n de pedido<\/h3>\n<p style='font-size: 15px; color: inherit;'><strong>Producto bajo pedido especial<\/strong><\/p>\n<\/p><\/div>\n<p> <!-- Secci\u00f3n de todos los tama\u00f1os --> <\/p>\n<div style='margin-bottom: 30px;'>\n<h2 style='font-size: 22px; text-align: center; margin-bottom: 15px; color: inherit; opacity: 0.9;'>TODOS LOS TAMA\u00d1OS<\/h2>\n<p style='font-size: 15px; text-align: center; color: inherit; margin-bottom: 25px;'>Desde los enlaces m\u00e1s cortos hasta los m\u00e1s largos&comma; podemos indicarle todos los tama\u00f1os de antena que necesita para sus enlaces B11<\/p>\n<\/p><\/div>\n<p> <!-- Imagen 1 --> <\/p>\n<div style='margin-bottom: 30px;'> <img style='width: 100%; height: auto; border: 1px solid rgba(150&comma;150&comma;150&comma;0.3); border-radius: 8px;' src='https:\/\/ftp3.syscom.mx\/usuarios\/fotos\/JRMA0120010\/11\/87101-capturab11.jpg' alt=''> <\/div>\n<p> <!-- Secci\u00f3n de ingenier\u00eda --> <\/p>\n<div style='margin-bottom: 30px;'>\n<h2 style='font-size: 22px; text-align: center; margin-bottom: 15px; color: inherit; opacity: 0.9;'>INGENIER\u00cdA DE PRECISI\u00d3N Y ALTA CONFIABILIDAD<\/h2>\n<p style='font-size: 15px; text-align: center; color: inherit; margin-bottom: 25px;'>El espectro con licencia siempre se ha preferido por su mayor confiabilidad de enlace. Una incre\u00edble estabilidad l\u00edder en la industria.<\/p>\n<\/p><\/div>\n<p> <!-- Imagen 2 --> <\/p>\n<div style='margin-bottom: 30px;'> <img style='width: 100%; height: auto; border: 1px solid rgba(150&comma;150&comma;150&comma;0.3); border-radius: 8px;' src='https:\/\/ftp3.syscom.mx\/usuarios\/fotos\/JRMA0120010\/11\/87101-jirousjpg.jpg' alt=''> <\/div>\n<p> <!-- Separador final --> <\/p>\n<hr style='border: 0; border-top: 1px solid rgba(150&comma; 150&comma; 150&comma; 0.3); margin: 30px 0;'> <\/div>\n","protected":false},"excerpt":{"rendered":"<p>Antena parab\u00f3lica 4 ft para radio B11, ganancia de  41 dBi, conector gu\u00eda de onda, 10.1-11.7 GHz, 1.2 m, incluye montaje JRZ1200-ADJUSTABLE<\/p>\n","protected":false},"featured_media":88452,"comment_status":"open","ping_status":"closed","template":"","meta":[],"product_brand":[],"product_cat":[1918],"product_tag":[1404,1919,1936],"class_list":{"0":"post-88453","1":"product","2":"type-product","3":"status-publish","4":"has-post-thumbnail","6":"product_cat-direccionales","7":"product_tag-antenas","8":"product_tag-direccionales","9":"product_tag-jirous","11":"first","12":"outofstock","13":"sale","14":"shipping-taxable","15":"purchasable","16":"product-type-simple"},"_links":{"self":[{"href":"https:\/\/soydeaqui.ddns.net\/pachuca\/index.php\/wp-json\/wp\/v2\/product\/88453","targetHints":{"allow":["GET"]}}],"collection":[{"href":"https:\/\/soydeaqui.ddns.net\/pachuca\/index.php\/wp-json\/wp\/v2\/product"}],"about":[{"href":"https:\/\/soydeaqui.ddns.net\/pachuca\/index.php\/wp-json\/wp\/v2\/types\/product"}],"replies":[{"embeddable":true,"href":"https:\/\/soydeaqui.ddns.net\/pachuca\/index.php\/wp-json\/wp\/v2\/comments?post=88453"}],"wp:featuredmedia":[{"embeddable":true,"href":"https:\/\/soydeaqui.ddns.net\/pachuca\/index.php\/wp-json\/wp\/v2\/media\/88452"}],"wp:attachment":[{"href":"https:\/\/soydeaqui.ddns.net\/pachuca\/index.php\/wp-json\/wp\/v2\/media?parent=88453"}],"wp:term":[{"taxonomy":"product_brand","embeddable":true,"href":"https:\/\/soydeaqui.ddns.net\/pachuca\/index.php\/wp-json\/wp\/v2\/product_brand?post=88453"},{"taxonomy":"product_cat","embeddable":true,"href":"https:\/\/soydeaqui.ddns.net\/pachuca\/index.php\/wp-json\/wp\/v2\/product_cat?post=88453"},{"taxonomy":"product_tag","embeddable":true,"href":"https:\/\/soydeaqui.ddns.net\/pachuca\/index.php\/wp-json\/wp\/v2\/product_tag?post=88453"}],"curies":[{"name":"wp","href":"https:\/\/api.w.org\/{rel}","templated":true}]}}