{"id":88449,"date":"2026-03-19T23:52:22","date_gmt":"2026-03-19T23:52:22","guid":{"rendered":"https:\/\/soydeaqui.ddns.net\/pachuca\/index.php\/producto\/mini-olt-abierta-de-16-puertos-gpon-incluye-16-modulos-c-y-fuente-de-ca-gestion-por-webui-incluye-software-de-gestion-unm2000-interoperabilidad-con-onus-de-terceros-sin-costo\/"},"modified":"2026-03-19T23:52:31","modified_gmt":"2026-03-19T23:52:31","slug":"mini-olt-abierta-de-16-puertos-gpon-incluye-16-modulos-c-y-fuente-de-ca-gestion-por-webui-incluye-software-de-gestion-unm2000-interoperabilidad-con-onus-de-terceros-sin-costo","status":"publish","type":"product","link":"https:\/\/soydeaqui.ddns.net\/pachuca\/index.php\/producto\/mini-olt-abierta-de-16-puertos-gpon-incluye-16-modulos-c-y-fuente-de-ca-gestion-por-webui-incluye-software-de-gestion-unm2000-interoperabilidad-con-onus-de-terceros-sin-costo\/","title":{"rendered":"Mini OLT Abierta de 16 Puertos GPON \/ Incluye 16 m\u00f3dulos C+ y Fuente de CA \/ Gesti\u00f3n por WebUI \/ Incluye Software de Gesti\u00f3n UNM2000, (Interoperabilidad con ONU\u00b4s de Terceros sin Costo)"},"content":{"rendered":"<div style='width: 100%; max-width: 1200px; margin: 0 auto; font-family: sans-serif; line-height: 1.6; color: inherit; background-color: transparent;'>\n<div style='display: flex; flex-wrap: wrap; gap: 30px; margin-bottom: 30px;'>\n<div style='flex: 1 1 300px; min-width: 280px;'> <img style='width: 100%; height: auto; border: 1px solid rgba(150&comma;150&comma;150&comma;0.3); border-radius: 8px;' src='https:\/\/ftp3.syscom.mx\/usuarios\/fotos\/HG6543C\/187432-fiberjom.jpg' alt=''> <\/div>\n<\/p><\/div>\n<div style='display: flex; flex-wrap: wrap; gap: 30px; margin-bottom: 30px;'>\n<div style='flex: 1 1 300px; min-width: 280px;'>\n<h3 style='font-size: 22px; border-bottom: 2px solid currentColor; padding-bottom: 5px; margin-top: 0; color: inherit; opacity: 0.8;'>Descripci\u00f3n<\/h3>\n<p style='font-size: 16px; color: inherit;'>La Mini OLT de FiberHome es un equipo compacto de alto rendimiento. Cuenta con una tarjeta de servicio incluida de 16 puertos GPON y esta dise\u00f1ada para la conexi\u00f3n de hasta 2&comma;048 ONTs u ONUs (clientes)&comma; utilizando divisores (Splitters) raz\u00f3n 1:64 o 1:128. Cumple con las normas internacionales ITU-T G.984 y IEEE 802.3ah.<\/p>\n<\/p><\/div>\n<\/p><\/div>\n<div style='display: flex; flex-wrap: wrap; gap: 20px; margin-bottom: 30px;'>\n<div style='flex: 1 1 250px; border: 1px solid rgba(150&comma; 150&comma; 150&comma; 0.4); border-radius: 8px; overflow: hidden; display: flex; flex-direction: column;'>\n<div style='padding: 15px; border-bottom: 1px solid rgba(150&comma; 150&comma; 150&comma; 0.2); font-weight: bold; font-size: 18px; color: inherit;'>Caracter\u00edsticas Principales:<\/div>\n<div style='padding: 15px; color: inherit;'>\n<ul style='padding-left: 20px; margin: 0; font-size: 14px; list-style-type: disc;'>\n<li style='margin-bottom: 5px;'>Estandar de 19&#8242; y 1 Unidad de Rack para montaje universal<\/li>\n<li style='margin-bottom: 5px;'>Hasta 2048 ONUs (Recomendado hasta 1024 ONUs)<\/li>\n<li style='margin-bottom: 5px;'>Configuracion por interfaz web<\/li>\n<li style='margin-bottom: 5px;'>Conexi\u00f3n &#8216;Hot PLug&#8217; en todos los puertos PON<\/li>\n<li style='margin-bottom: 5px;'>Throughput: 88 Gbps<\/li>\n<li style='margin-bottom: 5px;'>Tarjeta de servicio con 16 Puertos GPON&comma; 2 Puertos Gigabit Uplink SFP&comma; 2 puertos 10GE Uplink (SFP+) y 2 Puertos Gigabit Uplink RJ45<\/li>\n<li style='margin-bottom: 5px;'>2 Ranuras para fuentes de alimentaci\u00f3n con redundancia 1+1&comma; disponibles en -48 Vcc o 100-240 VCA<\/li>\n<li style='margin-bottom: 5px;'>Consumo maximo: 90W<\/li>\n<li style='margin-bottom: 5px;'>Consumo en standby: 57W<\/li>\n<\/ul><\/div>\n<\/p><\/div>\n<div style='flex: 1 1 250px; border: 1px solid rgba(150&comma; 150&comma; 150&comma; 0.4); border-radius: 8px; overflow: hidden; display: flex; flex-direction: column;'>\n<div style='padding: 15px; border-bottom: 1px solid rgba(150&comma; 150&comma; 150&comma; 0.2); font-weight: bold; font-size: 18px; color: inherit;'>Incluye<\/div>\n<div style='padding: 15px; color: inherit;'>\n<ul style='padding-left: 20px; margin: 0; font-size: 14px; list-style-type: disc;'>\n<li style='margin-bottom: 5px;'>1 OLT con tarjetas de servicio 16 puertos GPON y modulo de ventilacion<\/li>\n<li style='margin-bottom: 5px;'>16 m\u00f3dulos GPON SFP clase C+ SC\/PC (FH-PON-GP-20C)<\/li>\n<li style='margin-bottom: 5px;'>1 Fuente de Alimentaci\u00f3n de Corriente Alterna (AN6001-G16-PWRA)<\/li>\n<li style='margin-bottom: 5px;'>1 M\u00f3dulo Uplink SFP Gigabit 10 km (GE-OM10KM-V2)<\/li>\n<li style='margin-bottom: 5px;'>2 M\u00f3dulos Uplink SFP+ 10G 10 km (XGE-OM10KM-V2)<\/li>\n<li style='margin-bottom: 5px;'>1 M\u00f3dulo Uplink adaptador SFP &#8211; RJ45 10\/100\/1000<\/li>\n<li style='margin-bottom: 5px;'>2 cable Ethernet RJ45 10m (cruzado)<\/li>\n<li style='margin-bottom: 5px;'>6 Jumper monomodo de fibra \u00f3ptica simplex LC-LC (OFC-LC\/PC-LC\/PC-S-30-20)<\/li>\n<li style='margin-bottom: 5px;'>16 Jumper monomodo de fibra \u00f3ptica simplex SC\/UPC-SC\/UPC (OFC-SC\/UPC-SC\/UPC-30-20)<\/li>\n<li style='margin-bottom: 5px; color: #d35400;'><strong style='text-decoration: underline;'>Instalacion de software UNM2000<\/strong><\/li>\n<\/ul><\/div>\n<\/p><\/div>\n<div style='flex: 1 1 250px; border: 1px solid rgba(150&comma; 150&comma; 150&comma; 0.4); border-radius: 8px; overflow: hidden; display: flex; flex-direction: column;'>\n<div style='padding: 15px; border-bottom: 1px solid rgba(150&comma; 150&comma; 150&comma; 0.2); font-weight: bold; font-size: 18px; color: inherit;'>Aplicaciones<\/div>\n<div style='padding: 15px; color: inherit;'>\n<ul style='padding-left: 20px; margin: 0; font-size: 14px; list-style-type: disc;'>\n<li style='margin-bottom: 5px;'>Proveedores de internet con tecnologia FTTH<\/li>\n<li style='margin-bottom: 5px;'>Compatible con VoIP&comma; TDM&comma; Datos&comma; IPTV y CATV<\/li>\n<\/ul><\/div>\n<\/p><\/div>\n<\/p><\/div>\n<hr style='border: 0; border-top: 1px solid rgba(150&comma; 150&comma; 150&comma; 0.3); margin: 30px 0;'>\n<div style='display: flex; flex-wrap: wrap; gap: 30px; margin-bottom: 30px;'>\n<div style='flex: 1 1 300px; min-width: 280px;'>\n<h3 style='font-size: 22px; border-bottom: 2px solid currentColor; padding-bottom: 5px; margin-top: 0; color: inherit; opacity: 0.8;'>Gesti\u00f3n por Interfaz Web<\/h3>\n<ul style='padding-left: 20px; font-size: 15px; color: inherit;'>\n<li style='margin-bottom: 5px; font-size: 18px;'><strong>Mejora la eficiencia en la gesti\u00f3n.<\/strong><\/li>\n<li style='margin-bottom: 5px; font-size: 18px;'><strong>Configuracion de ONU\u00b4s\/ONT\u00b4s Fiberhome directamente desde la OLT.<\/strong><\/li>\n<li style='margin-bottom: 5px; font-size: 18px;'><strong>Reduce costos de mantenimiento.<\/strong><\/li>\n<li style='margin-bottom: 5px; font-size: 18px;'><strong>Perfil de auto aprovisionamiento con ONUs Fiberhome.<\/strong><\/li>\n<\/ul><\/div>\n<div style='flex: 1 1 300px; min-width: 280px;'> <img style='width: 100%; height: auto; border: 1px solid rgba(150&comma;150&comma;150&comma;0.3); border-radius: 8px;' src='https:\/\/ftp3.syscom.mx\/usuarios\/fotos\/AN6001G16AC\/195449-interfaz_web_an6001g16-2_.png' alt='Interfaz Web'> <\/div>\n<\/p><\/div>\n<hr style='border: 0; border-top: 1px solid rgba(150&comma; 150&comma; 150&comma; 0.3); margin: 30px 0;'>\n<div style='display: flex; flex-wrap: wrap; gap: 30px; margin-bottom: 30px;'>\n<div style='flex: 1 1 300px; min-width: 280px;'>\n<h3 style='font-size: 22px; border-bottom: 2px solid currentColor; padding-bottom: 5px; margin-top: 0; color: inherit; opacity: 0.8;'>Software de gesti\u00f3n Fiberhome UNM2000<\/h3>\n<ul style='padding-left: 20px; font-size: 15px; color: inherit;'>\n<li style='margin-bottom: 5px; font-size: 18px;'><strong>Licencia sin costo.<\/strong><\/li>\n<li style='margin-bottom: 5px; font-size: 18px;'><strong>Mejora la eficiencia en la gesti\u00f3n.<\/strong><\/li>\n<li style='margin-bottom: 5px; font-size: 18px;'><strong>Configuracion de ONU\u00b4s\/ONT\u00b4s Fiberhome directamente desde la OLT.<\/strong><\/li>\n<li style='margin-bottom: 5px; font-size: 18px;'><strong>Reduce costos de mantenimiento.<\/strong><\/li>\n<li style='margin-bottom: 5px; font-size: 18px;'><strong>Perfil de auto aprovisionamiento con ONUs Fiberhome.<\/strong><\/li>\n<li style='margin-bottom: 5px; font-size: 18px;'><a style='color: inherit; text-decoration: underline;' href='https:\/\/drive.google.com\/drive\/folders\/1HgSDVo2skDeTHcrXWCxaDklqEXn9Z38V?usp=sharing' target='_blank' rel='noopener'>Descargue el software aqui.<\/a><\/li>\n<\/ul><\/div>\n<div style='flex: 1 1 300px; min-width: 280px;'> <img style='width: 100%; height: auto; border: 1px solid rgba(150&comma;150&comma;150&comma;0.3); border-radius: 8px;' src='https:\/\/ftp3.syscom.mx\/usuarios\/fernando.hermosillo\/Fiberhome\/UNM2000.gif' alt='UNM2000'> <\/div>\n<\/p><\/div>\n<hr style='border: 0; border-top: 1px solid rgba(150&comma; 150&comma; 150&comma; 0.3); margin: 30px 0;'>\n<div style='display: flex; flex-wrap: wrap; gap: 30px; margin-bottom: 30px;'>\n<div style='flex: 1 1 300px; min-width: 280px;'>\n<h3 style='font-size: 22px; border-bottom: 2px solid currentColor; padding-bottom: 5px; margin-top: 0; color: inherit; opacity: 0.8;'>Requisitos de Instalaci\u00f3n<\/h3>\n<p style='font-size: 16px; color: inherit;'>Para una correcta disipaci\u00f3n de calor&comma; necesita una unidad de rack libre en la parte superior e inferior.<\/p>\n<p> <img style='width: 100%; height: auto; border: 1px solid rgba(150&comma;150&comma;150&comma;0.3); border-radius: 8px;' src='https:\/\/ftp3.syscom.mx\/usuarios\/orobles\/FiberHome\/GPON\/OLT\/AN6001-G16_heat_dissipation.JPG' alt='Disipaci\u00f3n de calor'> <\/p>\n<p style='font-size: 16px; color: inherit;'>Nota: En un gabinete se pueden instalar hasta 3 OLTs como m\u00e1ximo (Dejar al menos 1UR disponible entre cada OLT)<\/p>\n<\/p><\/div>\n<\/p><\/div>\n<hr style='border: 0; border-top: 1px solid rgba(150&comma; 150&comma; 150&comma; 0.3); margin: 30px 0;'>\n<div style='display: flex; flex-wrap: wrap; gap: 30px; margin-bottom: 30px;'>\n<div style='flex: 1 1 300px; min-width: 280px;'>\n<h3 style='font-size: 22px; border-bottom: 2px solid currentColor; padding-bottom: 5px; margin-top: 0; color: inherit; opacity: 0.8;'>Gu\u00eda de Configuraci\u00f3n<\/h3>\n<p style='font-size: 16px; color: inherit;'><a style='color: inherit; text-decoration: underline;' href='https:\/\/soporte.syscom.mx\/es\/collections\/4669876-configuracion-inicial' target='_blank' rel='noopener'>Gu\u00eda de configuraci\u00f3n basica AQUI<\/a><\/p>\n<\/p><\/div>\n<\/p><\/div>\n<hr style='border: 0; border-top: 1px solid rgba(150&comma; 150&comma; 150&comma; 0.3); margin: 30px 0;'>\n<div style='display: flex; flex-wrap: wrap; gap: 30px; margin-bottom: 30px;'>\n<div style='flex: 1 1 300px; min-width: 280px;'>\n<h3 style='font-size: 22px; border-bottom: 2px solid currentColor; padding-bottom: 5px; margin-top: 0; color: inherit; opacity: 0.8;'>Video de Configuraci\u00f3n<\/h3>\n<div style='position: relative; padding-bottom: 56.25%; height: 0; overflow: hidden; margin-bottom: 30px;'>   <\/div>\n<\/p><\/div>\n<\/p><\/div>\n<\/p><\/div>\n","protected":false},"excerpt":{"rendered":"<p>Mini OLT Abierta de 16 Puertos GPON \/ Incluye 16 m\u00f3dulos C+ y Fuente de CA \/ Gesti\u00f3n por WebUI \/ Incluye Software de Gesti\u00f3n UNM2000, (Interoperabilidad con ONU\u00b4s de Terceros sin Costo)<\/p>\n","protected":false},"featured_media":88448,"comment_status":"open","ping_status":"closed","template":"","meta":[],"product_brand":[],"product_cat":[2018],"product_tag":[639,2019,2011],"class_list":{"0":"post-88449","1":"product","2":"type-product","3":"status-publish","4":"has-post-thumbnail","6":"product_cat-olts","7":"product_tag-fiberhome","8":"product_tag-olts","9":"product_tag-redes-ftth-pon","11":"first","12":"instock","13":"sale","14":"shipping-taxable","15":"purchasable","16":"product-type-simple"},"_links":{"self":[{"href":"https:\/\/soydeaqui.ddns.net\/pachuca\/index.php\/wp-json\/wp\/v2\/product\/88449","targetHints":{"allow":["GET"]}}],"collection":[{"href":"https:\/\/soydeaqui.ddns.net\/pachuca\/index.php\/wp-json\/wp\/v2\/product"}],"about":[{"href":"https:\/\/soydeaqui.ddns.net\/pachuca\/index.php\/wp-json\/wp\/v2\/types\/product"}],"replies":[{"embeddable":true,"href":"https:\/\/soydeaqui.ddns.net\/pachuca\/index.php\/wp-json\/wp\/v2\/comments?post=88449"}],"wp:featuredmedia":[{"embeddable":true,"href":"https:\/\/soydeaqui.ddns.net\/pachuca\/index.php\/wp-json\/wp\/v2\/media\/88448"}],"wp:attachment":[{"href":"https:\/\/soydeaqui.ddns.net\/pachuca\/index.php\/wp-json\/wp\/v2\/media?parent=88449"}],"wp:term":[{"taxonomy":"product_brand","embeddable":true,"href":"https:\/\/soydeaqui.ddns.net\/pachuca\/index.php\/wp-json\/wp\/v2\/product_brand?post=88449"},{"taxonomy":"product_cat","embeddable":true,"href":"https:\/\/soydeaqui.ddns.net\/pachuca\/index.php\/wp-json\/wp\/v2\/product_cat?post=88449"},{"taxonomy":"product_tag","embeddable":true,"href":"https:\/\/soydeaqui.ddns.net\/pachuca\/index.php\/wp-json\/wp\/v2\/product_tag?post=88449"}],"curies":[{"name":"wp","href":"https:\/\/api.w.org\/{rel}","templated":true}]}}